{"id":9458,"date":"2020-12-14T12:52:26","date_gmt":"2020-12-14T11:52:26","guid":{"rendered":"https:\/\/digidem-bayern.de\/?page_id=9458"},"modified":"2020-12-14T12:56:12","modified_gmt":"2020-12-14T11:56:12","slug":"wissenschaftlicher-hintergrund-grundlagen-des-ziffern-tripel-hortest","status":"publish","type":"page","link":"https:\/\/digidem-bayern.de\/en\/wissenschaftlicher-hintergrund-grundlagen-des-ziffern-tripel-hortest\/","title":{"rendered":"Wissenschaftlicher Hintergrund &#038; Grundlagen des Ziffern-Tripel-H\u00f6rtest"},"content":{"rendered":"<p><strong>Grundlage des Ziffern-Tripel-H\u00f6rtests <\/strong>ist ein Verfahren, das ermittelt, wie gut akustische Signale w\u00e4hrend der Wiedergabe von St\u00f6rger\u00e4uschen verstanden werden k\u00f6nnen. W\u00e4hrend des Tests sind Kombinationen aus drei Ziffern zu h\u00f6ren, die von einem Rauschen \u00fcberlagert werden. Die verstandenen Ziffernkombinationen werden anschlie\u00dfend \u00fcber ein Zahlenfeld am Bildschirm durch Anklicken oder Tasteneingabe \u00fcber die Computertastatur eingegeben. Abh\u00e4ngig von den Antworten erfolgt eine Wiederholung von zuf\u00e4llig generierten Ziffern, sodass sich der Test \u00fcber eine Dauer von 1 bis 3 Minuten erstreckt.<\/p>\n\n\n\n<p>Nach dem Test wird eine Einsch\u00e4tzung gegeben, wie gut das Sprachverstehen im Vergleich zur Normalh\u00f6rigkeit ist.<\/p>\n\n\n\n<p>Hier stellt sich die wissenschaftliche Frage, ob die Auswahl der eingegebenen Ziffern auch dem tats\u00e4chlich resultierenden H\u00f6rergebnis des Nutzers entspricht. Das hei\u00dft, ob die Eingabe der Ziffern und somit das \u00dcberpr\u00fcfen des H\u00f6rverm\u00f6gens durch den Ziffern-Tripel-Test valide ist.<\/p>\n\n\n\n<p>Der Ziffern-Tripel-H\u00f6rtest wurde anhand dieser Frage bei einer Gruppe von 10 normalh\u00f6renden und 20 schwerh\u00f6rigen Probanden validiert.<\/p>\n\n\n\n<p><strong>Bei der Durchf\u00fchrung des online H\u00f6rtests<\/strong> werden die Reize f\u00fcr beide Ohren gleichzeitig vermittelt. Das bedeutet, dass w\u00e4hrend der Messung nur das bessere Ohr des Patienten getestet wird. Der Grund f\u00fcr diese binaurale Reizdarbietung liegt darin, dass die Benutzer den Test mit Freifeldlautsprechern durchf\u00fchren d\u00fcrfen. F\u00fcr Screening-Zwecke ist es akzeptabel, das bessere Ohr zu testen, da der Test immer noch die potenziellen Probleme in Kommunikationssituationen bewertet, in denen ein vermindertes H\u00f6rverm\u00f6gen die negativsten Auswirkungen hat.<\/p>\n\n\n\n<p>Die Ergebnisse der Studie zeigen, dass der Ziffern-Tripel-Test f\u00fcr das H\u00f6rscreening verwendet werden kann, aber keinen diagnostischen Test ersetzt. Der Test bietet dennoch eine allgemein zug\u00e4ngliche, wissenschaftlich gesicherte (\u201eevidenzbasierte\u201c) und leicht anzuwendende Screening-Methode, die online durchgef\u00fchrt werden kann (Buscherm\u00f6hle et. Al., 2015).<\/p>\n\n\n\n<p><\/p>\n\n\n\n<p><span data-fontsize=\"14\" style=\"font-size: 14px;\" class=\"qubely-custom-font\">Buscherm\u00f6hle, M., et al., The German Digit Triplets Test (Part II): Validation and Pass\/Fail Criteria. Z Audiol, 2015. 54 (1): p. 6 &#8211; 13.<\/span><\/p>","protected":false},"excerpt":{"rendered":"<p>Grundlage des Ziffern-Tripel-H\u00f6rtests ist ein Verfahren, das ermittelt, wie gut akustische Signale w\u00e4hrend der Wiedergabe von St\u00f6rger\u00e4uschen verstanden werden k\u00f6nnen. W\u00e4hrend des Tests sind Kombinationen aus drei Ziffern zu h\u00f6ren, die von einem Rauschen \u00fcberlagert werden. Die verstandenen Ziffernkombinationen werden anschlie\u00dfend \u00fcber ein Zahlenfeld am Bildschirm durch Anklicken oder Tasteneingabe &hellip;<\/p>","protected":false},"author":11,"featured_media":0,"parent":0,"menu_order":0,"comment_status":"closed","ping_status":"closed","template":"","meta":{"qubely_global_settings":"","qubely_interactions":"","_uag_custom_page_level_css":"","footnotes":""},"class_list":["post-9458","page","type-page","status-publish","hentry"],"featured_image_urls_v2":{"full":"","thumbnail":"","medium":"","medium_large":"","large":"","1536x1536":"","2048x2048":"","trp-custom-language-flag":"","qubely_landscape":"","qubely_portrait":"","qubely_thumbnail":"","post-thumbnail":"","kahuna-featured":"","kahuna-featured-lp":"","kahuna-featured-half":"","kahuna-featured-third":"","kahuna-lpbox-1":"","kahuna-lpbox-2":"","demand-language-flag":"","dddkt-language-flag":"","ddiqc-language-flag":"","ddtl-language-flag":"","mailpoet_newsletter_max":"","kahuna-lpbox-3":"","kahuna-featured-square":"","kahuna-featured-square-large":""},"post_excerpt_stackable_v2":"<p>Grundlage des Ziffern-Tripel-H\u00f6rtests ist ein Verfahren, das ermittelt, wie gut akustische Signale w\u00e4hrend der Wiedergabe von St\u00f6rger\u00e4uschen verstanden werden k\u00f6nnen. W\u00e4hrend des Tests sind Kombinationen aus drei Ziffern zu h\u00f6ren, die von einem Rauschen \u00fcberlagert werden. Die verstandenen Ziffernkombinationen werden anschlie\u00dfend \u00fcber ein Zahlenfeld am Bildschirm durch Anklicken oder Tasteneingabe \u00fcber die Computertastatur eingegeben. Abh\u00e4ngig von den Antworten erfolgt eine Wiederholung von zuf\u00e4llig generierten Ziffern, sodass sich der Test \u00fcber eine Dauer von 1 bis 3 Minuten erstreckt. Nach dem Test wird eine Einsch\u00e4tzung gegeben, wie gut das Sprachverstehen im Vergleich zur Normalh\u00f6rigkeit ist. Hier stellt sich die wissenschaftliche Frage,&hellip;<\/p>\n","category_list_v2":"","author_info_v2":{"name":"Michael Zeiler","url":"https:\/\/digidem-bayern.de\/en\/author\/michael-zeiler\/"},"comments_num_v2":"0 comments","yoast_head":"<!-- This site is optimized with the Yoast SEO plugin v27.4 - https:\/\/yoast.com\/product\/yoast-seo-wordpress\/ -->\n<title>Wissenschaftlicher Hintergrund &amp; Grundlagen des Ziffern-Tripel-H\u00f6rtest - digiDEM Bayern<\/title>\n<meta name=\"description\" content=\"digiDEM Bayern zielt darauf ab, die Lebensbedingungen von Menschen mit MCI\/Demenz und deren pflegenden An- und Zugeh\u00f6rigen nachhaltig zu verbessern.\" \/>\n<meta name=\"robots\" content=\"index, follow, max-snippet:-1, max-image-preview:large, max-video-preview:-1\" \/>\n<link rel=\"canonical\" href=\"https:\/\/digidem-bayern.de\/en\/wissenschaftlicher-hintergrund-grundlagen-des-ziffern-tripel-hortest\/\" \/>\n<meta property=\"og:locale\" content=\"en_US\" \/>\n<meta property=\"og:type\" content=\"article\" \/>\n<meta property=\"og:title\" content=\"Wissenschaftlicher Hintergrund &amp; Grundlagen des Ziffern-Tripel-H\u00f6rtest - digiDEM Bayern\" \/>\n<meta property=\"og:description\" content=\"digiDEM Bayern zielt darauf ab, die Lebensbedingungen von Menschen mit MCI\/Demenz und deren pflegenden An- und Zugeh\u00f6rigen nachhaltig zu verbessern.\" \/>\n<meta property=\"og:url\" content=\"https:\/\/digidem-bayern.de\/en\/wissenschaftlicher-hintergrund-grundlagen-des-ziffern-tripel-hortest\/\" \/>\n<meta property=\"og:site_name\" content=\"digiDEM Bayern\" \/>\n<meta property=\"article:publisher\" content=\"https:\/\/www.facebook.com\/digiDEMBayern\/\" \/>\n<meta property=\"article:modified_time\" content=\"2020-12-14T11:56:12+00:00\" \/>\n<meta property=\"og:image\" content=\"https:\/\/digidem-bayern.de\/wp-content\/uploads\/logo-digidem-digitales-demenzregister-bayern.jpg.png\" \/>\n\t<meta property=\"og:image:width\" content=\"340\" \/>\n\t<meta property=\"og:image:height\" content=\"200\" \/>\n\t<meta property=\"og:image:type\" content=\"image\/png\" \/>\n<meta name=\"twitter:label1\" content=\"Est. reading time\" \/>\n\t<meta name=\"twitter:data1\" content=\"2 minutes\" \/>\n<script type=\"application\/ld+json\" class=\"yoast-schema-graph\">{\"@context\":\"https:\\\/\\\/schema.org\",\"@graph\":[{\"@type\":\"WebPage\",\"@id\":\"https:\\\/\\\/digidem-bayern.de\\\/wissenschaftlicher-hintergrund-grundlagen-des-ziffern-tripel-hortest\\\/\",\"url\":\"https:\\\/\\\/digidem-bayern.de\\\/wissenschaftlicher-hintergrund-grundlagen-des-ziffern-tripel-hortest\\\/\",\"name\":\"Wissenschaftlicher Hintergrund & Grundlagen des Ziffern-Tripel-H\u00f6rtest - digiDEM Bayern\",\"isPartOf\":{\"@id\":\"\\\/#website\"},\"datePublished\":\"2020-12-14T11:52:26+00:00\",\"dateModified\":\"2020-12-14T11:56:12+00:00\",\"description\":\"digiDEM Bayern zielt darauf ab, die Lebensbedingungen von Menschen mit MCI\\\/Demenz und deren pflegenden An- und Zugeh\u00f6rigen nachhaltig zu verbessern.\",\"breadcrumb\":{\"@id\":\"https:\\\/\\\/digidem-bayern.de\\\/wissenschaftlicher-hintergrund-grundlagen-des-ziffern-tripel-hortest\\\/#breadcrumb\"},\"inLanguage\":\"en-US\",\"potentialAction\":[{\"@type\":\"ReadAction\",\"target\":[\"https:\\\/\\\/digidem-bayern.de\\\/wissenschaftlicher-hintergrund-grundlagen-des-ziffern-tripel-hortest\\\/\"]}]},{\"@type\":\"BreadcrumbList\",\"@id\":\"https:\\\/\\\/digidem-bayern.de\\\/wissenschaftlicher-hintergrund-grundlagen-des-ziffern-tripel-hortest\\\/#breadcrumb\",\"itemListElement\":[{\"@type\":\"ListItem\",\"position\":1,\"name\":\"Startseite\",\"item\":\"https:\\\/\\\/digidem-bayern.de\\\/\"},{\"@type\":\"ListItem\",\"position\":2,\"name\":\"Wissenschaftlicher Hintergrund &#038; Grundlagen des Ziffern-Tripel-H\u00f6rtest\"}]},{\"@type\":\"WebSite\",\"@id\":\"\\\/#website\",\"url\":\"\\\/\",\"name\":\"digiDEM Bayern\",\"description\":\"Das digitale Demenzregister Bayern erforscht und verbessert die Angebotsstuktur f\u00fcr Menschen mit Demenz und deren Angeh\u00f6rige\",\"publisher\":{\"@id\":\"\\\/#organization\"},\"potentialAction\":[{\"@type\":\"SearchAction\",\"target\":{\"@type\":\"EntryPoint\",\"urlTemplate\":\"\\\/?s={search_term_string}\"},\"query-input\":{\"@type\":\"PropertyValueSpecification\",\"valueRequired\":true,\"valueName\":\"search_term_string\"}}],\"inLanguage\":\"en-US\"},{\"@type\":\"Organization\",\"@id\":\"\\\/#organization\",\"name\":\"digiDEM Bayern\",\"url\":\"\\\/\",\"logo\":{\"@type\":\"ImageObject\",\"inLanguage\":\"en-US\",\"@id\":\"\\\/#\\\/schema\\\/logo\\\/image\\\/\",\"url\":\"https:\\\/\\\/digidem-bayern.de\\\/wp-content\\\/uploads\\\/2022\\\/03\\\/cropped-Allgemeines_digiDEMLOGO-removebg-preview.png\",\"contentUrl\":\"https:\\\/\\\/digidem-bayern.de\\\/wp-content\\\/uploads\\\/2022\\\/03\\\/cropped-Allgemeines_digiDEMLOGO-removebg-preview.png\",\"width\":612,\"height\":357,\"caption\":\"digiDEM Bayern\"},\"image\":{\"@id\":\"\\\/#\\\/schema\\\/logo\\\/image\\\/\"},\"sameAs\":[\"https:\\\/\\\/www.facebook.com\\\/digiDEMBayern\\\/\",\"https:\\\/\\\/x.com\\\/digidem_bayern\",\"https:\\\/\\\/www.instagram.com\\\/digidem.bayern\",\"https:\\\/\\\/www.linkedin.com\\\/company\\\/digidem-bayern\\\/\"]}]}<\/script>\n<!-- \/ Yoast SEO plugin. -->","yoast_head_json":{"title":"Wissenschaftlicher Hintergrund & Grundlagen des Ziffern-Tripel-H\u00f6rtest - digiDEM Bayern","description":"digiDEM Bayern zielt darauf ab, die Lebensbedingungen von Menschen mit MCI\/Demenz und deren pflegenden An- und Zugeh\u00f6rigen nachhaltig zu verbessern.","robots":{"index":"index","follow":"follow","max-snippet":"max-snippet:-1","max-image-preview":"max-image-preview:large","max-video-preview":"max-video-preview:-1"},"canonical":"https:\/\/digidem-bayern.de\/en\/wissenschaftlicher-hintergrund-grundlagen-des-ziffern-tripel-hortest\/","og_locale":"en_US","og_type":"article","og_title":"Wissenschaftlicher Hintergrund & Grundlagen des Ziffern-Tripel-H\u00f6rtest - digiDEM Bayern","og_description":"digiDEM Bayern zielt darauf ab, die Lebensbedingungen von Menschen mit MCI\/Demenz und deren pflegenden An- und Zugeh\u00f6rigen nachhaltig zu verbessern.","og_url":"https:\/\/digidem-bayern.de\/en\/wissenschaftlicher-hintergrund-grundlagen-des-ziffern-tripel-hortest\/","og_site_name":"digiDEM Bayern","article_publisher":"https:\/\/www.facebook.com\/digiDEMBayern\/","article_modified_time":"2020-12-14T11:56:12+00:00","og_image":[{"width":340,"height":200,"url":"https:\/\/digidem-bayern.de\/wp-content\/uploads\/logo-digidem-digitales-demenzregister-bayern.jpg.png","type":"image\/png"}],"twitter_misc":{"Est. reading time":"2 minutes"},"schema":{"@context":"https:\/\/schema.org","@graph":[{"@type":"WebPage","@id":"https:\/\/digidem-bayern.de\/wissenschaftlicher-hintergrund-grundlagen-des-ziffern-tripel-hortest\/","url":"https:\/\/digidem-bayern.de\/wissenschaftlicher-hintergrund-grundlagen-des-ziffern-tripel-hortest\/","name":"Wissenschaftlicher Hintergrund & Grundlagen des Ziffern-Tripel-H\u00f6rtest - digiDEM Bayern","isPartOf":{"@id":"\/#website"},"datePublished":"2020-12-14T11:52:26+00:00","dateModified":"2020-12-14T11:56:12+00:00","description":"digiDEM Bayern zielt darauf ab, die Lebensbedingungen von Menschen mit MCI\/Demenz und deren pflegenden An- und Zugeh\u00f6rigen nachhaltig zu verbessern.","breadcrumb":{"@id":"https:\/\/digidem-bayern.de\/wissenschaftlicher-hintergrund-grundlagen-des-ziffern-tripel-hortest\/#breadcrumb"},"inLanguage":"en-US","potentialAction":[{"@type":"ReadAction","target":["https:\/\/digidem-bayern.de\/wissenschaftlicher-hintergrund-grundlagen-des-ziffern-tripel-hortest\/"]}]},{"@type":"BreadcrumbList","@id":"https:\/\/digidem-bayern.de\/wissenschaftlicher-hintergrund-grundlagen-des-ziffern-tripel-hortest\/#breadcrumb","itemListElement":[{"@type":"ListItem","position":1,"name":"Startseite","item":"https:\/\/digidem-bayern.de\/"},{"@type":"ListItem","position":2,"name":"Wissenschaftlicher Hintergrund &#038; Grundlagen des Ziffern-Tripel-H\u00f6rtest"}]},{"@type":"WebSite","@id":"\/#website","url":"\/","name":"digiDEM Bavaria","description":"The digital dementia register in Bavaria researches and improves the structure of services for people with dementia and their relatives","publisher":{"@id":"\/#organization"},"potentialAction":[{"@type":"SearchAction","target":{"@type":"EntryPoint","urlTemplate":"\/?s={search_term_string}"},"query-input":{"@type":"PropertyValueSpecification","valueRequired":true,"valueName":"search_term_string"}}],"inLanguage":"en-US"},{"@type":"Organization","@id":"\/#organization","name":"digiDEM Bavaria","url":"\/","logo":{"@type":"ImageObject","inLanguage":"en-US","@id":"\/#\/schema\/logo\/image\/","url":"https:\/\/digidem-bayern.de\/wp-content\/uploads\/2022\/03\/cropped-Allgemeines_digiDEMLOGO-removebg-preview.png","contentUrl":"https:\/\/digidem-bayern.de\/wp-content\/uploads\/2022\/03\/cropped-Allgemeines_digiDEMLOGO-removebg-preview.png","width":612,"height":357,"caption":"digiDEM Bayern"},"image":{"@id":"\/#\/schema\/logo\/image\/"},"sameAs":["https:\/\/www.facebook.com\/digiDEMBayern\/","https:\/\/x.com\/digidem_bayern","https:\/\/www.instagram.com\/digidem.bayern","https:\/\/www.linkedin.com\/company\/digidem-bayern\/"]}]}},"uagb_featured_image_src":{"full":false,"thumbnail":false,"medium":false,"medium_large":false,"large":false,"1536x1536":false,"2048x2048":false,"trp-custom-language-flag":false,"qubely_landscape":false,"qubely_portrait":false,"qubely_thumbnail":false,"post-thumbnail":false,"kahuna-featured":false,"kahuna-featured-lp":false,"kahuna-featured-half":false,"kahuna-featured-third":false,"kahuna-lpbox-1":false,"kahuna-lpbox-2":false,"demand-language-flag":false,"dddkt-language-flag":false,"ddiqc-language-flag":false,"ddtl-language-flag":false,"mailpoet_newsletter_max":false,"kahuna-lpbox-3":false,"kahuna-featured-square":false,"kahuna-featured-square-large":false},"uagb_author_info":{"display_name":"Michael Zeiler","author_link":"https:\/\/digidem-bayern.de\/en\/author\/michael-zeiler\/"},"uagb_comment_info":0,"uagb_excerpt":"Grundlage des Ziffern-Tripel-H\u00f6rtests ist ein Verfahren, das ermittelt, wie gut akustische Signale w\u00e4hrend der Wiedergabe von St\u00f6rger\u00e4uschen verstanden werden k\u00f6nnen. W\u00e4hrend des Tests sind Kombinationen aus drei Ziffern zu h\u00f6ren, die von einem Rauschen \u00fcberlagert werden. Die verstandenen Ziffernkombinationen werden anschlie\u00dfend \u00fcber ein Zahlenfeld am Bildschirm durch Anklicken oder Tasteneingabe &hellip;","_links":{"self":[{"href":"https:\/\/digidem-bayern.de\/en\/wp-json\/wp\/v2\/pages\/9458","targetHints":{"allow":["GET"]}}],"collection":[{"href":"https:\/\/digidem-bayern.de\/en\/wp-json\/wp\/v2\/pages"}],"about":[{"href":"https:\/\/digidem-bayern.de\/en\/wp-json\/wp\/v2\/types\/page"}],"author":[{"embeddable":true,"href":"https:\/\/digidem-bayern.de\/en\/wp-json\/wp\/v2\/users\/11"}],"replies":[{"embeddable":true,"href":"https:\/\/digidem-bayern.de\/en\/wp-json\/wp\/v2\/comments?post=9458"}],"version-history":[{"count":4,"href":"https:\/\/digidem-bayern.de\/en\/wp-json\/wp\/v2\/pages\/9458\/revisions"}],"predecessor-version":[{"id":9466,"href":"https:\/\/digidem-bayern.de\/en\/wp-json\/wp\/v2\/pages\/9458\/revisions\/9466"}],"wp:attachment":[{"href":"https:\/\/digidem-bayern.de\/en\/wp-json\/wp\/v2\/media?parent=9458"}],"curies":[{"name":"wp","href":"https:\/\/api.w.org\/{rel}","templated":true}]}}