{"id":8941,"date":"2020-11-30T11:42:01","date_gmt":"2020-11-30T10:42:01","guid":{"rendered":"https:\/\/digidem-bayern.de\/?page_id=8941"},"modified":"2026-04-01T17:07:27","modified_gmt":"2026-04-01T15:07:27","slug":"aktuelles","status":"publish","type":"page","link":"https:\/\/digidem-bayern.de\/en\/aktuelles\/","title":{"rendered":"Latest news"},"content":{"rendered":"<div class=\"wp-block-stackable-columns stk-block-columns stk-block stk-7aae04a\" data-block-id=\"7aae04a\"><div class=\"stk-row stk-inner-blocks stk-block-content stk-content-align stk-7aae04a-column\">\n<div class=\"wp-block-stackable-column stk-block-column stk-column stk-block stk-77cd368\" data-v=\"4\" data-block-id=\"77cd368\"><div class=\"stk-column-wrapper stk-block-column__content stk-container stk-77cd368-container stk--no-background stk--no-padding\"><div class=\"stk-block-content stk-inner-blocks stk-77cd368-inner-blocks\"><div class=\"wp-block-qubely-postgrid qubely-block-a37599\"><div class=\"qubely-postgrid-wrapper  qubely-postgrid-layout-1\" ><div class=\"qubely-postgrid qubely-post-list-view qubely-postgrid-style-2\"><div class=\"qubely-post-list-wrapper qubely-post-list-center\"><div class=\"qubely-post-list-img qubely-post-img qubely-post-img-zoom-out\"><a href=\"https:\/\/digidem-bayern.de\/en\/wann-digitale-angebote-bei-alzheimer-unterstuetzen-koennen\/\"><img decoding=\"async\" class=\"qubely-post-image\" src=\"https:\/\/digidem-bayern.de\/wp-content\/uploads\/2025\/06\/02-Neugier-shutterstock_1991305085-300x200.jpg\" alt=\"Wann digitale Angebote bei Alzheimer unterst\u00fctzen k\u00f6nnen\"\/><\/a><\/div><div class=\"qubely-post-list-content\"><h2 class=\"qubely-postgrid-title\"><a href=\"https:\/\/digidem-bayern.de\/en\/wann-digitale-angebote-bei-alzheimer-unterstuetzen-koennen\/\">When digital services can help with Alzheimer's<\/a><\/h2><div class=\"qubely-postgrid-meta\"><span><i class=\"fas fa-user\"><\/i> By <a href=\"https:\/\/digidem-bayern.de\/en\/author\/lucas-westermann\/\" title=\"Posts by Lucas Westermann\" rel=\"author\">Lucas Westermann<\/a><\/span><span><i class=\"far fa-calendar-alt\"><\/i> 25.03.2026<\/span><span><i class=\"fas fa-comment\"><\/i> 0<\/span><\/div><div class=\"qubely-postgrid-intro\">Digitale Technologien spielen in der Versorgung von Menschen mit Alzheimer eine zunehmende Rolle. Telemedizinische Sprechstunden, Apps zur Alltagsstrukturierung oder digitale <\/div><\/div><\/div><\/div><div class=\"qubely-postgrid qubely-post-list-view qubely-postgrid-style-2\"><div class=\"qubely-post-list-wrapper qubely-post-list-center\"><div class=\"qubely-post-list-img qubely-post-img qubely-post-img-zoom-out\"><a href=\"https:\/\/digidem-bayern.de\/en\/kommunikation-demenz-tipps-internet\/\"><img decoding=\"async\" class=\"qubely-post-image\" src=\"https:\/\/digidem-bayern.de\/wp-content\/uploads\/2026\/03\/Technik-lernen-shutterstock_172192487-1-300x200.jpg\" alt=\"Kommunikation bei Demenz: Wie hilfreich sind Tipps aus dem Internet?\"\/><\/a><\/div><div class=\"qubely-post-list-content\"><h2 class=\"qubely-postgrid-title\"><a href=\"https:\/\/digidem-bayern.de\/en\/kommunikation-demenz-tipps-internet\/\">Communication with dementia: how helpful are tips from the internet?<\/a><\/h2><div class=\"qubely-postgrid-meta\"><span><i class=\"fas fa-user\"><\/i> By <a href=\"https:\/\/digidem-bayern.de\/en\/author\/lucas-westermann\/\" title=\"Posts by Lucas Westermann\" rel=\"author\">Lucas Westermann<\/a><\/span><span><i class=\"far fa-calendar-alt\"><\/i> 25.03.2026<\/span><span><i class=\"fas fa-comment\"><\/i> 0<\/span><\/div><div class=\"qubely-postgrid-intro\">Gute Kommunikation ist ein wesentlicher Baustein f\u00fcr die Lebensqualit\u00e4t von Menschen mit Demenz und ihren An- und Zugeh\u00f6<\/div><\/div><\/div><\/div><div class=\"qubely-postgrid qubely-post-list-view qubely-postgrid-style-2\"><div class=\"qubely-post-list-wrapper qubely-post-list-center\"><div class=\"qubely-post-list-img qubely-post-img qubely-post-img-zoom-out\"><a href=\"https:\/\/digidem-bayern.de\/en\/unterstuetzungssysteme-fuer-pflegende-angehoerige\/\"><img decoding=\"async\" class=\"qubely-post-image\" src=\"https:\/\/digidem-bayern.de\/wp-content\/uploads\/2026\/03\/03-fwe-shutterstock_1301141518-1-300x200.jpg\" alt=\"Wenn Kommunikation zur H\u00fcrde wird: Unterst\u00fctzungssysteme f\u00fcr pflegende An- und Zugeh\u00f6rige im Fokus\"\/><\/a><\/div><div class=\"qubely-post-list-content\"><h2 class=\"qubely-postgrid-title\"><a href=\"https:\/\/digidem-bayern.de\/en\/unterstuetzungssysteme-fuer-pflegende-angehoerige\/\">When communication becomes an obstacle: Focus on support systems for caregiving relatives<\/a><\/h2><div class=\"qubely-postgrid-meta\"><span><i class=\"fas fa-user\"><\/i> By <a href=\"https:\/\/digidem-bayern.de\/en\/author\/lucas-westermann\/\" title=\"Posts by Lucas Westermann\" rel=\"author\">Lucas Westermann<\/a><\/span><span><i class=\"far fa-calendar-alt\"><\/i> 25.03.2026<\/span><span><i class=\"fas fa-comment\"><\/i> 0<\/span><\/div><div class=\"qubely-postgrid-intro\">Kommunikationsschwierigkeiten geh\u00f6ren zu den belastendsten Situationen einer Demenz. Wenn Gespr\u00e4che schwieriger werden und das gegenseitige Verst\u00e4ndnis nachl\u00e4<\/div><\/div><\/div><\/div><div class=\"qubely-postgrid qubely-post-list-view qubely-postgrid-style-2\"><div class=\"qubely-post-list-wrapper qubely-post-list-center\"><div class=\"qubely-post-list-img qubely-post-img qubely-post-img-zoom-out\"><a href=\"https:\/\/digidem-bayern.de\/en\/kommunikation-als-schluessel-personalisierte-demenzpflege\/\"><img decoding=\"async\" class=\"qubely-post-image\" src=\"https:\/\/digidem-bayern.de\/wp-content\/uploads\/2026\/03\/AKE-Studie-Demand-shutterstock_2303201453-300x200.jpg\" alt=\"Kommunikation als Schl\u00fcssel: Wege zur personalisierten Demenzpflege\"\/><\/a><\/div><div class=\"qubely-post-list-content\"><h2 class=\"qubely-postgrid-title\"><a href=\"https:\/\/digidem-bayern.de\/en\/kommunikation-als-schluessel-personalisierte-demenzpflege\/\">Communication as the key: paths to personalized dementia care<\/a><\/h2><div class=\"qubely-postgrid-meta\"><span><i class=\"fas fa-user\"><\/i> By <a href=\"https:\/\/digidem-bayern.de\/en\/author\/lucas-westermann\/\" title=\"Posts by Lucas Westermann\" rel=\"author\">Lucas Westermann<\/a><\/span><span><i class=\"far fa-calendar-alt\"><\/i> 25.03.2026<\/span><span><i class=\"fas fa-comment\"><\/i> 0<\/span><\/div><div class=\"qubely-postgrid-intro\">In der modernen Demenzversorgung ist die personalisierte Pflege ein entscheidender Faktor f\u00fcr Lebensqualit\u00e4t. Dabei steht eine Frage im <\/div><\/div><\/div><\/div><\/div><div class=\"qubely-postgrid-pagination\"><span aria-current=\"page\" class=\"page-numbers current\">1<\/span>\n<a class=\"page-numbers\" href=\"https:\/\/digidem-bayern.de\/en\/wp-json\/wp\/v2\/pages\/8941\/page\/2\/\">2<\/a>\n<a class=\"page-numbers\" href=\"https:\/\/digidem-bayern.de\/en\/wp-json\/wp\/v2\/pages\/8941\/page\/3\/\">3<\/a>\n<span class=\"page-numbers dots\">&hellip;<\/span>\n<a class=\"page-numbers\" href=\"https:\/\/digidem-bayern.de\/en\/wp-json\/wp\/v2\/pages\/8941\/page\/60\/\">60<\/a>\n<a class=\"next page-numbers\" href=\"https:\/\/digidem-bayern.de\/en\/wp-json\/wp\/v2\/pages\/8941\/page\/2\/\">Next <span class='fas fa-angle-right'><\/span><\/a><\/div><\/div><\/div><\/div><\/div>\n<\/div><\/div>","protected":false},"excerpt":{"rendered":"","protected":false},"author":11,"featured_media":0,"parent":0,"menu_order":0,"comment_status":"closed","ping_status":"closed","template":"","meta":{"qubely_global_settings":"","qubely_interactions":"","_uag_custom_page_level_css":"","footnotes":""},"class_list":["post-8941","page","type-page","status-publish","hentry"],"featured_image_urls_v2":{"full":"","thumbnail":"","medium":"","medium_large":"","large":"","1536x1536":"","2048x2048":"","trp-custom-language-flag":"","qubely_landscape":"","qubely_portrait":"","qubely_thumbnail":"","post-thumbnail":"","kahuna-featured":"","kahuna-featured-lp":"","kahuna-featured-half":"","kahuna-featured-third":"","kahuna-lpbox-1":"","kahuna-lpbox-2":"","demand-language-flag":"","dddkt-language-flag":"","ddiqc-language-flag":"","ddtl-language-flag":"","mailpoet_newsletter_max":"","kahuna-lpbox-3":"","kahuna-featured-square":"","kahuna-featured-square-large":""},"post_excerpt_stackable_v2":"<p>Wann digitale Angebote bei Alzheimer unterst\u00fctzen k\u00f6nnen By Lucas Westermann 25.03.2026 0Digitale Technologien spielen in der Versorgung von Menschen mit Alzheimer eine zunehmende Rolle. Telemedizinische Sprechstunden, Apps zur Alltagsstrukturierung oder digitale Kommunikation bei Demenz: Wie hilfreich sind Tipps aus dem Internet? By Lucas Westermann 25.03.2026 0Gute Kommunikation ist ein wesentlicher Baustein f\u00fcr die Lebensqualit\u00e4t von Menschen mit Demenz und ihren An- und Zugeh\u00f6Wenn Kommunikation zur H\u00fcrde wird: Unterst\u00fctzungssysteme f\u00fcr pflegende An- und Zugeh\u00f6rige im Fokus By Lucas Westermann 25.03.2026 0Kommunikationsschwierigkeiten geh\u00f6ren zu den belastendsten Situationen einer Demenz. Wenn Gespr\u00e4che schwieriger werden und das gegenseitige Verst\u00e4ndnis nachl\u00e4Kommunikation als Schl\u00fcssel: Wege zur&hellip;<\/p>\n","category_list_v2":"","author_info_v2":{"name":"Michael Zeiler","url":"https:\/\/digidem-bayern.de\/en\/author\/michael-zeiler\/"},"comments_num_v2":"0 comments","yoast_head":"<!-- This site is optimized with the Yoast SEO plugin v27.4 - https:\/\/yoast.com\/product\/yoast-seo-wordpress\/ -->\n<title>Aktuelles - digiDEM Bayern<\/title>\n<meta name=\"description\" content=\"Aktuelle Informationen und Beitr\u00e4ge vom Projekt digiDEM Bayern finden Sie hier.\" \/>\n<meta name=\"robots\" content=\"index, follow, max-snippet:-1, max-image-preview:large, max-video-preview:-1\" \/>\n<link rel=\"canonical\" href=\"https:\/\/digidem-bayern.de\/en\/aktuelles\/\" \/>\n<meta property=\"og:locale\" content=\"en_US\" \/>\n<meta property=\"og:type\" content=\"article\" \/>\n<meta property=\"og:title\" content=\"Aktuelles - digiDEM Bayern\" \/>\n<meta property=\"og:description\" content=\"Aktuelle Informationen und Beitr\u00e4ge vom Projekt digiDEM Bayern finden Sie hier.\" \/>\n<meta property=\"og:url\" content=\"https:\/\/digidem-bayern.de\/en\/aktuelles\/\" \/>\n<meta property=\"og:site_name\" content=\"digiDEM Bayern\" \/>\n<meta property=\"article:publisher\" content=\"https:\/\/www.facebook.com\/digiDEMBayern\/\" \/>\n<meta property=\"article:modified_time\" content=\"2026-04-01T15:07:27+00:00\" \/>\n<meta property=\"og:image\" content=\"https:\/\/digidem-bayern.de\/wp-content\/uploads\/logo-digidem-digitales-demenzregister-bayern.jpg.png\" \/>\n\t<meta property=\"og:image:width\" content=\"340\" \/>\n\t<meta property=\"og:image:height\" content=\"200\" \/>\n\t<meta property=\"og:image:type\" content=\"image\/png\" \/>\n<script type=\"application\/ld+json\" class=\"yoast-schema-graph\">{\"@context\":\"https:\\\/\\\/schema.org\",\"@graph\":[{\"@type\":\"WebPage\",\"@id\":\"https:\\\/\\\/digidem-bayern.de\\\/aktuelles\\\/\",\"url\":\"https:\\\/\\\/digidem-bayern.de\\\/aktuelles\\\/\",\"name\":\"Aktuelles - digiDEM Bayern\",\"isPartOf\":{\"@id\":\"\\\/#website\"},\"datePublished\":\"2020-11-30T10:42:01+00:00\",\"dateModified\":\"2026-04-01T15:07:27+00:00\",\"description\":\"Aktuelle Informationen und Beitr\u00e4ge vom Projekt digiDEM Bayern finden Sie hier.\",\"breadcrumb\":{\"@id\":\"https:\\\/\\\/digidem-bayern.de\\\/aktuelles\\\/#breadcrumb\"},\"inLanguage\":\"en-US\",\"potentialAction\":[{\"@type\":\"ReadAction\",\"target\":[\"https:\\\/\\\/digidem-bayern.de\\\/aktuelles\\\/\"]}]},{\"@type\":\"BreadcrumbList\",\"@id\":\"https:\\\/\\\/digidem-bayern.de\\\/aktuelles\\\/#breadcrumb\",\"itemListElement\":[{\"@type\":\"ListItem\",\"position\":1,\"name\":\"Startseite\",\"item\":\"https:\\\/\\\/digidem-bayern.de\\\/\"},{\"@type\":\"ListItem\",\"position\":2,\"name\":\"Aktuelles\"}]},{\"@type\":\"WebSite\",\"@id\":\"\\\/#website\",\"url\":\"\\\/\",\"name\":\"digiDEM Bayern\",\"description\":\"Das digitale Demenzregister Bayern erforscht und verbessert die Angebotsstuktur f\u00fcr Menschen mit Demenz und deren Angeh\u00f6rige\",\"publisher\":{\"@id\":\"\\\/#organization\"},\"potentialAction\":[{\"@type\":\"SearchAction\",\"target\":{\"@type\":\"EntryPoint\",\"urlTemplate\":\"\\\/?s={search_term_string}\"},\"query-input\":{\"@type\":\"PropertyValueSpecification\",\"valueRequired\":true,\"valueName\":\"search_term_string\"}}],\"inLanguage\":\"en-US\"},{\"@type\":\"Organization\",\"@id\":\"\\\/#organization\",\"name\":\"digiDEM Bayern\",\"url\":\"\\\/\",\"logo\":{\"@type\":\"ImageObject\",\"inLanguage\":\"en-US\",\"@id\":\"\\\/#\\\/schema\\\/logo\\\/image\\\/\",\"url\":\"https:\\\/\\\/digidem-bayern.de\\\/wp-content\\\/uploads\\\/2022\\\/03\\\/cropped-Allgemeines_digiDEMLOGO-removebg-preview.png\",\"contentUrl\":\"https:\\\/\\\/digidem-bayern.de\\\/wp-content\\\/uploads\\\/2022\\\/03\\\/cropped-Allgemeines_digiDEMLOGO-removebg-preview.png\",\"width\":612,\"height\":357,\"caption\":\"digiDEM Bayern\"},\"image\":{\"@id\":\"\\\/#\\\/schema\\\/logo\\\/image\\\/\"},\"sameAs\":[\"https:\\\/\\\/www.facebook.com\\\/digiDEMBayern\\\/\",\"https:\\\/\\\/x.com\\\/digidem_bayern\",\"https:\\\/\\\/www.instagram.com\\\/digidem.bayern\",\"https:\\\/\\\/www.linkedin.com\\\/company\\\/digidem-bayern\\\/\"]}]}<\/script>\n<!-- \/ Yoast SEO plugin. -->","yoast_head_json":{"title":"Aktuelles - digiDEM Bayern","description":"Aktuelle Informationen und Beitr\u00e4ge vom Projekt digiDEM Bayern finden Sie hier.","robots":{"index":"index","follow":"follow","max-snippet":"max-snippet:-1","max-image-preview":"max-image-preview:large","max-video-preview":"max-video-preview:-1"},"canonical":"https:\/\/digidem-bayern.de\/en\/aktuelles\/","og_locale":"en_US","og_type":"article","og_title":"Aktuelles - digiDEM Bayern","og_description":"Aktuelle Informationen und Beitr\u00e4ge vom Projekt digiDEM Bayern finden Sie hier.","og_url":"https:\/\/digidem-bayern.de\/en\/aktuelles\/","og_site_name":"digiDEM Bayern","article_publisher":"https:\/\/www.facebook.com\/digiDEMBayern\/","article_modified_time":"2026-04-01T15:07:27+00:00","og_image":[{"width":340,"height":200,"url":"https:\/\/digidem-bayern.de\/wp-content\/uploads\/logo-digidem-digitales-demenzregister-bayern.jpg.png","type":"image\/png"}],"schema":{"@context":"https:\/\/schema.org","@graph":[{"@type":"WebPage","@id":"https:\/\/digidem-bayern.de\/aktuelles\/","url":"https:\/\/digidem-bayern.de\/aktuelles\/","name":"Aktuelles - digiDEM Bayern","isPartOf":{"@id":"\/#website"},"datePublished":"2020-11-30T10:42:01+00:00","dateModified":"2026-04-01T15:07:27+00:00","description":"Aktuelle Informationen und Beitr\u00e4ge vom Projekt digiDEM Bayern finden Sie hier.","breadcrumb":{"@id":"https:\/\/digidem-bayern.de\/aktuelles\/#breadcrumb"},"inLanguage":"en-US","potentialAction":[{"@type":"ReadAction","target":["https:\/\/digidem-bayern.de\/aktuelles\/"]}]},{"@type":"BreadcrumbList","@id":"https:\/\/digidem-bayern.de\/aktuelles\/#breadcrumb","itemListElement":[{"@type":"ListItem","position":1,"name":"Startseite","item":"https:\/\/digidem-bayern.de\/"},{"@type":"ListItem","position":2,"name":"Aktuelles"}]},{"@type":"WebSite","@id":"\/#website","url":"\/","name":"digiDEM Bavaria","description":"The digital dementia register in Bavaria researches and improves the structure of services for people with dementia and their relatives","publisher":{"@id":"\/#organization"},"potentialAction":[{"@type":"SearchAction","target":{"@type":"EntryPoint","urlTemplate":"\/?s={search_term_string}"},"query-input":{"@type":"PropertyValueSpecification","valueRequired":true,"valueName":"search_term_string"}}],"inLanguage":"en-US"},{"@type":"Organization","@id":"\/#organization","name":"digiDEM Bavaria","url":"\/","logo":{"@type":"ImageObject","inLanguage":"en-US","@id":"\/#\/schema\/logo\/image\/","url":"https:\/\/digidem-bayern.de\/wp-content\/uploads\/2022\/03\/cropped-Allgemeines_digiDEMLOGO-removebg-preview.png","contentUrl":"https:\/\/digidem-bayern.de\/wp-content\/uploads\/2022\/03\/cropped-Allgemeines_digiDEMLOGO-removebg-preview.png","width":612,"height":357,"caption":"digiDEM Bayern"},"image":{"@id":"\/#\/schema\/logo\/image\/"},"sameAs":["https:\/\/www.facebook.com\/digiDEMBayern\/","https:\/\/x.com\/digidem_bayern","https:\/\/www.instagram.com\/digidem.bayern","https:\/\/www.linkedin.com\/company\/digidem-bayern\/"]}]}},"uagb_featured_image_src":{"full":false,"thumbnail":false,"medium":false,"medium_large":false,"large":false,"1536x1536":false,"2048x2048":false,"trp-custom-language-flag":false,"qubely_landscape":false,"qubely_portrait":false,"qubely_thumbnail":false,"post-thumbnail":false,"kahuna-featured":false,"kahuna-featured-lp":false,"kahuna-featured-half":false,"kahuna-featured-third":false,"kahuna-lpbox-1":false,"kahuna-lpbox-2":false,"demand-language-flag":false,"dddkt-language-flag":false,"ddiqc-language-flag":false,"ddtl-language-flag":false,"mailpoet_newsletter_max":false,"kahuna-lpbox-3":false,"kahuna-featured-square":false,"kahuna-featured-square-large":false},"uagb_author_info":{"display_name":"Michael Zeiler","author_link":"https:\/\/digidem-bayern.de\/en\/author\/michael-zeiler\/"},"uagb_comment_info":0,"uagb_excerpt":null,"_links":{"self":[{"href":"https:\/\/digidem-bayern.de\/en\/wp-json\/wp\/v2\/pages\/8941","targetHints":{"allow":["GET"]}}],"collection":[{"href":"https:\/\/digidem-bayern.de\/en\/wp-json\/wp\/v2\/pages"}],"about":[{"href":"https:\/\/digidem-bayern.de\/en\/wp-json\/wp\/v2\/types\/page"}],"author":[{"embeddable":true,"href":"https:\/\/digidem-bayern.de\/en\/wp-json\/wp\/v2\/users\/11"}],"replies":[{"embeddable":true,"href":"https:\/\/digidem-bayern.de\/en\/wp-json\/wp\/v2\/comments?post=8941"}],"version-history":[{"count":10,"href":"https:\/\/digidem-bayern.de\/en\/wp-json\/wp\/v2\/pages\/8941\/revisions"}],"predecessor-version":[{"id":48742,"href":"https:\/\/digidem-bayern.de\/en\/wp-json\/wp\/v2\/pages\/8941\/revisions\/48742"}],"wp:attachment":[{"href":"https:\/\/digidem-bayern.de\/en\/wp-json\/wp\/v2\/media?parent=8941"}],"curies":[{"name":"wp","href":"https:\/\/api.w.org\/{rel}","templated":true}]}}