{"id":6282,"date":"2020-07-20T07:46:06","date_gmt":"2020-07-20T05:46:06","guid":{"rendered":"https:\/\/digidem-bayern.de\/?page_id=6282"},"modified":"2020-09-25T09:44:12","modified_gmt":"2020-09-25T07:44:12","slug":"start-der-pilotphase","status":"publish","type":"page","link":"https:\/\/digidem-bayern.de\/en\/start-der-pilotphase\/","title":{"rendered":"&#8222;Demenz und Digitalisierung &#8211; Neue Wege in Bayern&#8220;"},"content":{"rendered":"<div class=\"wp-block-buttons alignleft is-layout-flex wp-block-buttons-is-layout-flex\">\n<div class=\"wp-block-button\"><a class=\"wp-block-button__link has-sitebg-color has-accent-1-background-color has-text-color has-background\" href=\"https:\/\/test.digidem-bayern.de\/demenz-und-digitalisierung\/#1-livestream\" style=\"border-radius:2px\">Zur Aufzeichnung<\/a><\/div>\n<\/div>\n\n\n\n<p>Demenz und Digitalisierung stehen im Zentrum von digiDEM Bayern. Wie gro\u00df der Bedarf an digitalen L\u00f6sungen auch im Demenz-Bereich ist, hat sich w\u00e4hrend der Kontaktbeschr\u00e4nkungen infolge Corona-Pandemie wie unter einem Brennglas gezeigt. Wir haben unseren digitalen Ansatz daher noch weiter gesch\u00e4rft und m\u00f6chten \u00fcber unsere bisherigen Erfahrungen und \u00fcber neue Wege im Projektverlauf informieren. Dazu laden wir Sie herzlich zu unserer Veranstaltung &#8222;Demenz und Digitalisierung &#8211; Neue Wege in Bayern&#8220; ein. Die Bayerische Staatsministerin f\u00fcr Gesundheit und Pflege, Melanie Huml, wird die Veranstaltung mit einem Gru\u00dfwort er\u00f6ffnen.<\/p>\n\n\n\n<div class=\"wp-block-ugb-video-popup ugb-video-popup ugb-375288a ugb-video-popup--v3 ugb-main-block\" id=\"\"><style>.ugb-375288a .ugb-video-popup__wrapper{max-width:300px;height:200px !important;border-radius:3px;background-color:#eeeff0}.ugb-375288a .ugb-video-popup__play-button svg{fill:#38a9f2 !important}.ugb-375288a .ugb-video-popup__wrapper:before{background-color:#eeeff0}.ugb-375288a .ugb-video-popup__wrapper:hover:before{opacity:0.2}<\/style><div class=\"ugb-inner-block\"><div class=\"ugb-block-content\"><div class=\"ugb-video-popup__wrapper ugb--shadow-2\" data-video=\"VcKYdQUgGB4\"><a href=\"#\" class=\"ugb-video-popup__overlay\" aria-label=\"Play\"><\/a><span class=\"ugb-video-popup__play-button\"><svg viewbox=\"0 0 256 320\" xmlns=\"http:\/\/www.w3.org\/2000\/svg\" class=\"ugb-play-button-normal\" width=\"30\" height=\"30\"><path d=\"M0 0v320l256-160L0 0z\"><\/path><\/svg><\/span><\/div><\/div><\/div><\/div>","protected":false},"excerpt":{"rendered":"<p>Demenz und Digitalisierung stehen im Zentrum von digiDEM Bayern. Wie gro\u00df der Bedarf an digitalen L\u00f6sungen auch im Demenz-Bereich ist, hat sich w\u00e4hrend der Kontaktbeschr\u00e4nkungen infolge Corona-Pandemie wie unter einem Brennglas gezeigt. Wir haben unseren digitalen Ansatz daher noch weiter gesch\u00e4rft und m\u00f6chten \u00fcber unsere bisherigen Erfahrungen und \u00fcber neue &hellip;<\/p>","protected":false},"author":11,"featured_media":0,"parent":0,"menu_order":0,"comment_status":"closed","ping_status":"closed","template":"","meta":{"qubely_global_settings":"","qubely_interactions":"","_uag_custom_page_level_css":"","footnotes":""},"class_list":["post-6282","page","type-page","status-publish","hentry"],"featured_image_urls_v2":{"full":"","thumbnail":"","medium":"","medium_large":"","large":"","1536x1536":"","2048x2048":"","trp-custom-language-flag":"","qubely_landscape":"","qubely_portrait":"","qubely_thumbnail":"","post-thumbnail":"","kahuna-featured":"","kahuna-featured-lp":"","kahuna-featured-half":"","kahuna-featured-third":"","kahuna-lpbox-1":"","kahuna-lpbox-2":"","demand-language-flag":"","dddkt-language-flag":"","ddiqc-language-flag":"","ddtl-language-flag":"","mailpoet_newsletter_max":"","kahuna-lpbox-3":"","kahuna-featured-square":"","kahuna-featured-square-large":""},"post_excerpt_stackable_v2":"<p>Zur Aufzeichnung Demenz und Digitalisierung stehen im Zentrum von digiDEM Bayern. Wie gro\u00df der Bedarf an digitalen L\u00f6sungen auch im Demenz-Bereich ist, hat sich w\u00e4hrend der Kontaktbeschr\u00e4nkungen infolge Corona-Pandemie wie unter einem Brennglas gezeigt. Wir haben unseren digitalen Ansatz daher noch weiter gesch\u00e4rft und m\u00f6chten \u00fcber unsere bisherigen Erfahrungen und \u00fcber neue Wege im Projektverlauf informieren. Dazu laden wir Sie herzlich zu unserer Veranstaltung &#8222;Demenz und Digitalisierung &#8211; Neue Wege in Bayern&#8220; ein. Die Bayerische Staatsministerin f\u00fcr Gesundheit und Pflege, Melanie Huml, wird die Veranstaltung mit einem Gru\u00dfwort er\u00f6ffnen.<\/p>\n","category_list_v2":"","author_info_v2":{"name":"Michael Zeiler","url":"https:\/\/digidem-bayern.de\/en\/author\/michael-zeiler\/"},"comments_num_v2":"0 comments","yoast_head":"<!-- This site is optimized with the Yoast SEO plugin v27.5 - https:\/\/yoast.com\/product\/yoast-seo-wordpress\/ -->\n<title>&quot;Demenz und Digitalisierung - Neue Wege in Bayern&quot; - digiDEM Bayern<\/title>\n<meta name=\"description\" content=\"digiDEM Bayern zielt darauf ab, die Lebensbedingungen von Menschen mit MCI\/Demenz und deren pflegenden An- und Zugeh\u00f6rigen nachhaltig zu verbessern.\" \/>\n<meta name=\"robots\" content=\"index, follow, max-snippet:-1, max-image-preview:large, max-video-preview:-1\" \/>\n<link rel=\"canonical\" href=\"https:\/\/digidem-bayern.de\/en\/start-der-pilotphase\/\" \/>\n<meta property=\"og:locale\" content=\"en_US\" \/>\n<meta property=\"og:type\" content=\"article\" \/>\n<meta property=\"og:title\" content=\"&quot;Demenz und Digitalisierung - Neue Wege in Bayern&quot; - digiDEM Bayern\" \/>\n<meta property=\"og:description\" content=\"digiDEM Bayern zielt darauf ab, die Lebensbedingungen von Menschen mit MCI\/Demenz und deren pflegenden An- und Zugeh\u00f6rigen nachhaltig zu verbessern.\" \/>\n<meta property=\"og:url\" content=\"https:\/\/digidem-bayern.de\/en\/start-der-pilotphase\/\" \/>\n<meta property=\"og:site_name\" content=\"digiDEM Bayern\" \/>\n<meta property=\"article:publisher\" content=\"https:\/\/www.facebook.com\/digiDEMBayern\/\" \/>\n<meta property=\"article:modified_time\" content=\"2020-09-25T07:44:12+00:00\" \/>\n<meta property=\"og:image\" content=\"https:\/\/digidem-bayern.de\/wp-content\/uploads\/logo-digidem-digitales-demenzregister-bayern.jpg.png\" \/>\n\t<meta property=\"og:image:width\" content=\"340\" \/>\n\t<meta property=\"og:image:height\" content=\"200\" \/>\n\t<meta property=\"og:image:type\" content=\"image\/png\" \/>\n<script type=\"application\/ld+json\" class=\"yoast-schema-graph\">{\"@context\":\"https:\\\/\\\/schema.org\",\"@graph\":[{\"@type\":\"WebPage\",\"@id\":\"https:\\\/\\\/digidem-bayern.de\\\/start-der-pilotphase\\\/\",\"url\":\"https:\\\/\\\/digidem-bayern.de\\\/start-der-pilotphase\\\/\",\"name\":\"\\\"Demenz und Digitalisierung - Neue Wege in Bayern\\\" - digiDEM Bayern\",\"isPartOf\":{\"@id\":\"\\\/#website\"},\"datePublished\":\"2020-07-20T05:46:06+00:00\",\"dateModified\":\"2020-09-25T07:44:12+00:00\",\"description\":\"digiDEM Bayern zielt darauf ab, die Lebensbedingungen von Menschen mit MCI\\\/Demenz und deren pflegenden An- und Zugeh\u00f6rigen nachhaltig zu verbessern.\",\"breadcrumb\":{\"@id\":\"https:\\\/\\\/digidem-bayern.de\\\/start-der-pilotphase\\\/#breadcrumb\"},\"inLanguage\":\"en-US\",\"potentialAction\":[{\"@type\":\"ReadAction\",\"target\":[\"https:\\\/\\\/digidem-bayern.de\\\/start-der-pilotphase\\\/\"]}]},{\"@type\":\"BreadcrumbList\",\"@id\":\"https:\\\/\\\/digidem-bayern.de\\\/start-der-pilotphase\\\/#breadcrumb\",\"itemListElement\":[{\"@type\":\"ListItem\",\"position\":1,\"name\":\"Startseite\",\"item\":\"https:\\\/\\\/digidem-bayern.de\\\/\"},{\"@type\":\"ListItem\",\"position\":2,\"name\":\"&#8222;Demenz und Digitalisierung &#8211; Neue Wege in Bayern&#8220;\"}]},{\"@type\":\"WebSite\",\"@id\":\"\\\/#website\",\"url\":\"\\\/\",\"name\":\"digiDEM Bayern\",\"description\":\"Das digitale Demenzregister Bayern erforscht und verbessert die Angebotsstuktur f\u00fcr Menschen mit Demenz und deren Angeh\u00f6rige\",\"publisher\":{\"@id\":\"\\\/#organization\"},\"potentialAction\":[{\"@type\":\"SearchAction\",\"target\":{\"@type\":\"EntryPoint\",\"urlTemplate\":\"\\\/?s={search_term_string}\"},\"query-input\":{\"@type\":\"PropertyValueSpecification\",\"valueRequired\":true,\"valueName\":\"search_term_string\"}}],\"inLanguage\":\"en-US\"},{\"@type\":\"Organization\",\"@id\":\"\\\/#organization\",\"name\":\"digiDEM Bayern\",\"url\":\"\\\/\",\"logo\":{\"@type\":\"ImageObject\",\"inLanguage\":\"en-US\",\"@id\":\"\\\/#\\\/schema\\\/logo\\\/image\\\/\",\"url\":\"https:\\\/\\\/digidem-bayern.de\\\/wp-content\\\/uploads\\\/2022\\\/03\\\/cropped-Allgemeines_digiDEMLOGO-removebg-preview.png\",\"contentUrl\":\"https:\\\/\\\/digidem-bayern.de\\\/wp-content\\\/uploads\\\/2022\\\/03\\\/cropped-Allgemeines_digiDEMLOGO-removebg-preview.png\",\"width\":612,\"height\":357,\"caption\":\"digiDEM Bayern\"},\"image\":{\"@id\":\"\\\/#\\\/schema\\\/logo\\\/image\\\/\"},\"sameAs\":[\"https:\\\/\\\/www.facebook.com\\\/digiDEMBayern\\\/\",\"https:\\\/\\\/x.com\\\/digidem_bayern\",\"https:\\\/\\\/www.instagram.com\\\/digidem.bayern\",\"https:\\\/\\\/www.linkedin.com\\\/company\\\/digidem-bayern\\\/\"]}]}<\/script>\n<!-- \/ Yoast SEO plugin. -->","yoast_head_json":{"title":"\"Demenz und Digitalisierung - Neue Wege in Bayern\" - digiDEM Bayern","description":"digiDEM Bayern zielt darauf ab, die Lebensbedingungen von Menschen mit MCI\/Demenz und deren pflegenden An- und Zugeh\u00f6rigen nachhaltig zu verbessern.","robots":{"index":"index","follow":"follow","max-snippet":"max-snippet:-1","max-image-preview":"max-image-preview:large","max-video-preview":"max-video-preview:-1"},"canonical":"https:\/\/digidem-bayern.de\/en\/start-der-pilotphase\/","og_locale":"en_US","og_type":"article","og_title":"\"Demenz und Digitalisierung - Neue Wege in Bayern\" - digiDEM Bayern","og_description":"digiDEM Bayern zielt darauf ab, die Lebensbedingungen von Menschen mit MCI\/Demenz und deren pflegenden An- und Zugeh\u00f6rigen nachhaltig zu verbessern.","og_url":"https:\/\/digidem-bayern.de\/en\/start-der-pilotphase\/","og_site_name":"digiDEM Bayern","article_publisher":"https:\/\/www.facebook.com\/digiDEMBayern\/","article_modified_time":"2020-09-25T07:44:12+00:00","og_image":[{"width":340,"height":200,"url":"https:\/\/digidem-bayern.de\/wp-content\/uploads\/logo-digidem-digitales-demenzregister-bayern.jpg.png","type":"image\/png"}],"schema":{"@context":"https:\/\/schema.org","@graph":[{"@type":"WebPage","@id":"https:\/\/digidem-bayern.de\/start-der-pilotphase\/","url":"https:\/\/digidem-bayern.de\/start-der-pilotphase\/","name":"\"Demenz und Digitalisierung - Neue Wege in Bayern\" - digiDEM Bayern","isPartOf":{"@id":"\/#website"},"datePublished":"2020-07-20T05:46:06+00:00","dateModified":"2020-09-25T07:44:12+00:00","description":"digiDEM Bayern zielt darauf ab, die Lebensbedingungen von Menschen mit MCI\/Demenz und deren pflegenden An- und Zugeh\u00f6rigen nachhaltig zu verbessern.","breadcrumb":{"@id":"https:\/\/digidem-bayern.de\/start-der-pilotphase\/#breadcrumb"},"inLanguage":"en-US","potentialAction":[{"@type":"ReadAction","target":["https:\/\/digidem-bayern.de\/start-der-pilotphase\/"]}]},{"@type":"BreadcrumbList","@id":"https:\/\/digidem-bayern.de\/start-der-pilotphase\/#breadcrumb","itemListElement":[{"@type":"ListItem","position":1,"name":"Startseite","item":"https:\/\/digidem-bayern.de\/"},{"@type":"ListItem","position":2,"name":"&#8222;Demenz und Digitalisierung &#8211; Neue Wege in Bayern&#8220;"}]},{"@type":"WebSite","@id":"\/#website","url":"\/","name":"digiDEM Bavaria","description":"The digital dementia register in Bavaria researches and improves the structure of services for people with dementia and their relatives","publisher":{"@id":"\/#organization"},"potentialAction":[{"@type":"SearchAction","target":{"@type":"EntryPoint","urlTemplate":"\/?s={search_term_string}"},"query-input":{"@type":"PropertyValueSpecification","valueRequired":true,"valueName":"search_term_string"}}],"inLanguage":"en-US"},{"@type":"Organization","@id":"\/#organization","name":"digiDEM Bavaria","url":"\/","logo":{"@type":"ImageObject","inLanguage":"en-US","@id":"\/#\/schema\/logo\/image\/","url":"https:\/\/digidem-bayern.de\/wp-content\/uploads\/2022\/03\/cropped-Allgemeines_digiDEMLOGO-removebg-preview.png","contentUrl":"https:\/\/digidem-bayern.de\/wp-content\/uploads\/2022\/03\/cropped-Allgemeines_digiDEMLOGO-removebg-preview.png","width":612,"height":357,"caption":"digiDEM Bayern"},"image":{"@id":"\/#\/schema\/logo\/image\/"},"sameAs":["https:\/\/www.facebook.com\/digiDEMBayern\/","https:\/\/x.com\/digidem_bayern","https:\/\/www.instagram.com\/digidem.bayern","https:\/\/www.linkedin.com\/company\/digidem-bayern\/"]}]}},"uagb_featured_image_src":{"full":false,"thumbnail":false,"medium":false,"medium_large":false,"large":false,"1536x1536":false,"2048x2048":false,"trp-custom-language-flag":false,"qubely_landscape":false,"qubely_portrait":false,"qubely_thumbnail":false,"post-thumbnail":false,"kahuna-featured":false,"kahuna-featured-lp":false,"kahuna-featured-half":false,"kahuna-featured-third":false,"kahuna-lpbox-1":false,"kahuna-lpbox-2":false,"demand-language-flag":false,"dddkt-language-flag":false,"ddiqc-language-flag":false,"ddtl-language-flag":false,"mailpoet_newsletter_max":false,"kahuna-lpbox-3":false,"kahuna-featured-square":false,"kahuna-featured-square-large":false},"uagb_author_info":{"display_name":"Michael Zeiler","author_link":"https:\/\/digidem-bayern.de\/en\/author\/michael-zeiler\/"},"uagb_comment_info":0,"uagb_excerpt":"Demenz und Digitalisierung stehen im Zentrum von digiDEM Bayern. Wie gro\u00df der Bedarf an digitalen L\u00f6sungen auch im Demenz-Bereich ist, hat sich w\u00e4hrend der Kontaktbeschr\u00e4nkungen infolge Corona-Pandemie wie unter einem Brennglas gezeigt. Wir haben unseren digitalen Ansatz daher noch weiter gesch\u00e4rft und m\u00f6chten \u00fcber unsere bisherigen Erfahrungen und \u00fcber neue &hellip;","_links":{"self":[{"href":"https:\/\/digidem-bayern.de\/en\/wp-json\/wp\/v2\/pages\/6282","targetHints":{"allow":["GET"]}}],"collection":[{"href":"https:\/\/digidem-bayern.de\/en\/wp-json\/wp\/v2\/pages"}],"about":[{"href":"https:\/\/digidem-bayern.de\/en\/wp-json\/wp\/v2\/types\/page"}],"author":[{"embeddable":true,"href":"https:\/\/digidem-bayern.de\/en\/wp-json\/wp\/v2\/users\/11"}],"replies":[{"embeddable":true,"href":"https:\/\/digidem-bayern.de\/en\/wp-json\/wp\/v2\/comments?post=6282"}],"version-history":[{"count":0,"href":"https:\/\/digidem-bayern.de\/en\/wp-json\/wp\/v2\/pages\/6282\/revisions"}],"wp:attachment":[{"href":"https:\/\/digidem-bayern.de\/en\/wp-json\/wp\/v2\/media?parent=6282"}],"curies":[{"name":"wp","href":"https:\/\/api.w.org\/{rel}","templated":true}]}}