{"id":5292,"date":"2020-05-13T16:35:06","date_gmt":"2020-05-13T14:35:06","guid":{"rendered":"https:\/\/digidem-bayern.de\/?page_id=5292"},"modified":"2025-01-31T17:15:24","modified_gmt":"2025-01-31T16:15:24","slug":"forschungspartner-info","status":"publish","type":"page","link":"https:\/\/digidem-bayern.de\/en\/forschungspartner-info\/","title":{"rendered":"Forschungspartner-Bereich"},"content":{"rendered":"<p>Hier finden Forschungspartner wichtige Unterlagen, Videos und Checklisten, um Befragungen f\u00fcr digiDEM Bayern durchzuf\u00fchren. Ein Teil der Inhalte ist gesch\u00fctzt und nur f\u00fcr teilnehmende Einrichtungen zug\u00e4nglich. Nach der ersten Eingabe des Passwortes haben Sie vollst\u00e4ndigen Zugriff auf alle Inhalte.<\/p>\n\n\n\n<h2 class=\"wp-block-heading\">Interner Bereich (passwortgesch\u00fctzt):<\/h2>\n\n\n\n<div style=\"height:20px\" aria-hidden=\"true\" class=\"wp-block-spacer\"><\/div>\n\n\n\n\t\t\t<div class=\"wp-block-uagb-post-grid uagb-post-grid  uagb-post__image-position-top uagb-post__image-enabled uagb-block-54edb575     uagb-post__items uagb-post__columns-4 is-grid uagb-post__columns-tablet-2 uagb-post__columns-mobile-1 uagb-post__equal-height\" data-total=\"1\" style=\"\">\n\n\t\t\t\t\t\t\t\t\t\t\t\t<article class=\"uagb-post__inner-wrap\">\t\t\t\t\t\t\t\t<div class='uagb-post__image'>\n\t\t\t\t\t\t\t\t\t<a href=\"https:\/\/digidem-bayern.de\/en\/unterlagen-fuer-forschungspartnerinnen\/\" target=\"_self\" rel=\"bookmark noopener noreferrer\" class='uagb-image-ratio-inherit'><img loading=\"lazy\" decoding=\"async\" width=\"394\" height=\"300\" src=\"https:\/\/digidem-bayern.de\/wp-content\/uploads\/2020\/05\/business-college-composition-desk-419635-460x350.jpg\" class=\"attachment-kahuna-lpbox-1 size-kahuna-lpbox-1\" alt=\"\" \/>\t\t\t\t\t<\/a>\n\t\t\t\t\t\t\t<\/div>\n\t\t\t\t\t\t<h4 class=\"uagb-post__title uagb-post__text\">\n\t\t\t\t<a href=\"https:\/\/digidem-bayern.de\/en\/unterlagen-fuer-forschungspartnerinnen\/\" target=\"_self\" rel=\"bookmark noopener noreferrer\">Unterlagen f\u00fcr Forschungspartner<\/a>\n\t\t\t<\/h4>\n\t\t\t\t\t\t<div class='uagb-post__text uagb-post-grid-byline'>\n\t\t\t\t\t\t\t<\/div>\n\t\t\t\n\t\t\t\t\t\t\t\t\t<\/article>\n\t\t\t\t\t\t\t\t\t\t\t\t\t\t\t\t<article class=\"uagb-post__inner-wrap\">\t\t\t\t\t\t\t\t<div class='uagb-post__image'>\n\t\t\t\t\t\t\t\t\t<a href=\"https:\/\/digidem-bayern.de\/en\/teilnehmendengewinnung\/\" target=\"_self\" rel=\"bookmark noopener noreferrer\" class='uagb-image-ratio-inherit'><img loading=\"lazy\" decoding=\"async\" width=\"394\" height=\"300\" src=\"https:\/\/digidem-bayern.de\/wp-content\/uploads\/2019\/11\/mohamed_hasan2_pixabay-460x350.jpg\" class=\"attachment-kahuna-lpbox-1 size-kahuna-lpbox-1\" alt=\"Comic: J\u00fcngerer Mann nimmt \u00e4lteren Mann in den Arm\" \/>\t\t\t\t\t<\/a>\n\t\t\t\t\t\t\t<\/div>\n\t\t\t\t\t\t<h4 class=\"uagb-post__title uagb-post__text\">\n\t\t\t\t<a href=\"https:\/\/digidem-bayern.de\/en\/teilnehmendengewinnung\/\" target=\"_self\" rel=\"bookmark noopener noreferrer\">Was ist bei der Teilnehmendengewinnung wichtig?<\/a>\n\t\t\t<\/h4>\n\t\t\t\t\t\t<div class='uagb-post__text uagb-post-grid-byline'>\n\t\t\t\t\t\t\t<\/div>\n\t\t\t\n\t\t\t\t\t\t\t\t\t<\/article>\n\t\t\t\t\t\t\t\t\t\t\t\t\t\t\t\t<article class=\"uagb-post__inner-wrap\">\t\t\t\t\t\t\t\t<div class='uagb-post__image'>\n\t\t\t\t\t\t\t\t\t<a href=\"https:\/\/digidem-bayern.de\/en\/videos-schulungen\/\" target=\"_self\" rel=\"bookmark noopener noreferrer\" class='uagb-image-ratio-inherit'><img loading=\"lazy\" decoding=\"async\" width=\"394\" height=\"300\" src=\"https:\/\/digidem-bayern.de\/wp-content\/uploads\/2020\/06\/video-1606945_1280-460x350.png\" class=\"attachment-kahuna-lpbox-1 size-kahuna-lpbox-1\" alt=\"Symbolbild f\u00fcr Videoplayer am PC\" \/>\t\t\t\t\t<\/a>\n\t\t\t\t\t\t\t<\/div>\n\t\t\t\t\t\t<h4 class=\"uagb-post__title uagb-post__text\">\n\t\t\t\t<a href=\"https:\/\/digidem-bayern.de\/en\/videos-schulungen\/\" target=\"_self\" rel=\"bookmark noopener noreferrer\">Videos der Schulungen<\/a>\n\t\t\t<\/h4>\n\t\t\t\t\t\t<div class='uagb-post__text uagb-post-grid-byline'>\n\t\t\t\t\t\t\t<\/div>\n\t\t\t\n\t\t\t\t\t\t\t\t\t<\/article>\n\t\t\t\t\t\t\t\t\t\t\t\t\t\t\t\t<article class=\"uagb-post__inner-wrap\">\t\t\t\t\t\t\t\t<div class='uagb-post__image'>\n\t\t\t\t\t\t\t\t\t<a href=\"https:\/\/digidem-bayern.de\/en\/einladung-zum-digidem-dialog-2\/\" target=\"_self\" rel=\"bookmark noopener noreferrer\" class='uagb-image-ratio-inherit'><img loading=\"lazy\" decoding=\"async\" width=\"394\" height=\"300\" src=\"https:\/\/digidem-bayern.de\/wp-content\/uploads\/2020\/08\/balloons-3696902_1280-460x350.jpg\" class=\"attachment-kahuna-lpbox-1 size-kahuna-lpbox-1\" alt=\"Symbolgrafik: Sprechblasen\" \/>\t\t\t\t\t<\/a>\n\t\t\t\t\t\t\t<\/div>\n\t\t\t\t\t\t<h4 class=\"uagb-post__title uagb-post__text\">\n\t\t\t\t<a href=\"https:\/\/digidem-bayern.de\/en\/einladung-zum-digidem-dialog-2\/\" target=\"_self\" rel=\"bookmark noopener noreferrer\">Einladung zum &#8222;digiDEM Dialog&#8220;<\/a>\n\t\t\t<\/h4>\n\t\t\t\t\t\t<div class='uagb-post__text uagb-post-grid-byline'>\n\t\t\t\t\t\t\t<\/div>\n\t\t\t\n\t\t\t\t\t\t\t\t\t<\/article>\n\t\t\t\t\t\t\t\t\t\t\t\t\t\t\t\t<article class=\"uagb-post__inner-wrap\">\t\t\t\t\t\t\t\t<div class='uagb-post__image'>\n\t\t\t\t\t\t\t\t\t<a href=\"https:\/\/digidem-bayern.de\/en\/presseinformationen-fotos-und-logo\/\" target=\"_self\" rel=\"bookmark noopener noreferrer\" class='uagb-image-ratio-inherit'><img loading=\"lazy\" decoding=\"async\" width=\"394\" height=\"300\" src=\"https:\/\/digidem-bayern.de\/wp-content\/uploads\/2020\/10\/news-1729539_1280-1-460x350.jpg\" class=\"attachment-kahuna-lpbox-1 size-kahuna-lpbox-1\" alt=\"Zeitung liegt auf Laptop\" \/>\t\t\t\t\t<\/a>\n\t\t\t\t\t\t\t<\/div>\n\t\t\t\t\t\t<h4 class=\"uagb-post__title uagb-post__text\">\n\t\t\t\t<a href=\"https:\/\/digidem-bayern.de\/en\/presseinformationen-fotos-und-logo\/\" target=\"_self\" rel=\"bookmark noopener noreferrer\">Presseinformationen, Flyer, Fotos und Logos zum Download<\/a>\n\t\t\t<\/h4>\n\t\t\t\t\t\t<div class='uagb-post__text uagb-post-grid-byline'>\n\t\t\t\t\t\t\t<\/div>\n\t\t\t\n\t\t\t\t\t\t\t\t\t<\/article>\n\t\t\t\t\t\t\t\t\t\t\t<\/div>\n\t\t\t\n\n\n<div style=\"height:60px\" aria-hidden=\"true\" class=\"wp-block-spacer\"><\/div>","protected":false},"excerpt":{"rendered":"<p>Hier finden Forschungspartner wichtige Unterlagen, Videos und Checklisten, um Befragungen f\u00fcr digiDEM Bayern durchzuf\u00fchren. Ein Teil der Inhalte ist gesch\u00fctzt und nur f\u00fcr teilnehmende Einrichtungen zug\u00e4nglich. Nach der ersten Eingabe des Passwortes haben Sie vollst\u00e4ndigen Zugriff auf alle Inhalte. Interner Bereich (passwortgesch\u00fctzt):<\/p>","protected":false},"author":11,"featured_media":0,"parent":0,"menu_order":0,"comment_status":"closed","ping_status":"closed","template":"","meta":{"qubely_global_settings":"true","qubely_interactions":"","_uag_custom_page_level_css":"","footnotes":""},"class_list":["post-5292","page","type-page","status-publish","hentry"],"featured_image_urls_v2":{"full":"","thumbnail":"","medium":"","medium_large":"","large":"","1536x1536":"","2048x2048":"","trp-custom-language-flag":"","qubely_landscape":"","qubely_portrait":"","qubely_thumbnail":"","post-thumbnail":"","kahuna-featured":"","kahuna-featured-lp":"","kahuna-featured-half":"","kahuna-featured-third":"","kahuna-lpbox-1":"","kahuna-lpbox-2":"","demand-language-flag":"","dddkt-language-flag":"","ddiqc-language-flag":"","ddtl-language-flag":"","mailpoet_newsletter_max":"","kahuna-lpbox-3":"","kahuna-featured-square":"","kahuna-featured-square-large":""},"post_excerpt_stackable_v2":"<p>Hier finden Forschungspartner wichtige Unterlagen, Videos und Checklisten, um Befragungen f\u00fcr digiDEM Bayern durchzuf\u00fchren. Ein Teil der Inhalte ist gesch\u00fctzt und nur f\u00fcr teilnehmende Einrichtungen zug\u00e4nglich. Nach der ersten Eingabe des Passwortes haben Sie vollst\u00e4ndigen Zugriff auf alle Inhalte. Interner Bereich (passwortgesch\u00fctzt): Unterlagen f\u00fcr Forschungspartner Was ist bei der Teilnehmendengewinnung wichtig? Videos der Schulungen Einladung zum &#8222;digiDEM Dialog&#8220; Presseinformationen, Flyer, Fotos und Logos zum Download<\/p>\n","category_list_v2":"","author_info_v2":{"name":"Michael Zeiler","url":"https:\/\/digidem-bayern.de\/en\/author\/michael-zeiler\/"},"comments_num_v2":"0 comments","yoast_head":"<!-- This site is optimized with the Yoast SEO plugin v27.4 - https:\/\/yoast.com\/product\/yoast-seo-wordpress\/ -->\n<title>Forschungspartner-Bereich - digiDEM Bayern<\/title>\n<meta name=\"description\" content=\"Hier finden Forschungspartner*innen wichtige Unterlagen, Videos und Checklisten, um Befragungen f\u00fcr digiDEM Bayern durchzuf\u00fchren.\" \/>\n<meta name=\"robots\" content=\"index, follow, max-snippet:-1, max-image-preview:large, max-video-preview:-1\" \/>\n<link rel=\"canonical\" href=\"https:\/\/digidem-bayern.de\/en\/forschungspartner-info\/\" \/>\n<meta property=\"og:locale\" content=\"en_US\" \/>\n<meta property=\"og:type\" content=\"article\" \/>\n<meta property=\"og:title\" content=\"Forschungspartner-Bereich - digiDEM Bayern\" \/>\n<meta property=\"og:description\" content=\"Hier finden Forschungspartner*innen wichtige Unterlagen, Videos und Checklisten, um Befragungen f\u00fcr digiDEM Bayern durchzuf\u00fchren.\" \/>\n<meta property=\"og:url\" content=\"https:\/\/digidem-bayern.de\/en\/forschungspartner-info\/\" \/>\n<meta property=\"og:site_name\" content=\"digiDEM Bayern\" \/>\n<meta property=\"article:publisher\" content=\"https:\/\/www.facebook.com\/digiDEMBayern\/\" \/>\n<meta property=\"article:modified_time\" content=\"2025-01-31T16:15:24+00:00\" \/>\n<meta property=\"og:image\" content=\"https:\/\/digidem-bayern.de\/wp-content\/uploads\/logo-digidem-digitales-demenzregister-bayern.jpg.png\" \/>\n\t<meta property=\"og:image:width\" content=\"340\" \/>\n\t<meta property=\"og:image:height\" content=\"200\" \/>\n\t<meta property=\"og:image:type\" content=\"image\/png\" \/>\n<meta name=\"twitter:label1\" content=\"Est. reading time\" \/>\n\t<meta name=\"twitter:data1\" content=\"1 minute\" \/>\n<script type=\"application\/ld+json\" class=\"yoast-schema-graph\">{\"@context\":\"https:\\\/\\\/schema.org\",\"@graph\":[{\"@type\":\"WebPage\",\"@id\":\"https:\\\/\\\/digidem-bayern.de\\\/forschungspartner-info\\\/\",\"url\":\"https:\\\/\\\/digidem-bayern.de\\\/forschungspartner-info\\\/\",\"name\":\"Forschungspartner-Bereich - digiDEM Bayern\",\"isPartOf\":{\"@id\":\"\\\/#website\"},\"datePublished\":\"2020-05-13T14:35:06+00:00\",\"dateModified\":\"2025-01-31T16:15:24+00:00\",\"description\":\"Hier finden Forschungspartner*innen wichtige Unterlagen, Videos und Checklisten, um Befragungen f\u00fcr digiDEM Bayern durchzuf\u00fchren.\",\"breadcrumb\":{\"@id\":\"https:\\\/\\\/digidem-bayern.de\\\/forschungspartner-info\\\/#breadcrumb\"},\"inLanguage\":\"en-US\",\"potentialAction\":[{\"@type\":\"ReadAction\",\"target\":[\"https:\\\/\\\/digidem-bayern.de\\\/forschungspartner-info\\\/\"]}]},{\"@type\":\"BreadcrumbList\",\"@id\":\"https:\\\/\\\/digidem-bayern.de\\\/forschungspartner-info\\\/#breadcrumb\",\"itemListElement\":[{\"@type\":\"ListItem\",\"position\":1,\"name\":\"Startseite\",\"item\":\"https:\\\/\\\/digidem-bayern.de\\\/\"},{\"@type\":\"ListItem\",\"position\":2,\"name\":\"Forschungspartner-Bereich\"}]},{\"@type\":\"WebSite\",\"@id\":\"\\\/#website\",\"url\":\"\\\/\",\"name\":\"digiDEM Bayern\",\"description\":\"Das digitale Demenzregister Bayern erforscht und verbessert die Angebotsstuktur f\u00fcr Menschen mit Demenz und deren Angeh\u00f6rige\",\"publisher\":{\"@id\":\"\\\/#organization\"},\"potentialAction\":[{\"@type\":\"SearchAction\",\"target\":{\"@type\":\"EntryPoint\",\"urlTemplate\":\"\\\/?s={search_term_string}\"},\"query-input\":{\"@type\":\"PropertyValueSpecification\",\"valueRequired\":true,\"valueName\":\"search_term_string\"}}],\"inLanguage\":\"en-US\"},{\"@type\":\"Organization\",\"@id\":\"\\\/#organization\",\"name\":\"digiDEM Bayern\",\"url\":\"\\\/\",\"logo\":{\"@type\":\"ImageObject\",\"inLanguage\":\"en-US\",\"@id\":\"\\\/#\\\/schema\\\/logo\\\/image\\\/\",\"url\":\"https:\\\/\\\/digidem-bayern.de\\\/wp-content\\\/uploads\\\/2022\\\/03\\\/cropped-Allgemeines_digiDEMLOGO-removebg-preview.png\",\"contentUrl\":\"https:\\\/\\\/digidem-bayern.de\\\/wp-content\\\/uploads\\\/2022\\\/03\\\/cropped-Allgemeines_digiDEMLOGO-removebg-preview.png\",\"width\":612,\"height\":357,\"caption\":\"digiDEM Bayern\"},\"image\":{\"@id\":\"\\\/#\\\/schema\\\/logo\\\/image\\\/\"},\"sameAs\":[\"https:\\\/\\\/www.facebook.com\\\/digiDEMBayern\\\/\",\"https:\\\/\\\/x.com\\\/digidem_bayern\",\"https:\\\/\\\/www.instagram.com\\\/digidem.bayern\",\"https:\\\/\\\/www.linkedin.com\\\/company\\\/digidem-bayern\\\/\"]}]}<\/script>\n<!-- \/ Yoast SEO plugin. -->","yoast_head_json":{"title":"Forschungspartner-Bereich - digiDEM Bayern","description":"Hier finden Forschungspartner*innen wichtige Unterlagen, Videos und Checklisten, um Befragungen f\u00fcr digiDEM Bayern durchzuf\u00fchren.","robots":{"index":"index","follow":"follow","max-snippet":"max-snippet:-1","max-image-preview":"max-image-preview:large","max-video-preview":"max-video-preview:-1"},"canonical":"https:\/\/digidem-bayern.de\/en\/forschungspartner-info\/","og_locale":"en_US","og_type":"article","og_title":"Forschungspartner-Bereich - digiDEM Bayern","og_description":"Hier finden Forschungspartner*innen wichtige Unterlagen, Videos und Checklisten, um Befragungen f\u00fcr digiDEM Bayern durchzuf\u00fchren.","og_url":"https:\/\/digidem-bayern.de\/en\/forschungspartner-info\/","og_site_name":"digiDEM Bayern","article_publisher":"https:\/\/www.facebook.com\/digiDEMBayern\/","article_modified_time":"2025-01-31T16:15:24+00:00","og_image":[{"width":340,"height":200,"url":"https:\/\/digidem-bayern.de\/wp-content\/uploads\/logo-digidem-digitales-demenzregister-bayern.jpg.png","type":"image\/png"}],"twitter_misc":{"Est. reading time":"1 minute"},"schema":{"@context":"https:\/\/schema.org","@graph":[{"@type":"WebPage","@id":"https:\/\/digidem-bayern.de\/forschungspartner-info\/","url":"https:\/\/digidem-bayern.de\/forschungspartner-info\/","name":"Forschungspartner-Bereich - digiDEM Bayern","isPartOf":{"@id":"\/#website"},"datePublished":"2020-05-13T14:35:06+00:00","dateModified":"2025-01-31T16:15:24+00:00","description":"Hier finden Forschungspartner*innen wichtige Unterlagen, Videos und Checklisten, um Befragungen f\u00fcr digiDEM Bayern durchzuf\u00fchren.","breadcrumb":{"@id":"https:\/\/digidem-bayern.de\/forschungspartner-info\/#breadcrumb"},"inLanguage":"en-US","potentialAction":[{"@type":"ReadAction","target":["https:\/\/digidem-bayern.de\/forschungspartner-info\/"]}]},{"@type":"BreadcrumbList","@id":"https:\/\/digidem-bayern.de\/forschungspartner-info\/#breadcrumb","itemListElement":[{"@type":"ListItem","position":1,"name":"Startseite","item":"https:\/\/digidem-bayern.de\/"},{"@type":"ListItem","position":2,"name":"Forschungspartner-Bereich"}]},{"@type":"WebSite","@id":"\/#website","url":"\/","name":"digiDEM Bavaria","description":"The digital dementia register in Bavaria researches and improves the structure of services for people with dementia and their relatives","publisher":{"@id":"\/#organization"},"potentialAction":[{"@type":"SearchAction","target":{"@type":"EntryPoint","urlTemplate":"\/?s={search_term_string}"},"query-input":{"@type":"PropertyValueSpecification","valueRequired":true,"valueName":"search_term_string"}}],"inLanguage":"en-US"},{"@type":"Organization","@id":"\/#organization","name":"digiDEM Bavaria","url":"\/","logo":{"@type":"ImageObject","inLanguage":"en-US","@id":"\/#\/schema\/logo\/image\/","url":"https:\/\/digidem-bayern.de\/wp-content\/uploads\/2022\/03\/cropped-Allgemeines_digiDEMLOGO-removebg-preview.png","contentUrl":"https:\/\/digidem-bayern.de\/wp-content\/uploads\/2022\/03\/cropped-Allgemeines_digiDEMLOGO-removebg-preview.png","width":612,"height":357,"caption":"digiDEM Bayern"},"image":{"@id":"\/#\/schema\/logo\/image\/"},"sameAs":["https:\/\/www.facebook.com\/digiDEMBayern\/","https:\/\/x.com\/digidem_bayern","https:\/\/www.instagram.com\/digidem.bayern","https:\/\/www.linkedin.com\/company\/digidem-bayern\/"]}]}},"uagb_featured_image_src":{"full":false,"thumbnail":false,"medium":false,"medium_large":false,"large":false,"1536x1536":false,"2048x2048":false,"trp-custom-language-flag":false,"qubely_landscape":false,"qubely_portrait":false,"qubely_thumbnail":false,"post-thumbnail":false,"kahuna-featured":false,"kahuna-featured-lp":false,"kahuna-featured-half":false,"kahuna-featured-third":false,"kahuna-lpbox-1":false,"kahuna-lpbox-2":false,"demand-language-flag":false,"dddkt-language-flag":false,"ddiqc-language-flag":false,"ddtl-language-flag":false,"mailpoet_newsletter_max":false,"kahuna-lpbox-3":false,"kahuna-featured-square":false,"kahuna-featured-square-large":false},"uagb_author_info":{"display_name":"Michael Zeiler","author_link":"https:\/\/digidem-bayern.de\/en\/author\/michael-zeiler\/"},"uagb_comment_info":0,"uagb_excerpt":"Hier finden Forschungspartner wichtige Unterlagen, Videos und Checklisten, um Befragungen f\u00fcr digiDEM Bayern durchzuf\u00fchren. Ein Teil der Inhalte ist gesch\u00fctzt und nur f\u00fcr teilnehmende Einrichtungen zug\u00e4nglich. Nach der ersten Eingabe des Passwortes haben Sie vollst\u00e4ndigen Zugriff auf alle Inhalte. Interner Bereich (passwortgesch\u00fctzt):","_links":{"self":[{"href":"https:\/\/digidem-bayern.de\/en\/wp-json\/wp\/v2\/pages\/5292","targetHints":{"allow":["GET"]}}],"collection":[{"href":"https:\/\/digidem-bayern.de\/en\/wp-json\/wp\/v2\/pages"}],"about":[{"href":"https:\/\/digidem-bayern.de\/en\/wp-json\/wp\/v2\/types\/page"}],"author":[{"embeddable":true,"href":"https:\/\/digidem-bayern.de\/en\/wp-json\/wp\/v2\/users\/11"}],"replies":[{"embeddable":true,"href":"https:\/\/digidem-bayern.de\/en\/wp-json\/wp\/v2\/comments?post=5292"}],"version-history":[{"count":10,"href":"https:\/\/digidem-bayern.de\/en\/wp-json\/wp\/v2\/pages\/5292\/revisions"}],"predecessor-version":[{"id":41220,"href":"https:\/\/digidem-bayern.de\/en\/wp-json\/wp\/v2\/pages\/5292\/revisions\/41220"}],"wp:attachment":[{"href":"https:\/\/digidem-bayern.de\/en\/wp-json\/wp\/v2\/media?parent=5292"}],"curies":[{"name":"wp","href":"https:\/\/api.w.org\/{rel}","templated":true}]}}