{"id":44114,"date":"2025-07-08T08:50:11","date_gmt":"2025-07-08T06:50:11","guid":{"rendered":"https:\/\/digidem-bayern.de\/?page_id=44114"},"modified":"2026-03-26T15:39:19","modified_gmt":"2026-03-26T14:39:19","slug":"demenz-screening","status":"publish","type":"page","link":"https:\/\/digidem-bayern.de\/en\/demenz-screening\/","title":{"rendered":"Dementia screening"},"content":{"rendered":"<h6 class=\"wp-block-heading has-large-font-size\"><strong>Hintergrund:<\/strong><\/h6>\n\n\n\n<p>Demenzerkrankungen werden nach wie vor zu wenig diagnostiziert.\u00a0Einer deutschen Studie zufolge leben 60 Prozent der an Demenz Erkrankten ohne eine gesicherte Diagnose <a href=\"https:\/\/alz-journals.onlinelibrary.wiley.com\/doi\/10.1016\/j.dadm.2014.11.007\">(Eichler et al.)<\/a>. Gleichzeitig wird die Demenzdiagnose meist sehr sp\u00e4t und\u00a0h\u00e4ufig erst bei fortgeschrittener Symptomatik gestellt. F\u00fcr Menschen mit kognitiven Einschr\u00e4nkungen und ihre An- und Zugeh\u00f6rigen ist es jedoch von gro\u00dfer Bedeutung, fr\u00fchzeitig Gewissheit zu haben.<\/p>\n\n\n\n<p>Daher f\u00fchrt das Digitale Demenzregister Bayern (digiDEM Bayern) zusammen mit Forschungspartnern und Projektassistenzen in allen 7 Regierungsbezirken Bayerns sogenannte Demenz-Screeningtage durch. Das kostenlose und niederschwellige Testangebot richtet sich an&nbsp;Menschen&nbsp;ab&nbsp;65 Jahren, die bei sich selbst&nbsp;eine Verschlechterung des Ged\u00e4chtnisses&nbsp;wahrgenommen&nbsp;oder bei denen&nbsp;nahestehende Personen&nbsp;ein Nachlassen der&nbsp;geistigen Leistungsf\u00e4higkeit&nbsp;bemerkt&nbsp;haben. Der Screeningtest ersetzt zwar keine umfassende \u00e4rztliche Diagnose, liefert aber erste Hinweise darauf, ob eine weitere Abkl\u00e4rung notwendig und sinnvoll ist.<\/p>\n\n\n\n<div class=\"wp-block-ugb-feature-grid ugb-feature-grid ugb-076d85c ugb-feature-grid--v2 ugb-feature-grid--columns-4 ugb-feature-grid--design-basic ugb-main-block\"><style>.ugb-076d85c .ugb-img{border-radius:6px}<\/style><div class=\"ugb-inner-block\"><div class=\"ugb-block-content\"><div class=\"ugb-feature-grid__item ugb-feature-grid__item1 ugb-container-link\"><div class=\"ugb-feature-grid__image\"><img loading=\"lazy\" decoding=\"async\" width=\"1030\" height=\"647\" class=\"ugb-img wp-image-44169\" src=\"https:\/\/digidem-bayern.de\/wp-content\/uploads\/2025\/07\/Bild-Ablauf-e1752039139151-1030x647.jpeg\" alt=\"Ablauf\" title=\"\" srcset=\"https:\/\/digidem-bayern.de\/wp-content\/uploads\/2025\/07\/Bild-Ablauf-e1752039139151-1030x647.jpeg 1030w, https:\/\/digidem-bayern.de\/wp-content\/uploads\/2025\/07\/Bild-Ablauf-e1752039139151-300x188.jpeg 300w, https:\/\/digidem-bayern.de\/wp-content\/uploads\/2025\/07\/Bild-Ablauf-e1752039139151-768x482.jpeg 768w, https:\/\/digidem-bayern.de\/wp-content\/uploads\/2025\/07\/Bild-Ablauf-e1752039139151-1536x965.jpeg 1536w, https:\/\/digidem-bayern.de\/wp-content\/uploads\/2025\/07\/Bild-Ablauf-e1752039139151-557x350.jpeg 557w, https:\/\/digidem-bayern.de\/wp-content\/uploads\/2025\/07\/Bild-Ablauf-e1752039139151-1320x829.jpeg 1320w, https:\/\/digidem-bayern.de\/wp-content\/uploads\/2025\/07\/Bild-Ablauf-e1752039139151.jpeg 1600w\" sizes=\"auto, (max-width: 1030px) 100vw, 1030px\" \/><\/div><div class=\"ugb-feature-grid__content\"><h5 class=\"ugb-feature-grid__title\">Ablauf<\/h5><p class=\"ugb-feature-grid__description\"><br><br>Sie m\u00f6chten wissen, was Sie an einem digiDEM Bayern-Screeningtag erwartet? Hier erfahren Sie mehr zum Ablauf und Rahmenbedingungen.<\/p><\/div><a tabindex=\"-1\" aria-hidden=\"true\" href=\"https:\/\/digidem-bayern.de\/en\/ablauf-demenzscreening\/\" title=\"Ablauf Demenzscreening\"><\/a><\/div><div class=\"ugb-feature-grid__item ugb-feature-grid__item2 ugb-container-link\"><div class=\"ugb-feature-grid__image\"><img loading=\"lazy\" decoding=\"async\" width=\"1030\" height=\"644\" class=\"ugb-img wp-image-44189\" src=\"https:\/\/digidem-bayern.de\/wp-content\/uploads\/2025\/07\/Bild-beratung-1-rotated-e1752045908394-1030x644.jpeg\" alt=\"Anlaufstellen\" title=\"\" srcset=\"https:\/\/digidem-bayern.de\/wp-content\/uploads\/2025\/07\/Bild-beratung-1-rotated-e1752045908394-1030x644.jpeg 1030w, https:\/\/digidem-bayern.de\/wp-content\/uploads\/2025\/07\/Bild-beratung-1-rotated-e1752045908394-300x188.jpeg 300w, https:\/\/digidem-bayern.de\/wp-content\/uploads\/2025\/07\/Bild-beratung-1-rotated-e1752045908394-768x480.jpeg 768w, https:\/\/digidem-bayern.de\/wp-content\/uploads\/2025\/07\/Bild-beratung-1-rotated-e1752045908394-1536x960.jpeg 1536w, https:\/\/digidem-bayern.de\/wp-content\/uploads\/2025\/07\/Bild-beratung-1-rotated-e1752045908394-1200x750.jpeg 1200w, https:\/\/digidem-bayern.de\/wp-content\/uploads\/2025\/07\/Bild-beratung-1-rotated-e1752045908394-560x350.jpeg 560w, https:\/\/digidem-bayern.de\/wp-content\/uploads\/2025\/07\/Bild-beratung-1-rotated-e1752045908394-1320x825.jpeg 1320w, https:\/\/digidem-bayern.de\/wp-content\/uploads\/2025\/07\/Bild-beratung-1-rotated-e1752045908394.jpeg 1600w\" sizes=\"auto, (max-width: 1030px) 100vw, 1030px\" \/><\/div><div class=\"ugb-feature-grid__content\"><h5 class=\"ugb-feature-grid__title\">Contact points<\/h5><p class=\"ugb-feature-grid__description\"><br><br>Bei einem auff\u00e4lligen Ergebnis finden Sie hier Kontaktdaten und Informationen zur weiterf\u00fchrenden Demenzdiagnostik sowie Anlauf- und Beratungsstellen.&nbsp;<\/p><\/div><a tabindex=\"-1\" aria-hidden=\"true\" href=\"https:\/\/digidem-bayern.de\/en\/anlaufstellen-nach-dem-demenz-screening\/\" title=\"Contact points\"><\/a><\/div><div class=\"ugb-feature-grid__item ugb-feature-grid__item3 ugb-container-link\"><div class=\"ugb-feature-grid__image\"><img loading=\"lazy\" decoding=\"async\" width=\"1030\" height=\"616\" class=\"ugb-img wp-image-44171\" src=\"https:\/\/digidem-bayern.de\/wp-content\/uploads\/2025\/07\/2025-07-08_Screeningtage-1030x616.png\" alt=\"Screeningtage in der N\u00e4he\" title=\"\" srcset=\"https:\/\/digidem-bayern.de\/wp-content\/uploads\/2025\/07\/2025-07-08_Screeningtage-1030x616.png 1030w, https:\/\/digidem-bayern.de\/wp-content\/uploads\/2025\/07\/2025-07-08_Screeningtage-300x179.png 300w, https:\/\/digidem-bayern.de\/wp-content\/uploads\/2025\/07\/2025-07-08_Screeningtage-768x459.png 768w, https:\/\/digidem-bayern.de\/wp-content\/uploads\/2025\/07\/2025-07-08_Screeningtage-1536x918.png 1536w, https:\/\/digidem-bayern.de\/wp-content\/uploads\/2025\/07\/2025-07-08_Screeningtage-2048x1224.png 2048w, https:\/\/digidem-bayern.de\/wp-content\/uploads\/2025\/07\/2025-07-08_Screeningtage-585x350.png 585w, https:\/\/digidem-bayern.de\/wp-content\/uploads\/2025\/07\/2025-07-08_Screeningtage-1320x789.png 1320w, https:\/\/digidem-bayern.de\/wp-content\/uploads\/2025\/07\/2025-07-08_Screeningtage.png 1600w\" sizes=\"auto, (max-width: 1030px) 100vw, 1030px\" \/><\/div><div class=\"ugb-feature-grid__content\"><h5 class=\"ugb-feature-grid__title\">Screening days in the vicinity<\/h5><p class=\"ugb-feature-grid__description\"><br>Sie m\u00f6chten kostenlos Ihre Ged\u00e4chtnisleistung testen lassen? Hier geht es zur \u00dcbersicht aller anstehenden digiDEM Bayern-Screeningtage in Ihrer N\u00e4he.&nbsp;<\/p><\/div><a tabindex=\"-1\" aria-hidden=\"true\" href=\"https:\/\/digidem-bayern.de\/en\/naechste-demenz-screeningtage\/\" title=\"Screening days in the vicinity\"><\/a><\/div><div class=\"ugb-feature-grid__item ugb-feature-grid__item4 ugb-container-link\"><div class=\"ugb-feature-grid__image\"><img decoding=\"async\" class=\"ugb-img wp-image-12659\" src=\"https:\/\/digidem-bayern.de\/wp-content\/uploads\/2021\/05\/meeting-2284501_1920-1030x644.jpg\" alt=\"Mitarbeitende im B\u00fcro bei einer Besprechung\" title=\"\"\/><\/div><div class=\"ugb-feature-grid__content\"><h5 class=\"ugb-feature-grid__title\">Request screening day<\/h5><p class=\"ugb-feature-grid__description\"><br>Institutionen der Demenzversorgung die selbst einen digiDEM Bayern-Screeningtag in Ihrer Einrichtung durchf\u00fchren m\u00f6chten, k\u00f6nnen Sich hier anmelden.<\/p><\/div><a tabindex=\"-1\" aria-hidden=\"true\" href=\"https:\/\/digidem-bayern.de\/en\/anfrage-demenz-screening\/\" title=\"Request screening day\"><\/a><\/div><\/div><\/div><\/div>","protected":false},"excerpt":{"rendered":"<p>Hintergrund: Demenzerkrankungen werden nach wie vor zu wenig diagnostiziert.\u00a0Einer deutschen Studie zufolge leben 60 Prozent der an Demenz Erkrankten ohne eine gesicherte Diagnose (Eichler et al.). Gleichzeitig wird die Demenzdiagnose meist sehr sp\u00e4t und\u00a0h\u00e4ufig erst bei fortgeschrittener Symptomatik gestellt. F\u00fcr Menschen mit kognitiven Einschr\u00e4nkungen und ihre An- und Zugeh\u00f6rigen ist &hellip;<\/p>","protected":false},"author":11,"featured_media":0,"parent":0,"menu_order":0,"comment_status":"closed","ping_status":"closed","template":"","meta":{"qubely_global_settings":"","qubely_interactions":"","_uag_custom_page_level_css":"","footnotes":""},"class_list":["post-44114","page","type-page","status-publish","hentry"],"featured_image_urls_v2":{"full":"","thumbnail":"","medium":"","medium_large":"","large":"","1536x1536":"","2048x2048":"","trp-custom-language-flag":"","qubely_landscape":"","qubely_portrait":"","qubely_thumbnail":"","post-thumbnail":"","kahuna-featured":"","kahuna-featured-lp":"","kahuna-featured-half":"","kahuna-featured-third":"","kahuna-lpbox-1":"","kahuna-lpbox-2":"","demand-language-flag":"","dddkt-language-flag":"","ddiqc-language-flag":"","ddtl-language-flag":"","mailpoet_newsletter_max":"","kahuna-lpbox-3":"","kahuna-featured-square":"","kahuna-featured-square-large":""},"post_excerpt_stackable_v2":"<p>Hintergrund: Demenzerkrankungen werden nach wie vor zu wenig diagnostiziert.\u00a0Einer deutschen Studie zufolge leben 60 Prozent der an Demenz Erkrankten ohne eine gesicherte Diagnose (Eichler et al.). Gleichzeitig wird die Demenzdiagnose meist sehr sp\u00e4t und\u00a0h\u00e4ufig erst bei fortgeschrittener Symptomatik gestellt. F\u00fcr Menschen mit kognitiven Einschr\u00e4nkungen und ihre An- und Zugeh\u00f6rigen ist es jedoch von gro\u00dfer Bedeutung, fr\u00fchzeitig Gewissheit zu haben. Daher f\u00fchrt das Digitale Demenzregister Bayern (digiDEM Bayern) zusammen mit Forschungspartnern und Projektassistenzen in allen 7 Regierungsbezirken Bayerns sogenannte Demenz-Screeningtage durch. Das kostenlose und niederschwellige Testangebot richtet sich an&nbsp;Menschen&nbsp;ab&nbsp;65 Jahren, die bei sich selbst&nbsp;eine Verschlechterung des Ged\u00e4chtnisses&nbsp;wahrgenommen&nbsp;oder bei denen&nbsp;nahestehende Personen&nbsp;ein Nachlassen&hellip;<\/p>\n","category_list_v2":"","author_info_v2":{"name":"Michael Zeiler","url":"https:\/\/digidem-bayern.de\/en\/author\/michael-zeiler\/"},"comments_num_v2":"0 comments","yoast_head":"<!-- This site is optimized with the Yoast SEO plugin v27.4 - https:\/\/yoast.com\/product\/yoast-seo-wordpress\/ -->\n<title>Demenz-Screening - digiDEM Bayern<\/title>\n<meta name=\"description\" content=\"Fr\u00fche Anzeichen von Demenz erkennen: Erfahren Sie mehr \u00fcber das Demenz-Screening bei digiDEM Bayern und den Nutzen einer rechtzeitigen Abkl\u00e4rung.\" \/>\n<meta name=\"robots\" content=\"index, follow, max-snippet:-1, max-image-preview:large, max-video-preview:-1\" \/>\n<link rel=\"canonical\" href=\"https:\/\/digidem-bayern.de\/en\/demenz-screening\/\" \/>\n<meta property=\"og:locale\" content=\"en_US\" \/>\n<meta property=\"og:type\" content=\"article\" \/>\n<meta property=\"og:title\" content=\"Demenz-Screening - digiDEM Bayern\" \/>\n<meta property=\"og:description\" content=\"Fr\u00fche Anzeichen von Demenz erkennen: Erfahren Sie mehr \u00fcber das Demenz-Screening bei digiDEM Bayern und den Nutzen einer rechtzeitigen Abkl\u00e4rung.\" \/>\n<meta property=\"og:url\" content=\"https:\/\/digidem-bayern.de\/en\/demenz-screening\/\" \/>\n<meta property=\"og:site_name\" content=\"digiDEM Bayern\" \/>\n<meta property=\"article:publisher\" content=\"https:\/\/www.facebook.com\/digiDEMBayern\/\" \/>\n<meta property=\"article:modified_time\" content=\"2026-03-26T14:39:19+00:00\" \/>\n<meta property=\"og:image\" content=\"https:\/\/digidem-bayern.de\/wp-content\/uploads\/2025\/07\/Bild-Ablauf-e1752039139151.jpeg\" \/>\n\t<meta property=\"og:image:width\" content=\"1600\" \/>\n\t<meta property=\"og:image:height\" content=\"1005\" \/>\n\t<meta property=\"og:image:type\" content=\"image\/jpeg\" \/>\n<meta name=\"twitter:label1\" content=\"Est. reading time\" \/>\n\t<meta name=\"twitter:data1\" content=\"3 minutes\" \/>\n<script type=\"application\/ld+json\" class=\"yoast-schema-graph\">{\"@context\":\"https:\\\/\\\/schema.org\",\"@graph\":[{\"@type\":\"WebPage\",\"@id\":\"https:\\\/\\\/digidem-bayern.de\\\/demenz-screening\\\/\",\"url\":\"https:\\\/\\\/digidem-bayern.de\\\/demenz-screening\\\/\",\"name\":\"Demenz-Screening - digiDEM Bayern\",\"isPartOf\":{\"@id\":\"\\\/#website\"},\"primaryImageOfPage\":{\"@id\":\"https:\\\/\\\/digidem-bayern.de\\\/demenz-screening\\\/#primaryimage\"},\"image\":{\"@id\":\"https:\\\/\\\/digidem-bayern.de\\\/demenz-screening\\\/#primaryimage\"},\"thumbnailUrl\":\"https:\\\/\\\/digidem-bayern.de\\\/wp-content\\\/uploads\\\/2025\\\/07\\\/Bild-Ablauf-e1752039139151-1030x647.jpeg\",\"datePublished\":\"2025-07-08T06:50:11+00:00\",\"dateModified\":\"2026-03-26T14:39:19+00:00\",\"description\":\"Fr\u00fche Anzeichen von Demenz erkennen: Erfahren Sie mehr \u00fcber das Demenz-Screening bei digiDEM Bayern und den Nutzen einer rechtzeitigen Abkl\u00e4rung.\",\"breadcrumb\":{\"@id\":\"https:\\\/\\\/digidem-bayern.de\\\/demenz-screening\\\/#breadcrumb\"},\"inLanguage\":\"en-US\",\"potentialAction\":[{\"@type\":\"ReadAction\",\"target\":[\"https:\\\/\\\/digidem-bayern.de\\\/demenz-screening\\\/\"]}]},{\"@type\":\"ImageObject\",\"inLanguage\":\"en-US\",\"@id\":\"https:\\\/\\\/digidem-bayern.de\\\/demenz-screening\\\/#primaryimage\",\"url\":\"https:\\\/\\\/digidem-bayern.de\\\/wp-content\\\/uploads\\\/2025\\\/07\\\/Bild-Ablauf-e1752039139151-1030x647.jpeg\",\"contentUrl\":\"https:\\\/\\\/digidem-bayern.de\\\/wp-content\\\/uploads\\\/2025\\\/07\\\/Bild-Ablauf-e1752039139151-1030x647.jpeg\"},{\"@type\":\"BreadcrumbList\",\"@id\":\"https:\\\/\\\/digidem-bayern.de\\\/demenz-screening\\\/#breadcrumb\",\"itemListElement\":[{\"@type\":\"ListItem\",\"position\":1,\"name\":\"Startseite\",\"item\":\"https:\\\/\\\/digidem-bayern.de\\\/\"},{\"@type\":\"ListItem\",\"position\":2,\"name\":\"Demenz-Screening\"}]},{\"@type\":\"WebSite\",\"@id\":\"\\\/#website\",\"url\":\"\\\/\",\"name\":\"digiDEM Bayern\",\"description\":\"Das digitale Demenzregister Bayern erforscht und verbessert die Angebotsstuktur f\u00fcr Menschen mit Demenz und deren Angeh\u00f6rige\",\"publisher\":{\"@id\":\"\\\/#organization\"},\"potentialAction\":[{\"@type\":\"SearchAction\",\"target\":{\"@type\":\"EntryPoint\",\"urlTemplate\":\"\\\/?s={search_term_string}\"},\"query-input\":{\"@type\":\"PropertyValueSpecification\",\"valueRequired\":true,\"valueName\":\"search_term_string\"}}],\"inLanguage\":\"en-US\"},{\"@type\":\"Organization\",\"@id\":\"\\\/#organization\",\"name\":\"digiDEM Bayern\",\"url\":\"\\\/\",\"logo\":{\"@type\":\"ImageObject\",\"inLanguage\":\"en-US\",\"@id\":\"\\\/#\\\/schema\\\/logo\\\/image\\\/\",\"url\":\"https:\\\/\\\/digidem-bayern.de\\\/wp-content\\\/uploads\\\/2022\\\/03\\\/cropped-Allgemeines_digiDEMLOGO-removebg-preview.png\",\"contentUrl\":\"https:\\\/\\\/digidem-bayern.de\\\/wp-content\\\/uploads\\\/2022\\\/03\\\/cropped-Allgemeines_digiDEMLOGO-removebg-preview.png\",\"width\":612,\"height\":357,\"caption\":\"digiDEM Bayern\"},\"image\":{\"@id\":\"\\\/#\\\/schema\\\/logo\\\/image\\\/\"},\"sameAs\":[\"https:\\\/\\\/www.facebook.com\\\/digiDEMBayern\\\/\",\"https:\\\/\\\/x.com\\\/digidem_bayern\",\"https:\\\/\\\/www.instagram.com\\\/digidem.bayern\",\"https:\\\/\\\/www.linkedin.com\\\/company\\\/digidem-bayern\\\/\"]}]}<\/script>\n<!-- \/ Yoast SEO plugin. -->","yoast_head_json":{"title":"Demenz-Screening - digiDEM Bayern","description":"Fr\u00fche Anzeichen von Demenz erkennen: Erfahren Sie mehr \u00fcber das Demenz-Screening bei digiDEM Bayern und den Nutzen einer rechtzeitigen Abkl\u00e4rung.","robots":{"index":"index","follow":"follow","max-snippet":"max-snippet:-1","max-image-preview":"max-image-preview:large","max-video-preview":"max-video-preview:-1"},"canonical":"https:\/\/digidem-bayern.de\/en\/demenz-screening\/","og_locale":"en_US","og_type":"article","og_title":"Demenz-Screening - digiDEM Bayern","og_description":"Fr\u00fche Anzeichen von Demenz erkennen: Erfahren Sie mehr \u00fcber das Demenz-Screening bei digiDEM Bayern und den Nutzen einer rechtzeitigen Abkl\u00e4rung.","og_url":"https:\/\/digidem-bayern.de\/en\/demenz-screening\/","og_site_name":"digiDEM Bayern","article_publisher":"https:\/\/www.facebook.com\/digiDEMBayern\/","article_modified_time":"2026-03-26T14:39:19+00:00","og_image":[{"width":1600,"height":1005,"url":"https:\/\/digidem-bayern.de\/wp-content\/uploads\/2025\/07\/Bild-Ablauf-e1752039139151.jpeg","type":"image\/jpeg"}],"twitter_misc":{"Est. reading time":"3 minutes"},"schema":{"@context":"https:\/\/schema.org","@graph":[{"@type":"WebPage","@id":"https:\/\/digidem-bayern.de\/demenz-screening\/","url":"https:\/\/digidem-bayern.de\/demenz-screening\/","name":"Demenz-Screening - digiDEM Bayern","isPartOf":{"@id":"\/#website"},"primaryImageOfPage":{"@id":"https:\/\/digidem-bayern.de\/demenz-screening\/#primaryimage"},"image":{"@id":"https:\/\/digidem-bayern.de\/demenz-screening\/#primaryimage"},"thumbnailUrl":"https:\/\/digidem-bayern.de\/wp-content\/uploads\/2025\/07\/Bild-Ablauf-e1752039139151-1030x647.jpeg","datePublished":"2025-07-08T06:50:11+00:00","dateModified":"2026-03-26T14:39:19+00:00","description":"Fr\u00fche Anzeichen von Demenz erkennen: Erfahren Sie mehr \u00fcber das Demenz-Screening bei digiDEM Bayern und den Nutzen einer rechtzeitigen Abkl\u00e4rung.","breadcrumb":{"@id":"https:\/\/digidem-bayern.de\/demenz-screening\/#breadcrumb"},"inLanguage":"en-US","potentialAction":[{"@type":"ReadAction","target":["https:\/\/digidem-bayern.de\/demenz-screening\/"]}]},{"@type":"ImageObject","inLanguage":"en-US","@id":"https:\/\/digidem-bayern.de\/demenz-screening\/#primaryimage","url":"https:\/\/digidem-bayern.de\/wp-content\/uploads\/2025\/07\/Bild-Ablauf-e1752039139151-1030x647.jpeg","contentUrl":"https:\/\/digidem-bayern.de\/wp-content\/uploads\/2025\/07\/Bild-Ablauf-e1752039139151-1030x647.jpeg"},{"@type":"BreadcrumbList","@id":"https:\/\/digidem-bayern.de\/demenz-screening\/#breadcrumb","itemListElement":[{"@type":"ListItem","position":1,"name":"Startseite","item":"https:\/\/digidem-bayern.de\/"},{"@type":"ListItem","position":2,"name":"Demenz-Screening"}]},{"@type":"WebSite","@id":"\/#website","url":"\/","name":"digiDEM Bavaria","description":"The digital dementia register in Bavaria researches and improves the structure of services for people with dementia and their relatives","publisher":{"@id":"\/#organization"},"potentialAction":[{"@type":"SearchAction","target":{"@type":"EntryPoint","urlTemplate":"\/?s={search_term_string}"},"query-input":{"@type":"PropertyValueSpecification","valueRequired":true,"valueName":"search_term_string"}}],"inLanguage":"en-US"},{"@type":"Organization","@id":"\/#organization","name":"digiDEM Bavaria","url":"\/","logo":{"@type":"ImageObject","inLanguage":"en-US","@id":"\/#\/schema\/logo\/image\/","url":"https:\/\/digidem-bayern.de\/wp-content\/uploads\/2022\/03\/cropped-Allgemeines_digiDEMLOGO-removebg-preview.png","contentUrl":"https:\/\/digidem-bayern.de\/wp-content\/uploads\/2022\/03\/cropped-Allgemeines_digiDEMLOGO-removebg-preview.png","width":612,"height":357,"caption":"digiDEM Bayern"},"image":{"@id":"\/#\/schema\/logo\/image\/"},"sameAs":["https:\/\/www.facebook.com\/digiDEMBayern\/","https:\/\/x.com\/digidem_bayern","https:\/\/www.instagram.com\/digidem.bayern","https:\/\/www.linkedin.com\/company\/digidem-bayern\/"]}]}},"uagb_featured_image_src":{"full":false,"thumbnail":false,"medium":false,"medium_large":false,"large":false,"1536x1536":false,"2048x2048":false,"trp-custom-language-flag":false,"qubely_landscape":false,"qubely_portrait":false,"qubely_thumbnail":false,"post-thumbnail":false,"kahuna-featured":false,"kahuna-featured-lp":false,"kahuna-featured-half":false,"kahuna-featured-third":false,"kahuna-lpbox-1":false,"kahuna-lpbox-2":false,"demand-language-flag":false,"dddkt-language-flag":false,"ddiqc-language-flag":false,"ddtl-language-flag":false,"mailpoet_newsletter_max":false,"kahuna-lpbox-3":false,"kahuna-featured-square":false,"kahuna-featured-square-large":false},"uagb_author_info":{"display_name":"Michael Zeiler","author_link":"https:\/\/digidem-bayern.de\/en\/author\/michael-zeiler\/"},"uagb_comment_info":0,"uagb_excerpt":"Hintergrund: Demenzerkrankungen werden nach wie vor zu wenig diagnostiziert.\u00a0Einer deutschen Studie zufolge leben 60 Prozent der an Demenz Erkrankten ohne eine gesicherte Diagnose (Eichler et al.). Gleichzeitig wird die Demenzdiagnose meist sehr sp\u00e4t und\u00a0h\u00e4ufig erst bei fortgeschrittener Symptomatik gestellt. F\u00fcr Menschen mit kognitiven Einschr\u00e4nkungen und ihre An- und Zugeh\u00f6rigen ist &hellip;","_links":{"self":[{"href":"https:\/\/digidem-bayern.de\/en\/wp-json\/wp\/v2\/pages\/44114","targetHints":{"allow":["GET"]}}],"collection":[{"href":"https:\/\/digidem-bayern.de\/en\/wp-json\/wp\/v2\/pages"}],"about":[{"href":"https:\/\/digidem-bayern.de\/en\/wp-json\/wp\/v2\/types\/page"}],"author":[{"embeddable":true,"href":"https:\/\/digidem-bayern.de\/en\/wp-json\/wp\/v2\/users\/11"}],"replies":[{"embeddable":true,"href":"https:\/\/digidem-bayern.de\/en\/wp-json\/wp\/v2\/comments?post=44114"}],"version-history":[{"count":10,"href":"https:\/\/digidem-bayern.de\/en\/wp-json\/wp\/v2\/pages\/44114\/revisions"}],"predecessor-version":[{"id":44227,"href":"https:\/\/digidem-bayern.de\/en\/wp-json\/wp\/v2\/pages\/44114\/revisions\/44227"}],"wp:attachment":[{"href":"https:\/\/digidem-bayern.de\/en\/wp-json\/wp\/v2\/media?parent=44114"}],"curies":[{"name":"wp","href":"https:\/\/api.w.org\/{rel}","templated":true}]}}