{"id":44097,"date":"2025-07-08T08:18:32","date_gmt":"2025-07-08T06:18:32","guid":{"rendered":"https:\/\/digidem-bayern.de\/?page_id=44097"},"modified":"2025-09-04T10:18:25","modified_gmt":"2025-09-04T08:18:25","slug":"ablauf-demenzscreening","status":"publish","type":"page","link":"https:\/\/digidem-bayern.de\/en\/ablauf-demenzscreening\/","title":{"rendered":"Dementia screening procedure"},"content":{"rendered":"<h6 class=\"wp-block-heading has-large-font-size\" id=\"1--allgemeiner-ablauf-demenz-screeningtage-\"><strong>So l\u00e4uft ein Ged\u00e4chtnistest ab<\/strong><\/h6>\n\n\n\n<div class=\"wp-block-columns is-layout-flex wp-container-core-columns-is-layout-9d6595d7 wp-block-columns-is-layout-flex\">\n<div class=\"wp-block-column is-layout-flow wp-block-column-is-layout-flow\">\n<figure class=\"wp-block-embed is-type-video is-provider-youtube wp-block-embed-youtube wp-embed-aspect-16-9 wp-has-aspect-ratio\"><div class=\"wp-block-embed__wrapper\">\n<iframe loading=\"lazy\" title=\"Was erwartet Sie bei einem digiDEM Bayern Demenz-Screening? #demenz #demenztest #alzheimer\" width=\"563\" height=\"1000\" src=\"https:\/\/www.youtube.com\/embed\/AoSjx3JS690?feature=oembed\" frameborder=\"0\" allow=\"accelerometer; autoplay; clipboard-write; encrypted-media; gyroscope; picture-in-picture; web-share\" referrerpolicy=\"strict-origin-when-cross-origin\" allowfullscreen><\/iframe>\n<\/div><\/figure>\n<\/div>\n\n\n\n<div class=\"wp-block-column is-layout-flow wp-block-column-is-layout-flow\">\n<p>Die Voraussetzung f\u00fcr eine Ged\u00e4chtnis-Testung ist eine vorherige Anmeldung. Teilnehmende, die beim Sehen und H\u00f6ren eingeschr\u00e4nkt sind, werden dringend darum gebeten, ihre <strong>Seh- und H\u00f6rhilfen <\/strong>mitzubringen. Ohne diese Hilfsmittel kann der Ged\u00e4chtnistest nicht durchgef\u00fchrt werden.<\/p>\n\n\n\n<p>Wir bitten alle Teilnehmenden, 5 bis 10 Minuten vor dem Testtermin vor Ort zu sein, da am Tag selbst noch eine schriftliche Einwilligung zur Testung notwendig ist. Sie werden von Ihrem Tester oder Ihrer Testerin aus dem Wartebereich abgeholt und in einen gesch\u00fctzten Raum begleitet. Alle Ihre personenbezogenen Daten werden streng vertraulich behandelt und nicht an Dritte weitergegeben.<\/p>\n<\/div>\n<\/div>\n\n\n\n<div style=\"height:8px\" aria-hidden=\"true\" class=\"wp-block-spacer\"><\/div>\n\n\n\n<p>Die Testung selbst dauert rund 20 Minuten. Das Screening wird mit Hilfe wissenschaftlicher Kurztests (Montreal&nbsp;Cognitive&nbsp;Assessment (MoCA) und Mini-Mental-Status Test (MMST)) durchgef\u00fchrt. Sie erhalten unmittelbar nach dem Test Ihr Ergebnis sowie eine Einsch\u00e4tzung Ihrer geistigen Leistungsf\u00e4higkeit. Zudem bekommen Sie Informationsmaterialien zum Thema Demenzpr\u00e4vention, Fr\u00fcherkennung sowie bei Bedarf Informationen zu den n\u00e4chsten diagnostischen Anlaufstellen.&nbsp;Das Testergebnis liefert erste Hinweise und ersetzt keine medizinische Diagnose.<\/p>\n\n\n\n<div style=\"height:25px\" aria-hidden=\"true\" class=\"wp-block-spacer\"><\/div>\n\n\n\n<h6 class=\"wp-block-heading has-large-font-size\" id=\"3-\"><strong>Bei unseren Testungen verwenden wir die folgenden Ged\u00e4chtnistests:<\/strong><\/h6>\n\n\n\n<div class=\"wp-block-columns is-layout-flex wp-container-core-columns-is-layout-9d6595d7 wp-block-columns-is-layout-flex\">\n<div class=\"wp-block-column is-layout-flow wp-block-column-is-layout-flow\">\n<p><strong>Montreal Cognitive Assessment:<\/strong><\/p>\n\n\n\n<p>Der Montreal&nbsp;Cognitive&nbsp;Assessment (MoCA)-Test wurde als ein Screening-Instrument f\u00fcr leichte kognitive Beeintr\u00e4chtigungen entwickelt. Der Test erfasst unterschiedliche kognitive Bereiche wie zum Beispiel Aufmerksamkeit und Konzentration, Exekutivfunktionen, Ged\u00e4chtnis, Sprache, Rechnen und Orientierung. Maximal kann eine Punktzahl von 30 erreicht werden, bei einem Ergebnis von 23 Punkten oder weniger spricht man von leichten kognitiven Auff\u00e4lligkeiten <a href=\"https:\/\/pubmed.ncbi.nlm.nih.gov\/15817019\/\">(Nasreddine et al.)<\/a>. <\/p>\n\n\n\n<p><strong>Mini-Mental-Status&nbsp;Test:&nbsp;<\/strong><\/p>\n\n\n\n<p>Der Mini-Mental-Status&nbsp;Test, kurz MMST, ist ein weit verbreitetes Instrument, das zur Beurteilung des Schweregrades der kognitiven Beeintr\u00e4chtigungen eingesetzt wird. Der Test erfasst die zeitliche und \u00f6rtliche Orientierung, Merkf\u00e4higkeit und Kurzzeitged\u00e4chtnis, Sprach- und Textverst\u00e4ndnis. Maximal kann eine Punktezahl von 30 erreicht werden. Ab Werten von 23 Punkten oder weniger spricht man von&nbsp;kognitiven Auff\u00e4lligkeiten <a href=\"https:\/\/pubmed.ncbi.nlm.nih.gov\/1202204\/\">(Folstein et al.)<\/a>. <\/p>\n<\/div>\n\n\n\n<div class=\"wp-block-column is-layout-flow wp-block-column-is-layout-flow\"><div class=\"wp-block-image\">\n<figure class=\"aligncenter size-large is-resized\"><img loading=\"lazy\" decoding=\"async\" width=\"1030\" height=\"773\" src=\"https:\/\/digidem-bayern.de\/wp-content\/uploads\/2025\/07\/Bild-testung-1030x773.jpeg\" alt=\"\" class=\"wp-image-44176\" style=\"width:468px;height:auto\" srcset=\"https:\/\/digidem-bayern.de\/wp-content\/uploads\/2025\/07\/Bild-testung-1030x773.jpeg 1030w, https:\/\/digidem-bayern.de\/wp-content\/uploads\/2025\/07\/Bild-testung-300x225.jpeg 300w, https:\/\/digidem-bayern.de\/wp-content\/uploads\/2025\/07\/Bild-testung-768x576.jpeg 768w, https:\/\/digidem-bayern.de\/wp-content\/uploads\/2025\/07\/Bild-testung-1536x1152.jpeg 1536w, https:\/\/digidem-bayern.de\/wp-content\/uploads\/2025\/07\/Bild-testung-2048x1536.jpeg 2048w, https:\/\/digidem-bayern.de\/wp-content\/uploads\/2025\/07\/Bild-testung-467x350.jpeg 467w, https:\/\/digidem-bayern.de\/wp-content\/uploads\/2025\/07\/Bild-testung-1320x990.jpeg 1320w, https:\/\/digidem-bayern.de\/wp-content\/uploads\/2025\/07\/Bild-testung-scaled.jpeg 1600w\" sizes=\"auto, (max-width: 1030px) 100vw, 1030px\" \/><\/figure>\n<\/div><\/div>\n<\/div>\n\n\n\n<div style=\"height:30px\" aria-hidden=\"true\" class=\"wp-block-spacer\"><\/div>","protected":false},"excerpt":{"rendered":"<p>So l\u00e4uft ein Ged\u00e4chtnistest ab Die Voraussetzung f\u00fcr eine Ged\u00e4chtnis-Testung ist eine vorherige Anmeldung. Teilnehmende, die beim Sehen und H\u00f6ren eingeschr\u00e4nkt sind, werden dringend darum gebeten, ihre Seh- und H\u00f6rhilfen mitzubringen. Ohne diese Hilfsmittel kann der Ged\u00e4chtnistest nicht durchgef\u00fchrt werden. Wir bitten alle Teilnehmenden, 5 bis 10 Minuten vor dem &hellip;<\/p>","protected":false},"author":11,"featured_media":0,"parent":0,"menu_order":0,"comment_status":"closed","ping_status":"closed","template":"","meta":{"qubely_global_settings":"","qubely_interactions":"","_uag_custom_page_level_css":"","footnotes":""},"class_list":["post-44097","page","type-page","status-publish","hentry"],"featured_image_urls_v2":{"full":"","thumbnail":"","medium":"","medium_large":"","large":"","1536x1536":"","2048x2048":"","trp-custom-language-flag":"","qubely_landscape":"","qubely_portrait":"","qubely_thumbnail":"","post-thumbnail":"","kahuna-featured":"","kahuna-featured-lp":"","kahuna-featured-half":"","kahuna-featured-third":"","kahuna-lpbox-1":"","kahuna-lpbox-2":"","demand-language-flag":"","dddkt-language-flag":"","ddiqc-language-flag":"","ddtl-language-flag":"","mailpoet_newsletter_max":"","kahuna-lpbox-3":"","kahuna-featured-square":"","kahuna-featured-square-large":""},"post_excerpt_stackable_v2":"<p>So l\u00e4uft ein Ged\u00e4chtnistest ab Die Voraussetzung f\u00fcr eine Ged\u00e4chtnis-Testung ist eine vorherige Anmeldung. Teilnehmende, die beim Sehen und H\u00f6ren eingeschr\u00e4nkt sind, werden dringend darum gebeten, ihre Seh- und H\u00f6rhilfen mitzubringen. Ohne diese Hilfsmittel kann der Ged\u00e4chtnistest nicht durchgef\u00fchrt werden. Wir bitten alle Teilnehmenden, 5 bis 10 Minuten vor dem Testtermin vor Ort zu sein, da am Tag selbst noch eine schriftliche Einwilligung zur Testung notwendig ist. Sie werden von Ihrem Tester oder Ihrer Testerin aus dem Wartebereich abgeholt und in einen gesch\u00fctzten Raum begleitet. Alle Ihre personenbezogenen Daten werden streng vertraulich behandelt und nicht an Dritte weitergegeben. Die Testung&hellip;<\/p>\n","category_list_v2":"","author_info_v2":{"name":"Michael Zeiler","url":"https:\/\/digidem-bayern.de\/en\/author\/michael-zeiler\/"},"comments_num_v2":"0 comments","yoast_head":"<!-- This site is optimized with the Yoast SEO plugin v27.4 - https:\/\/yoast.com\/product\/yoast-seo-wordpress\/ -->\n<title>Ablauf Demenz-Screening - digiDEM Bayern<\/title>\n<meta name=\"description\" content=\"digiDEM Bayern zielt darauf ab, die Lebensbedingungen von Menschen mit MCI\/Demenz und deren pflegenden An- und Zugeh\u00f6rigen nachhaltig zu verbessern.\" \/>\n<meta name=\"robots\" content=\"index, follow, max-snippet:-1, max-image-preview:large, max-video-preview:-1\" \/>\n<link rel=\"canonical\" href=\"https:\/\/digidem-bayern.de\/en\/ablauf-demenzscreening\/\" \/>\n<meta property=\"og:locale\" content=\"en_US\" \/>\n<meta property=\"og:type\" content=\"article\" \/>\n<meta property=\"og:title\" content=\"Ablauf Demenz-Screening - digiDEM Bayern\" \/>\n<meta property=\"og:description\" content=\"digiDEM Bayern zielt darauf ab, die Lebensbedingungen von Menschen mit MCI\/Demenz und deren pflegenden An- und Zugeh\u00f6rigen nachhaltig zu verbessern.\" \/>\n<meta property=\"og:url\" content=\"https:\/\/digidem-bayern.de\/en\/ablauf-demenzscreening\/\" \/>\n<meta property=\"og:site_name\" content=\"digiDEM Bayern\" \/>\n<meta property=\"article:publisher\" content=\"https:\/\/www.facebook.com\/digiDEMBayern\/\" \/>\n<meta property=\"article:modified_time\" content=\"2025-09-04T08:18:25+00:00\" \/>\n<meta property=\"og:image\" content=\"https:\/\/digidem-bayern.de\/wp-content\/uploads\/2025\/07\/Bild-testung-scaled.jpeg\" \/>\n\t<meta property=\"og:image:width\" content=\"1600\" \/>\n\t<meta property=\"og:image:height\" content=\"1200\" \/>\n\t<meta property=\"og:image:type\" content=\"image\/jpeg\" \/>\n<meta name=\"twitter:label1\" content=\"Est. reading time\" \/>\n\t<meta name=\"twitter:data1\" content=\"2 minutes\" \/>\n<script type=\"application\/ld+json\" class=\"yoast-schema-graph\">{\"@context\":\"https:\\\/\\\/schema.org\",\"@graph\":[{\"@type\":\"WebPage\",\"@id\":\"https:\\\/\\\/digidem-bayern.de\\\/ablauf-demenzscreening\\\/\",\"url\":\"https:\\\/\\\/digidem-bayern.de\\\/ablauf-demenzscreening\\\/\",\"name\":\"Ablauf Demenz-Screening - digiDEM Bayern\",\"isPartOf\":{\"@id\":\"\\\/#website\"},\"primaryImageOfPage\":{\"@id\":\"https:\\\/\\\/digidem-bayern.de\\\/ablauf-demenzscreening\\\/#primaryimage\"},\"image\":{\"@id\":\"https:\\\/\\\/digidem-bayern.de\\\/ablauf-demenzscreening\\\/#primaryimage\"},\"thumbnailUrl\":\"https:\\\/\\\/digidem-bayern.de\\\/wp-content\\\/uploads\\\/2025\\\/07\\\/Bild-testung-1030x773.jpeg\",\"datePublished\":\"2025-07-08T06:18:32+00:00\",\"dateModified\":\"2025-09-04T08:18:25+00:00\",\"description\":\"digiDEM Bayern zielt darauf ab, die Lebensbedingungen von Menschen mit MCI\\\/Demenz und deren pflegenden An- und Zugeh\u00f6rigen nachhaltig zu verbessern.\",\"breadcrumb\":{\"@id\":\"https:\\\/\\\/digidem-bayern.de\\\/ablauf-demenzscreening\\\/#breadcrumb\"},\"inLanguage\":\"en-US\",\"potentialAction\":[{\"@type\":\"ReadAction\",\"target\":[\"https:\\\/\\\/digidem-bayern.de\\\/ablauf-demenzscreening\\\/\"]}]},{\"@type\":\"ImageObject\",\"inLanguage\":\"en-US\",\"@id\":\"https:\\\/\\\/digidem-bayern.de\\\/ablauf-demenzscreening\\\/#primaryimage\",\"url\":\"https:\\\/\\\/digidem-bayern.de\\\/wp-content\\\/uploads\\\/2025\\\/07\\\/Bild-testung-1030x773.jpeg\",\"contentUrl\":\"https:\\\/\\\/digidem-bayern.de\\\/wp-content\\\/uploads\\\/2025\\\/07\\\/Bild-testung-1030x773.jpeg\"},{\"@type\":\"BreadcrumbList\",\"@id\":\"https:\\\/\\\/digidem-bayern.de\\\/ablauf-demenzscreening\\\/#breadcrumb\",\"itemListElement\":[{\"@type\":\"ListItem\",\"position\":1,\"name\":\"Startseite\",\"item\":\"https:\\\/\\\/digidem-bayern.de\\\/\"},{\"@type\":\"ListItem\",\"position\":2,\"name\":\"Ablauf Demenz-Screening\"}]},{\"@type\":\"WebSite\",\"@id\":\"\\\/#website\",\"url\":\"\\\/\",\"name\":\"digiDEM Bayern\",\"description\":\"Das digitale Demenzregister Bayern erforscht und verbessert die Angebotsstuktur f\u00fcr Menschen mit Demenz und deren Angeh\u00f6rige\",\"publisher\":{\"@id\":\"\\\/#organization\"},\"potentialAction\":[{\"@type\":\"SearchAction\",\"target\":{\"@type\":\"EntryPoint\",\"urlTemplate\":\"\\\/?s={search_term_string}\"},\"query-input\":{\"@type\":\"PropertyValueSpecification\",\"valueRequired\":true,\"valueName\":\"search_term_string\"}}],\"inLanguage\":\"en-US\"},{\"@type\":\"Organization\",\"@id\":\"\\\/#organization\",\"name\":\"digiDEM Bayern\",\"url\":\"\\\/\",\"logo\":{\"@type\":\"ImageObject\",\"inLanguage\":\"en-US\",\"@id\":\"\\\/#\\\/schema\\\/logo\\\/image\\\/\",\"url\":\"https:\\\/\\\/digidem-bayern.de\\\/wp-content\\\/uploads\\\/2022\\\/03\\\/cropped-Allgemeines_digiDEMLOGO-removebg-preview.png\",\"contentUrl\":\"https:\\\/\\\/digidem-bayern.de\\\/wp-content\\\/uploads\\\/2022\\\/03\\\/cropped-Allgemeines_digiDEMLOGO-removebg-preview.png\",\"width\":612,\"height\":357,\"caption\":\"digiDEM Bayern\"},\"image\":{\"@id\":\"\\\/#\\\/schema\\\/logo\\\/image\\\/\"},\"sameAs\":[\"https:\\\/\\\/www.facebook.com\\\/digiDEMBayern\\\/\",\"https:\\\/\\\/x.com\\\/digidem_bayern\",\"https:\\\/\\\/www.instagram.com\\\/digidem.bayern\",\"https:\\\/\\\/www.linkedin.com\\\/company\\\/digidem-bayern\\\/\"]}]}<\/script>\n<!-- \/ Yoast SEO plugin. -->","yoast_head_json":{"title":"Ablauf Demenz-Screening - digiDEM Bayern","description":"digiDEM Bayern zielt darauf ab, die Lebensbedingungen von Menschen mit MCI\/Demenz und deren pflegenden An- und Zugeh\u00f6rigen nachhaltig zu verbessern.","robots":{"index":"index","follow":"follow","max-snippet":"max-snippet:-1","max-image-preview":"max-image-preview:large","max-video-preview":"max-video-preview:-1"},"canonical":"https:\/\/digidem-bayern.de\/en\/ablauf-demenzscreening\/","og_locale":"en_US","og_type":"article","og_title":"Ablauf Demenz-Screening - digiDEM Bayern","og_description":"digiDEM Bayern zielt darauf ab, die Lebensbedingungen von Menschen mit MCI\/Demenz und deren pflegenden An- und Zugeh\u00f6rigen nachhaltig zu verbessern.","og_url":"https:\/\/digidem-bayern.de\/en\/ablauf-demenzscreening\/","og_site_name":"digiDEM Bayern","article_publisher":"https:\/\/www.facebook.com\/digiDEMBayern\/","article_modified_time":"2025-09-04T08:18:25+00:00","og_image":[{"width":1600,"height":1200,"url":"https:\/\/digidem-bayern.de\/wp-content\/uploads\/2025\/07\/Bild-testung-scaled.jpeg","type":"image\/jpeg"}],"twitter_misc":{"Est. reading time":"2 minutes"},"schema":{"@context":"https:\/\/schema.org","@graph":[{"@type":"WebPage","@id":"https:\/\/digidem-bayern.de\/ablauf-demenzscreening\/","url":"https:\/\/digidem-bayern.de\/ablauf-demenzscreening\/","name":"Ablauf Demenz-Screening - digiDEM Bayern","isPartOf":{"@id":"\/#website"},"primaryImageOfPage":{"@id":"https:\/\/digidem-bayern.de\/ablauf-demenzscreening\/#primaryimage"},"image":{"@id":"https:\/\/digidem-bayern.de\/ablauf-demenzscreening\/#primaryimage"},"thumbnailUrl":"https:\/\/digidem-bayern.de\/wp-content\/uploads\/2025\/07\/Bild-testung-1030x773.jpeg","datePublished":"2025-07-08T06:18:32+00:00","dateModified":"2025-09-04T08:18:25+00:00","description":"digiDEM Bayern zielt darauf ab, die Lebensbedingungen von Menschen mit MCI\/Demenz und deren pflegenden An- und Zugeh\u00f6rigen nachhaltig zu verbessern.","breadcrumb":{"@id":"https:\/\/digidem-bayern.de\/ablauf-demenzscreening\/#breadcrumb"},"inLanguage":"en-US","potentialAction":[{"@type":"ReadAction","target":["https:\/\/digidem-bayern.de\/ablauf-demenzscreening\/"]}]},{"@type":"ImageObject","inLanguage":"en-US","@id":"https:\/\/digidem-bayern.de\/ablauf-demenzscreening\/#primaryimage","url":"https:\/\/digidem-bayern.de\/wp-content\/uploads\/2025\/07\/Bild-testung-1030x773.jpeg","contentUrl":"https:\/\/digidem-bayern.de\/wp-content\/uploads\/2025\/07\/Bild-testung-1030x773.jpeg"},{"@type":"BreadcrumbList","@id":"https:\/\/digidem-bayern.de\/ablauf-demenzscreening\/#breadcrumb","itemListElement":[{"@type":"ListItem","position":1,"name":"Startseite","item":"https:\/\/digidem-bayern.de\/"},{"@type":"ListItem","position":2,"name":"Ablauf Demenz-Screening"}]},{"@type":"WebSite","@id":"\/#website","url":"\/","name":"digiDEM Bavaria","description":"The digital dementia register in Bavaria researches and improves the structure of services for people with dementia and their relatives","publisher":{"@id":"\/#organization"},"potentialAction":[{"@type":"SearchAction","target":{"@type":"EntryPoint","urlTemplate":"\/?s={search_term_string}"},"query-input":{"@type":"PropertyValueSpecification","valueRequired":true,"valueName":"search_term_string"}}],"inLanguage":"en-US"},{"@type":"Organization","@id":"\/#organization","name":"digiDEM Bavaria","url":"\/","logo":{"@type":"ImageObject","inLanguage":"en-US","@id":"\/#\/schema\/logo\/image\/","url":"https:\/\/digidem-bayern.de\/wp-content\/uploads\/2022\/03\/cropped-Allgemeines_digiDEMLOGO-removebg-preview.png","contentUrl":"https:\/\/digidem-bayern.de\/wp-content\/uploads\/2022\/03\/cropped-Allgemeines_digiDEMLOGO-removebg-preview.png","width":612,"height":357,"caption":"digiDEM Bayern"},"image":{"@id":"\/#\/schema\/logo\/image\/"},"sameAs":["https:\/\/www.facebook.com\/digiDEMBayern\/","https:\/\/x.com\/digidem_bayern","https:\/\/www.instagram.com\/digidem.bayern","https:\/\/www.linkedin.com\/company\/digidem-bayern\/"]}]}},"uagb_featured_image_src":{"full":false,"thumbnail":false,"medium":false,"medium_large":false,"large":false,"1536x1536":false,"2048x2048":false,"trp-custom-language-flag":false,"qubely_landscape":false,"qubely_portrait":false,"qubely_thumbnail":false,"post-thumbnail":false,"kahuna-featured":false,"kahuna-featured-lp":false,"kahuna-featured-half":false,"kahuna-featured-third":false,"kahuna-lpbox-1":false,"kahuna-lpbox-2":false,"demand-language-flag":false,"dddkt-language-flag":false,"ddiqc-language-flag":false,"ddtl-language-flag":false,"mailpoet_newsletter_max":false,"kahuna-lpbox-3":false,"kahuna-featured-square":false,"kahuna-featured-square-large":false},"uagb_author_info":{"display_name":"Michael Zeiler","author_link":"https:\/\/digidem-bayern.de\/en\/author\/michael-zeiler\/"},"uagb_comment_info":0,"uagb_excerpt":"So l\u00e4uft ein Ged\u00e4chtnistest ab Die Voraussetzung f\u00fcr eine Ged\u00e4chtnis-Testung ist eine vorherige Anmeldung. Teilnehmende, die beim Sehen und H\u00f6ren eingeschr\u00e4nkt sind, werden dringend darum gebeten, ihre Seh- und H\u00f6rhilfen mitzubringen. Ohne diese Hilfsmittel kann der Ged\u00e4chtnistest nicht durchgef\u00fchrt werden. Wir bitten alle Teilnehmenden, 5 bis 10 Minuten vor dem &hellip;","_links":{"self":[{"href":"https:\/\/digidem-bayern.de\/en\/wp-json\/wp\/v2\/pages\/44097","targetHints":{"allow":["GET"]}}],"collection":[{"href":"https:\/\/digidem-bayern.de\/en\/wp-json\/wp\/v2\/pages"}],"about":[{"href":"https:\/\/digidem-bayern.de\/en\/wp-json\/wp\/v2\/types\/page"}],"author":[{"embeddable":true,"href":"https:\/\/digidem-bayern.de\/en\/wp-json\/wp\/v2\/users\/11"}],"replies":[{"embeddable":true,"href":"https:\/\/digidem-bayern.de\/en\/wp-json\/wp\/v2\/comments?post=44097"}],"version-history":[{"count":9,"href":"https:\/\/digidem-bayern.de\/en\/wp-json\/wp\/v2\/pages\/44097\/revisions"}],"predecessor-version":[{"id":45059,"href":"https:\/\/digidem-bayern.de\/en\/wp-json\/wp\/v2\/pages\/44097\/revisions\/45059"}],"wp:attachment":[{"href":"https:\/\/digidem-bayern.de\/en\/wp-json\/wp\/v2\/media?parent=44097"}],"curies":[{"name":"wp","href":"https:\/\/api.w.org\/{rel}","templated":true}]}}