{"id":29348,"date":"2023-07-17T07:35:26","date_gmt":"2023-07-17T05:35:26","guid":{"rendered":"https:\/\/digidem-bayern.de\/?page_id=29348"},"modified":"2023-07-17T15:37:00","modified_gmt":"2023-07-17T13:37:00","slug":"kongressbeitraege","status":"publish","type":"page","link":"https:\/\/digidem-bayern.de\/en\/kongressbeitraege\/","title":{"rendered":"Congress contributions"},"content":{"rendered":"<div class=\"wp-block-qubely-postgrid qubely-block-bb14cc\"><div class=\"qubely-postgrid-wrapper  qubely-postgrid-layout-1\" ><div class=\"qubely-postgrid qubely-post-list-view qubely-postgrid-style-2\"><div class=\"qubely-post-list-wrapper qubely-post-list-center\"><div class=\"qubely-post-list-content\"><h2 class=\"qubely-postgrid-title\"><a href=\"https:\/\/digidem-bayern.de\/en\/zeit-von-der-demenzdiagnose-bis-zum-tod-ergebnisse-eines-bevoelkerungsbasierten-registers-digidem-bayern\/\">Zeit von der Demenzdiagnose bis zum Tod \u2013 Ergebnisse eines bev\u00f6lkerungsbasierten Registers: digiDEM Bayern<\/a><\/h2><div class=\"qubely-postgrid-meta\"><span><i class=\"far fa-calendar-alt\"><\/i> 23.09.2025<\/span><span><i class=\"fas fa-comment\"><\/i> 0<\/span><\/div><div class=\"qubely-postgrid-intro\">Hintergrund: Demenzerkrankungen sind progredient und gegenw\u00e4rtig nicht kurativ, sodass Demenzen als lebenslimitierende Erkrankungen betrachtet werden k\u00f6nnen. Gleichwohl versterben <\/div><\/div><\/div><\/div><div class=\"qubely-postgrid qubely-post-list-view qubely-postgrid-style-2\"><div class=\"qubely-post-list-wrapper qubely-post-list-center\"><div class=\"qubely-post-list-content\"><h2 class=\"qubely-postgrid-title\"><a href=\"https:\/\/digidem-bayern.de\/en\/zeit-von-der-demenzdiagnose-bis-zum-heimuebertritt-ergebnisse-aus-einem-bevoelkerungsregister-digidem-bayern\/\">Zeit von der Demenzdiagnose bis zum Heim\u00fcbertritt \u2013 Ergebnisse aus einem Bev\u00f6lkerungsregister: digiDEM Bayern<\/a><\/h2><div class=\"qubely-postgrid-meta\"><span><i class=\"far fa-calendar-alt\"><\/i> 23.09.2025<\/span><span><i class=\"fas fa-comment\"><\/i> 0<\/span><\/div><div class=\"qubely-postgrid-intro\">Hintergrund: Demenz gilt als eine der Hauptursachen f\u00fcr eine Pflegebed\u00fcrftigkeit im Alter. Von den aktuell 1,8 Millionen Menschen mit <\/div><\/div><\/div><\/div><div class=\"qubely-postgrid qubely-post-list-view qubely-postgrid-style-2\"><div class=\"qubely-post-list-wrapper qubely-post-list-center\"><div class=\"qubely-post-list-content\"><h2 class=\"qubely-postgrid-title\"><a href=\"https:\/\/digidem-bayern.de\/en\/app-zum-screening-kognitiver-beeintraechtigungen-ein-vergleich-von-cerad-und-digidem-screen\/\">App zum Screening kognitiver Beeintr\u00e4chtigungen \u2013 Ein Vergleich von CERAD und digiDEM-SCREEN<\/a><\/h2><div class=\"qubely-postgrid-meta\"><span><i class=\"far fa-calendar-alt\"><\/i> 23.09.2025<\/span><span><i class=\"fas fa-comment\"><\/i> 0<\/span><\/div><div class=\"qubely-postgrid-intro\">Hintergrund: Demenzerkrankungen z\u00e4hlen weltweit zu den h\u00e4ufigsten neurologischen Erkrankungen und stellen eine bedeutende Herausforderung f\u00fcr das Gesundheitswesen <\/div><\/div><\/div><\/div><div class=\"qubely-postgrid qubely-post-list-view qubely-postgrid-style-2\"><div class=\"qubely-post-list-wrapper qubely-post-list-center\"><div class=\"qubely-post-list-content\"><h2 class=\"qubely-postgrid-title\"><a href=\"https:\/\/digidem-bayern.de\/en\/digidem-bayern-demenz-screening-als-regionales-versorgungsangebot-zur-demenzfrueherkennung\/\">digiDEM Bayern Demenz-Screening als regionales Versorgungsangebot zur Demenzfr\u00fcherkennung<\/a><\/h2><div class=\"qubely-postgrid-meta\"><span><i class=\"far fa-calendar-alt\"><\/i> 23.09.2025<\/span><span><i class=\"fas fa-comment\"><\/i> 0<\/span><\/div><div class=\"qubely-postgrid-intro\">Setting: Die Fr\u00fcherkennung einer dementiellen Erkrankung ist von entscheidender Bedeutung f\u00fcr die Verbesserung der Lebensqualit\u00e4t und der <\/div><\/div><\/div><\/div><div class=\"qubely-postgrid qubely-post-list-view qubely-postgrid-style-2\"><div class=\"qubely-post-list-wrapper qubely-post-list-center\"><div class=\"qubely-post-list-content\"><h2 class=\"qubely-postgrid-title\"><a href=\"https:\/\/digidem-bayern.de\/en\/soziale-isolation-bei-menschen-mit-demenz-ergebnisse-aus-einem-bevoelkerungsregister-digidem-bayern\/\">Soziale Isolation bei Menschen mit Demenz \u2013 Ergebnisse aus einem Bev\u00f6lkerungsregister: digiDEM Bayern<\/a><\/h2><div class=\"qubely-postgrid-meta\"><span><i class=\"far fa-calendar-alt\"><\/i> 23.09.2025<\/span><span><i class=\"fas fa-comment\"><\/i> 0<\/span><\/div><div class=\"qubely-postgrid-intro\">Hintergrund: In Deutschland waren laut aktuellen Hochrechnungen 2023 1,8 Mio. Menschen von Demenz betroffen. Soziale Isolation, definiert \u00fcber die Anzahl und Qualit\u00e4<\/div><\/div><\/div><\/div><div class=\"qubely-postgrid qubely-post-list-view qubely-postgrid-style-2\"><div class=\"qubely-post-list-wrapper qubely-post-list-center\"><div class=\"qubely-post-list-content\"><h2 class=\"qubely-postgrid-title\"><a href=\"https:\/\/digidem-bayern.de\/en\/stadt-land-unterschiede-in-der-demenzdiagnostik-administrative-demenzpraevalenz-in-bayern-2018-2022\/\">Stadt-Land-Unterschiede in der Demenzdiagnostik &#8211; Administrative Demenzpr\u00e4valenz in Bayern 2018-2022<\/a><\/h2><div class=\"qubely-postgrid-meta\"><span><i class=\"far fa-calendar-alt\"><\/i> 23.09.2025<\/span><span><i class=\"fas fa-comment\"><\/i> 0<\/span><\/div><div class=\"qubely-postgrid-intro\">Hintergrund: Die zeitgerechte Diagnosestellung von dementiellen Erkrankungen, stellt unser Gesundheitssystem bereits heute vor gro\u00dfe Herausforderungen [1]. Es ist davon auszugehen, <\/div><\/div><\/div><\/div><div class=\"qubely-postgrid qubely-post-list-view qubely-postgrid-style-2\"><div class=\"qubely-post-list-wrapper qubely-post-list-center\"><div class=\"qubely-post-list-content\"><h2 class=\"qubely-postgrid-title\"><a href=\"https:\/\/digidem-bayern.de\/en\/digitales-demenzregister-bayern-geschlechterunterschiede-in-der-informellen-pflege-von-menschen-mit-kognitiven-beeintraechtigungen\/\">Digitales Demenzregister Bayern: Geschlechterunterschiede in der informellen Pflege von Menschen mit kognitiven Beeintr\u00e4chtigungen<\/a><\/h2><div class=\"qubely-postgrid-meta\"><span><i class=\"far fa-calendar-alt\"><\/i> 23.09.2025<\/span><span><i class=\"fas fa-comment\"><\/i> 0<\/span><\/div><div class=\"qubely-postgrid-intro\">Hintergrund: Demenz ist eine der gr\u00f6\u00dften Herausforderungen f\u00fcr die \u00f6ffentliche Gesundheit in unserer Zeit und in der Zukunft. <\/div><\/div><\/div><\/div><div class=\"qubely-postgrid qubely-post-list-view qubely-postgrid-style-2\"><div class=\"qubely-post-list-wrapper qubely-post-list-center\"><div class=\"qubely-post-list-content\"><h2 class=\"qubely-postgrid-title\"><a href=\"https:\/\/digidem-bayern.de\/en\/autofahren-bei-seniorinnen-mit-kognitiven-beeintraechtigungen-ergebnisse-aus-einem-bevoelkerungsregister-digidem-bayern\/\">Autofahren bei Senior*innen mit kognitiven Beeintr\u00e4chtigungen \u2013Ergebnisse aus einem Bev\u00f6lkerungsregister: digiDEM Bayern<\/a><\/h2><div class=\"qubely-postgrid-meta\"><span><i class=\"far fa-calendar-alt\"><\/i> 23.09.2025<\/span><span><i class=\"fas fa-comment\"><\/i> 0<\/span><\/div><div class=\"qubely-postgrid-intro\">Hintergrund: In Deutschland fahren immer mehr Personen \u00fcber 65 Jahren Auto [1]. Allerdings steigt mit dem Alter auch das Risiko f\u00fcr <\/div><\/div><\/div><\/div><div class=\"qubely-postgrid qubely-post-list-view qubely-postgrid-style-2\"><div class=\"qubely-post-list-wrapper qubely-post-list-center\"><div class=\"qubely-post-list-content\"><h2 class=\"qubely-postgrid-title\"><a href=\"https:\/\/digidem-bayern.de\/en\/digitales-demenzregister-bayern-schlafqualitaet-von-pflegenden-angehoerigen-einflussfaktoren-und-ansatzpunkte-fuer-verbesserungen\/\">Digitales Demenzregister Bayern: Schlafqualit\u00e4t von pflegenden Angeh\u00f6rigen \u2013 Einflussfaktoren und Ansatzpunkte f\u00fcr Verbesserungen<\/a><\/h2><div class=\"qubely-postgrid-meta\"><span><i class=\"far fa-calendar-alt\"><\/i> 11.10.2024<\/span><span><i class=\"fas fa-comment\"><\/i> 0<\/span><\/div><div class=\"qubely-postgrid-intro\">Hintergrund: Demenz gilt als einer der Hauptausl\u00f6ser f\u00fcr die Pflegebed\u00fcrftigkeit \u00e4lterer Menschen [1, 2]. Die Pflege wird dabei zu <\/div><\/div><\/div><\/div><div class=\"qubely-postgrid qubely-post-list-view qubely-postgrid-style-2\"><div class=\"qubely-post-list-wrapper qubely-post-list-center\"><div class=\"qubely-post-list-content\"><h2 class=\"qubely-postgrid-title\"><a href=\"https:\/\/digidem-bayern.de\/en\/aktueller-wissensstand-ueber-die-alzheimerkrankheit-digidem-wissenstest-alzheimer-demenz\/\">Aktueller Wissensstand \u00fcber die Alzheimerkrankheit: digiDEM Wissenstest Alzheimer-Demenz<\/a><\/h2><div class=\"qubely-postgrid-meta\"><span><i class=\"far fa-calendar-alt\"><\/i> 11.10.2024<\/span><span><i class=\"fas fa-comment\"><\/i> 0<\/span><\/div><div class=\"qubely-postgrid-intro\">Hintergrund: F\u00fcr die zeitgerechte Einleitung von Ma\u00dfnahmen der Diagnostik und Behandlung bei einer Alzheimer Demenz ist eine hohe <\/div><\/div><\/div><\/div><\/div><div class=\"qubely-postgrid-pagination\"><span aria-current=\"page\" class=\"page-numbers current\">1<\/span>\n<a class=\"page-numbers\" href=\"https:\/\/digidem-bayern.de\/en\/wp-json\/wp\/v2\/pages\/29348\/page\/2\/\">2<\/a>\n<a class=\"page-numbers\" href=\"https:\/\/digidem-bayern.de\/en\/wp-json\/wp\/v2\/pages\/29348\/page\/3\/\">3<\/a>\n<a class=\"next page-numbers\" href=\"https:\/\/digidem-bayern.de\/en\/wp-json\/wp\/v2\/pages\/29348\/page\/2\/\">Next <span class='fas fa-angle-right'><\/span><\/a><\/div><\/div>","protected":false},"excerpt":{"rendered":"","protected":false},"author":11,"featured_media":0,"parent":0,"menu_order":0,"comment_status":"closed","ping_status":"closed","template":"","meta":{"qubely_global_settings":"","qubely_interactions":"","_uag_custom_page_level_css":"","footnotes":""},"class_list":["post-29348","page","type-page","status-publish","hentry"],"featured_image_urls_v2":{"full":"","thumbnail":"","medium":"","medium_large":"","large":"","1536x1536":"","2048x2048":"","trp-custom-language-flag":"","qubely_landscape":"","qubely_portrait":"","qubely_thumbnail":"","post-thumbnail":"","kahuna-featured":"","kahuna-featured-lp":"","kahuna-featured-half":"","kahuna-featured-third":"","kahuna-lpbox-1":"","kahuna-lpbox-2":"","demand-language-flag":"","dddkt-language-flag":"","ddiqc-language-flag":"","ddtl-language-flag":"","mailpoet_newsletter_max":"","kahuna-lpbox-3":"","kahuna-featured-square":"","kahuna-featured-square-large":""},"post_excerpt_stackable_v2":"<p>Zeit von der Demenzdiagnose bis zum Tod \u2013 Ergebnisse eines bev\u00f6lkerungsbasierten Registers: digiDEM Bayern 23.09.2025 0Hintergrund: Demenzerkrankungen sind progredient und gegenw\u00e4rtig nicht kurativ, sodass Demenzen als lebenslimitierende Erkrankungen betrachtet werden k\u00f6nnen. Gleichwohl versterben Zeit von der Demenzdiagnose bis zum Heim\u00fcbertritt \u2013 Ergebnisse aus einem Bev\u00f6lkerungsregister: digiDEM Bayern 23.09.2025 0Hintergrund: Demenz gilt als eine der Hauptursachen f\u00fcr eine Pflegebed\u00fcrftigkeit im Alter. Von den aktuell 1,8 Millionen Menschen mit App zum Screening kognitiver Beeintr\u00e4chtigungen \u2013 Ein Vergleich von CERAD und digiDEM-SCREEN 23.09.2025 0Hintergrund: Demenzerkrankungen z\u00e4hlen weltweit zu den h\u00e4ufigsten neurologischen Erkrankungen und stellen eine bedeutende Herausforderung f\u00fcr das Gesundheitswesen digiDEM Bayern Demenz-Screening&hellip;<\/p>\n","category_list_v2":"","author_info_v2":{"name":"Michael Zeiler","url":"https:\/\/digidem-bayern.de\/en\/author\/michael-zeiler\/"},"comments_num_v2":"0 comments","yoast_head":"<!-- This site is optimized with the Yoast SEO plugin v27.4 - https:\/\/yoast.com\/product\/yoast-seo-wordpress\/ -->\n<title>Kongressbeitr\u00e4ge - digiDEM Bayern<\/title>\n<meta name=\"description\" content=\"digiDEM Bayern zielt darauf ab, die Lebensbedingungen von Menschen mit MCI\/Demenz und deren pflegenden An- und Zugeh\u00f6rigen nachhaltig zu verbessern.\" \/>\n<meta name=\"robots\" content=\"index, follow, max-snippet:-1, max-image-preview:large, max-video-preview:-1\" \/>\n<link rel=\"canonical\" href=\"https:\/\/digidem-bayern.de\/en\/kongressbeitraege\/\" \/>\n<meta property=\"og:locale\" content=\"en_US\" \/>\n<meta property=\"og:type\" content=\"article\" \/>\n<meta property=\"og:title\" content=\"Kongressbeitr\u00e4ge - digiDEM Bayern\" \/>\n<meta property=\"og:description\" content=\"digiDEM Bayern zielt darauf ab, die Lebensbedingungen von Menschen mit MCI\/Demenz und deren pflegenden An- und Zugeh\u00f6rigen nachhaltig zu verbessern.\" \/>\n<meta property=\"og:url\" content=\"https:\/\/digidem-bayern.de\/en\/kongressbeitraege\/\" \/>\n<meta property=\"og:site_name\" content=\"digiDEM Bayern\" \/>\n<meta property=\"article:publisher\" content=\"https:\/\/www.facebook.com\/digiDEMBayern\/\" \/>\n<meta property=\"article:modified_time\" content=\"2023-07-17T13:37:00+00:00\" \/>\n<meta property=\"og:image\" content=\"https:\/\/digidem-bayern.de\/wp-content\/uploads\/logo-digidem-digitales-demenzregister-bayern.jpg.png\" \/>\n\t<meta property=\"og:image:width\" content=\"340\" \/>\n\t<meta property=\"og:image:height\" content=\"200\" \/>\n\t<meta property=\"og:image:type\" content=\"image\/png\" \/>\n<script type=\"application\/ld+json\" class=\"yoast-schema-graph\">{\"@context\":\"https:\\\/\\\/schema.org\",\"@graph\":[{\"@type\":\"WebPage\",\"@id\":\"https:\\\/\\\/digidem-bayern.de\\\/kongressbeitraege\\\/\",\"url\":\"https:\\\/\\\/digidem-bayern.de\\\/kongressbeitraege\\\/\",\"name\":\"Kongressbeitr\u00e4ge - digiDEM Bayern\",\"isPartOf\":{\"@id\":\"\\\/#website\"},\"datePublished\":\"2023-07-17T05:35:26+00:00\",\"dateModified\":\"2023-07-17T13:37:00+00:00\",\"description\":\"digiDEM Bayern zielt darauf ab, die Lebensbedingungen von Menschen mit MCI\\\/Demenz und deren pflegenden An- und Zugeh\u00f6rigen nachhaltig zu verbessern.\",\"breadcrumb\":{\"@id\":\"https:\\\/\\\/digidem-bayern.de\\\/kongressbeitraege\\\/#breadcrumb\"},\"inLanguage\":\"en-US\",\"potentialAction\":[{\"@type\":\"ReadAction\",\"target\":[\"https:\\\/\\\/digidem-bayern.de\\\/kongressbeitraege\\\/\"]}]},{\"@type\":\"BreadcrumbList\",\"@id\":\"https:\\\/\\\/digidem-bayern.de\\\/kongressbeitraege\\\/#breadcrumb\",\"itemListElement\":[{\"@type\":\"ListItem\",\"position\":1,\"name\":\"Startseite\",\"item\":\"https:\\\/\\\/digidem-bayern.de\\\/\"},{\"@type\":\"ListItem\",\"position\":2,\"name\":\"Kongressbeitr\u00e4ge\"}]},{\"@type\":\"WebSite\",\"@id\":\"\\\/#website\",\"url\":\"\\\/\",\"name\":\"digiDEM Bayern\",\"description\":\"Das digitale Demenzregister Bayern erforscht und verbessert die Angebotsstuktur f\u00fcr Menschen mit Demenz und deren Angeh\u00f6rige\",\"publisher\":{\"@id\":\"\\\/#organization\"},\"potentialAction\":[{\"@type\":\"SearchAction\",\"target\":{\"@type\":\"EntryPoint\",\"urlTemplate\":\"\\\/?s={search_term_string}\"},\"query-input\":{\"@type\":\"PropertyValueSpecification\",\"valueRequired\":true,\"valueName\":\"search_term_string\"}}],\"inLanguage\":\"en-US\"},{\"@type\":\"Organization\",\"@id\":\"\\\/#organization\",\"name\":\"digiDEM Bayern\",\"url\":\"\\\/\",\"logo\":{\"@type\":\"ImageObject\",\"inLanguage\":\"en-US\",\"@id\":\"\\\/#\\\/schema\\\/logo\\\/image\\\/\",\"url\":\"https:\\\/\\\/digidem-bayern.de\\\/wp-content\\\/uploads\\\/2022\\\/03\\\/cropped-Allgemeines_digiDEMLOGO-removebg-preview.png\",\"contentUrl\":\"https:\\\/\\\/digidem-bayern.de\\\/wp-content\\\/uploads\\\/2022\\\/03\\\/cropped-Allgemeines_digiDEMLOGO-removebg-preview.png\",\"width\":612,\"height\":357,\"caption\":\"digiDEM Bayern\"},\"image\":{\"@id\":\"\\\/#\\\/schema\\\/logo\\\/image\\\/\"},\"sameAs\":[\"https:\\\/\\\/www.facebook.com\\\/digiDEMBayern\\\/\",\"https:\\\/\\\/x.com\\\/digidem_bayern\",\"https:\\\/\\\/www.instagram.com\\\/digidem.bayern\",\"https:\\\/\\\/www.linkedin.com\\\/company\\\/digidem-bayern\\\/\"]}]}<\/script>\n<!-- \/ Yoast SEO plugin. -->","yoast_head_json":{"title":"Kongressbeitr\u00e4ge - digiDEM Bayern","description":"digiDEM Bayern zielt darauf ab, die Lebensbedingungen von Menschen mit MCI\/Demenz und deren pflegenden An- und Zugeh\u00f6rigen nachhaltig zu verbessern.","robots":{"index":"index","follow":"follow","max-snippet":"max-snippet:-1","max-image-preview":"max-image-preview:large","max-video-preview":"max-video-preview:-1"},"canonical":"https:\/\/digidem-bayern.de\/en\/kongressbeitraege\/","og_locale":"en_US","og_type":"article","og_title":"Kongressbeitr\u00e4ge - digiDEM Bayern","og_description":"digiDEM Bayern zielt darauf ab, die Lebensbedingungen von Menschen mit MCI\/Demenz und deren pflegenden An- und Zugeh\u00f6rigen nachhaltig zu verbessern.","og_url":"https:\/\/digidem-bayern.de\/en\/kongressbeitraege\/","og_site_name":"digiDEM Bayern","article_publisher":"https:\/\/www.facebook.com\/digiDEMBayern\/","article_modified_time":"2023-07-17T13:37:00+00:00","og_image":[{"width":340,"height":200,"url":"https:\/\/digidem-bayern.de\/wp-content\/uploads\/logo-digidem-digitales-demenzregister-bayern.jpg.png","type":"image\/png"}],"schema":{"@context":"https:\/\/schema.org","@graph":[{"@type":"WebPage","@id":"https:\/\/digidem-bayern.de\/kongressbeitraege\/","url":"https:\/\/digidem-bayern.de\/kongressbeitraege\/","name":"Kongressbeitr\u00e4ge - digiDEM Bayern","isPartOf":{"@id":"\/#website"},"datePublished":"2023-07-17T05:35:26+00:00","dateModified":"2023-07-17T13:37:00+00:00","description":"digiDEM Bayern zielt darauf ab, die Lebensbedingungen von Menschen mit MCI\/Demenz und deren pflegenden An- und Zugeh\u00f6rigen nachhaltig zu verbessern.","breadcrumb":{"@id":"https:\/\/digidem-bayern.de\/kongressbeitraege\/#breadcrumb"},"inLanguage":"en-US","potentialAction":[{"@type":"ReadAction","target":["https:\/\/digidem-bayern.de\/kongressbeitraege\/"]}]},{"@type":"BreadcrumbList","@id":"https:\/\/digidem-bayern.de\/kongressbeitraege\/#breadcrumb","itemListElement":[{"@type":"ListItem","position":1,"name":"Startseite","item":"https:\/\/digidem-bayern.de\/"},{"@type":"ListItem","position":2,"name":"Kongressbeitr\u00e4ge"}]},{"@type":"WebSite","@id":"\/#website","url":"\/","name":"digiDEM Bavaria","description":"The digital dementia register in Bavaria researches and improves the structure of services for people with dementia and their relatives","publisher":{"@id":"\/#organization"},"potentialAction":[{"@type":"SearchAction","target":{"@type":"EntryPoint","urlTemplate":"\/?s={search_term_string}"},"query-input":{"@type":"PropertyValueSpecification","valueRequired":true,"valueName":"search_term_string"}}],"inLanguage":"en-US"},{"@type":"Organization","@id":"\/#organization","name":"digiDEM Bavaria","url":"\/","logo":{"@type":"ImageObject","inLanguage":"en-US","@id":"\/#\/schema\/logo\/image\/","url":"https:\/\/digidem-bayern.de\/wp-content\/uploads\/2022\/03\/cropped-Allgemeines_digiDEMLOGO-removebg-preview.png","contentUrl":"https:\/\/digidem-bayern.de\/wp-content\/uploads\/2022\/03\/cropped-Allgemeines_digiDEMLOGO-removebg-preview.png","width":612,"height":357,"caption":"digiDEM Bayern"},"image":{"@id":"\/#\/schema\/logo\/image\/"},"sameAs":["https:\/\/www.facebook.com\/digiDEMBayern\/","https:\/\/x.com\/digidem_bayern","https:\/\/www.instagram.com\/digidem.bayern","https:\/\/www.linkedin.com\/company\/digidem-bayern\/"]}]}},"uagb_featured_image_src":{"full":false,"thumbnail":false,"medium":false,"medium_large":false,"large":false,"1536x1536":false,"2048x2048":false,"trp-custom-language-flag":false,"qubely_landscape":false,"qubely_portrait":false,"qubely_thumbnail":false,"post-thumbnail":false,"kahuna-featured":false,"kahuna-featured-lp":false,"kahuna-featured-half":false,"kahuna-featured-third":false,"kahuna-lpbox-1":false,"kahuna-lpbox-2":false,"demand-language-flag":false,"dddkt-language-flag":false,"ddiqc-language-flag":false,"ddtl-language-flag":false,"mailpoet_newsletter_max":false,"kahuna-lpbox-3":false,"kahuna-featured-square":false,"kahuna-featured-square-large":false},"uagb_author_info":{"display_name":"Michael Zeiler","author_link":"https:\/\/digidem-bayern.de\/en\/author\/michael-zeiler\/"},"uagb_comment_info":0,"uagb_excerpt":null,"_links":{"self":[{"href":"https:\/\/digidem-bayern.de\/en\/wp-json\/wp\/v2\/pages\/29348","targetHints":{"allow":["GET"]}}],"collection":[{"href":"https:\/\/digidem-bayern.de\/en\/wp-json\/wp\/v2\/pages"}],"about":[{"href":"https:\/\/digidem-bayern.de\/en\/wp-json\/wp\/v2\/types\/page"}],"author":[{"embeddable":true,"href":"https:\/\/digidem-bayern.de\/en\/wp-json\/wp\/v2\/users\/11"}],"replies":[{"embeddable":true,"href":"https:\/\/digidem-bayern.de\/en\/wp-json\/wp\/v2\/comments?post=29348"}],"version-history":[{"count":3,"href":"https:\/\/digidem-bayern.de\/en\/wp-json\/wp\/v2\/pages\/29348\/revisions"}],"predecessor-version":[{"id":29393,"href":"https:\/\/digidem-bayern.de\/en\/wp-json\/wp\/v2\/pages\/29348\/revisions\/29393"}],"wp:attachment":[{"href":"https:\/\/digidem-bayern.de\/en\/wp-json\/wp\/v2\/media?parent=29348"}],"curies":[{"name":"wp","href":"https:\/\/api.w.org\/{rel}","templated":true}]}}