{"id":2792,"date":"2019-08-02T08:36:43","date_gmt":"2019-08-02T06:36:43","guid":{"rendered":"https:\/\/bw0b74.myraidbox.de\/?page_id=2792"},"modified":"2022-03-10T16:16:27","modified_gmt":"2022-03-10T15:16:27","slug":"leichte-sprache","status":"publish","type":"page","link":"https:\/\/digidem-bayern.de\/en\/leichte-sprache\/","title":{"rendered":"Easy language"},"content":{"rendered":"<div style=\"height:60px\" aria-hidden=\"true\" class=\"wp-block-spacer\"><\/div>\n\n\n\n<h2 class=\"wp-block-heading\">Das Digitale Demenz-Register Bayern<\/h2>\n\n\n\n<div style=\"height:60px\" aria-hidden=\"true\" class=\"wp-block-spacer\"><\/div>\n\n\n\n<div class=\"wp-block-columns is-layout-flex wp-container-core-columns-is-layout-9d6595d7 wp-block-columns-is-layout-flex\">\n<div class=\"wp-block-column is-layout-flow wp-block-column-is-layout-flow\" style=\"flex-basis:66.66%\">\n<div style=\"height:40px\" aria-hidden=\"true\" class=\"wp-block-spacer\"><\/div>\n\n\n\n<p>Herzlich willkommen auf der Internet-Seite vom \u201eDigitalen Demenz-Register Bayern\u201c.  <\/p>\n\n\n\n<p>Das \u201eDigitale Demenz-Register Bayern\u201c ist ein Vorhaben von Forschern. <\/p>\n\n\n\n<p>\u201eDigital\u201c\nbedeutet, dass es um ein Vorhaben im Internet geht. <\/p>\n\n\n\n<p>Mit\n\u201eDemenz-Register\u201c ist gemeint: Die Forscher sammeln viele Angaben \u00fcber\nDemenz-Erkrankungen.<\/p>\n\n\n\n<p>Der\nkurze Name f\u00fcr das Vorhaben ist: digiDEM Bayern. <\/p>\n\n\n\n<p>Die Forscher wollen Menschen mit Demenz-Erkrankungen und ihren Angeh\u00f6rigen helfen. In ganz Bayern. <\/p>\n\n\n\n<p>Informationen \u00fcber Demenz-Erkrankungen gibt es <a href=\"https:\/\/www.stmgp.bayern.de\/leichte-sprache-uebersichtsseite-2\/demenz-2\/?lang=de_ls\">hier<\/a>.<\/p>\n<\/div>\n\n\n\n<div class=\"wp-block-column is-layout-flow wp-block-column-is-layout-flow\" style=\"flex-basis:33.33%\">\n<figure class=\"wp-block-image size-large\"><img loading=\"lazy\" decoding=\"async\" width=\"1030\" height=\"782\" src=\"https:\/\/digidem-bayern.de\/wp-content\/uploads\/2019\/11\/mohamed_hassan_pixabay-1030x782.jpg\" alt=\"Comic: Mann tippt etwas in ein Tablet, daneben ist eine Sprechblase zu sehen.\" class=\"wp-image-4039\" srcset=\"https:\/\/digidem-bayern.de\/wp-content\/uploads\/2019\/11\/mohamed_hassan_pixabay-1030x782.jpg 1030w, https:\/\/digidem-bayern.de\/wp-content\/uploads\/2019\/11\/mohamed_hassan_pixabay-300x228.jpg 300w, https:\/\/digidem-bayern.de\/wp-content\/uploads\/2019\/11\/mohamed_hassan_pixabay-768x583.jpg 768w, https:\/\/digidem-bayern.de\/wp-content\/uploads\/2019\/11\/mohamed_hassan_pixabay-461x350.jpg 461w, https:\/\/digidem-bayern.de\/wp-content\/uploads\/2019\/11\/mohamed_hassan_pixabay-460x350.jpg 460w, https:\/\/digidem-bayern.de\/wp-content\/uploads\/2019\/11\/mohamed_hassan_pixabay.jpg 1280w\" sizes=\"auto, (max-width: 1030px) 100vw, 1030px\" \/><\/figure>\n<\/div>\n<\/div>\n\n\n\n<div style=\"height:60px\" aria-hidden=\"true\" class=\"wp-block-spacer\"><\/div>\n\n\n\n<p><strong>Hilfs-Angebote im Internet<\/strong><\/p>\n\n\n\n<p>Das\nVorhaben digiDEM Bayern besteht aus 2 Teilen. <\/p>\n\n\n\n<p>Der\nerste Teil sind Hilfs-Angebote im Internet. <\/p>\n\n\n\n<p>Sie\nsind f\u00fcr Menschen mit einer Demenz-Erkrankung und ihre Familien-Angeh\u00f6rigen. <\/p>\n\n\n\n<p>Menschen\nmit einer Demenz-Erkrankung k\u00f6nnen zum Beispiel im Internet \u00dcbungen machen. <\/p>\n\n\n\n<p>Die\n\u00dcbungen helfen ihnen, sich Dinge besser zu merken. <\/p>\n\n\n\n<p>Zum\nBeispiel eine Reihenfolge von Bildern. <\/p>\n\n\n\n<p>F\u00fcr\nFamilien-Mitglieder gibt es Ausk\u00fcnfte. <\/p>\n\n\n\n<p>Zum\nBeispiel \u00fcber Hilfs-Angebote am Wohnort. <\/p>\n\n\n\n<p>Die\nForscher planen auch ein Angebot f\u00fcr alle B\u00fcrger. <\/p>\n\n\n\n<p>Denn\nviele Menschen wollen mehr \u00fcber Demenz-Erkrankungen wissen. <\/p>\n\n\n\n<div style=\"height:60px\" aria-hidden=\"true\" class=\"wp-block-spacer\"><\/div>\n\n\n\n<div class=\"wp-block-columns is-layout-flex wp-container-core-columns-is-layout-9d6595d7 wp-block-columns-is-layout-flex\">\n<div class=\"wp-block-column is-layout-flow wp-block-column-is-layout-flow\" style=\"flex-basis:66.66%\">\n<p><strong>Angaben von Menschen mit Demenz sammeln<\/strong><\/p>\n\n\n\n<p>Die\nForscher von digiDEM Bayern sammeln auch Angaben \u00fcber Demenz-Erkrankungen. <\/p>\n\n\n\n<p>Das\nist der zweite Teil von dem Vorhaben. <\/p>\n\n\n\n<p>Daf\u00fcr\nbefragen sie Menschen mit einer Demenz-Erkrankung und ihre Angeh\u00f6rigen. <\/p>\n\n\n\n<p>Die\nFragen sind zum Beispiel: Wie geht es Ihnen? Welche Hilfe bekommen Sie? Welche\nHilfe brauchen Sie sonst noch? <\/p>\n\n\n\n<p>An\nmanchen Orten gibt es vielleicht genug Hilfe. Aber an anderen nicht. <\/p>\n\n\n\n<p>Das\nsollen die Antworten zeigen. Dann kann man die Lage f\u00fcr die Menschen verbessern.\n<\/p>\n\n\n\n<p>Das\nist das Ziel von digiDEM Bayern. <\/p>\n<\/div>\n\n\n\n<div class=\"wp-block-column is-layout-flow wp-block-column-is-layout-flow\" style=\"flex-basis:33.33%\">\n<figure class=\"wp-block-image size-large\"><img loading=\"lazy\" decoding=\"async\" width=\"1030\" height=\"728\" src=\"https:\/\/digidem-bayern.de\/wp-content\/uploads\/2019\/11\/mohamed_hasan2_pixabay-1030x728.jpg\" alt=\"Comic: J\u00fcngerer Mann nimmt \u00e4lteren Mann in den Arm\" class=\"wp-image-4038\" srcset=\"https:\/\/digidem-bayern.de\/wp-content\/uploads\/2019\/11\/mohamed_hasan2_pixabay-1030x728.jpg 1030w, https:\/\/digidem-bayern.de\/wp-content\/uploads\/2019\/11\/mohamed_hasan2_pixabay-300x212.jpg 300w, https:\/\/digidem-bayern.de\/wp-content\/uploads\/2019\/11\/mohamed_hasan2_pixabay-768x543.jpg 768w, https:\/\/digidem-bayern.de\/wp-content\/uploads\/2019\/11\/mohamed_hasan2_pixabay-140x100.jpg 140w, https:\/\/digidem-bayern.de\/wp-content\/uploads\/2019\/11\/mohamed_hasan2_pixabay-495x350.jpg 495w, https:\/\/digidem-bayern.de\/wp-content\/uploads\/2019\/11\/mohamed_hasan2_pixabay.jpg 1280w\" sizes=\"auto, (max-width: 1030px) 100vw, 1030px\" \/><\/figure>\n<\/div>\n<\/div>\n\n\n\n<div style=\"height:60px\" aria-hidden=\"true\" class=\"wp-block-spacer\"><\/div>\n\n\n\n<p><strong>Das Bayerische Staats-Ministerium f\u00fcr Gesundheit und Pflege bezahlt das Vorhaben<\/strong><\/p>\n\n\n\n<p>Das Geld f\u00fcr digiDEM Bayern kommt vom <a href=\"https:\/\/www.stmgp.bayern.de\/leichte-sprache-uebersichtsseite-2\/ministerium-leichte-sprache\/?lang=de_ls\">Bayerischen Staats-Ministerium f\u00fcr Gesundheit und Pflege<\/a>. <\/p>\n\n\n\n<p>3\nStellen arbeiten bei digiDEM Bayern mit:<\/p>\n\n\n\n<ul class=\"wp-block-list\"><li>die\nFriedrich-Alexander-Universit\u00e4t Erlangen-N\u00fcrnberg<\/li><li>das\nUniversit\u00e4tsklinikum Erlangen<\/li><li>das\nMedizintechnik-Netzwerk Medical Valley Europ\u00e4ische Metropolregion N\u00fcrnberg<\/li><\/ul>\n\n\n\n<div style=\"height:60px\" aria-hidden=\"true\" class=\"wp-block-spacer\"><\/div>","protected":false},"excerpt":{"rendered":"<p>Das Digitale Demenz-Register Bayern Herzlich willkommen auf der Internet-Seite vom \u201eDigitalen Demenz-Register Bayern\u201c. Das \u201eDigitale Demenz-Register Bayern\u201c ist ein Vorhaben von Forschern. \u201eDigital\u201c bedeutet, dass es um ein Vorhaben im Internet geht. Mit \u201eDemenz-Register\u201c ist gemeint: Die Forscher sammeln viele Angaben \u00fcber Demenz-Erkrankungen. Der kurze Name f\u00fcr das Vorhaben ist: &hellip;<\/p>","protected":false},"author":11,"featured_media":0,"parent":0,"menu_order":0,"comment_status":"closed","ping_status":"closed","template":"","meta":{"qubely_global_settings":"","qubely_interactions":"","_uag_custom_page_level_css":"","footnotes":""},"class_list":["post-2792","page","type-page","status-publish","hentry"],"featured_image_urls_v2":{"full":"","thumbnail":"","medium":"","medium_large":"","large":"","1536x1536":"","2048x2048":"","trp-custom-language-flag":"","qubely_landscape":"","qubely_portrait":"","qubely_thumbnail":"","post-thumbnail":"","kahuna-featured":"","kahuna-featured-lp":"","kahuna-featured-half":"","kahuna-featured-third":"","kahuna-lpbox-1":"","kahuna-lpbox-2":"","demand-language-flag":"","dddkt-language-flag":"","ddiqc-language-flag":"","ddtl-language-flag":"","mailpoet_newsletter_max":"","kahuna-lpbox-3":"","kahuna-featured-square":"","kahuna-featured-square-large":""},"post_excerpt_stackable_v2":"<p>Das Digitale Demenz-Register Bayern Herzlich willkommen auf der Internet-Seite vom \u201eDigitalen Demenz-Register Bayern\u201c. Das \u201eDigitale Demenz-Register Bayern\u201c ist ein Vorhaben von Forschern. \u201eDigital\u201c bedeutet, dass es um ein Vorhaben im Internet geht. Mit \u201eDemenz-Register\u201c ist gemeint: Die Forscher sammeln viele Angaben \u00fcber Demenz-Erkrankungen. Der kurze Name f\u00fcr das Vorhaben ist: digiDEM Bayern. Die Forscher wollen Menschen mit Demenz-Erkrankungen und ihren Angeh\u00f6rigen helfen. In ganz Bayern. Informationen \u00fcber Demenz-Erkrankungen gibt es hier. Hilfs-Angebote im Internet Das Vorhaben digiDEM Bayern besteht aus 2 Teilen. Der erste Teil sind Hilfs-Angebote im Internet. Sie sind f\u00fcr Menschen mit einer Demenz-Erkrankung und ihre Familien-Angeh\u00f6rigen. Menschen&hellip;<\/p>\n","category_list_v2":"","author_info_v2":{"name":"Michael Zeiler","url":"https:\/\/digidem-bayern.de\/en\/author\/michael-zeiler\/"},"comments_num_v2":"0 comments","yoast_head":"<!-- This site is optimized with the Yoast SEO plugin v27.4 - https:\/\/yoast.com\/product\/yoast-seo-wordpress\/ -->\n<title>Leichte Sprache - digiDEM Bayern<\/title>\n<meta name=\"description\" content=\"Das Forschungs-Projekt &quot;Digitales Demenz-Register&quot; Bayern wird auf dieser Internet-Seite in Leichter Sprache erkl\u00e4rt.\" \/>\n<meta name=\"robots\" content=\"index, follow, max-snippet:-1, max-image-preview:large, max-video-preview:-1\" \/>\n<link rel=\"canonical\" href=\"https:\/\/digidem-bayern.de\/en\/leichte-sprache\/\" \/>\n<meta property=\"og:locale\" content=\"en_US\" \/>\n<meta property=\"og:type\" content=\"article\" \/>\n<meta property=\"og:title\" content=\"Leichte Sprache - digiDEM Bayern\" \/>\n<meta property=\"og:description\" content=\"Das Forschungs-Projekt &quot;Digitales Demenz-Register&quot; Bayern wird auf dieser Internet-Seite in Leichter Sprache erkl\u00e4rt.\" \/>\n<meta property=\"og:url\" content=\"https:\/\/digidem-bayern.de\/en\/leichte-sprache\/\" \/>\n<meta property=\"og:site_name\" content=\"digiDEM Bayern\" \/>\n<meta property=\"article:publisher\" content=\"https:\/\/www.facebook.com\/digiDEMBayern\/\" \/>\n<meta property=\"article:modified_time\" content=\"2022-03-10T15:16:27+00:00\" \/>\n<meta property=\"og:image\" content=\"https:\/\/digidem-bayern.de\/wp-content\/uploads\/2019\/11\/mohamed_hassan_pixabay-1030x782.jpg\" \/>\n<meta name=\"twitter:label1\" content=\"Est. reading time\" \/>\n\t<meta name=\"twitter:data1\" content=\"1 minute\" \/>\n<script type=\"application\/ld+json\" class=\"yoast-schema-graph\">{\"@context\":\"https:\\\/\\\/schema.org\",\"@graph\":[{\"@type\":\"WebPage\",\"@id\":\"https:\\\/\\\/digidem-bayern.de\\\/leichte-sprache\\\/\",\"url\":\"https:\\\/\\\/digidem-bayern.de\\\/leichte-sprache\\\/\",\"name\":\"Leichte Sprache - digiDEM Bayern\",\"isPartOf\":{\"@id\":\"\\\/#website\"},\"primaryImageOfPage\":{\"@id\":\"https:\\\/\\\/digidem-bayern.de\\\/leichte-sprache\\\/#primaryimage\"},\"image\":{\"@id\":\"https:\\\/\\\/digidem-bayern.de\\\/leichte-sprache\\\/#primaryimage\"},\"thumbnailUrl\":\"https:\\\/\\\/digidem-bayern.de\\\/wp-content\\\/uploads\\\/2019\\\/11\\\/mohamed_hassan_pixabay-1030x782.jpg\",\"datePublished\":\"2019-08-02T06:36:43+00:00\",\"dateModified\":\"2022-03-10T15:16:27+00:00\",\"description\":\"Das Forschungs-Projekt \\\"Digitales Demenz-Register\\\" Bayern wird auf dieser Internet-Seite in Leichter Sprache erkl\u00e4rt.\",\"breadcrumb\":{\"@id\":\"https:\\\/\\\/digidem-bayern.de\\\/leichte-sprache\\\/#breadcrumb\"},\"inLanguage\":\"en-US\",\"potentialAction\":[{\"@type\":\"ReadAction\",\"target\":[\"https:\\\/\\\/digidem-bayern.de\\\/leichte-sprache\\\/\"]}]},{\"@type\":\"ImageObject\",\"inLanguage\":\"en-US\",\"@id\":\"https:\\\/\\\/digidem-bayern.de\\\/leichte-sprache\\\/#primaryimage\",\"url\":\"https:\\\/\\\/digidem-bayern.de\\\/wp-content\\\/uploads\\\/2019\\\/11\\\/mohamed_hassan_pixabay-1030x782.jpg\",\"contentUrl\":\"https:\\\/\\\/digidem-bayern.de\\\/wp-content\\\/uploads\\\/2019\\\/11\\\/mohamed_hassan_pixabay-1030x782.jpg\"},{\"@type\":\"BreadcrumbList\",\"@id\":\"https:\\\/\\\/digidem-bayern.de\\\/leichte-sprache\\\/#breadcrumb\",\"itemListElement\":[{\"@type\":\"ListItem\",\"position\":1,\"name\":\"Startseite\",\"item\":\"https:\\\/\\\/digidem-bayern.de\\\/\"},{\"@type\":\"ListItem\",\"position\":2,\"name\":\"Leichte Sprache\"}]},{\"@type\":\"WebSite\",\"@id\":\"\\\/#website\",\"url\":\"\\\/\",\"name\":\"digiDEM Bayern\",\"description\":\"Das digitale Demenzregister Bayern erforscht und verbessert die Angebotsstuktur f\u00fcr Menschen mit Demenz und deren Angeh\u00f6rige\",\"publisher\":{\"@id\":\"\\\/#organization\"},\"potentialAction\":[{\"@type\":\"SearchAction\",\"target\":{\"@type\":\"EntryPoint\",\"urlTemplate\":\"\\\/?s={search_term_string}\"},\"query-input\":{\"@type\":\"PropertyValueSpecification\",\"valueRequired\":true,\"valueName\":\"search_term_string\"}}],\"inLanguage\":\"en-US\"},{\"@type\":\"Organization\",\"@id\":\"\\\/#organization\",\"name\":\"digiDEM Bayern\",\"url\":\"\\\/\",\"logo\":{\"@type\":\"ImageObject\",\"inLanguage\":\"en-US\",\"@id\":\"\\\/#\\\/schema\\\/logo\\\/image\\\/\",\"url\":\"https:\\\/\\\/digidem-bayern.de\\\/wp-content\\\/uploads\\\/2022\\\/03\\\/cropped-Allgemeines_digiDEMLOGO-removebg-preview.png\",\"contentUrl\":\"https:\\\/\\\/digidem-bayern.de\\\/wp-content\\\/uploads\\\/2022\\\/03\\\/cropped-Allgemeines_digiDEMLOGO-removebg-preview.png\",\"width\":612,\"height\":357,\"caption\":\"digiDEM Bayern\"},\"image\":{\"@id\":\"\\\/#\\\/schema\\\/logo\\\/image\\\/\"},\"sameAs\":[\"https:\\\/\\\/www.facebook.com\\\/digiDEMBayern\\\/\",\"https:\\\/\\\/x.com\\\/digidem_bayern\",\"https:\\\/\\\/www.instagram.com\\\/digidem.bayern\",\"https:\\\/\\\/www.linkedin.com\\\/company\\\/digidem-bayern\\\/\"]}]}<\/script>\n<!-- \/ Yoast SEO plugin. -->","yoast_head_json":{"title":"Leichte Sprache - digiDEM Bayern","description":"Das Forschungs-Projekt \"Digitales Demenz-Register\" Bayern wird auf dieser Internet-Seite in Leichter Sprache erkl\u00e4rt.","robots":{"index":"index","follow":"follow","max-snippet":"max-snippet:-1","max-image-preview":"max-image-preview:large","max-video-preview":"max-video-preview:-1"},"canonical":"https:\/\/digidem-bayern.de\/en\/leichte-sprache\/","og_locale":"en_US","og_type":"article","og_title":"Leichte Sprache - digiDEM Bayern","og_description":"Das Forschungs-Projekt \"Digitales Demenz-Register\" Bayern wird auf dieser Internet-Seite in Leichter Sprache erkl\u00e4rt.","og_url":"https:\/\/digidem-bayern.de\/en\/leichte-sprache\/","og_site_name":"digiDEM Bayern","article_publisher":"https:\/\/www.facebook.com\/digiDEMBayern\/","article_modified_time":"2022-03-10T15:16:27+00:00","og_image":[{"url":"https:\/\/digidem-bayern.de\/wp-content\/uploads\/2019\/11\/mohamed_hassan_pixabay-1030x782.jpg","type":"","width":"","height":""}],"twitter_misc":{"Est. reading time":"1 minute"},"schema":{"@context":"https:\/\/schema.org","@graph":[{"@type":"WebPage","@id":"https:\/\/digidem-bayern.de\/leichte-sprache\/","url":"https:\/\/digidem-bayern.de\/leichte-sprache\/","name":"Leichte Sprache - digiDEM Bayern","isPartOf":{"@id":"\/#website"},"primaryImageOfPage":{"@id":"https:\/\/digidem-bayern.de\/leichte-sprache\/#primaryimage"},"image":{"@id":"https:\/\/digidem-bayern.de\/leichte-sprache\/#primaryimage"},"thumbnailUrl":"https:\/\/digidem-bayern.de\/wp-content\/uploads\/2019\/11\/mohamed_hassan_pixabay-1030x782.jpg","datePublished":"2019-08-02T06:36:43+00:00","dateModified":"2022-03-10T15:16:27+00:00","description":"Das Forschungs-Projekt \"Digitales Demenz-Register\" Bayern wird auf dieser Internet-Seite in Leichter Sprache erkl\u00e4rt.","breadcrumb":{"@id":"https:\/\/digidem-bayern.de\/leichte-sprache\/#breadcrumb"},"inLanguage":"en-US","potentialAction":[{"@type":"ReadAction","target":["https:\/\/digidem-bayern.de\/leichte-sprache\/"]}]},{"@type":"ImageObject","inLanguage":"en-US","@id":"https:\/\/digidem-bayern.de\/leichte-sprache\/#primaryimage","url":"https:\/\/digidem-bayern.de\/wp-content\/uploads\/2019\/11\/mohamed_hassan_pixabay-1030x782.jpg","contentUrl":"https:\/\/digidem-bayern.de\/wp-content\/uploads\/2019\/11\/mohamed_hassan_pixabay-1030x782.jpg"},{"@type":"BreadcrumbList","@id":"https:\/\/digidem-bayern.de\/leichte-sprache\/#breadcrumb","itemListElement":[{"@type":"ListItem","position":1,"name":"Startseite","item":"https:\/\/digidem-bayern.de\/"},{"@type":"ListItem","position":2,"name":"Leichte Sprache"}]},{"@type":"WebSite","@id":"\/#website","url":"\/","name":"digiDEM Bavaria","description":"The digital dementia register in Bavaria researches and improves the structure of services for people with dementia and their relatives","publisher":{"@id":"\/#organization"},"potentialAction":[{"@type":"SearchAction","target":{"@type":"EntryPoint","urlTemplate":"\/?s={search_term_string}"},"query-input":{"@type":"PropertyValueSpecification","valueRequired":true,"valueName":"search_term_string"}}],"inLanguage":"en-US"},{"@type":"Organization","@id":"\/#organization","name":"digiDEM Bavaria","url":"\/","logo":{"@type":"ImageObject","inLanguage":"en-US","@id":"\/#\/schema\/logo\/image\/","url":"https:\/\/digidem-bayern.de\/wp-content\/uploads\/2022\/03\/cropped-Allgemeines_digiDEMLOGO-removebg-preview.png","contentUrl":"https:\/\/digidem-bayern.de\/wp-content\/uploads\/2022\/03\/cropped-Allgemeines_digiDEMLOGO-removebg-preview.png","width":612,"height":357,"caption":"digiDEM Bayern"},"image":{"@id":"\/#\/schema\/logo\/image\/"},"sameAs":["https:\/\/www.facebook.com\/digiDEMBayern\/","https:\/\/x.com\/digidem_bayern","https:\/\/www.instagram.com\/digidem.bayern","https:\/\/www.linkedin.com\/company\/digidem-bayern\/"]}]}},"uagb_featured_image_src":{"full":false,"thumbnail":false,"medium":false,"medium_large":false,"large":false,"1536x1536":false,"2048x2048":false,"trp-custom-language-flag":false,"qubely_landscape":false,"qubely_portrait":false,"qubely_thumbnail":false,"post-thumbnail":false,"kahuna-featured":false,"kahuna-featured-lp":false,"kahuna-featured-half":false,"kahuna-featured-third":false,"kahuna-lpbox-1":false,"kahuna-lpbox-2":false,"demand-language-flag":false,"dddkt-language-flag":false,"ddiqc-language-flag":false,"ddtl-language-flag":false,"mailpoet_newsletter_max":false,"kahuna-lpbox-3":false,"kahuna-featured-square":false,"kahuna-featured-square-large":false},"uagb_author_info":{"display_name":"Michael Zeiler","author_link":"https:\/\/digidem-bayern.de\/en\/author\/michael-zeiler\/"},"uagb_comment_info":0,"uagb_excerpt":"Das Digitale Demenz-Register Bayern Herzlich willkommen auf der Internet-Seite vom \u201eDigitalen Demenz-Register Bayern\u201c. Das \u201eDigitale Demenz-Register Bayern\u201c ist ein Vorhaben von Forschern. \u201eDigital\u201c bedeutet, dass es um ein Vorhaben im Internet geht. Mit \u201eDemenz-Register\u201c ist gemeint: Die Forscher sammeln viele Angaben \u00fcber Demenz-Erkrankungen. Der kurze Name f\u00fcr das Vorhaben ist: &hellip;","_links":{"self":[{"href":"https:\/\/digidem-bayern.de\/en\/wp-json\/wp\/v2\/pages\/2792","targetHints":{"allow":["GET"]}}],"collection":[{"href":"https:\/\/digidem-bayern.de\/en\/wp-json\/wp\/v2\/pages"}],"about":[{"href":"https:\/\/digidem-bayern.de\/en\/wp-json\/wp\/v2\/types\/page"}],"author":[{"embeddable":true,"href":"https:\/\/digidem-bayern.de\/en\/wp-json\/wp\/v2\/users\/11"}],"replies":[{"embeddable":true,"href":"https:\/\/digidem-bayern.de\/en\/wp-json\/wp\/v2\/comments?post=2792"}],"version-history":[{"count":3,"href":"https:\/\/digidem-bayern.de\/en\/wp-json\/wp\/v2\/pages\/2792\/revisions"}],"predecessor-version":[{"id":16382,"href":"https:\/\/digidem-bayern.de\/en\/wp-json\/wp\/v2\/pages\/2792\/revisions\/16382"}],"wp:attachment":[{"href":"https:\/\/digidem-bayern.de\/en\/wp-json\/wp\/v2\/media?parent=2792"}],"curies":[{"name":"wp","href":"https:\/\/api.w.org\/{rel}","templated":true}]}}