{"id":22933,"date":"2022-08-17T09:43:43","date_gmt":"2022-08-17T07:43:43","guid":{"rendered":"https:\/\/digidem-bayern.de\/?page_id=22933"},"modified":"2022-11-09T15:29:52","modified_gmt":"2022-11-09T14:29:52","slug":"pressespiegel","status":"publish","type":"page","link":"https:\/\/digidem-bayern.de\/en\/pressespiegel\/","title":{"rendered":"Press review"},"content":{"rendered":"<p>Lesen Sie in unserer Artikelauswahl, wie Medien \u00fcber digiDEM Bayern berichtet haben.<\/p>\n\n\n<div class=\"wp-block-qubely-postgrid qubely-block-cdd1a7\"><div class=\"qubely-postgrid-wrapper  qubely-postgrid-layout-1\" ><div class=\"qubely-postgrid qubely-post-list-view qubely-postgrid-style-2\"><div class=\"qubely-post-list-wrapper qubely-post-list-center\"><div class=\"qubely-post-list-content\"><h2 class=\"qubely-postgrid-title\"><a href=\"https:\/\/digidem-bayern.de\/en\/ehrenamt-staerkt-die-eigene-geistige-leistungsfaehigkeit-3\/\">Ehrenamt st\u00e4rkt die eigene geistige Leistungsf\u00e4higkeit<\/a><\/h2><div class=\"qubely-postgrid-meta\"><span><i class=\"fas fa-user\"><\/i> By <a href=\"https:\/\/digidem-bayern.de\/en\/author\/hoeratia\/\" title=\"Posts by Ilona H\u00f6rath\" rel=\"author\">Ilona H\u00f6rath<\/a><\/span><span><i class=\"far fa-calendar-alt\"><\/i> 01.08.2023<\/span><span><i class=\"fas fa-comment\"><\/i> 0<\/span><\/div><div class=\"qubely-postgrid-intro\">Ehrenamtlicher Einsatz in der Freizeit tut gut. In: Deutscher Verband Ergotherapie e.V., dve.info, 01. August 2023<\/div><\/div><\/div><\/div><div class=\"qubely-postgrid qubely-post-list-view qubely-postgrid-style-2\"><div class=\"qubely-post-list-wrapper qubely-post-list-center\"><div class=\"qubely-post-list-content\"><h2 class=\"qubely-postgrid-title\"><a href=\"https:\/\/digidem-bayern.de\/en\/erlangen-groesstes-demenzregister-ist-eine-fau-erfindung\/\">Erlangen: Gr\u00f6\u00dftes Demenzregister ist eine FAU-Erfindung<\/a><\/h2><div class=\"qubely-postgrid-meta\"><span><i class=\"fas fa-user\"><\/i> By <a href=\"https:\/\/digidem-bayern.de\/en\/author\/hoeratia\/\" title=\"Posts by Ilona H\u00f6rath\" rel=\"author\">Ilona H\u00f6rath<\/a><\/span><span><i class=\"far fa-calendar-alt\"><\/i> 29.07.2023<\/span><span><i class=\"fas fa-comment\"><\/i> 0<\/span><\/div><div class=\"qubely-postgrid-intro\">Bericht \u00fcber digiDEM Bayern als gr\u00f6\u00dftes Demenzregister Deutschlands. In: nordbayern.de, 29. Juli 2023<\/div><\/div><\/div><\/div><div class=\"qubely-postgrid qubely-post-list-view qubely-postgrid-style-2\"><div class=\"qubely-post-list-wrapper qubely-post-list-center\"><div class=\"qubely-post-list-content\"><h2 class=\"qubely-postgrid-title\"><a href=\"https:\/\/digidem-bayern.de\/en\/grosses-interesse-am-demenzregister-digidem-bayern-2\/\">Gro\u00dfes Interesse am Demenzregister digiDEM Bayern<\/a><\/h2><div class=\"qubely-postgrid-meta\"><span><i class=\"fas fa-user\"><\/i> By <a href=\"https:\/\/digidem-bayern.de\/en\/author\/hoeratia\/\" title=\"Posts by Ilona H\u00f6rath\" rel=\"author\">Ilona H\u00f6rath<\/a><\/span><span><i class=\"far fa-calendar-alt\"><\/i> 25.07.2023<\/span><span><i class=\"fas fa-comment\"><\/i> 0<\/span><\/div><div class=\"qubely-postgrid-intro\">\u00dcber das bundesweit gr\u00f6\u00dfte Demenzregister digiDEM Bayern. In: \u00c4rzteblatt, 25. Juli 2023<\/div><\/div><\/div><\/div><div class=\"qubely-postgrid qubely-post-list-view qubely-postgrid-style-2\"><div class=\"qubely-post-list-wrapper qubely-post-list-center\"><div class=\"qubely-post-list-content\"><h2 class=\"qubely-postgrid-title\"><a href=\"https:\/\/digidem-bayern.de\/en\/grosses-interesse-am-demenzregister-digidem-bayern\/\">Ehrenamt kann geistige Leistungsf\u00e4higkeit st\u00e4rken<\/a><\/h2><div class=\"qubely-postgrid-meta\"><span><i class=\"fas fa-user\"><\/i> By <a href=\"https:\/\/digidem-bayern.de\/en\/author\/hoeratia\/\" title=\"Posts by Ilona H\u00f6rath\" rel=\"author\">Ilona H\u00f6rath<\/a><\/span><span><i class=\"far fa-calendar-alt\"><\/i> 20.07.2023<\/span><span><i class=\"fas fa-comment\"><\/i> 0<\/span><\/div><div class=\"qubely-postgrid-intro\">Bericht \u00fcber die neue digiDEM Bayern-Studie zur Freiwilligenarbeit. In: Mitteldeutscher Rundfunk, mdr WISSEN, 20. Juli 2023<\/div><\/div><\/div><\/div><\/div><div class=\"qubely-postgrid-pagination\"><span aria-current=\"page\" class=\"page-numbers current\">1<\/span>\n<a class=\"page-numbers\" href=\"https:\/\/digidem-bayern.de\/en\/wp-json\/wp\/v2\/pages\/22933\/page\/2\/\">2<\/a>\n<a class=\"page-numbers\" href=\"https:\/\/digidem-bayern.de\/en\/wp-json\/wp\/v2\/pages\/22933\/page\/3\/\">3<\/a>\n<span class=\"page-numbers dots\">&hellip;<\/span>\n<a class=\"page-numbers\" href=\"https:\/\/digidem-bayern.de\/en\/wp-json\/wp\/v2\/pages\/22933\/page\/8\/\">8<\/a>\n<a class=\"next page-numbers\" href=\"https:\/\/digidem-bayern.de\/en\/wp-json\/wp\/v2\/pages\/22933\/page\/2\/\">Next <span class='fas fa-angle-right'><\/span><\/a><\/div><\/div>","protected":false},"excerpt":{"rendered":"<p>Lesen Sie in unserer Artikelauswahl, wie Medien \u00fcber digiDEM Bayern berichtet haben.<\/p>","protected":false},"author":11,"featured_media":0,"parent":0,"menu_order":0,"comment_status":"closed","ping_status":"closed","template":"","meta":{"qubely_global_settings":"","qubely_interactions":"","_uag_custom_page_level_css":"","footnotes":""},"class_list":["post-22933","page","type-page","status-publish","hentry"],"featured_image_urls_v2":{"full":"","thumbnail":"","medium":"","medium_large":"","large":"","1536x1536":"","2048x2048":"","trp-custom-language-flag":"","qubely_landscape":"","qubely_portrait":"","qubely_thumbnail":"","post-thumbnail":"","kahuna-featured":"","kahuna-featured-lp":"","kahuna-featured-half":"","kahuna-featured-third":"","kahuna-lpbox-1":"","kahuna-lpbox-2":"","demand-language-flag":"","dddkt-language-flag":"","ddiqc-language-flag":"","ddtl-language-flag":"","mailpoet_newsletter_max":"","kahuna-lpbox-3":"","kahuna-featured-square":"","kahuna-featured-square-large":""},"post_excerpt_stackable_v2":"<p>Lesen Sie in unserer Artikelauswahl, wie Medien \u00fcber digiDEM Bayern berichtet haben. Ehrenamt st\u00e4rkt die eigene geistige Leistungsf\u00e4higkeit By Ilona H\u00f6rath 01.08.2023 0Ehrenamtlicher Einsatz in der Freizeit tut gut. In: Deutscher Verband Ergotherapie e.V., dve.info, 01. August 2023Erlangen: Gr\u00f6\u00dftes Demenzregister ist eine FAU-Erfindung By Ilona H\u00f6rath 29.07.2023 0Bericht \u00fcber digiDEM Bayern als gr\u00f6\u00dftes Demenzregister Deutschlands. In: nordbayern.de, 29. Juli 2023Gro\u00dfes Interesse am Demenzregister digiDEM Bayern By Ilona H\u00f6rath 25.07.2023 0\u00dcber das bundesweit gr\u00f6\u00dfte Demenzregister digiDEM Bayern. In: \u00c4rzteblatt, 25. Juli 2023Ehrenamt kann geistige Leistungsf\u00e4higkeit st\u00e4rken By Ilona H\u00f6rath 20.07.2023 0Bericht \u00fcber die neue digiDEM Bayern-Studie zur Freiwilligenarbeit. In: Mitteldeutscher Rundfunk,&hellip;<\/p>\n","category_list_v2":"","author_info_v2":{"name":"Michael Zeiler","url":"https:\/\/digidem-bayern.de\/en\/author\/michael-zeiler\/"},"comments_num_v2":"0 comments","yoast_head":"<!-- This site is optimized with the Yoast SEO plugin v27.4 - https:\/\/yoast.com\/product\/yoast-seo-wordpress\/ -->\n<title>Pressespiegel - digiDEM Bayern<\/title>\n<meta name=\"description\" content=\"digiDEM Bayern zielt darauf ab, die Lebensbedingungen von Menschen mit MCI\/Demenz und deren pflegenden An- und Zugeh\u00f6rigen nachhaltig zu verbessern.\" \/>\n<meta name=\"robots\" content=\"index, follow, max-snippet:-1, max-image-preview:large, max-video-preview:-1\" \/>\n<link rel=\"canonical\" href=\"https:\/\/digidem-bayern.de\/en\/pressespiegel\/\" \/>\n<meta property=\"og:locale\" content=\"en_US\" \/>\n<meta property=\"og:type\" content=\"article\" \/>\n<meta property=\"og:title\" content=\"Pressespiegel - digiDEM Bayern\" \/>\n<meta property=\"og:description\" content=\"digiDEM Bayern zielt darauf ab, die Lebensbedingungen von Menschen mit MCI\/Demenz und deren pflegenden An- und Zugeh\u00f6rigen nachhaltig zu verbessern.\" \/>\n<meta property=\"og:url\" content=\"https:\/\/digidem-bayern.de\/en\/pressespiegel\/\" \/>\n<meta property=\"og:site_name\" content=\"digiDEM Bayern\" \/>\n<meta property=\"article:publisher\" content=\"https:\/\/www.facebook.com\/digiDEMBayern\/\" \/>\n<meta property=\"article:modified_time\" content=\"2022-11-09T14:29:52+00:00\" \/>\n<meta property=\"og:image\" content=\"https:\/\/digidem-bayern.de\/wp-content\/uploads\/logo-digidem-digitales-demenzregister-bayern.jpg.png\" \/>\n\t<meta property=\"og:image:width\" content=\"340\" \/>\n\t<meta property=\"og:image:height\" content=\"200\" \/>\n\t<meta property=\"og:image:type\" content=\"image\/png\" \/>\n<script type=\"application\/ld+json\" class=\"yoast-schema-graph\">{\"@context\":\"https:\\\/\\\/schema.org\",\"@graph\":[{\"@type\":\"WebPage\",\"@id\":\"https:\\\/\\\/digidem-bayern.de\\\/pressespiegel\\\/\",\"url\":\"https:\\\/\\\/digidem-bayern.de\\\/pressespiegel\\\/\",\"name\":\"Pressespiegel - digiDEM Bayern\",\"isPartOf\":{\"@id\":\"\\\/#website\"},\"datePublished\":\"2022-08-17T07:43:43+00:00\",\"dateModified\":\"2022-11-09T14:29:52+00:00\",\"description\":\"digiDEM Bayern zielt darauf ab, die Lebensbedingungen von Menschen mit MCI\\\/Demenz und deren pflegenden An- und Zugeh\u00f6rigen nachhaltig zu verbessern.\",\"breadcrumb\":{\"@id\":\"https:\\\/\\\/digidem-bayern.de\\\/pressespiegel\\\/#breadcrumb\"},\"inLanguage\":\"en-US\",\"potentialAction\":[{\"@type\":\"ReadAction\",\"target\":[\"https:\\\/\\\/digidem-bayern.de\\\/pressespiegel\\\/\"]}]},{\"@type\":\"BreadcrumbList\",\"@id\":\"https:\\\/\\\/digidem-bayern.de\\\/pressespiegel\\\/#breadcrumb\",\"itemListElement\":[{\"@type\":\"ListItem\",\"position\":1,\"name\":\"Startseite\",\"item\":\"https:\\\/\\\/digidem-bayern.de\\\/\"},{\"@type\":\"ListItem\",\"position\":2,\"name\":\"Pressespiegel\"}]},{\"@type\":\"WebSite\",\"@id\":\"\\\/#website\",\"url\":\"\\\/\",\"name\":\"digiDEM Bayern\",\"description\":\"Das digitale Demenzregister Bayern erforscht und verbessert die Angebotsstuktur f\u00fcr Menschen mit Demenz und deren Angeh\u00f6rige\",\"publisher\":{\"@id\":\"\\\/#organization\"},\"potentialAction\":[{\"@type\":\"SearchAction\",\"target\":{\"@type\":\"EntryPoint\",\"urlTemplate\":\"\\\/?s={search_term_string}\"},\"query-input\":{\"@type\":\"PropertyValueSpecification\",\"valueRequired\":true,\"valueName\":\"search_term_string\"}}],\"inLanguage\":\"en-US\"},{\"@type\":\"Organization\",\"@id\":\"\\\/#organization\",\"name\":\"digiDEM Bayern\",\"url\":\"\\\/\",\"logo\":{\"@type\":\"ImageObject\",\"inLanguage\":\"en-US\",\"@id\":\"\\\/#\\\/schema\\\/logo\\\/image\\\/\",\"url\":\"https:\\\/\\\/digidem-bayern.de\\\/wp-content\\\/uploads\\\/2022\\\/03\\\/cropped-Allgemeines_digiDEMLOGO-removebg-preview.png\",\"contentUrl\":\"https:\\\/\\\/digidem-bayern.de\\\/wp-content\\\/uploads\\\/2022\\\/03\\\/cropped-Allgemeines_digiDEMLOGO-removebg-preview.png\",\"width\":612,\"height\":357,\"caption\":\"digiDEM Bayern\"},\"image\":{\"@id\":\"\\\/#\\\/schema\\\/logo\\\/image\\\/\"},\"sameAs\":[\"https:\\\/\\\/www.facebook.com\\\/digiDEMBayern\\\/\",\"https:\\\/\\\/x.com\\\/digidem_bayern\",\"https:\\\/\\\/www.instagram.com\\\/digidem.bayern\",\"https:\\\/\\\/www.linkedin.com\\\/company\\\/digidem-bayern\\\/\"]}]}<\/script>\n<!-- \/ Yoast SEO plugin. -->","yoast_head_json":{"title":"Pressespiegel - digiDEM Bayern","description":"digiDEM Bayern zielt darauf ab, die Lebensbedingungen von Menschen mit MCI\/Demenz und deren pflegenden An- und Zugeh\u00f6rigen nachhaltig zu verbessern.","robots":{"index":"index","follow":"follow","max-snippet":"max-snippet:-1","max-image-preview":"max-image-preview:large","max-video-preview":"max-video-preview:-1"},"canonical":"https:\/\/digidem-bayern.de\/en\/pressespiegel\/","og_locale":"en_US","og_type":"article","og_title":"Pressespiegel - digiDEM Bayern","og_description":"digiDEM Bayern zielt darauf ab, die Lebensbedingungen von Menschen mit MCI\/Demenz und deren pflegenden An- und Zugeh\u00f6rigen nachhaltig zu verbessern.","og_url":"https:\/\/digidem-bayern.de\/en\/pressespiegel\/","og_site_name":"digiDEM Bayern","article_publisher":"https:\/\/www.facebook.com\/digiDEMBayern\/","article_modified_time":"2022-11-09T14:29:52+00:00","og_image":[{"width":340,"height":200,"url":"https:\/\/digidem-bayern.de\/wp-content\/uploads\/logo-digidem-digitales-demenzregister-bayern.jpg.png","type":"image\/png"}],"schema":{"@context":"https:\/\/schema.org","@graph":[{"@type":"WebPage","@id":"https:\/\/digidem-bayern.de\/pressespiegel\/","url":"https:\/\/digidem-bayern.de\/pressespiegel\/","name":"Pressespiegel - digiDEM Bayern","isPartOf":{"@id":"\/#website"},"datePublished":"2022-08-17T07:43:43+00:00","dateModified":"2022-11-09T14:29:52+00:00","description":"digiDEM Bayern zielt darauf ab, die Lebensbedingungen von Menschen mit MCI\/Demenz und deren pflegenden An- und Zugeh\u00f6rigen nachhaltig zu verbessern.","breadcrumb":{"@id":"https:\/\/digidem-bayern.de\/pressespiegel\/#breadcrumb"},"inLanguage":"en-US","potentialAction":[{"@type":"ReadAction","target":["https:\/\/digidem-bayern.de\/pressespiegel\/"]}]},{"@type":"BreadcrumbList","@id":"https:\/\/digidem-bayern.de\/pressespiegel\/#breadcrumb","itemListElement":[{"@type":"ListItem","position":1,"name":"Startseite","item":"https:\/\/digidem-bayern.de\/"},{"@type":"ListItem","position":2,"name":"Pressespiegel"}]},{"@type":"WebSite","@id":"\/#website","url":"\/","name":"digiDEM Bavaria","description":"The digital dementia register in Bavaria researches and improves the structure of services for people with dementia and their relatives","publisher":{"@id":"\/#organization"},"potentialAction":[{"@type":"SearchAction","target":{"@type":"EntryPoint","urlTemplate":"\/?s={search_term_string}"},"query-input":{"@type":"PropertyValueSpecification","valueRequired":true,"valueName":"search_term_string"}}],"inLanguage":"en-US"},{"@type":"Organization","@id":"\/#organization","name":"digiDEM Bavaria","url":"\/","logo":{"@type":"ImageObject","inLanguage":"en-US","@id":"\/#\/schema\/logo\/image\/","url":"https:\/\/digidem-bayern.de\/wp-content\/uploads\/2022\/03\/cropped-Allgemeines_digiDEMLOGO-removebg-preview.png","contentUrl":"https:\/\/digidem-bayern.de\/wp-content\/uploads\/2022\/03\/cropped-Allgemeines_digiDEMLOGO-removebg-preview.png","width":612,"height":357,"caption":"digiDEM Bayern"},"image":{"@id":"\/#\/schema\/logo\/image\/"},"sameAs":["https:\/\/www.facebook.com\/digiDEMBayern\/","https:\/\/x.com\/digidem_bayern","https:\/\/www.instagram.com\/digidem.bayern","https:\/\/www.linkedin.com\/company\/digidem-bayern\/"]}]}},"uagb_featured_image_src":{"full":false,"thumbnail":false,"medium":false,"medium_large":false,"large":false,"1536x1536":false,"2048x2048":false,"trp-custom-language-flag":false,"qubely_landscape":false,"qubely_portrait":false,"qubely_thumbnail":false,"post-thumbnail":false,"kahuna-featured":false,"kahuna-featured-lp":false,"kahuna-featured-half":false,"kahuna-featured-third":false,"kahuna-lpbox-1":false,"kahuna-lpbox-2":false,"demand-language-flag":false,"dddkt-language-flag":false,"ddiqc-language-flag":false,"ddtl-language-flag":false,"mailpoet_newsletter_max":false,"kahuna-lpbox-3":false,"kahuna-featured-square":false,"kahuna-featured-square-large":false},"uagb_author_info":{"display_name":"Michael Zeiler","author_link":"https:\/\/digidem-bayern.de\/en\/author\/michael-zeiler\/"},"uagb_comment_info":0,"uagb_excerpt":"Lesen Sie in unserer Artikelauswahl, wie Medien \u00fcber digiDEM Bayern berichtet haben.","_links":{"self":[{"href":"https:\/\/digidem-bayern.de\/en\/wp-json\/wp\/v2\/pages\/22933","targetHints":{"allow":["GET"]}}],"collection":[{"href":"https:\/\/digidem-bayern.de\/en\/wp-json\/wp\/v2\/pages"}],"about":[{"href":"https:\/\/digidem-bayern.de\/en\/wp-json\/wp\/v2\/types\/page"}],"author":[{"embeddable":true,"href":"https:\/\/digidem-bayern.de\/en\/wp-json\/wp\/v2\/users\/11"}],"replies":[{"embeddable":true,"href":"https:\/\/digidem-bayern.de\/en\/wp-json\/wp\/v2\/comments?post=22933"}],"version-history":[{"count":9,"href":"https:\/\/digidem-bayern.de\/en\/wp-json\/wp\/v2\/pages\/22933\/revisions"}],"predecessor-version":[{"id":24568,"href":"https:\/\/digidem-bayern.de\/en\/wp-json\/wp\/v2\/pages\/22933\/revisions\/24568"}],"wp:attachment":[{"href":"https:\/\/digidem-bayern.de\/en\/wp-json\/wp\/v2\/media?parent=22933"}],"curies":[{"name":"wp","href":"https:\/\/api.w.org\/{rel}","templated":true}]}}