{"id":22880,"date":"2022-08-16T13:35:02","date_gmt":"2022-08-16T11:35:02","guid":{"rendered":"https:\/\/digidem-bayern.de\/?page_id=22880"},"modified":"2022-11-09T15:41:29","modified_gmt":"2022-11-09T14:41:29","slug":"pressemitteilungen","status":"publish","type":"page","link":"https:\/\/digidem-bayern.de\/en\/pressemitteilungen\/","title":{"rendered":"Press releases"},"content":{"rendered":"<p>Hier haben wir f\u00fcr Sie unsere Pressemitteilungen zusammengestellt. Bei redaktioneller Nutzung ist der Abdruck der Pressemeldungen sowie des Bildmaterials honorarfrei. Wir freuen uns \u00fcber ein Belegexemplar und \u2013 bei Online-Nutzung \u2013 \u00fcber die Zusendung der jeweiligen URL.<\/p>\n\n\n\n<div style=\"height:15px\" aria-hidden=\"true\" class=\"wp-block-spacer\"><\/div>\n\n\n<div class=\"wp-block-qubely-postgrid qubely-block-ba4392\"><div class=\"qubely-postgrid-wrapper  qubely-postgrid-layout-1\" ><div class=\"qubely-postgrid qubely-post-list-view qubely-postgrid-style-1\"><div class=\"qubely-post-list-wrapper qubely-post-list-center\"><div class=\"qubely-post-list-content\"><h2 class=\"qubely-postgrid-title\"><a href=\"https:\/\/digidem-bayern.de\/en\/digidem-bayern-setzt-meilenstein-fuer-die-demenz-frueherkennung-2\/\">digiDEM Bayern mit Rekordzahl an Demenz-Screeningtagen\u00a0<\/a><\/h2><div class=\"qubely-postgrid-meta\"><span><i class=\"fas fa-user\"><\/i> By <a href=\"https:\/\/digidem-bayern.de\/en\/author\/hoeratia\/\" title=\"Posts by Ilona H\u00f6rath\" rel=\"author\">Ilona H\u00f6rath<\/a><\/span><span><i class=\"far fa-calendar-alt\"><\/i> 13.11.2025<\/span><\/div><div class=\"qubely-postgrid-intro\">Anl\u00e4sslich der 6. Bayerischen Demenzwoche hat das Forschungsprojekt digiDEM Bayern mit der Rekordzahl von 62 Demenz-Screeningtagen im Vergleich zu vergangenen Bayerischen Demenzwochen an Standorten in ganz Bayern einen wesentlichen Beitrag zur Fr\u00fcherkennung von Demenz geleistet. Rund 1.500 Menschen haben die M\u00f6glichkeit genutzt, sich testen zu lassen, davon haben 23 Prozent &hellip;<\/div><div class=\"qubely-postgrid-btn-wrapper\"><a class=\"qubely-postgrid-btn qubely-button-fill is-medium\" href=\"https:\/\/digidem-bayern.de\/en\/digidem-bayern-setzt-meilenstein-fuer-die-demenz-frueherkennung-2\/\">Read more<\/a><\/div><\/div><\/div><\/div><div class=\"qubely-postgrid qubely-post-list-view qubely-postgrid-style-1\"><div class=\"qubely-post-list-wrapper qubely-post-list-center\"><div class=\"qubely-post-list-content\"><h2 class=\"qubely-postgrid-title\"><a href=\"https:\/\/digidem-bayern.de\/en\/digitales-demenzregister-bayern-auf-wachstumskurs\/\">Digitales Demenzregister Bayern auf Wachstumskurs<\/a><\/h2><div class=\"qubely-postgrid-meta\"><span><i class=\"fas fa-user\"><\/i> By <a href=\"https:\/\/digidem-bayern.de\/en\/author\/hoeratia\/\" title=\"Posts by Ilona H\u00f6rath\" rel=\"author\">Ilona H\u00f6rath<\/a><\/span><span><i class=\"far fa-calendar-alt\"><\/i> 30.09.2025<\/span><\/div><div class=\"qubely-postgrid-intro\">digiDEM Bayern schreibt eine Erfolgsgeschichte fort: Mit mehr als 3.000 Teilnehmenden hat das gr\u00f6\u00dfte Demenzregister Deutschlands einen neuen H\u00f6chststand erreicht. Das vom Bayerischen Staatsministerium f\u00fcr Gesundheit, Pflege und Pr\u00e4vention (StMGP) gef\u00f6rderte Leuchtturmprojekt z\u00e4hlt damit zugleich zu den gr\u00f6\u00dften europ\u00e4ischen Vorhaben zur Erfassung von Langzeitdaten <\/div><div class=\"qubely-postgrid-btn-wrapper\"><a class=\"qubely-postgrid-btn qubely-button-fill is-medium\" href=\"https:\/\/digidem-bayern.de\/en\/digitales-demenzregister-bayern-auf-wachstumskurs\/\">Read more<\/a><\/div><\/div><\/div><\/div><div class=\"qubely-postgrid qubely-post-list-view qubely-postgrid-style-1\"><div class=\"qubely-post-list-wrapper qubely-post-list-center\"><div class=\"qubely-post-list-content\"><h2 class=\"qubely-postgrid-title\"><a href=\"https:\/\/digidem-bayern.de\/en\/digidem-bayern-setzt-meilenstein-fuer-die-demenz-frueherkennung\/\">digiDEM Bayern setzt Meilenstein f\u00fcr die Demenz-Fr\u00fcherkennung\u00a0<\/a><\/h2><div class=\"qubely-postgrid-meta\"><span><i class=\"fas fa-user\"><\/i> By <a href=\"https:\/\/digidem-bayern.de\/en\/author\/hoeratia\/\" title=\"Posts by Ilona H\u00f6rath\" rel=\"author\">Ilona H\u00f6rath<\/a><\/span><span><i class=\"far fa-calendar-alt\"><\/i> 04.09.2025<\/span><\/div><div class=\"qubely-postgrid-intro\">Anl\u00e4sslich der 6. Bayerischen Demenzwoche vom 19. bis 28. September 2025 setzt das Forschungsprojekt digiDEM Bayern einen einzigartigen Meilenstein f\u00fcr die Fr\u00fcherkennung von Demenz: B\u00fcrgerinnen und B\u00fcrger k\u00f6nnen in allen bayerischen Regierungsbezirken an 56 Standorten ihre Ged\u00e4chtnisleistung testen lassen \u2013 wohnortnah und kostenfrei. Mit dieser bislang umfangreichsten Welle an Demenz-Screeningtagen &#038;<\/div><div class=\"qubely-postgrid-btn-wrapper\"><a class=\"qubely-postgrid-btn qubely-button-fill is-medium\" href=\"https:\/\/digidem-bayern.de\/en\/digidem-bayern-setzt-meilenstein-fuer-die-demenz-frueherkennung\/\">Read more<\/a><\/div><\/div><\/div><\/div><div class=\"qubely-postgrid qubely-post-list-view qubely-postgrid-style-1\"><div class=\"qubely-post-list-wrapper qubely-post-list-center\"><div class=\"qubely-post-list-content\"><h2 class=\"qubely-postgrid-title\"><a href=\"https:\/\/digidem-bayern.de\/en\/bundesverdienstkreuz-am-bande-fuer-prof-dr-med-elmar-graessel\/\">Bundesverdienstkreuz am Bande f\u00fcr Prof. Dr. med. Elmar Gr\u00e4\u00dfel\u00a0<\/a><\/h2><div class=\"qubely-postgrid-meta\"><span><i class=\"fas fa-user\"><\/i> By <a href=\"https:\/\/digidem-bayern.de\/en\/author\/hoeratia\/\" title=\"Posts by Ilona H\u00f6rath\" rel=\"author\">Ilona H\u00f6rath<\/a><\/span><span><i class=\"far fa-calendar-alt\"><\/i> 30.06.2025<\/span><\/div><div class=\"qubely-postgrid-intro\">Pionier der Demenzversorgung und Angeh\u00f6rigenforschung: F\u00fcr seine herausragenden Leistungen in der Demenzforschung und im Ehrenamt wurde Prof. Dr. med. Elmar Gr\u00e4\u00dfel heute mit dem Verdienstkreuz am Bande des Verdienstordens der Bundesrepublik Deutschland geehrt. Die Auszeichnung \u00fcberreichte der Bayerische Ministerpr\u00e4sident Dr. Markus S\u00f6der an Prof. Dr. med. <\/div><div class=\"qubely-postgrid-btn-wrapper\"><a class=\"qubely-postgrid-btn qubely-button-fill is-medium\" href=\"https:\/\/digidem-bayern.de\/en\/bundesverdienstkreuz-am-bande-fuer-prof-dr-med-elmar-graessel\/\">Read more<\/a><\/div><\/div><\/div><\/div><\/div><div class=\"qubely-postgrid-pagination\"><span aria-current=\"page\" class=\"page-numbers current\">1<\/span>\n<a class=\"page-numbers\" href=\"https:\/\/digidem-bayern.de\/en\/wp-json\/wp\/v2\/pages\/22880\/page\/2\/\">2<\/a>\n<a class=\"page-numbers\" href=\"https:\/\/digidem-bayern.de\/en\/wp-json\/wp\/v2\/pages\/22880\/page\/3\/\">3<\/a>\n<span class=\"page-numbers dots\">&hellip;<\/span>\n<a class=\"page-numbers\" href=\"https:\/\/digidem-bayern.de\/en\/wp-json\/wp\/v2\/pages\/22880\/page\/11\/\">11<\/a>\n<a class=\"next page-numbers\" href=\"https:\/\/digidem-bayern.de\/en\/wp-json\/wp\/v2\/pages\/22880\/page\/2\/\">Next <span class='fas fa-angle-right'><\/span><\/a><\/div><\/div>","protected":false},"excerpt":{"rendered":"<p>Hier haben wir f\u00fcr Sie unsere Pressemitteilungen zusammengestellt. Bei redaktioneller Nutzung ist der Abdruck der Pressemeldungen sowie des Bildmaterials honorarfrei. Wir freuen uns \u00fcber ein Belegexemplar und \u2013 bei Online-Nutzung \u2013 \u00fcber die Zusendung der jeweiligen URL.<\/p>","protected":false},"author":11,"featured_media":0,"parent":0,"menu_order":0,"comment_status":"closed","ping_status":"closed","template":"","meta":{"qubely_global_settings":"","qubely_interactions":"","_uag_custom_page_level_css":"","footnotes":""},"class_list":["post-22880","page","type-page","status-publish","hentry"],"featured_image_urls_v2":{"full":"","thumbnail":"","medium":"","medium_large":"","large":"","1536x1536":"","2048x2048":"","trp-custom-language-flag":"","qubely_landscape":"","qubely_portrait":"","qubely_thumbnail":"","post-thumbnail":"","kahuna-featured":"","kahuna-featured-lp":"","kahuna-featured-half":"","kahuna-featured-third":"","kahuna-lpbox-1":"","kahuna-lpbox-2":"","demand-language-flag":"","dddkt-language-flag":"","ddiqc-language-flag":"","ddtl-language-flag":"","mailpoet_newsletter_max":"","kahuna-lpbox-3":"","kahuna-featured-square":"","kahuna-featured-square-large":""},"post_excerpt_stackable_v2":"<p>Hier haben wir f\u00fcr Sie unsere Pressemitteilungen zusammengestellt. Bei redaktioneller Nutzung ist der Abdruck der Pressemeldungen sowie des Bildmaterials honorarfrei. Wir freuen uns \u00fcber ein Belegexemplar und \u2013 bei Online-Nutzung \u2013 \u00fcber die Zusendung der jeweiligen URL. digiDEM Bayern mit Rekordzahl an Demenz-Screeningtagen\u00a0 By Ilona H\u00f6rath 13.11.2025Anl\u00e4sslich der 6. Bayerischen Demenzwoche hat das Forschungsprojekt digiDEM Bayern mit der Rekordzahl von 62 Demenz-Screeningtagen im Vergleich zu vergangenen Bayerischen Demenzwochen an Standorten in ganz Bayern einen wesentlichen Beitrag zur Fr\u00fcherkennung von Demenz geleistet. Rund 1.500 Menschen haben die M\u00f6glichkeit genutzt, sich testen zu lassen, davon haben 23 Prozent &hellip;WeiterlesenDigitales Demenzregister Bayern auf&hellip;<\/p>\n","category_list_v2":"","author_info_v2":{"name":"Michael Zeiler","url":"https:\/\/digidem-bayern.de\/en\/author\/michael-zeiler\/"},"comments_num_v2":"0 comments","yoast_head":"<!-- This site is optimized with the Yoast SEO plugin v27.4 - https:\/\/yoast.com\/product\/yoast-seo-wordpress\/ -->\n<title>Pressemitteilungen - digiDEM Bayern<\/title>\n<meta name=\"description\" content=\"digiDEM Bayern zielt darauf ab, die Lebensbedingungen von Menschen mit MCI\/Demenz und deren pflegenden An- und Zugeh\u00f6rigen nachhaltig zu verbessern.\" \/>\n<meta name=\"robots\" content=\"index, follow, max-snippet:-1, max-image-preview:large, max-video-preview:-1\" \/>\n<link rel=\"canonical\" href=\"https:\/\/digidem-bayern.de\/en\/pressemitteilungen\/\" \/>\n<meta property=\"og:locale\" content=\"en_US\" \/>\n<meta property=\"og:type\" content=\"article\" \/>\n<meta property=\"og:title\" content=\"Pressemitteilungen - digiDEM Bayern\" \/>\n<meta property=\"og:description\" content=\"digiDEM Bayern zielt darauf ab, die Lebensbedingungen von Menschen mit MCI\/Demenz und deren pflegenden An- und Zugeh\u00f6rigen nachhaltig zu verbessern.\" \/>\n<meta property=\"og:url\" content=\"https:\/\/digidem-bayern.de\/en\/pressemitteilungen\/\" \/>\n<meta property=\"og:site_name\" content=\"digiDEM Bayern\" \/>\n<meta property=\"article:publisher\" content=\"https:\/\/www.facebook.com\/digiDEMBayern\/\" \/>\n<meta property=\"article:modified_time\" content=\"2022-11-09T14:41:29+00:00\" \/>\n<meta property=\"og:image\" content=\"https:\/\/digidem-bayern.de\/wp-content\/uploads\/logo-digidem-digitales-demenzregister-bayern.jpg.png\" \/>\n\t<meta property=\"og:image:width\" content=\"340\" \/>\n\t<meta property=\"og:image:height\" content=\"200\" \/>\n\t<meta property=\"og:image:type\" content=\"image\/png\" \/>\n<script type=\"application\/ld+json\" class=\"yoast-schema-graph\">{\"@context\":\"https:\\\/\\\/schema.org\",\"@graph\":[{\"@type\":\"WebPage\",\"@id\":\"https:\\\/\\\/digidem-bayern.de\\\/pressemitteilungen\\\/\",\"url\":\"https:\\\/\\\/digidem-bayern.de\\\/pressemitteilungen\\\/\",\"name\":\"Pressemitteilungen - digiDEM Bayern\",\"isPartOf\":{\"@id\":\"\\\/#website\"},\"datePublished\":\"2022-08-16T11:35:02+00:00\",\"dateModified\":\"2022-11-09T14:41:29+00:00\",\"description\":\"digiDEM Bayern zielt darauf ab, die Lebensbedingungen von Menschen mit MCI\\\/Demenz und deren pflegenden An- und Zugeh\u00f6rigen nachhaltig zu verbessern.\",\"breadcrumb\":{\"@id\":\"https:\\\/\\\/digidem-bayern.de\\\/pressemitteilungen\\\/#breadcrumb\"},\"inLanguage\":\"en-US\",\"potentialAction\":[{\"@type\":\"ReadAction\",\"target\":[\"https:\\\/\\\/digidem-bayern.de\\\/pressemitteilungen\\\/\"]}]},{\"@type\":\"BreadcrumbList\",\"@id\":\"https:\\\/\\\/digidem-bayern.de\\\/pressemitteilungen\\\/#breadcrumb\",\"itemListElement\":[{\"@type\":\"ListItem\",\"position\":1,\"name\":\"Startseite\",\"item\":\"https:\\\/\\\/digidem-bayern.de\\\/\"},{\"@type\":\"ListItem\",\"position\":2,\"name\":\"Pressemitteilungen\"}]},{\"@type\":\"WebSite\",\"@id\":\"\\\/#website\",\"url\":\"\\\/\",\"name\":\"digiDEM Bayern\",\"description\":\"Das digitale Demenzregister Bayern erforscht und verbessert die Angebotsstuktur f\u00fcr Menschen mit Demenz und deren Angeh\u00f6rige\",\"publisher\":{\"@id\":\"\\\/#organization\"},\"potentialAction\":[{\"@type\":\"SearchAction\",\"target\":{\"@type\":\"EntryPoint\",\"urlTemplate\":\"\\\/?s={search_term_string}\"},\"query-input\":{\"@type\":\"PropertyValueSpecification\",\"valueRequired\":true,\"valueName\":\"search_term_string\"}}],\"inLanguage\":\"en-US\"},{\"@type\":\"Organization\",\"@id\":\"\\\/#organization\",\"name\":\"digiDEM Bayern\",\"url\":\"\\\/\",\"logo\":{\"@type\":\"ImageObject\",\"inLanguage\":\"en-US\",\"@id\":\"\\\/#\\\/schema\\\/logo\\\/image\\\/\",\"url\":\"https:\\\/\\\/digidem-bayern.de\\\/wp-content\\\/uploads\\\/2022\\\/03\\\/cropped-Allgemeines_digiDEMLOGO-removebg-preview.png\",\"contentUrl\":\"https:\\\/\\\/digidem-bayern.de\\\/wp-content\\\/uploads\\\/2022\\\/03\\\/cropped-Allgemeines_digiDEMLOGO-removebg-preview.png\",\"width\":612,\"height\":357,\"caption\":\"digiDEM Bayern\"},\"image\":{\"@id\":\"\\\/#\\\/schema\\\/logo\\\/image\\\/\"},\"sameAs\":[\"https:\\\/\\\/www.facebook.com\\\/digiDEMBayern\\\/\",\"https:\\\/\\\/x.com\\\/digidem_bayern\",\"https:\\\/\\\/www.instagram.com\\\/digidem.bayern\",\"https:\\\/\\\/www.linkedin.com\\\/company\\\/digidem-bayern\\\/\"]}]}<\/script>\n<!-- \/ Yoast SEO plugin. -->","yoast_head_json":{"title":"Pressemitteilungen - digiDEM Bayern","description":"digiDEM Bayern zielt darauf ab, die Lebensbedingungen von Menschen mit MCI\/Demenz und deren pflegenden An- und Zugeh\u00f6rigen nachhaltig zu verbessern.","robots":{"index":"index","follow":"follow","max-snippet":"max-snippet:-1","max-image-preview":"max-image-preview:large","max-video-preview":"max-video-preview:-1"},"canonical":"https:\/\/digidem-bayern.de\/en\/pressemitteilungen\/","og_locale":"en_US","og_type":"article","og_title":"Pressemitteilungen - digiDEM Bayern","og_description":"digiDEM Bayern zielt darauf ab, die Lebensbedingungen von Menschen mit MCI\/Demenz und deren pflegenden An- und Zugeh\u00f6rigen nachhaltig zu verbessern.","og_url":"https:\/\/digidem-bayern.de\/en\/pressemitteilungen\/","og_site_name":"digiDEM Bayern","article_publisher":"https:\/\/www.facebook.com\/digiDEMBayern\/","article_modified_time":"2022-11-09T14:41:29+00:00","og_image":[{"width":340,"height":200,"url":"https:\/\/digidem-bayern.de\/wp-content\/uploads\/logo-digidem-digitales-demenzregister-bayern.jpg.png","type":"image\/png"}],"schema":{"@context":"https:\/\/schema.org","@graph":[{"@type":"WebPage","@id":"https:\/\/digidem-bayern.de\/pressemitteilungen\/","url":"https:\/\/digidem-bayern.de\/pressemitteilungen\/","name":"Pressemitteilungen - digiDEM Bayern","isPartOf":{"@id":"\/#website"},"datePublished":"2022-08-16T11:35:02+00:00","dateModified":"2022-11-09T14:41:29+00:00","description":"digiDEM Bayern zielt darauf ab, die Lebensbedingungen von Menschen mit MCI\/Demenz und deren pflegenden An- und Zugeh\u00f6rigen nachhaltig zu verbessern.","breadcrumb":{"@id":"https:\/\/digidem-bayern.de\/pressemitteilungen\/#breadcrumb"},"inLanguage":"en-US","potentialAction":[{"@type":"ReadAction","target":["https:\/\/digidem-bayern.de\/pressemitteilungen\/"]}]},{"@type":"BreadcrumbList","@id":"https:\/\/digidem-bayern.de\/pressemitteilungen\/#breadcrumb","itemListElement":[{"@type":"ListItem","position":1,"name":"Startseite","item":"https:\/\/digidem-bayern.de\/"},{"@type":"ListItem","position":2,"name":"Pressemitteilungen"}]},{"@type":"WebSite","@id":"\/#website","url":"\/","name":"digiDEM Bavaria","description":"The digital dementia register in Bavaria researches and improves the structure of services for people with dementia and their relatives","publisher":{"@id":"\/#organization"},"potentialAction":[{"@type":"SearchAction","target":{"@type":"EntryPoint","urlTemplate":"\/?s={search_term_string}"},"query-input":{"@type":"PropertyValueSpecification","valueRequired":true,"valueName":"search_term_string"}}],"inLanguage":"en-US"},{"@type":"Organization","@id":"\/#organization","name":"digiDEM Bavaria","url":"\/","logo":{"@type":"ImageObject","inLanguage":"en-US","@id":"\/#\/schema\/logo\/image\/","url":"https:\/\/digidem-bayern.de\/wp-content\/uploads\/2022\/03\/cropped-Allgemeines_digiDEMLOGO-removebg-preview.png","contentUrl":"https:\/\/digidem-bayern.de\/wp-content\/uploads\/2022\/03\/cropped-Allgemeines_digiDEMLOGO-removebg-preview.png","width":612,"height":357,"caption":"digiDEM Bayern"},"image":{"@id":"\/#\/schema\/logo\/image\/"},"sameAs":["https:\/\/www.facebook.com\/digiDEMBayern\/","https:\/\/x.com\/digidem_bayern","https:\/\/www.instagram.com\/digidem.bayern","https:\/\/www.linkedin.com\/company\/digidem-bayern\/"]}]}},"uagb_featured_image_src":{"full":false,"thumbnail":false,"medium":false,"medium_large":false,"large":false,"1536x1536":false,"2048x2048":false,"trp-custom-language-flag":false,"qubely_landscape":false,"qubely_portrait":false,"qubely_thumbnail":false,"post-thumbnail":false,"kahuna-featured":false,"kahuna-featured-lp":false,"kahuna-featured-half":false,"kahuna-featured-third":false,"kahuna-lpbox-1":false,"kahuna-lpbox-2":false,"demand-language-flag":false,"dddkt-language-flag":false,"ddiqc-language-flag":false,"ddtl-language-flag":false,"mailpoet_newsletter_max":false,"kahuna-lpbox-3":false,"kahuna-featured-square":false,"kahuna-featured-square-large":false},"uagb_author_info":{"display_name":"Michael Zeiler","author_link":"https:\/\/digidem-bayern.de\/en\/author\/michael-zeiler\/"},"uagb_comment_info":0,"uagb_excerpt":"Hier haben wir f\u00fcr Sie unsere Pressemitteilungen zusammengestellt. Bei redaktioneller Nutzung ist der Abdruck der Pressemeldungen sowie des Bildmaterials honorarfrei. Wir freuen uns \u00fcber ein Belegexemplar und \u2013 bei Online-Nutzung \u2013 \u00fcber die Zusendung der jeweiligen URL.","_links":{"self":[{"href":"https:\/\/digidem-bayern.de\/en\/wp-json\/wp\/v2\/pages\/22880","targetHints":{"allow":["GET"]}}],"collection":[{"href":"https:\/\/digidem-bayern.de\/en\/wp-json\/wp\/v2\/pages"}],"about":[{"href":"https:\/\/digidem-bayern.de\/en\/wp-json\/wp\/v2\/types\/page"}],"author":[{"embeddable":true,"href":"https:\/\/digidem-bayern.de\/en\/wp-json\/wp\/v2\/users\/11"}],"replies":[{"embeddable":true,"href":"https:\/\/digidem-bayern.de\/en\/wp-json\/wp\/v2\/comments?post=22880"}],"version-history":[{"count":5,"href":"https:\/\/digidem-bayern.de\/en\/wp-json\/wp\/v2\/pages\/22880\/revisions"}],"predecessor-version":[{"id":24575,"href":"https:\/\/digidem-bayern.de\/en\/wp-json\/wp\/v2\/pages\/22880\/revisions\/24575"}],"wp:attachment":[{"href":"https:\/\/digidem-bayern.de\/en\/wp-json\/wp\/v2\/media?parent=22880"}],"curies":[{"name":"wp","href":"https:\/\/api.w.org\/{rel}","templated":true}]}}