{"id":218,"date":"2019-03-27T13:29:15","date_gmt":"2019-03-27T12:29:15","guid":{"rendered":"https:\/\/digidem-bayern.de\/?page_id=218"},"modified":"2026-03-24T13:39:18","modified_gmt":"2026-03-24T12:39:18","slug":"impressum","status":"publish","type":"page","link":"https:\/\/digidem-bayern.de\/en\/impressum\/","title":{"rendered":"Imprint"},"content":{"rendered":"<h3>Hinweis nach \u00a7 5 TMG<\/h3>\n<p>Die nachstehenden Informationen enthalten die gesetzlich vorgesehenen Pflichtangaben zur Anbieterkennzeichnung auf der Internet-Pr\u00e4senz des Vereins Medical Valley EMN e.V.<\/p>\n<h3>Anbieter<\/h3>\n<p>Medical Valley EMN e. V.<br \/>\nHenkestra\u00dfe 91<br \/>\n91052 Erlangen<\/p>\n<p>Fon: +49 9131\/91617-0<br \/>\nFax: +49 9131\/91617-18<br \/>\nE-Mail: team(a)medical-valley-emn.de<\/p>\n<h3>Vertretungsberechtigte<\/h3>\n<p>Der Vorstand vertritt den Verein gerichtlich und au\u00dfergerichtlich.<br \/>\nDer Vorstand und seine Stellvertreter haben jeweils Einzelvertretungsbefugnis.<\/p>\n<h3><\/h3>\n<h3><strong>Vorstand<\/strong><\/h3>\n<p><strong>Marco Wendel<br \/>\n<\/strong><em>Gesch\u00e4ftsf\u00fchrender Vorstand<\/em><\/p>\n<p><strong>Felix Winter\u200b<br \/>\n<\/strong><em>Gesch\u00e4ftsf\u00fchrender Vorstand\u00a0<\/em><\/p>\n<h3><\/h3>\n<h3>Vereinsregister<\/h3>\n<p>Der Verein Medical Valley EMN e.V. ist im Vereinsregister des Amtgerichts F\u00fcrth unter der Registernummer 200097 eingetragen.<\/p>\n<h3>Verantwortlich f\u00fcr den Inhalt gem\u00e4\u00df \u00a7 55 Absatz 2 RStV:<\/h3>\n<p>Marco Wendel<br \/>\nc\/o Medical Valley EMN e. V.<br \/>\nHenkestra\u00dfe 91<br \/>\n91052 Erlangen<\/p>\n<h3><\/h3>\n<h3>Copyright<\/h3>\n<p>Texte, Bilder, Grafiken sowie Gestaltung und Layout dieser Seiten unterliegen weltweitem Urheberrecht. Unerlaubte Verwendung, Reproduktion oder Weitergabe einzelner Inhalte oder kompletter Seiten werden sowohl straf- als auch zivilrechtlich verfolgt. Dabei sind allein nach deutschem Zivilrecht Unterlassung und Schadenersatz, \u00dcberlassung oder Vernichtung der Vervielf\u00e4ltigungsvorrichtungen sowie die \u00f6ffentliche Bekanntmachung des Urteils m\u00f6glich. Unterlassungsanspr\u00fcche werden vom Gericht mit Ordnungsgeldern bis zu 250.000,00 EUR oder Ordnungshaft bis zu sechs Monaten gesichert. Bei strafrechtlicher Verfolgung drohen im Einzelfall Freiheitsstrafen bis zu 5 Jahren. Die Rechtsverfolgung nach Rechtsordnungen anderer L\u00e4nder ist m\u00f6glich und kann noch drastischere Konsequenzen nach sich ziehen.<\/p>\n<h3>Haftung<\/h3>\n<p>Die Inhalte dieser Webseite werden mit gr\u00f6\u00dftm\u00f6glicher Sorgfalt erstellt. Der Medical Valley EMN e.V. \u00fcbernimmt jedoch keine Gew\u00e4hr f\u00fcr die Richtigkeit, Vollst\u00e4ndigkeit und Aktualit\u00e4t der bereitgestellten Inhalte.<\/p>\n<h3>Hinweis zur Problematik von externen Querverweisen<\/h3>\n<p>Der Verein Medical Valley EMN e.V. ist als Inhaltsanbieter f\u00fcr die \u201eeigenen Inhalte\u201c, die er zur Nutzung bereith\u00e4lt, nach den allgemeinen Gesetzen verantwortlich. Von diesen eigenen Inhalten sind Querverweise (\u201eLinks\u201c) auf die von anderen Anbietern bereitgehaltenen Inhalte zu unterscheiden. Durch den Querverweis h\u00e4lt der Verein Medical Valley EMN e.V. insofern \u201efremde Inhalte\u201c zur Nutzung bereit. F\u00fcr diese fremden Inhalte ist er nur dann verantwortlich, wenn er von ihnen (d.h. auch von einem rechtswidrigen bzw. strafbaren Inhalt) positive Kenntnis hat und es ihm technisch m\u00f6glich und zumutbar ist, deren Nutzung zu verhindern.<br \/>\nBei Querverweisen handelt es sich allerdings stets um \u201elebende\u201c (dynamische) Verweisungen. Der Verein Medical Valley EMN e.V. hat bei der erstmaligen Verkn\u00fcpfung zwar den fremden Inhalt daraufhin \u00fcberpr\u00fcft, ob durch ihn eine m\u00f6gliche zivilrechtliche oder strafrechtliche Verantwortlichkeit ausgel\u00f6st wird. Er ist aber nach dem Gesetz nicht dazu verpflichtet, die Inhalte, auf die er in seinem Angebot verweist, st\u00e4ndig auf Ver\u00e4nderungen zu \u00fcberpr\u00fcfen, die eine Verantwortlichkeit neu begr\u00fcnden k\u00f6nnten. Erst wenn er feststellt oder von anderen darauf hingewiesen wird, dass ein konkretes Angebot, zu dem er einen Querverweis bereitgestellt hat, eine zivil- oder strafrechtliche Verantwortlichkeit ausl\u00f6st, wird er den Verweis auf dieses Angebot aufheben, soweit ihm dies technisch m\u00f6glich und zumutbar ist.<\/p>\n<h3>Elektronische Post (E-Mail)<\/h3>\n<p>Die Daten\u00fcbertragung im Internet birgt (noch) Risiken: Informationen, die Sie unverschl\u00fcsselt per Elektronische Post (E-Mail) an den Verein Medical Valley EMN e.V. schicken, k\u00f6nnen von Dritten unterwegs gelesen, gespeichert und zweckentfremdet werden. Senden Sie also keine vertraulichen Informationen ohne Verwendung eines Verschl\u00fcsselungsprogramms.<\/p>\n<h3>Bildnachweise<\/h3>\n<p>Mit freundlicher Unterst\u00fctzung der Mitglieder und Partner des Medical Valley EMN e.V.: Siemens AG, Fraunhofer IIS, Diakonie Neuendettelsau, Prof. Martin Fromm, Rainer Windhorst, Peter Roggenthin, Birke und Partner GmbH, Prof. Renke Maas, Eickhardt S\u00f6der.<\/p>\n<p>Titelbild: <a href=\"https:\/\/pixabay.com\/de\/users\/thedigitalartist-202249\/\">Pete Linforth<\/a> auf <a href=\"https:\/\/pixabay.com\/de\">Pixabay<\/a><\/p>\n<p>Weitere Bilder: Pixabay, Freepik, Pexels, Shutterstock. Einzelbildnachweise auf Wunsch<\/p>","protected":false},"excerpt":{"rendered":"<p>Hinweis nach \u00a7 5 TMG Die nachstehenden Informationen enthalten die gesetzlich vorgesehenen Pflichtangaben zur Anbieterkennzeichnung auf der Internet-Pr\u00e4senz des Vereins Medical Valley EMN e.V. Anbieter Medical Valley EMN e. V. Henkestra\u00dfe 91 91052 Erlangen Fon: +49 9131\/91617-0 Fax: +49 9131\/91617-18 E-Mail: team(a)medical-valley-emn.de Vertretungsberechtigte Der Vorstand vertritt den Verein gerichtlich und &hellip;<\/p>","protected":false},"author":11,"featured_media":0,"parent":0,"menu_order":0,"comment_status":"closed","ping_status":"closed","template":"","meta":{"qubely_global_settings":"","qubely_interactions":"","_uag_custom_page_level_css":"","footnotes":""},"class_list":["post-218","page","type-page","status-publish","hentry"],"featured_image_urls_v2":{"full":"","thumbnail":"","medium":"","medium_large":"","large":"","1536x1536":"","2048x2048":"","trp-custom-language-flag":"","qubely_landscape":"","qubely_portrait":"","qubely_thumbnail":"","post-thumbnail":"","kahuna-featured":"","kahuna-featured-lp":"","kahuna-featured-half":"","kahuna-featured-third":"","kahuna-lpbox-1":"","kahuna-lpbox-2":"","demand-language-flag":"","dddkt-language-flag":"","ddiqc-language-flag":"","ddtl-language-flag":"","mailpoet_newsletter_max":"","kahuna-lpbox-3":"","kahuna-featured-square":"","kahuna-featured-square-large":""},"post_excerpt_stackable_v2":"<p>Hinweis nach \u00a7 5 TMG Die nachstehenden Informationen enthalten die gesetzlich vorgesehenen Pflichtangaben zur Anbieterkennzeichnung auf der Internet-Pr\u00e4senz des Vereins Medical Valley EMN e.V. Anbieter Medical Valley EMN e. V. Henkestra\u00dfe 91 91052 Erlangen Fon: +49 9131\/91617-0 Fax: +49 9131\/91617-18 E-Mail: team(a)medical-valley-emn.de Vertretungsberechtigte Der Vorstand vertritt den Verein gerichtlich und au\u00dfergerichtlich. Der Vorstand und seine Stellvertreter haben jeweils Einzelvertretungsbefugnis. Vorstand Marco Wendel Gesch\u00e4ftsf\u00fchrender Vorstand Felix Winter\u200b Gesch\u00e4ftsf\u00fchrender Vorstand\u00a0 Vereinsregister Der Verein Medical Valley EMN e.V. ist im Vereinsregister des Amtgerichts F\u00fcrth unter der Registernummer 200097 eingetragen. Verantwortlich f\u00fcr den Inhalt gem\u00e4\u00df \u00a7 55 Absatz 2 RStV: Marco Wendel c\/o Medical&hellip;<\/p>\n","category_list_v2":"","author_info_v2":{"name":"Michael Zeiler","url":"https:\/\/digidem-bayern.de\/en\/author\/michael-zeiler\/"},"comments_num_v2":"0 comments","yoast_head":"<!-- This site is optimized with the Yoast SEO plugin v27.4 - https:\/\/yoast.com\/product\/yoast-seo-wordpress\/ -->\n<title>Impressum - digiDEM Bayern<\/title>\n<meta name=\"description\" content=\"digiDEM Bayern zielt darauf ab, die Lebensbedingungen von Menschen mit MCI\/Demenz und deren pflegenden An- und Zugeh\u00f6rigen nachhaltig zu verbessern.\" \/>\n<meta name=\"robots\" content=\"index, follow, max-snippet:-1, max-image-preview:large, max-video-preview:-1\" \/>\n<link rel=\"canonical\" href=\"https:\/\/digidem-bayern.de\/en\/impressum\/\" \/>\n<meta property=\"og:locale\" content=\"en_US\" \/>\n<meta property=\"og:type\" content=\"article\" \/>\n<meta property=\"og:title\" content=\"Impressum - digiDEM Bayern\" \/>\n<meta property=\"og:description\" content=\"digiDEM Bayern zielt darauf ab, die Lebensbedingungen von Menschen mit MCI\/Demenz und deren pflegenden An- und Zugeh\u00f6rigen nachhaltig zu verbessern.\" \/>\n<meta property=\"og:url\" content=\"https:\/\/digidem-bayern.de\/en\/impressum\/\" \/>\n<meta property=\"og:site_name\" content=\"digiDEM Bayern\" \/>\n<meta property=\"article:publisher\" content=\"https:\/\/www.facebook.com\/digiDEMBayern\/\" \/>\n<meta property=\"article:modified_time\" content=\"2026-03-24T12:39:18+00:00\" \/>\n<meta property=\"og:image\" content=\"https:\/\/digidem-bayern.de\/wp-content\/uploads\/logo-digidem-digitales-demenzregister-bayern.jpg.png\" \/>\n\t<meta property=\"og:image:width\" content=\"340\" \/>\n\t<meta property=\"og:image:height\" content=\"200\" \/>\n\t<meta property=\"og:image:type\" content=\"image\/png\" \/>\n<meta name=\"twitter:label1\" content=\"Est. reading time\" \/>\n\t<meta name=\"twitter:data1\" content=\"3 minutes\" \/>\n<script type=\"application\/ld+json\" class=\"yoast-schema-graph\">{\"@context\":\"https:\\\/\\\/schema.org\",\"@graph\":[{\"@type\":\"WebPage\",\"@id\":\"https:\\\/\\\/digidem-bayern.de\\\/impressum\\\/\",\"url\":\"https:\\\/\\\/digidem-bayern.de\\\/impressum\\\/\",\"name\":\"Impressum - digiDEM Bayern\",\"isPartOf\":{\"@id\":\"\\\/#website\"},\"datePublished\":\"2019-03-27T12:29:15+00:00\",\"dateModified\":\"2026-03-24T12:39:18+00:00\",\"description\":\"digiDEM Bayern zielt darauf ab, die Lebensbedingungen von Menschen mit MCI\\\/Demenz und deren pflegenden An- und Zugeh\u00f6rigen nachhaltig zu verbessern.\",\"breadcrumb\":{\"@id\":\"https:\\\/\\\/digidem-bayern.de\\\/impressum\\\/#breadcrumb\"},\"inLanguage\":\"en-US\",\"potentialAction\":[{\"@type\":\"ReadAction\",\"target\":[\"https:\\\/\\\/digidem-bayern.de\\\/impressum\\\/\"]}]},{\"@type\":\"BreadcrumbList\",\"@id\":\"https:\\\/\\\/digidem-bayern.de\\\/impressum\\\/#breadcrumb\",\"itemListElement\":[{\"@type\":\"ListItem\",\"position\":1,\"name\":\"Startseite\",\"item\":\"https:\\\/\\\/digidem-bayern.de\\\/\"},{\"@type\":\"ListItem\",\"position\":2,\"name\":\"Impressum\"}]},{\"@type\":\"WebSite\",\"@id\":\"\\\/#website\",\"url\":\"\\\/\",\"name\":\"digiDEM Bayern\",\"description\":\"Das digitale Demenzregister Bayern erforscht und verbessert die Angebotsstuktur f\u00fcr Menschen mit Demenz und deren Angeh\u00f6rige\",\"publisher\":{\"@id\":\"\\\/#organization\"},\"potentialAction\":[{\"@type\":\"SearchAction\",\"target\":{\"@type\":\"EntryPoint\",\"urlTemplate\":\"\\\/?s={search_term_string}\"},\"query-input\":{\"@type\":\"PropertyValueSpecification\",\"valueRequired\":true,\"valueName\":\"search_term_string\"}}],\"inLanguage\":\"en-US\"},{\"@type\":\"Organization\",\"@id\":\"\\\/#organization\",\"name\":\"digiDEM Bayern\",\"url\":\"\\\/\",\"logo\":{\"@type\":\"ImageObject\",\"inLanguage\":\"en-US\",\"@id\":\"\\\/#\\\/schema\\\/logo\\\/image\\\/\",\"url\":\"https:\\\/\\\/digidem-bayern.de\\\/wp-content\\\/uploads\\\/2022\\\/03\\\/cropped-Allgemeines_digiDEMLOGO-removebg-preview.png\",\"contentUrl\":\"https:\\\/\\\/digidem-bayern.de\\\/wp-content\\\/uploads\\\/2022\\\/03\\\/cropped-Allgemeines_digiDEMLOGO-removebg-preview.png\",\"width\":612,\"height\":357,\"caption\":\"digiDEM Bayern\"},\"image\":{\"@id\":\"\\\/#\\\/schema\\\/logo\\\/image\\\/\"},\"sameAs\":[\"https:\\\/\\\/www.facebook.com\\\/digiDEMBayern\\\/\",\"https:\\\/\\\/x.com\\\/digidem_bayern\",\"https:\\\/\\\/www.instagram.com\\\/digidem.bayern\",\"https:\\\/\\\/www.linkedin.com\\\/company\\\/digidem-bayern\\\/\"]}]}<\/script>\n<!-- \/ Yoast SEO plugin. -->","yoast_head_json":{"title":"Impressum - digiDEM Bayern","description":"digiDEM Bayern zielt darauf ab, die Lebensbedingungen von Menschen mit MCI\/Demenz und deren pflegenden An- und Zugeh\u00f6rigen nachhaltig zu verbessern.","robots":{"index":"index","follow":"follow","max-snippet":"max-snippet:-1","max-image-preview":"max-image-preview:large","max-video-preview":"max-video-preview:-1"},"canonical":"https:\/\/digidem-bayern.de\/en\/impressum\/","og_locale":"en_US","og_type":"article","og_title":"Impressum - digiDEM Bayern","og_description":"digiDEM Bayern zielt darauf ab, die Lebensbedingungen von Menschen mit MCI\/Demenz und deren pflegenden An- und Zugeh\u00f6rigen nachhaltig zu verbessern.","og_url":"https:\/\/digidem-bayern.de\/en\/impressum\/","og_site_name":"digiDEM Bayern","article_publisher":"https:\/\/www.facebook.com\/digiDEMBayern\/","article_modified_time":"2026-03-24T12:39:18+00:00","og_image":[{"width":340,"height":200,"url":"https:\/\/digidem-bayern.de\/wp-content\/uploads\/logo-digidem-digitales-demenzregister-bayern.jpg.png","type":"image\/png"}],"twitter_misc":{"Est. reading time":"3 minutes"},"schema":{"@context":"https:\/\/schema.org","@graph":[{"@type":"WebPage","@id":"https:\/\/digidem-bayern.de\/impressum\/","url":"https:\/\/digidem-bayern.de\/impressum\/","name":"Impressum - digiDEM Bayern","isPartOf":{"@id":"\/#website"},"datePublished":"2019-03-27T12:29:15+00:00","dateModified":"2026-03-24T12:39:18+00:00","description":"digiDEM Bayern zielt darauf ab, die Lebensbedingungen von Menschen mit MCI\/Demenz und deren pflegenden An- und Zugeh\u00f6rigen nachhaltig zu verbessern.","breadcrumb":{"@id":"https:\/\/digidem-bayern.de\/impressum\/#breadcrumb"},"inLanguage":"en-US","potentialAction":[{"@type":"ReadAction","target":["https:\/\/digidem-bayern.de\/impressum\/"]}]},{"@type":"BreadcrumbList","@id":"https:\/\/digidem-bayern.de\/impressum\/#breadcrumb","itemListElement":[{"@type":"ListItem","position":1,"name":"Startseite","item":"https:\/\/digidem-bayern.de\/"},{"@type":"ListItem","position":2,"name":"Impressum"}]},{"@type":"WebSite","@id":"\/#website","url":"\/","name":"digiDEM Bavaria","description":"The digital dementia register in Bavaria researches and improves the structure of services for people with dementia and their relatives","publisher":{"@id":"\/#organization"},"potentialAction":[{"@type":"SearchAction","target":{"@type":"EntryPoint","urlTemplate":"\/?s={search_term_string}"},"query-input":{"@type":"PropertyValueSpecification","valueRequired":true,"valueName":"search_term_string"}}],"inLanguage":"en-US"},{"@type":"Organization","@id":"\/#organization","name":"digiDEM Bavaria","url":"\/","logo":{"@type":"ImageObject","inLanguage":"en-US","@id":"\/#\/schema\/logo\/image\/","url":"https:\/\/digidem-bayern.de\/wp-content\/uploads\/2022\/03\/cropped-Allgemeines_digiDEMLOGO-removebg-preview.png","contentUrl":"https:\/\/digidem-bayern.de\/wp-content\/uploads\/2022\/03\/cropped-Allgemeines_digiDEMLOGO-removebg-preview.png","width":612,"height":357,"caption":"digiDEM Bayern"},"image":{"@id":"\/#\/schema\/logo\/image\/"},"sameAs":["https:\/\/www.facebook.com\/digiDEMBayern\/","https:\/\/x.com\/digidem_bayern","https:\/\/www.instagram.com\/digidem.bayern","https:\/\/www.linkedin.com\/company\/digidem-bayern\/"]}]}},"uagb_featured_image_src":{"full":false,"thumbnail":false,"medium":false,"medium_large":false,"large":false,"1536x1536":false,"2048x2048":false,"trp-custom-language-flag":false,"qubely_landscape":false,"qubely_portrait":false,"qubely_thumbnail":false,"post-thumbnail":false,"kahuna-featured":false,"kahuna-featured-lp":false,"kahuna-featured-half":false,"kahuna-featured-third":false,"kahuna-lpbox-1":false,"kahuna-lpbox-2":false,"demand-language-flag":false,"dddkt-language-flag":false,"ddiqc-language-flag":false,"ddtl-language-flag":false,"mailpoet_newsletter_max":false,"kahuna-lpbox-3":false,"kahuna-featured-square":false,"kahuna-featured-square-large":false},"uagb_author_info":{"display_name":"Michael Zeiler","author_link":"https:\/\/digidem-bayern.de\/en\/author\/michael-zeiler\/"},"uagb_comment_info":0,"uagb_excerpt":"Hinweis nach \u00a7 5 TMG Die nachstehenden Informationen enthalten die gesetzlich vorgesehenen Pflichtangaben zur Anbieterkennzeichnung auf der Internet-Pr\u00e4senz des Vereins Medical Valley EMN e.V. Anbieter Medical Valley EMN e. V. Henkestra\u00dfe 91 91052 Erlangen Fon: +49 9131\/91617-0 Fax: +49 9131\/91617-18 E-Mail: team(a)medical-valley-emn.de Vertretungsberechtigte Der Vorstand vertritt den Verein gerichtlich und &hellip;","_links":{"self":[{"href":"https:\/\/digidem-bayern.de\/en\/wp-json\/wp\/v2\/pages\/218","targetHints":{"allow":["GET"]}}],"collection":[{"href":"https:\/\/digidem-bayern.de\/en\/wp-json\/wp\/v2\/pages"}],"about":[{"href":"https:\/\/digidem-bayern.de\/en\/wp-json\/wp\/v2\/types\/page"}],"author":[{"embeddable":true,"href":"https:\/\/digidem-bayern.de\/en\/wp-json\/wp\/v2\/users\/11"}],"replies":[{"embeddable":true,"href":"https:\/\/digidem-bayern.de\/en\/wp-json\/wp\/v2\/comments?post=218"}],"version-history":[{"count":6,"href":"https:\/\/digidem-bayern.de\/en\/wp-json\/wp\/v2\/pages\/218\/revisions"}],"predecessor-version":[{"id":48571,"href":"https:\/\/digidem-bayern.de\/en\/wp-json\/wp\/v2\/pages\/218\/revisions\/48571"}],"wp:attachment":[{"href":"https:\/\/digidem-bayern.de\/en\/wp-json\/wp\/v2\/media?parent=218"}],"curies":[{"name":"wp","href":"https:\/\/api.w.org\/{rel}","templated":true}]}}