{"id":19970,"date":"2022-05-19T08:19:33","date_gmt":"2022-05-19T06:19:33","guid":{"rendered":"https:\/\/digidem-bayern.de\/?p=19970"},"modified":"2022-06-15T13:22:17","modified_gmt":"2022-06-15T11:22:17","slug":"digitales-angebot-digidem-dialog","status":"publish","type":"page","link":"https:\/\/digidem-bayern.de\/en\/digitales-angebot-digidem-dialog\/","title":{"rendered":"Digitales Angebot: digiDEM Dialog"},"content":{"rendered":"<p id=\"forschungspartner-innen-aus-ganz-bayern-befragen-zurzeit-menschen-mit-demenz-oder-leichten-kognitiven-beeeintrachtigungen-mci-und-pflegende-angehorige-fur-digidem-bayern-um-sie-so-gut-wie-moglich-zu-unterstutzen-und-zu-begleiten-bieten-wir-regelmassig-eine-offene-video-gesprachsrunde-an-den-digidem-dialog\">Forschungspartner*innen aus ganz Bayern befragen zurzeit Menschen mit Demenz oder leichten kognitiven Beeintr\u00e4chtigungen (MCI) und pflegende Angeh\u00f6rige f\u00fcr digiDEM Bayern. Um sie so gut wie m\u00f6glich zu unterst\u00fctzen und zu begleiten, bieten wir regelm\u00e4\u00dfig eine offene Video-Gespr\u00e4chsrunde an: den \u201cdigiDEM Dialog\u201d. Im &#8222;digiDEM Dialog&#8220; k\u00f6nnen sich Forschungspartner*innen untereinander und mit dem digiDEM Bayern-Team unkompliziert und locker austauschen. Forschungspartner*innen k\u00f6nnen hier offene Fragen kl\u00e4ren und \u00fcber m\u00f6gliche Herausforderungen sprechen. Dazu laden wir erfahrene Forschungspartner*innen als Gespr\u00e4chspartner*innen ein, die bereits Befragungen durchgef\u00fchrt haben und von ihren Erfahrungen berichten. <\/p>\n\n\n\n<div style=\"height:10px\" aria-hidden=\"true\" class=\"wp-block-spacer\"><\/div>\n\n\n\n<div class=\"wp-block-media-text alignwide is-stacked-on-mobile\" style=\"grid-template-columns:27% auto\"><figure class=\"wp-block-media-text__media\"><img loading=\"lazy\" decoding=\"async\" width=\"1030\" height=\"1018\" src=\"https:\/\/digidem-bayern.de\/wp-content\/uploads\/2020\/08\/connections-2099068_12801-1030x1018.png\" alt=\"Symbolgrafik: Miteinander verbundene K\u00f6pfe\" class=\"wp-image-6577 size-full\" srcset=\"https:\/\/digidem-bayern.de\/wp-content\/uploads\/2020\/08\/connections-2099068_12801-1030x1018.png 1030w, https:\/\/digidem-bayern.de\/wp-content\/uploads\/2020\/08\/connections-2099068_12801-300x296.png 300w, https:\/\/digidem-bayern.de\/wp-content\/uploads\/2020\/08\/connections-2099068_12801-80x80.png 80w, https:\/\/digidem-bayern.de\/wp-content\/uploads\/2020\/08\/connections-2099068_12801-768x759.png 768w, https:\/\/digidem-bayern.de\/wp-content\/uploads\/2020\/08\/connections-2099068_12801-354x350.png 354w, https:\/\/digidem-bayern.de\/wp-content\/uploads\/2020\/08\/connections-2099068_12801.png 1280w\" sizes=\"auto, (max-width: 1030px) 100vw, 1030px\" \/><\/figure><div class=\"wp-block-media-text__content\">\n<p class=\"has-large-font-size\">Inhalte:<\/p>\n\n\n\n<ul class=\"wp-block-list\"><li>Wie gehe ich mit Herausforderungen um?<\/li><li>Wie spreche ich Teilnehmende an? <\/li><li>Wie wird das Screening durchgef\u00fchrt?<\/li><li>Was muss ich bei der Vorbereitung und Durchf\u00fchrung von Befragungen beachten?<\/li><li>Wie nutze ich mein Netzwerk?<\/li><li>Worauf ist bei der digitalen Dateneingabe zu achten?<\/li><\/ul>\n<\/div><\/div>\n\n\n\n<div style=\"height:30px\" aria-hidden=\"true\" class=\"wp-block-spacer\"><\/div>\n\n\n\n<p class=\"has-text-color has-background\" style=\"background-color:#f4f4f4;color:#132f3a\"><strong>Teilnahme:<\/strong><\/p>\n\n\n\n<p>Wir laden alle Forschungspartner*innen herzlich zum monatlichen \u201cdigiDEM Dialog\u201d ein.<\/p>\n\n\n\n<p>Die Teilnahme ist ohne Anmeldung m\u00f6glich. <\/p>\n\n\n\n<p>Ihre Einladung erhalten Sie per E-Mail.<\/p>\n\n\n\n<p>Plattform: Zoom (Den Einladungslink finden Sie in unserem internen Bereich f\u00fcr Forschungspartner.) <\/p>\n\n\n\n<p>Bei Fragen k\u00f6nnen Sie sich gerne an Ihre zust\u00e4ndigen Regionalverantwortlichen wenden.<\/p>","protected":false},"excerpt":{"rendered":"<p>Forschungspartner*innen aus ganz Bayern befragen zurzeit Menschen mit Demenz oder leichten kognitiven Beeintr\u00e4chtigungen (MCI) und pflegende Angeh\u00f6rige f\u00fcr digiDEM Bayern. Um sie so gut wie m\u00f6glich zu unterst\u00fctzen und zu begleiten, bieten wir regelm\u00e4\u00dfig eine offene Video-Gespr\u00e4chsrunde an: den \u201cdigiDEM Dialog\u201d. Im &#8222;digiDEM Dialog&#8220; k\u00f6nnen sich Forschungspartner*innen untereinander und mit &hellip;<\/p>","protected":false},"author":11,"featured_media":6585,"parent":0,"menu_order":0,"comment_status":"closed","ping_status":"closed","template":"","meta":{"qubely_global_settings":"","qubely_interactions":"","_uag_custom_page_level_css":"","footnotes":""},"class_list":["post-19970","page","type-page","status-publish","has-post-thumbnail","hentry"],"featured_image_urls_v2":{"full":["https:\/\/digidem-bayern.de\/wp-content\/uploads\/2020\/08\/balloons-3696902_1280.jpg",1280,853,false],"thumbnail":["https:\/\/digidem-bayern.de\/wp-content\/uploads\/2020\/08\/balloons-3696902_1280-80x80.jpg",80,80,true],"medium":["https:\/\/digidem-bayern.de\/wp-content\/uploads\/2020\/08\/balloons-3696902_1280-300x200.jpg",300,200,true],"medium_large":["https:\/\/digidem-bayern.de\/wp-content\/uploads\/2020\/08\/balloons-3696902_1280-768x512.jpg",768,512,true],"large":["https:\/\/digidem-bayern.de\/wp-content\/uploads\/2020\/08\/balloons-3696902_1280-1030x686.jpg",1030,686,true],"1536x1536":["https:\/\/digidem-bayern.de\/wp-content\/uploads\/2020\/08\/balloons-3696902_1280.jpg",1280,853,false],"2048x2048":["https:\/\/digidem-bayern.de\/wp-content\/uploads\/2020\/08\/balloons-3696902_1280.jpg",1280,853,false],"trp-custom-language-flag":["https:\/\/digidem-bayern.de\/wp-content\/uploads\/2020\/08\/balloons-3696902_1280.jpg",18,12,false],"qubely_landscape":["https:\/\/digidem-bayern.de\/wp-content\/uploads\/2020\/08\/balloons-3696902_1280-1200x750.jpg",1200,750,true],"qubely_portrait":["https:\/\/digidem-bayern.de\/wp-content\/uploads\/2020\/08\/balloons-3696902_1280-540x320.jpg",540,320,true],"qubely_thumbnail":["https:\/\/digidem-bayern.de\/wp-content\/uploads\/2020\/08\/balloons-3696902_1280-140x100.jpg",140,100,true],"post-thumbnail":["https:\/\/digidem-bayern.de\/wp-content\/uploads\/2020\/08\/balloons-3696902_1280-525x350.jpg",525,350,true],"kahuna-featured":["https:\/\/digidem-bayern.de\/wp-content\/uploads\/2020\/08\/balloons-3696902_1280-649x350.jpg",649,350,true],"kahuna-featured-lp":["https:\/\/digidem-bayern.de\/wp-content\/uploads\/2020\/08\/balloons-3696902_1280-460x350.jpg",460,350,true],"kahuna-featured-half":["https:\/\/digidem-bayern.de\/wp-content\/uploads\/2020\/08\/balloons-3696902_1280-800x350.jpg",800,350,true],"kahuna-featured-third":["https:\/\/digidem-bayern.de\/wp-content\/uploads\/2020\/08\/balloons-3696902_1280-512x350.jpg",512,350,true],"kahuna-lpbox-1":["https:\/\/digidem-bayern.de\/wp-content\/uploads\/2020\/08\/balloons-3696902_1280-460x350.jpg",394,300,true],"kahuna-lpbox-2":["https:\/\/digidem-bayern.de\/wp-content\/uploads\/2020\/08\/balloons-3696902_1280-460x350.jpg",460,350,true],"demand-language-flag":["https:\/\/digidem-bayern.de\/wp-content\/uploads\/2020\/08\/balloons-3696902_1280.jpg",36,24,false],"dddkt-language-flag":["https:\/\/digidem-bayern.de\/wp-content\/uploads\/2020\/08\/balloons-3696902_1280.jpg",36,24,false],"ddiqc-language-flag":["https:\/\/digidem-bayern.de\/wp-content\/uploads\/2020\/08\/balloons-3696902_1280.jpg",36,24,false],"ddtl-language-flag":["https:\/\/digidem-bayern.de\/wp-content\/uploads\/2020\/08\/balloons-3696902_1280.jpg",36,24,false],"mailpoet_newsletter_max":["https:\/\/digidem-bayern.de\/wp-content\/uploads\/2020\/08\/balloons-3696902_1280.jpg",1280,853,false],"kahuna-lpbox-3":["https:\/\/digidem-bayern.de\/wp-content\/uploads\/2020\/08\/balloons-3696902_1280-460x350.jpg",460,350,true],"kahuna-featured-square":["https:\/\/digidem-bayern.de\/wp-content\/uploads\/2020\/08\/balloons-3696902_1280-512x512.jpg",512,512,true],"kahuna-featured-square-large":["https:\/\/digidem-bayern.de\/wp-content\/uploads\/2020\/08\/balloons-3696902_1280-1024x853.jpg",1024,853,true]},"post_excerpt_stackable_v2":"<p>Forschungspartner*innen aus ganz Bayern befragen zurzeit Menschen mit Demenz oder leichten kognitiven Beeintr\u00e4chtigungen (MCI) und pflegende Angeh\u00f6rige f\u00fcr digiDEM Bayern. Um sie so gut wie m\u00f6glich zu unterst\u00fctzen und zu begleiten, bieten wir regelm\u00e4\u00dfig eine offene Video-Gespr\u00e4chsrunde an: den \u201cdigiDEM Dialog\u201d. Im &#8222;digiDEM Dialog&#8220; k\u00f6nnen sich Forschungspartner*innen untereinander und mit dem digiDEM Bayern-Team unkompliziert und locker austauschen. Forschungspartner*innen k\u00f6nnen hier offene Fragen kl\u00e4ren und \u00fcber m\u00f6gliche Herausforderungen sprechen. Dazu laden wir erfahrene Forschungspartner*innen als Gespr\u00e4chspartner*innen ein, die bereits Befragungen durchgef\u00fchrt haben und von ihren Erfahrungen berichten. Inhalte: Wie gehe ich mit Herausforderungen um?Wie spreche ich Teilnehmende an? Wie wird das&hellip;<\/p>\n","category_list_v2":"","author_info_v2":{"name":"Michael Zeiler","url":"https:\/\/digidem-bayern.de\/en\/author\/michael-zeiler\/"},"comments_num_v2":"0 comments","yoast_head":"<!-- This site is optimized with the Yoast SEO plugin v27.4 - https:\/\/yoast.com\/product\/yoast-seo-wordpress\/ -->\n<title>Digitales Angebot: digiDEM Dialog - digiDEM Bayern<\/title>\n<meta name=\"description\" content=\"digiDEM Bayern bietet ab September eine offene Videogespr\u00e4chsrunde f\u00fcr alle Forschungspartner im Rahmen der Pilotphase an.\" \/>\n<meta name=\"robots\" content=\"index, follow, max-snippet:-1, max-image-preview:large, max-video-preview:-1\" \/>\n<link rel=\"canonical\" href=\"https:\/\/digidem-bayern.de\/en\/digitales-angebot-digidem-dialog\/\" \/>\n<meta property=\"og:locale\" content=\"en_US\" \/>\n<meta property=\"og:type\" content=\"article\" \/>\n<meta property=\"og:title\" content=\"Digitales Angebot: digiDEM Dialog - digiDEM Bayern\" \/>\n<meta property=\"og:description\" content=\"digiDEM Bayern bietet ab September eine offene Videogespr\u00e4chsrunde f\u00fcr alle Forschungspartner im Rahmen der Pilotphase an.\" \/>\n<meta property=\"og:url\" content=\"https:\/\/digidem-bayern.de\/en\/digitales-angebot-digidem-dialog\/\" \/>\n<meta property=\"og:site_name\" content=\"digiDEM Bayern\" \/>\n<meta property=\"article:publisher\" content=\"https:\/\/www.facebook.com\/digiDEMBayern\/\" \/>\n<meta property=\"article:modified_time\" content=\"2022-06-15T11:22:17+00:00\" \/>\n<meta property=\"og:image\" content=\"https:\/\/digidem-bayern.de\/wp-content\/uploads\/2020\/08\/balloons-3696902_1280.jpg\" \/>\n\t<meta property=\"og:image:width\" content=\"1280\" \/>\n\t<meta property=\"og:image:height\" content=\"853\" \/>\n\t<meta property=\"og:image:type\" content=\"image\/jpeg\" \/>\n<meta name=\"twitter:label1\" content=\"Est. reading time\" \/>\n\t<meta name=\"twitter:data1\" content=\"2 minutes\" \/>\n<script type=\"application\/ld+json\" class=\"yoast-schema-graph\">{\"@context\":\"https:\\\/\\\/schema.org\",\"@graph\":[{\"@type\":\"WebPage\",\"@id\":\"https:\\\/\\\/digidem-bayern.de\\\/digitales-angebot-digidem-dialog\\\/\",\"url\":\"https:\\\/\\\/digidem-bayern.de\\\/digitales-angebot-digidem-dialog\\\/\",\"name\":\"Digitales Angebot: digiDEM Dialog - digiDEM Bayern\",\"isPartOf\":{\"@id\":\"\\\/#website\"},\"primaryImageOfPage\":{\"@id\":\"https:\\\/\\\/digidem-bayern.de\\\/digitales-angebot-digidem-dialog\\\/#primaryimage\"},\"image\":{\"@id\":\"https:\\\/\\\/digidem-bayern.de\\\/digitales-angebot-digidem-dialog\\\/#primaryimage\"},\"thumbnailUrl\":\"https:\\\/\\\/digidem-bayern.de\\\/wp-content\\\/uploads\\\/2020\\\/08\\\/balloons-3696902_1280.jpg\",\"datePublished\":\"2022-05-19T06:19:33+00:00\",\"dateModified\":\"2022-06-15T11:22:17+00:00\",\"description\":\"digiDEM Bayern bietet ab September eine offene Videogespr\u00e4chsrunde f\u00fcr alle Forschungspartner im Rahmen der Pilotphase an.\",\"breadcrumb\":{\"@id\":\"https:\\\/\\\/digidem-bayern.de\\\/digitales-angebot-digidem-dialog\\\/#breadcrumb\"},\"inLanguage\":\"en-US\",\"potentialAction\":[{\"@type\":\"ReadAction\",\"target\":[\"https:\\\/\\\/digidem-bayern.de\\\/digitales-angebot-digidem-dialog\\\/\"]}]},{\"@type\":\"ImageObject\",\"inLanguage\":\"en-US\",\"@id\":\"https:\\\/\\\/digidem-bayern.de\\\/digitales-angebot-digidem-dialog\\\/#primaryimage\",\"url\":\"https:\\\/\\\/digidem-bayern.de\\\/wp-content\\\/uploads\\\/2020\\\/08\\\/balloons-3696902_1280.jpg\",\"contentUrl\":\"https:\\\/\\\/digidem-bayern.de\\\/wp-content\\\/uploads\\\/2020\\\/08\\\/balloons-3696902_1280.jpg\",\"width\":1280,\"height\":853,\"caption\":\"Symbolgrafik: Sprechblasen\"},{\"@type\":\"BreadcrumbList\",\"@id\":\"https:\\\/\\\/digidem-bayern.de\\\/digitales-angebot-digidem-dialog\\\/#breadcrumb\",\"itemListElement\":[{\"@type\":\"ListItem\",\"position\":1,\"name\":\"Startseite\",\"item\":\"https:\\\/\\\/digidem-bayern.de\\\/\"},{\"@type\":\"ListItem\",\"position\":2,\"name\":\"Digitales Angebot: digiDEM Dialog\"}]},{\"@type\":\"WebSite\",\"@id\":\"\\\/#website\",\"url\":\"\\\/\",\"name\":\"digiDEM Bayern\",\"description\":\"Das digitale Demenzregister Bayern erforscht und verbessert die Angebotsstuktur f\u00fcr Menschen mit Demenz und deren Angeh\u00f6rige\",\"publisher\":{\"@id\":\"\\\/#organization\"},\"potentialAction\":[{\"@type\":\"SearchAction\",\"target\":{\"@type\":\"EntryPoint\",\"urlTemplate\":\"\\\/?s={search_term_string}\"},\"query-input\":{\"@type\":\"PropertyValueSpecification\",\"valueRequired\":true,\"valueName\":\"search_term_string\"}}],\"inLanguage\":\"en-US\"},{\"@type\":\"Organization\",\"@id\":\"\\\/#organization\",\"name\":\"digiDEM Bayern\",\"url\":\"\\\/\",\"logo\":{\"@type\":\"ImageObject\",\"inLanguage\":\"en-US\",\"@id\":\"\\\/#\\\/schema\\\/logo\\\/image\\\/\",\"url\":\"https:\\\/\\\/digidem-bayern.de\\\/wp-content\\\/uploads\\\/2022\\\/03\\\/cropped-Allgemeines_digiDEMLOGO-removebg-preview.png\",\"contentUrl\":\"https:\\\/\\\/digidem-bayern.de\\\/wp-content\\\/uploads\\\/2022\\\/03\\\/cropped-Allgemeines_digiDEMLOGO-removebg-preview.png\",\"width\":612,\"height\":357,\"caption\":\"digiDEM Bayern\"},\"image\":{\"@id\":\"\\\/#\\\/schema\\\/logo\\\/image\\\/\"},\"sameAs\":[\"https:\\\/\\\/www.facebook.com\\\/digiDEMBayern\\\/\",\"https:\\\/\\\/x.com\\\/digidem_bayern\",\"https:\\\/\\\/www.instagram.com\\\/digidem.bayern\",\"https:\\\/\\\/www.linkedin.com\\\/company\\\/digidem-bayern\\\/\"]}]}<\/script>\n<!-- \/ Yoast SEO plugin. -->","yoast_head_json":{"title":"Digitales Angebot: digiDEM Dialog - digiDEM Bayern","description":"digiDEM Bayern bietet ab September eine offene Videogespr\u00e4chsrunde f\u00fcr alle Forschungspartner im Rahmen der Pilotphase an.","robots":{"index":"index","follow":"follow","max-snippet":"max-snippet:-1","max-image-preview":"max-image-preview:large","max-video-preview":"max-video-preview:-1"},"canonical":"https:\/\/digidem-bayern.de\/en\/digitales-angebot-digidem-dialog\/","og_locale":"en_US","og_type":"article","og_title":"Digitales Angebot: digiDEM Dialog - digiDEM Bayern","og_description":"digiDEM Bayern bietet ab September eine offene Videogespr\u00e4chsrunde f\u00fcr alle Forschungspartner im Rahmen der Pilotphase an.","og_url":"https:\/\/digidem-bayern.de\/en\/digitales-angebot-digidem-dialog\/","og_site_name":"digiDEM Bayern","article_publisher":"https:\/\/www.facebook.com\/digiDEMBayern\/","article_modified_time":"2022-06-15T11:22:17+00:00","og_image":[{"width":1280,"height":853,"url":"https:\/\/digidem-bayern.de\/wp-content\/uploads\/2020\/08\/balloons-3696902_1280.jpg","type":"image\/jpeg"}],"twitter_misc":{"Est. reading time":"2 minutes"},"schema":{"@context":"https:\/\/schema.org","@graph":[{"@type":"WebPage","@id":"https:\/\/digidem-bayern.de\/digitales-angebot-digidem-dialog\/","url":"https:\/\/digidem-bayern.de\/digitales-angebot-digidem-dialog\/","name":"Digitales Angebot: digiDEM Dialog - digiDEM Bayern","isPartOf":{"@id":"\/#website"},"primaryImageOfPage":{"@id":"https:\/\/digidem-bayern.de\/digitales-angebot-digidem-dialog\/#primaryimage"},"image":{"@id":"https:\/\/digidem-bayern.de\/digitales-angebot-digidem-dialog\/#primaryimage"},"thumbnailUrl":"https:\/\/digidem-bayern.de\/wp-content\/uploads\/2020\/08\/balloons-3696902_1280.jpg","datePublished":"2022-05-19T06:19:33+00:00","dateModified":"2022-06-15T11:22:17+00:00","description":"digiDEM Bayern bietet ab September eine offene Videogespr\u00e4chsrunde f\u00fcr alle Forschungspartner im Rahmen der Pilotphase an.","breadcrumb":{"@id":"https:\/\/digidem-bayern.de\/digitales-angebot-digidem-dialog\/#breadcrumb"},"inLanguage":"en-US","potentialAction":[{"@type":"ReadAction","target":["https:\/\/digidem-bayern.de\/digitales-angebot-digidem-dialog\/"]}]},{"@type":"ImageObject","inLanguage":"en-US","@id":"https:\/\/digidem-bayern.de\/digitales-angebot-digidem-dialog\/#primaryimage","url":"https:\/\/digidem-bayern.de\/wp-content\/uploads\/2020\/08\/balloons-3696902_1280.jpg","contentUrl":"https:\/\/digidem-bayern.de\/wp-content\/uploads\/2020\/08\/balloons-3696902_1280.jpg","width":1280,"height":853,"caption":"Symbolgrafik: Sprechblasen"},{"@type":"BreadcrumbList","@id":"https:\/\/digidem-bayern.de\/digitales-angebot-digidem-dialog\/#breadcrumb","itemListElement":[{"@type":"ListItem","position":1,"name":"Startseite","item":"https:\/\/digidem-bayern.de\/"},{"@type":"ListItem","position":2,"name":"Digitales Angebot: digiDEM Dialog"}]},{"@type":"WebSite","@id":"\/#website","url":"\/","name":"digiDEM Bavaria","description":"The digital dementia register in Bavaria researches and improves the structure of services for people with dementia and their relatives","publisher":{"@id":"\/#organization"},"potentialAction":[{"@type":"SearchAction","target":{"@type":"EntryPoint","urlTemplate":"\/?s={search_term_string}"},"query-input":{"@type":"PropertyValueSpecification","valueRequired":true,"valueName":"search_term_string"}}],"inLanguage":"en-US"},{"@type":"Organization","@id":"\/#organization","name":"digiDEM Bavaria","url":"\/","logo":{"@type":"ImageObject","inLanguage":"en-US","@id":"\/#\/schema\/logo\/image\/","url":"https:\/\/digidem-bayern.de\/wp-content\/uploads\/2022\/03\/cropped-Allgemeines_digiDEMLOGO-removebg-preview.png","contentUrl":"https:\/\/digidem-bayern.de\/wp-content\/uploads\/2022\/03\/cropped-Allgemeines_digiDEMLOGO-removebg-preview.png","width":612,"height":357,"caption":"digiDEM Bayern"},"image":{"@id":"\/#\/schema\/logo\/image\/"},"sameAs":["https:\/\/www.facebook.com\/digiDEMBayern\/","https:\/\/x.com\/digidem_bayern","https:\/\/www.instagram.com\/digidem.bayern","https:\/\/www.linkedin.com\/company\/digidem-bayern\/"]}]}},"uagb_featured_image_src":{"full":["https:\/\/digidem-bayern.de\/wp-content\/uploads\/2020\/08\/balloons-3696902_1280.jpg",1280,853,false],"thumbnail":["https:\/\/digidem-bayern.de\/wp-content\/uploads\/2020\/08\/balloons-3696902_1280-80x80.jpg",80,80,true],"medium":["https:\/\/digidem-bayern.de\/wp-content\/uploads\/2020\/08\/balloons-3696902_1280-300x200.jpg",300,200,true],"medium_large":["https:\/\/digidem-bayern.de\/wp-content\/uploads\/2020\/08\/balloons-3696902_1280-768x512.jpg",768,512,true],"large":["https:\/\/digidem-bayern.de\/wp-content\/uploads\/2020\/08\/balloons-3696902_1280-1030x686.jpg",1030,686,true],"1536x1536":["https:\/\/digidem-bayern.de\/wp-content\/uploads\/2020\/08\/balloons-3696902_1280.jpg",1280,853,false],"2048x2048":["https:\/\/digidem-bayern.de\/wp-content\/uploads\/2020\/08\/balloons-3696902_1280.jpg",1280,853,false],"trp-custom-language-flag":["https:\/\/digidem-bayern.de\/wp-content\/uploads\/2020\/08\/balloons-3696902_1280.jpg",18,12,false],"qubely_landscape":["https:\/\/digidem-bayern.de\/wp-content\/uploads\/2020\/08\/balloons-3696902_1280-1200x750.jpg",1200,750,true],"qubely_portrait":["https:\/\/digidem-bayern.de\/wp-content\/uploads\/2020\/08\/balloons-3696902_1280-540x320.jpg",540,320,true],"qubely_thumbnail":["https:\/\/digidem-bayern.de\/wp-content\/uploads\/2020\/08\/balloons-3696902_1280-140x100.jpg",140,100,true],"post-thumbnail":["https:\/\/digidem-bayern.de\/wp-content\/uploads\/2020\/08\/balloons-3696902_1280-525x350.jpg",525,350,true],"kahuna-featured":["https:\/\/digidem-bayern.de\/wp-content\/uploads\/2020\/08\/balloons-3696902_1280-649x350.jpg",649,350,true],"kahuna-featured-lp":["https:\/\/digidem-bayern.de\/wp-content\/uploads\/2020\/08\/balloons-3696902_1280-460x350.jpg",460,350,true],"kahuna-featured-half":["https:\/\/digidem-bayern.de\/wp-content\/uploads\/2020\/08\/balloons-3696902_1280-800x350.jpg",800,350,true],"kahuna-featured-third":["https:\/\/digidem-bayern.de\/wp-content\/uploads\/2020\/08\/balloons-3696902_1280-512x350.jpg",512,350,true],"kahuna-lpbox-1":["https:\/\/digidem-bayern.de\/wp-content\/uploads\/2020\/08\/balloons-3696902_1280-460x350.jpg",394,300,true],"kahuna-lpbox-2":["https:\/\/digidem-bayern.de\/wp-content\/uploads\/2020\/08\/balloons-3696902_1280-460x350.jpg",460,350,true],"demand-language-flag":["https:\/\/digidem-bayern.de\/wp-content\/uploads\/2020\/08\/balloons-3696902_1280.jpg",36,24,false],"dddkt-language-flag":["https:\/\/digidem-bayern.de\/wp-content\/uploads\/2020\/08\/balloons-3696902_1280.jpg",36,24,false],"ddiqc-language-flag":["https:\/\/digidem-bayern.de\/wp-content\/uploads\/2020\/08\/balloons-3696902_1280.jpg",36,24,false],"ddtl-language-flag":["https:\/\/digidem-bayern.de\/wp-content\/uploads\/2020\/08\/balloons-3696902_1280.jpg",36,24,false],"mailpoet_newsletter_max":["https:\/\/digidem-bayern.de\/wp-content\/uploads\/2020\/08\/balloons-3696902_1280.jpg",1280,853,false],"kahuna-lpbox-3":["https:\/\/digidem-bayern.de\/wp-content\/uploads\/2020\/08\/balloons-3696902_1280-460x350.jpg",460,350,true],"kahuna-featured-square":["https:\/\/digidem-bayern.de\/wp-content\/uploads\/2020\/08\/balloons-3696902_1280-512x512.jpg",512,512,true],"kahuna-featured-square-large":["https:\/\/digidem-bayern.de\/wp-content\/uploads\/2020\/08\/balloons-3696902_1280-1024x853.jpg",1024,853,true]},"uagb_author_info":{"display_name":"Michael Zeiler","author_link":"https:\/\/digidem-bayern.de\/en\/author\/michael-zeiler\/"},"uagb_comment_info":0,"uagb_excerpt":"Forschungspartner*innen aus ganz Bayern befragen zurzeit Menschen mit Demenz oder leichten kognitiven Beeintr\u00e4chtigungen (MCI) und pflegende Angeh\u00f6rige f\u00fcr digiDEM Bayern. Um sie so gut wie m\u00f6glich zu unterst\u00fctzen und zu begleiten, bieten wir regelm\u00e4\u00dfig eine offene Video-Gespr\u00e4chsrunde an: den \u201cdigiDEM Dialog\u201d. Im &#8222;digiDEM Dialog&#8220; k\u00f6nnen sich Forschungspartner*innen untereinander und mit &hellip;","_links":{"self":[{"href":"https:\/\/digidem-bayern.de\/en\/wp-json\/wp\/v2\/pages\/19970","targetHints":{"allow":["GET"]}}],"collection":[{"href":"https:\/\/digidem-bayern.de\/en\/wp-json\/wp\/v2\/pages"}],"about":[{"href":"https:\/\/digidem-bayern.de\/en\/wp-json\/wp\/v2\/types\/page"}],"author":[{"embeddable":true,"href":"https:\/\/digidem-bayern.de\/en\/wp-json\/wp\/v2\/users\/11"}],"replies":[{"embeddable":true,"href":"https:\/\/digidem-bayern.de\/en\/wp-json\/wp\/v2\/comments?post=19970"}],"version-history":[{"count":3,"href":"https:\/\/digidem-bayern.de\/en\/wp-json\/wp\/v2\/pages\/19970\/revisions"}],"predecessor-version":[{"id":20060,"href":"https:\/\/digidem-bayern.de\/en\/wp-json\/wp\/v2\/pages\/19970\/revisions\/20060"}],"wp:featuredmedia":[{"embeddable":true,"href":"https:\/\/digidem-bayern.de\/en\/wp-json\/wp\/v2\/media\/6585"}],"wp:attachment":[{"href":"https:\/\/digidem-bayern.de\/en\/wp-json\/wp\/v2\/media?parent=19970"}],"curies":[{"name":"wp","href":"https:\/\/api.w.org\/{rel}","templated":true}]}}