{"id":19660,"date":"2022-05-10T08:36:24","date_gmt":"2022-05-10T06:36:24","guid":{"rendered":"https:\/\/digidem-bayern.de\/?page_id=19660"},"modified":"2026-03-26T15:32:59","modified_gmt":"2026-03-26T14:32:59","slug":"digitales-angebot-demenzguide","status":"publish","type":"page","link":"https:\/\/digidem-bayern.de\/en\/digitales-angebot-demenzguide\/","title":{"rendered":"Digitales Angebot: DemenzGuide"},"content":{"rendered":"<p class=\"has-text-color has-background\" style=\"background-color:#f4f4f4;color:#132f3a\"><strong>Tipps und Tricks f\u00fcr pflegende Angeh\u00f6rige <\/strong><\/p>\n\n\n\n<p>Eine schnelle und unkomplizierte Hilfe zu konkreten Fragen oder Problemstellungen ist f\u00fcr Angeh\u00f6rige und Freunde von Menschen mit Demenz wichtig, um den Alltags zu bew\u00e4ltigen. In der App finden Angeh\u00f6rige oder Freunde Tipps und hilfreiche Ideen f\u00fcr daheim oder die Pflegeeinrichtung \u2013 auch bei fortgeschrittener Erkrankung. Der DemenzGuide bietet zudem einen gut verst\u00e4ndlichen \u00dcberblick \u00fcber das Thema Demenz. Dabei sind die Themen \u00fcbersichtlich nach verschiedenen Kategorien geordnet wie etwa \u201eWissen\u201c, \u201eZuspruch\u201c oder \u201eAuszeit\u201c. Die digitale Hilfe l\u00e4sst sich leicht bedienen und kann kostenfrei heruntergeladen werden. Die Evangelische Altenheimseelsorge und die Abteilung Seniorenpastoral im Erzbisch\u00f6flichen Ordinariat M\u00fcnchen haben den DemenzGuide gemeinsam entwickelt und im Rahmen der \u201cWoche f\u00fcr das Leben\u201d, einer Initiative der katholischen und der evangelischen Kirche, 2022 vorgestellt.<\/p>\n\n\n\n<div class=\"wp-block-media-text alignwide is-stacked-on-mobile\" style=\"grid-template-columns:35% auto\"><figure class=\"wp-block-media-text__media\"><img decoding=\"async\" src=\"https:\/\/digidem-bayern.de\/wp-content\/uploads\/2022\/05\/DemenzGuide_bearbeitet-AKE-1030x545.png\" alt=\"\" class=\"wp-image-20178 size-full\"\/><\/figure><div class=\"wp-block-media-text__content\">\n<p class=\"has-large-font-size\">Die Inhalte des DemenzGuide auf einen Blick: <\/p>\n\n\n\n<ul class=\"wp-block-list\"><li>Infos und Tipps f\u00fcr den Umgang mit Menschen in der Demenz<\/li><li>Hilfreiche Ideen f\u00fcr daheim und f\u00fcr die Pflegeeinrichtung<\/li><li>Anregungen und Heiteres, um sich Gutes zu tun <\/li><\/ul>\n\n\n\n<div class=\"wp-block-qubely-button qubely-block-cb9e44\"><div class=\"qubely-block-btn-wrapper\"><div class=\"qubely-block-btn\"><a class=\"qubely-block-btn-anchor is-large\" href=\"https:\/\/www.elkb.org\/anwendung\/demenzguide\/tabs\/wissen\">Zum Angebot<\/a><\/div><\/div><\/div>\n<\/div><\/div>\n\n\n\n<div style=\"height:40px\" aria-hidden=\"true\" class=\"wp-block-spacer\"><\/div>\n\n\n\n<p class=\"has-text-color has-background\" style=\"background-color:#f4f4f4;color:#132f3a\"><strong>Hinweis zum Herunterladen der App auf Ihrem Smartphone-Homebildschirm:<\/strong><\/p>\n\n\n\n<div class=\"wp-block-media-text alignwide is-stacked-on-mobile\" style=\"grid-template-columns:17% auto\"><figure class=\"wp-block-media-text__media\"><img loading=\"lazy\" decoding=\"async\" width=\"837\" height=\"841\" src=\"https:\/\/digidem-bayern.de\/wp-content\/uploads\/2022\/05\/QR-Code_DemenzGuide.jpg\" alt=\"\" class=\"wp-image-20181 size-full\" srcset=\"https:\/\/digidem-bayern.de\/wp-content\/uploads\/2022\/05\/QR-Code_DemenzGuide.jpg 837w, https:\/\/digidem-bayern.de\/wp-content\/uploads\/2022\/05\/QR-Code_DemenzGuide-300x300.jpg 300w, https:\/\/digidem-bayern.de\/wp-content\/uploads\/2022\/05\/QR-Code_DemenzGuide-80x80.jpg 80w, https:\/\/digidem-bayern.de\/wp-content\/uploads\/2022\/05\/QR-Code_DemenzGuide-768x772.jpg 768w, https:\/\/digidem-bayern.de\/wp-content\/uploads\/2022\/05\/QR-Code_DemenzGuide-348x350.jpg 348w, https:\/\/digidem-bayern.de\/wp-content\/uploads\/2022\/05\/QR-Code_DemenzGuide-36x36.jpg 36w\" sizes=\"auto, (max-width: 837px) 100vw, 837px\" \/><\/figure><div class=\"wp-block-media-text__content\">\n<p>Der DemenzGuide ist eine webbasierte Anwendung. Durch das Herunterladen kann die App dadurch auch offline, also ohne Internetverbindung genutzt werden. Bitte \u00f6ffnen Sie die App in Ihrem Browser, indem Sie den QR-Code scannen.<\/p>\n\n\n\n<p>Im Anschluss daran dr\u00fccken Sie auf Ihrem Smartphone oder Tablet das Symbol f\u00fcr Hochladen oder Teilen. Dort m\u00fcssen Sie eventuell etwas herunterscrollen und dann k\u00f6nnen Sie die Anwendung (App) zum Beispiel kopieren, zur Leseliste hinzuf\u00fcgen, als Favorit sichern oder auch zum Home-Bildschirm hinzuf\u00fcgen. Dr\u00fccken Sie den Button &#8222;Zum Home-Bildschirm&#8220;. Dadurch wird die App mit dem Home-Bildschirm verkn\u00fcpft und erscheint auf Ihrem Smartphone oder Tablet so wie alle anderen Apps.<\/p>\n<\/div><\/div>\n\n\n\n<p><\/p>\n\n\n\n<p class=\"has-text-color has-background\" style=\"background-color:#f4f4f4;color:#132f3a\"><strong>Contact person<\/strong><\/p>\n\n\n\n<div class=\"wp-block-columns is-layout-flex wp-container-core-columns-is-layout-9d6595d7 wp-block-columns-is-layout-flex\">\n<div class=\"wp-block-column is-layout-flow wp-block-column-is-layout-flow\">\n<p><strong>Fachstelle Altenheimseelsorge im Dekanatsbezirk M\u00fcnchen<\/strong><br>Pfarrerin Edith \u00d6xler<br>Herzog-Wilhelm-Str. 24\/3<br>80331 M\u00fcnchen<br>Tel.: 089 51567887<br>E-Mail: <a href=\"mailto:edith.oexler@elkb.de\">edith.oexler@elkb.de<\/a><\/p>\n<\/div>\n\n\n\n<div class=\"wp-block-column is-layout-flow wp-block-column-is-layout-flow\">\n<p><strong>Fachstelle Demenz im Erzbisch\u00f6flichen Ordinariat M\u00fcnchen<\/strong><br>Dr. Maria Kotulek<br>Schrammerstr. 3\/IV<br>80333 M\u00fcnchen<br>Tel.: 089 2137 74306<br>E-Mail: <a href=\"mailto:MKotulek@eomuc.de\">MKotulek@eomuc.de<\/a><\/p>\n<\/div>\n<\/div>\n\n\n\n<p class=\"has-text-color has-background\" style=\"background-color:#f4f4f4;color:#132f3a\"><strong>Anbieter<\/strong><\/p>\n\n\n\n<p><strong>Evangelisch-Lutherisches Dekanat M\u00fcnchen<\/strong><\/p>\n\n\n\n<p>Der Evangelisch-Lutherische Dekanatsbezirk M\u00fcnchen ist eine K\u00f6rperschaft des \u00f6ffentlichen Rechts und wird vertreten durch den Vorsitzenden der Dekanatssynode Stadtdekan Dr. Bernhard Liess.<\/p>","protected":false},"excerpt":{"rendered":"<p>Tipps und Tricks f\u00fcr pflegende Angeh\u00f6rige Eine schnelle und unkomplizierte Hilfe zu konkreten Fragen oder Problemstellungen ist f\u00fcr Angeh\u00f6rige und Freunde von Menschen mit Demenz wichtig, um den Alltags zu bew\u00e4ltigen. In der App finden Angeh\u00f6rige oder Freunde Tipps und hilfreiche Ideen f\u00fcr daheim oder die Pflegeeinrichtung \u2013 auch bei &hellip;<\/p>","protected":false},"author":11,"featured_media":0,"parent":0,"menu_order":0,"comment_status":"closed","ping_status":"closed","template":"","meta":{"qubely_global_settings":"","qubely_interactions":"","_uag_custom_page_level_css":"","footnotes":""},"class_list":["post-19660","page","type-page","status-publish","hentry"],"featured_image_urls_v2":{"full":"","thumbnail":"","medium":"","medium_large":"","large":"","1536x1536":"","2048x2048":"","trp-custom-language-flag":"","qubely_landscape":"","qubely_portrait":"","qubely_thumbnail":"","post-thumbnail":"","kahuna-featured":"","kahuna-featured-lp":"","kahuna-featured-half":"","kahuna-featured-third":"","kahuna-lpbox-1":"","kahuna-lpbox-2":"","demand-language-flag":"","dddkt-language-flag":"","ddiqc-language-flag":"","ddtl-language-flag":"","mailpoet_newsletter_max":"","kahuna-lpbox-3":"","kahuna-featured-square":"","kahuna-featured-square-large":""},"post_excerpt_stackable_v2":"<p>Tipps und Tricks f\u00fcr pflegende Angeh\u00f6rige Eine schnelle und unkomplizierte Hilfe zu konkreten Fragen oder Problemstellungen ist f\u00fcr Angeh\u00f6rige und Freunde von Menschen mit Demenz wichtig, um den Alltags zu bew\u00e4ltigen. In der App finden Angeh\u00f6rige oder Freunde Tipps und hilfreiche Ideen f\u00fcr daheim oder die Pflegeeinrichtung \u2013 auch bei fortgeschrittener Erkrankung. Der DemenzGuide bietet zudem einen gut verst\u00e4ndlichen \u00dcberblick \u00fcber das Thema Demenz. Dabei sind die Themen \u00fcbersichtlich nach verschiedenen Kategorien geordnet wie etwa \u201eWissen\u201c, \u201eZuspruch\u201c oder \u201eAuszeit\u201c. Die digitale Hilfe l\u00e4sst sich leicht bedienen und kann kostenfrei heruntergeladen werden. Die Evangelische Altenheimseelsorge und die Abteilung Seniorenpastoral im Erzbisch\u00f6flichen&hellip;<\/p>\n","category_list_v2":"","author_info_v2":{"name":"Michael Zeiler","url":"https:\/\/digidem-bayern.de\/en\/author\/michael-zeiler\/"},"comments_num_v2":"0 comments","yoast_head":"<!-- This site is optimized with the Yoast SEO plugin v27.4 - https:\/\/yoast.com\/product\/yoast-seo-wordpress\/ -->\n<title>Digitales Angebot: DemenzGuide - digiDEM Bayern<\/title>\n<meta name=\"description\" content=\"Orientierung im Pflegealltag: Der Demenzguide f\u00fchrt Sie zu regionalen Angeboten und digitalen Hilfen bei Demenz\" \/>\n<meta name=\"robots\" content=\"index, follow, max-snippet:-1, max-image-preview:large, max-video-preview:-1\" \/>\n<link rel=\"canonical\" href=\"https:\/\/digidem-bayern.de\/en\/digitales-angebot-demenzguide\/\" \/>\n<meta property=\"og:locale\" content=\"en_US\" \/>\n<meta property=\"og:type\" content=\"article\" \/>\n<meta property=\"og:title\" content=\"Digitales Angebot: DemenzGuide - digiDEM Bayern\" \/>\n<meta property=\"og:description\" content=\"Orientierung im Pflegealltag: Der Demenzguide f\u00fchrt Sie zu regionalen Angeboten und digitalen Hilfen bei Demenz\" \/>\n<meta property=\"og:url\" content=\"https:\/\/digidem-bayern.de\/en\/digitales-angebot-demenzguide\/\" \/>\n<meta property=\"og:site_name\" content=\"digiDEM Bayern\" \/>\n<meta property=\"article:publisher\" content=\"https:\/\/www.facebook.com\/digiDEMBayern\/\" \/>\n<meta property=\"article:modified_time\" content=\"2026-03-26T14:32:59+00:00\" \/>\n<meta property=\"og:image\" content=\"https:\/\/digidem-bayern.de\/wp-content\/uploads\/2022\/05\/DemenzGuide_bearbeitet-AKE-e1653975964777.png\" \/>\n\t<meta property=\"og:image:width\" content=\"1272\" \/>\n\t<meta property=\"og:image:height\" content=\"847\" \/>\n\t<meta property=\"og:image:type\" content=\"image\/png\" \/>\n<meta name=\"twitter:label1\" content=\"Est. reading time\" \/>\n\t<meta name=\"twitter:data1\" content=\"3 minutes\" \/>\n<script type=\"application\/ld+json\" class=\"yoast-schema-graph\">{\"@context\":\"https:\\\/\\\/schema.org\",\"@graph\":[{\"@type\":\"WebPage\",\"@id\":\"https:\\\/\\\/digidem-bayern.de\\\/digitales-angebot-demenzguide\\\/\",\"url\":\"https:\\\/\\\/digidem-bayern.de\\\/digitales-angebot-demenzguide\\\/\",\"name\":\"Digitales Angebot: DemenzGuide - digiDEM Bayern\",\"isPartOf\":{\"@id\":\"\\\/#website\"},\"primaryImageOfPage\":{\"@id\":\"https:\\\/\\\/digidem-bayern.de\\\/digitales-angebot-demenzguide\\\/#primaryimage\"},\"image\":{\"@id\":\"https:\\\/\\\/digidem-bayern.de\\\/digitales-angebot-demenzguide\\\/#primaryimage\"},\"thumbnailUrl\":\"https:\\\/\\\/digidem-bayern.de\\\/wp-content\\\/uploads\\\/2022\\\/05\\\/DemenzGuide_bearbeitet-AKE-1030x545.png\",\"datePublished\":\"2022-05-10T06:36:24+00:00\",\"dateModified\":\"2026-03-26T14:32:59+00:00\",\"description\":\"Orientierung im Pflegealltag: Der Demenzguide f\u00fchrt Sie zu regionalen Angeboten und digitalen Hilfen bei Demenz\",\"breadcrumb\":{\"@id\":\"https:\\\/\\\/digidem-bayern.de\\\/digitales-angebot-demenzguide\\\/#breadcrumb\"},\"inLanguage\":\"en-US\",\"potentialAction\":[{\"@type\":\"ReadAction\",\"target\":[\"https:\\\/\\\/digidem-bayern.de\\\/digitales-angebot-demenzguide\\\/\"]}]},{\"@type\":\"ImageObject\",\"inLanguage\":\"en-US\",\"@id\":\"https:\\\/\\\/digidem-bayern.de\\\/digitales-angebot-demenzguide\\\/#primaryimage\",\"url\":\"https:\\\/\\\/digidem-bayern.de\\\/wp-content\\\/uploads\\\/2022\\\/05\\\/DemenzGuide_bearbeitet-AKE-1030x545.png\",\"contentUrl\":\"https:\\\/\\\/digidem-bayern.de\\\/wp-content\\\/uploads\\\/2022\\\/05\\\/DemenzGuide_bearbeitet-AKE-1030x545.png\"},{\"@type\":\"BreadcrumbList\",\"@id\":\"https:\\\/\\\/digidem-bayern.de\\\/digitales-angebot-demenzguide\\\/#breadcrumb\",\"itemListElement\":[{\"@type\":\"ListItem\",\"position\":1,\"name\":\"Startseite\",\"item\":\"https:\\\/\\\/digidem-bayern.de\\\/\"},{\"@type\":\"ListItem\",\"position\":2,\"name\":\"Digitales Angebot: DemenzGuide\"}]},{\"@type\":\"WebSite\",\"@id\":\"\\\/#website\",\"url\":\"\\\/\",\"name\":\"digiDEM Bayern\",\"description\":\"Das digitale Demenzregister Bayern erforscht und verbessert die Angebotsstuktur f\u00fcr Menschen mit Demenz und deren Angeh\u00f6rige\",\"publisher\":{\"@id\":\"\\\/#organization\"},\"potentialAction\":[{\"@type\":\"SearchAction\",\"target\":{\"@type\":\"EntryPoint\",\"urlTemplate\":\"\\\/?s={search_term_string}\"},\"query-input\":{\"@type\":\"PropertyValueSpecification\",\"valueRequired\":true,\"valueName\":\"search_term_string\"}}],\"inLanguage\":\"en-US\"},{\"@type\":\"Organization\",\"@id\":\"\\\/#organization\",\"name\":\"digiDEM Bayern\",\"url\":\"\\\/\",\"logo\":{\"@type\":\"ImageObject\",\"inLanguage\":\"en-US\",\"@id\":\"\\\/#\\\/schema\\\/logo\\\/image\\\/\",\"url\":\"https:\\\/\\\/digidem-bayern.de\\\/wp-content\\\/uploads\\\/2022\\\/03\\\/cropped-Allgemeines_digiDEMLOGO-removebg-preview.png\",\"contentUrl\":\"https:\\\/\\\/digidem-bayern.de\\\/wp-content\\\/uploads\\\/2022\\\/03\\\/cropped-Allgemeines_digiDEMLOGO-removebg-preview.png\",\"width\":612,\"height\":357,\"caption\":\"digiDEM Bayern\"},\"image\":{\"@id\":\"\\\/#\\\/schema\\\/logo\\\/image\\\/\"},\"sameAs\":[\"https:\\\/\\\/www.facebook.com\\\/digiDEMBayern\\\/\",\"https:\\\/\\\/x.com\\\/digidem_bayern\",\"https:\\\/\\\/www.instagram.com\\\/digidem.bayern\",\"https:\\\/\\\/www.linkedin.com\\\/company\\\/digidem-bayern\\\/\"]}]}<\/script>\n<!-- \/ Yoast SEO plugin. -->","yoast_head_json":{"title":"Digitales Angebot: DemenzGuide - digiDEM Bayern","description":"Orientierung im Pflegealltag: Der Demenzguide f\u00fchrt Sie zu regionalen Angeboten und digitalen Hilfen bei Demenz","robots":{"index":"index","follow":"follow","max-snippet":"max-snippet:-1","max-image-preview":"max-image-preview:large","max-video-preview":"max-video-preview:-1"},"canonical":"https:\/\/digidem-bayern.de\/en\/digitales-angebot-demenzguide\/","og_locale":"en_US","og_type":"article","og_title":"Digitales Angebot: DemenzGuide - digiDEM Bayern","og_description":"Orientierung im Pflegealltag: Der Demenzguide f\u00fchrt Sie zu regionalen Angeboten und digitalen Hilfen bei Demenz","og_url":"https:\/\/digidem-bayern.de\/en\/digitales-angebot-demenzguide\/","og_site_name":"digiDEM Bayern","article_publisher":"https:\/\/www.facebook.com\/digiDEMBayern\/","article_modified_time":"2026-03-26T14:32:59+00:00","og_image":[{"width":1272,"height":847,"url":"https:\/\/digidem-bayern.de\/wp-content\/uploads\/2022\/05\/DemenzGuide_bearbeitet-AKE-e1653975964777.png","type":"image\/png"}],"twitter_misc":{"Est. reading time":"3 minutes"},"schema":{"@context":"https:\/\/schema.org","@graph":[{"@type":"WebPage","@id":"https:\/\/digidem-bayern.de\/digitales-angebot-demenzguide\/","url":"https:\/\/digidem-bayern.de\/digitales-angebot-demenzguide\/","name":"Digitales Angebot: DemenzGuide - digiDEM Bayern","isPartOf":{"@id":"\/#website"},"primaryImageOfPage":{"@id":"https:\/\/digidem-bayern.de\/digitales-angebot-demenzguide\/#primaryimage"},"image":{"@id":"https:\/\/digidem-bayern.de\/digitales-angebot-demenzguide\/#primaryimage"},"thumbnailUrl":"https:\/\/digidem-bayern.de\/wp-content\/uploads\/2022\/05\/DemenzGuide_bearbeitet-AKE-1030x545.png","datePublished":"2022-05-10T06:36:24+00:00","dateModified":"2026-03-26T14:32:59+00:00","description":"Orientierung im Pflegealltag: Der Demenzguide f\u00fchrt Sie zu regionalen Angeboten und digitalen Hilfen bei Demenz","breadcrumb":{"@id":"https:\/\/digidem-bayern.de\/digitales-angebot-demenzguide\/#breadcrumb"},"inLanguage":"en-US","potentialAction":[{"@type":"ReadAction","target":["https:\/\/digidem-bayern.de\/digitales-angebot-demenzguide\/"]}]},{"@type":"ImageObject","inLanguage":"en-US","@id":"https:\/\/digidem-bayern.de\/digitales-angebot-demenzguide\/#primaryimage","url":"https:\/\/digidem-bayern.de\/wp-content\/uploads\/2022\/05\/DemenzGuide_bearbeitet-AKE-1030x545.png","contentUrl":"https:\/\/digidem-bayern.de\/wp-content\/uploads\/2022\/05\/DemenzGuide_bearbeitet-AKE-1030x545.png"},{"@type":"BreadcrumbList","@id":"https:\/\/digidem-bayern.de\/digitales-angebot-demenzguide\/#breadcrumb","itemListElement":[{"@type":"ListItem","position":1,"name":"Startseite","item":"https:\/\/digidem-bayern.de\/"},{"@type":"ListItem","position":2,"name":"Digitales Angebot: DemenzGuide"}]},{"@type":"WebSite","@id":"\/#website","url":"\/","name":"digiDEM Bavaria","description":"The digital dementia register in Bavaria researches and improves the structure of services for people with dementia and their relatives","publisher":{"@id":"\/#organization"},"potentialAction":[{"@type":"SearchAction","target":{"@type":"EntryPoint","urlTemplate":"\/?s={search_term_string}"},"query-input":{"@type":"PropertyValueSpecification","valueRequired":true,"valueName":"search_term_string"}}],"inLanguage":"en-US"},{"@type":"Organization","@id":"\/#organization","name":"digiDEM Bavaria","url":"\/","logo":{"@type":"ImageObject","inLanguage":"en-US","@id":"\/#\/schema\/logo\/image\/","url":"https:\/\/digidem-bayern.de\/wp-content\/uploads\/2022\/03\/cropped-Allgemeines_digiDEMLOGO-removebg-preview.png","contentUrl":"https:\/\/digidem-bayern.de\/wp-content\/uploads\/2022\/03\/cropped-Allgemeines_digiDEMLOGO-removebg-preview.png","width":612,"height":357,"caption":"digiDEM Bayern"},"image":{"@id":"\/#\/schema\/logo\/image\/"},"sameAs":["https:\/\/www.facebook.com\/digiDEMBayern\/","https:\/\/x.com\/digidem_bayern","https:\/\/www.instagram.com\/digidem.bayern","https:\/\/www.linkedin.com\/company\/digidem-bayern\/"]}]}},"uagb_featured_image_src":{"full":false,"thumbnail":false,"medium":false,"medium_large":false,"large":false,"1536x1536":false,"2048x2048":false,"trp-custom-language-flag":false,"qubely_landscape":false,"qubely_portrait":false,"qubely_thumbnail":false,"post-thumbnail":false,"kahuna-featured":false,"kahuna-featured-lp":false,"kahuna-featured-half":false,"kahuna-featured-third":false,"kahuna-lpbox-1":false,"kahuna-lpbox-2":false,"demand-language-flag":false,"dddkt-language-flag":false,"ddiqc-language-flag":false,"ddtl-language-flag":false,"mailpoet_newsletter_max":false,"kahuna-lpbox-3":false,"kahuna-featured-square":false,"kahuna-featured-square-large":false},"uagb_author_info":{"display_name":"Michael Zeiler","author_link":"https:\/\/digidem-bayern.de\/en\/author\/michael-zeiler\/"},"uagb_comment_info":0,"uagb_excerpt":"Tipps und Tricks f\u00fcr pflegende Angeh\u00f6rige Eine schnelle und unkomplizierte Hilfe zu konkreten Fragen oder Problemstellungen ist f\u00fcr Angeh\u00f6rige und Freunde von Menschen mit Demenz wichtig, um den Alltags zu bew\u00e4ltigen. In der App finden Angeh\u00f6rige oder Freunde Tipps und hilfreiche Ideen f\u00fcr daheim oder die Pflegeeinrichtung \u2013 auch bei &hellip;","_links":{"self":[{"href":"https:\/\/digidem-bayern.de\/en\/wp-json\/wp\/v2\/pages\/19660","targetHints":{"allow":["GET"]}}],"collection":[{"href":"https:\/\/digidem-bayern.de\/en\/wp-json\/wp\/v2\/pages"}],"about":[{"href":"https:\/\/digidem-bayern.de\/en\/wp-json\/wp\/v2\/types\/page"}],"author":[{"embeddable":true,"href":"https:\/\/digidem-bayern.de\/en\/wp-json\/wp\/v2\/users\/11"}],"replies":[{"embeddable":true,"href":"https:\/\/digidem-bayern.de\/en\/wp-json\/wp\/v2\/comments?post=19660"}],"version-history":[{"count":9,"href":"https:\/\/digidem-bayern.de\/en\/wp-json\/wp\/v2\/pages\/19660\/revisions"}],"predecessor-version":[{"id":20390,"href":"https:\/\/digidem-bayern.de\/en\/wp-json\/wp\/v2\/pages\/19660\/revisions\/20390"}],"wp:attachment":[{"href":"https:\/\/digidem-bayern.de\/en\/wp-json\/wp\/v2\/media?parent=19660"}],"curies":[{"name":"wp","href":"https:\/\/api.w.org\/{rel}","templated":true}]}}