{"id":1610,"date":"2019-07-10T08:24:02","date_gmt":"2019-07-10T06:24:02","guid":{"rendered":"https:\/\/bw0b74.myraidbox.de\/?page_id=1610"},"modified":"2019-11-21T17:31:02","modified_gmt":"2019-11-21T16:31:02","slug":"kooperationspartner","status":"publish","type":"page","link":"https:\/\/digidem-bayern.de\/en\/kooperationspartner\/","title":{"rendered":"Kooperationspartner"},"content":{"rendered":"<p>Zum Aufbau des landesweiten Registers suchen wir aktuell Kooperationspartner. In Frage kommen Pflege-Einrichtungen und -Dienste, \u00c4rzte, Krankenh\u00e4user, Beratungsstellen, Ged\u00e4chtnisambulanzen, sowie alle Einrichtungen, in denen die m\u00f6glichen Partner mit Menschen mit Demenz in Kontakt kommen.<\/p>\n\n\n\n<p>Kooperationspartner sollen die folgende Personengruppen befragen:<br>&#8211; Menschen mit leichten kognitiven Beeintr\u00e4chtigungen (Mild Cognitive Impairment)<br>&#8211; Menschen mit leichter oder moderater Demenz<br>&#8211; Pflegende Angeh\u00f6rige (Hauptpflegeperson des Menschen mit Demenz).<br> &nbsp;<br>F\u00fcr die Gewinnung und Befragung der Teilnehmenden erhalten die Kooperationspartner eine Aufwandsentsch\u00e4digung. Wir unterst\u00fctzen und begleiten diese durch unsere regionalen Projektassistenzen und erstellen einrichtungsspezifische Auswertungen.<\/p>\n\n\n\n<div class=\"wp-block-ugb-container ugb-container ugb--background-opacity-5 ugb--has-background ugb-container--height-normal ugb-container--align-horizontal-full\" style=\"background-color:#f1f1f1\"><div class=\"ugb-container__wrapper\"><div class=\"ugb-container__content-wrapper\">\n<p> Weitere Informationen f\u00fcr Sie als unseren m\u00f6glichen Kooperationspartner finden Sie hier:&nbsp;<a href=\"https:\/\/test.digidem-bayern.de\/wp-content\/uploads\/2019-07-15_Infomationsblatt_Kooperationspartner_SME_final.pdf\">Informationsblatt_Kooperationspartner <\/a><\/p>\n<\/div><\/div><\/div>\n\n\n\n<div style=\"height:60px\" aria-hidden=\"true\" class=\"wp-block-spacer\"><\/div>\n\n\n\n<p><strong>TECHNISCHER<\/strong> <strong>HINWEIS:<\/strong> <\/p>\n\n\n\n<p>Bitte verwenden Sie zum Ausf\u00fcllen des Formulars einen aktuellen \nBrowser wie Chrome oder Firefox. Bei der Verwendung des Internet \nExplorers 11 kann es zu Problemen kommen.<\/p>\n\n\n\n\n\n\n<div style=\"height:100px\" aria-hidden=\"true\" class=\"wp-block-spacer\"><\/div>","protected":false},"excerpt":{"rendered":"<p>Zum Aufbau des landesweiten Registers suchen wir aktuell Kooperationspartner. In Frage kommen Pflege-Einrichtungen und -Dienste, \u00c4rzte, Krankenh\u00e4user, Beratungsstellen, Ged\u00e4chtnisambulanzen, sowie alle Einrichtungen, in denen die m\u00f6glichen Partner mit Menschen mit Demenz in Kontakt kommen. Kooperationspartner sollen die folgende Personengruppen befragen:&#8211; Menschen mit leichten kognitiven Beeintr\u00e4chtigungen (Mild Cognitive Impairment)&#8211; Menschen mit &hellip;<\/p>","protected":false},"author":11,"featured_media":3795,"parent":0,"menu_order":0,"comment_status":"closed","ping_status":"closed","template":"","meta":{"qubely_global_settings":"","qubely_interactions":"","_uag_custom_page_level_css":"","footnotes":""},"class_list":["post-1610","page","type-page","status-publish","has-post-thumbnail","hentry"],"featured_image_urls_v2":{"full":["https:\/\/digidem-bayern.de\/wp-content\/uploads\/2019\/10\/3kooperationspartner-banner-webseite-Seite001-e1570171154401.png",1600,800,false],"thumbnail":["https:\/\/digidem-bayern.de\/wp-content\/uploads\/2019\/10\/3kooperationspartner-banner-webseite-Seite001-e1570171154401-80x80.png",80,80,true],"medium":["https:\/\/digidem-bayern.de\/wp-content\/uploads\/2019\/10\/3kooperationspartner-banner-webseite-Seite001-e1570171154401-300x150.png",300,150,true],"medium_large":["https:\/\/digidem-bayern.de\/wp-content\/uploads\/2019\/10\/3kooperationspartner-banner-webseite-Seite001-e1570171154401-768x384.png",768,384,true],"large":["https:\/\/digidem-bayern.de\/wp-content\/uploads\/2019\/10\/3kooperationspartner-banner-webseite-Seite001-e1570171154401-1030x515.png",1030,515,true],"1536x1536":["https:\/\/digidem-bayern.de\/wp-content\/uploads\/2019\/10\/3kooperationspartner-banner-webseite-Seite001-e1570171154401.png",1536,768,false],"2048x2048":["https:\/\/digidem-bayern.de\/wp-content\/uploads\/2019\/10\/3kooperationspartner-banner-webseite-Seite001-e1570171154401.png",1600,800,false],"trp-custom-language-flag":["https:\/\/digidem-bayern.de\/wp-content\/uploads\/2019\/10\/3kooperationspartner-banner-webseite-Seite001-e1570171154401.png",18,9,false],"qubely_landscape":["https:\/\/digidem-bayern.de\/wp-content\/uploads\/2019\/10\/3kooperationspartner-banner-webseite-Seite001-e1570171154401-1200x750.png",1200,750,true],"qubely_portrait":["https:\/\/digidem-bayern.de\/wp-content\/uploads\/2019\/10\/3kooperationspartner-banner-webseite-Seite001-e1570171154401-540x320.png",540,320,true],"qubely_thumbnail":["https:\/\/digidem-bayern.de\/wp-content\/uploads\/2019\/10\/3kooperationspartner-banner-webseite-Seite001-e1570171154401-140x100.png",140,100,true],"post-thumbnail":["https:\/\/digidem-bayern.de\/wp-content\/uploads\/2019\/10\/3kooperationspartner-banner-webseite-Seite001-e1570171154401-495x248.png",495,248,true],"kahuna-featured":["https:\/\/digidem-bayern.de\/wp-content\/uploads\/2019\/10\/3kooperationspartner-banner-webseite-Seite001-e1570171154401-495x350.png",495,350,true],"kahuna-featured-lp":["https:\/\/digidem-bayern.de\/wp-content\/uploads\/2019\/10\/3kooperationspartner-banner-webseite-Seite001-e1570171154401-690x350.png",520,264,true],"kahuna-featured-half":["https:\/\/digidem-bayern.de\/wp-content\/uploads\/2019\/10\/3kooperationspartner-banner-webseite-Seite001-e1570171154401-800x350.png",800,350,true],"kahuna-featured-third":["https:\/\/digidem-bayern.de\/wp-content\/uploads\/2019\/10\/3kooperationspartner-banner-webseite-Seite001-e1570171154401-512x350.png",512,350,true],"kahuna-lpbox-1":["https:\/\/digidem-bayern.de\/wp-content\/uploads\/2019\/10\/3kooperationspartner-banner-webseite-Seite001-e1570171154401-460x350.png",394,300,true],"kahuna-lpbox-2":["https:\/\/digidem-bayern.de\/wp-content\/uploads\/2019\/10\/3kooperationspartner-banner-webseite-Seite001-e1570171154401-460x350.png",460,350,true],"demand-language-flag":["https:\/\/digidem-bayern.de\/wp-content\/uploads\/2019\/10\/3kooperationspartner-banner-webseite-Seite001-e1570171154401.png",36,18,false],"dddkt-language-flag":["https:\/\/digidem-bayern.de\/wp-content\/uploads\/2019\/10\/3kooperationspartner-banner-webseite-Seite001-e1570171154401.png",36,18,false],"ddiqc-language-flag":["https:\/\/digidem-bayern.de\/wp-content\/uploads\/2019\/10\/3kooperationspartner-banner-webseite-Seite001-e1570171154401.png",36,18,false],"ddtl-language-flag":["https:\/\/digidem-bayern.de\/wp-content\/uploads\/2019\/10\/3kooperationspartner-banner-webseite-Seite001-e1570171154401.png",36,18,false],"mailpoet_newsletter_max":["https:\/\/digidem-bayern.de\/wp-content\/uploads\/2019\/10\/3kooperationspartner-banner-webseite-Seite001-e1570171154401-1320x660.png",1320,660,true],"kahuna-lpbox-3":["https:\/\/digidem-bayern.de\/wp-content\/uploads\/2019\/10\/3kooperationspartner-banner-webseite-Seite001-e1570171154401-460x350.png",460,350,true],"kahuna-featured-square":["https:\/\/digidem-bayern.de\/wp-content\/uploads\/2019\/10\/3kooperationspartner-banner-webseite-Seite001-e1570171154401-512x512.png",512,512,true],"kahuna-featured-square-large":["https:\/\/digidem-bayern.de\/wp-content\/uploads\/2019\/10\/3kooperationspartner-banner-webseite-Seite001-e1570171154401-1024x800.png",1024,800,true]},"post_excerpt_stackable_v2":"<p>Zum Aufbau des landesweiten Registers suchen wir aktuell Kooperationspartner. In Frage kommen Pflege-Einrichtungen und -Dienste, \u00c4rzte, Krankenh\u00e4user, Beratungsstellen, Ged\u00e4chtnisambulanzen, sowie alle Einrichtungen, in denen die m\u00f6glichen Partner mit Menschen mit Demenz in Kontakt kommen. Kooperationspartner sollen die folgende Personengruppen befragen:&#8211; Menschen mit leichten kognitiven Beeintr\u00e4chtigungen (Mild Cognitive Impairment)&#8211; Menschen mit leichter oder moderater Demenz&#8211; Pflegende Angeh\u00f6rige (Hauptpflegeperson des Menschen mit Demenz). &nbsp;F\u00fcr die Gewinnung und Befragung der Teilnehmenden erhalten die Kooperationspartner eine Aufwandsentsch\u00e4digung. Wir unterst\u00fctzen und begleiten diese durch unsere regionalen Projektassistenzen und erstellen einrichtungsspezifische Auswertungen. Weitere Informationen f\u00fcr Sie als unseren m\u00f6glichen Kooperationspartner finden Sie hier:&nbsp;Informationsblatt_Kooperationspartner TECHNISCHER HINWEIS: Bitte&hellip;<\/p>\n","category_list_v2":"","author_info_v2":{"name":"Michael Zeiler","url":"https:\/\/digidem-bayern.de\/en\/author\/michael-zeiler\/"},"comments_num_v2":"0 comments","yoast_head":"<!-- This site is optimized with the Yoast SEO plugin v27.4 - https:\/\/yoast.com\/product\/yoast-seo-wordpress\/ -->\n<title>Kooperationspartner - digiDEM Bayern<\/title>\n<meta name=\"description\" content=\"digiDEM Bayern zielt darauf ab, die Lebensbedingungen von Menschen mit MCI\/Demenz und deren pflegenden An- und Zugeh\u00f6rigen nachhaltig zu verbessern.\" \/>\n<meta name=\"robots\" content=\"index, follow, max-snippet:-1, max-image-preview:large, max-video-preview:-1\" \/>\n<link rel=\"canonical\" href=\"https:\/\/digidem-bayern.de\/en\/kooperationspartner\/\" \/>\n<meta property=\"og:locale\" content=\"en_US\" \/>\n<meta property=\"og:type\" content=\"article\" \/>\n<meta property=\"og:title\" content=\"Kooperationspartner - digiDEM Bayern\" \/>\n<meta property=\"og:description\" content=\"digiDEM Bayern zielt darauf ab, die Lebensbedingungen von Menschen mit MCI\/Demenz und deren pflegenden An- und Zugeh\u00f6rigen nachhaltig zu verbessern.\" \/>\n<meta property=\"og:url\" content=\"https:\/\/digidem-bayern.de\/en\/kooperationspartner\/\" \/>\n<meta property=\"og:site_name\" content=\"digiDEM Bayern\" \/>\n<meta property=\"article:publisher\" content=\"https:\/\/www.facebook.com\/digiDEMBayern\/\" \/>\n<meta property=\"article:modified_time\" content=\"2019-11-21T16:31:02+00:00\" \/>\n<meta property=\"og:image\" content=\"https:\/\/digidem-bayern.de\/wp-content\/uploads\/2019\/10\/3kooperationspartner-banner-webseite-Seite001-e1570171154401.png\" \/>\n\t<meta property=\"og:image:width\" content=\"1600\" \/>\n\t<meta property=\"og:image:height\" content=\"800\" \/>\n\t<meta property=\"og:image:type\" content=\"image\/png\" \/>\n<meta name=\"twitter:label1\" content=\"Est. reading time\" \/>\n\t<meta name=\"twitter:data1\" content=\"1 minute\" \/>\n<script type=\"application\/ld+json\" class=\"yoast-schema-graph\">{\"@context\":\"https:\\\/\\\/schema.org\",\"@graph\":[{\"@type\":\"WebPage\",\"@id\":\"https:\\\/\\\/digidem-bayern.de\\\/kooperationspartner\\\/\",\"url\":\"https:\\\/\\\/digidem-bayern.de\\\/kooperationspartner\\\/\",\"name\":\"Kooperationspartner - digiDEM Bayern\",\"isPartOf\":{\"@id\":\"\\\/#website\"},\"primaryImageOfPage\":{\"@id\":\"https:\\\/\\\/digidem-bayern.de\\\/kooperationspartner\\\/#primaryimage\"},\"image\":{\"@id\":\"https:\\\/\\\/digidem-bayern.de\\\/kooperationspartner\\\/#primaryimage\"},\"thumbnailUrl\":\"https:\\\/\\\/digidem-bayern.de\\\/wp-content\\\/uploads\\\/2019\\\/10\\\/3kooperationspartner-banner-webseite-Seite001-e1570171154401.png\",\"datePublished\":\"2019-07-10T06:24:02+00:00\",\"dateModified\":\"2019-11-21T16:31:02+00:00\",\"description\":\"digiDEM Bayern zielt darauf ab, die Lebensbedingungen von Menschen mit MCI\\\/Demenz und deren pflegenden An- und Zugeh\u00f6rigen nachhaltig zu verbessern.\",\"breadcrumb\":{\"@id\":\"https:\\\/\\\/digidem-bayern.de\\\/kooperationspartner\\\/#breadcrumb\"},\"inLanguage\":\"en-US\",\"potentialAction\":[{\"@type\":\"ReadAction\",\"target\":[\"https:\\\/\\\/digidem-bayern.de\\\/kooperationspartner\\\/\"]}]},{\"@type\":\"ImageObject\",\"inLanguage\":\"en-US\",\"@id\":\"https:\\\/\\\/digidem-bayern.de\\\/kooperationspartner\\\/#primaryimage\",\"url\":\"https:\\\/\\\/digidem-bayern.de\\\/wp-content\\\/uploads\\\/2019\\\/10\\\/3kooperationspartner-banner-webseite-Seite001-e1570171154401.png\",\"contentUrl\":\"https:\\\/\\\/digidem-bayern.de\\\/wp-content\\\/uploads\\\/2019\\\/10\\\/3kooperationspartner-banner-webseite-Seite001-e1570171154401.png\",\"width\":1600,\"height\":800},{\"@type\":\"BreadcrumbList\",\"@id\":\"https:\\\/\\\/digidem-bayern.de\\\/kooperationspartner\\\/#breadcrumb\",\"itemListElement\":[{\"@type\":\"ListItem\",\"position\":1,\"name\":\"Startseite\",\"item\":\"https:\\\/\\\/digidem-bayern.de\\\/\"},{\"@type\":\"ListItem\",\"position\":2,\"name\":\"Kooperationspartner\"}]},{\"@type\":\"WebSite\",\"@id\":\"\\\/#website\",\"url\":\"\\\/\",\"name\":\"digiDEM Bayern\",\"description\":\"Das digitale Demenzregister Bayern erforscht und verbessert die Angebotsstuktur f\u00fcr Menschen mit Demenz und deren Angeh\u00f6rige\",\"publisher\":{\"@id\":\"\\\/#organization\"},\"potentialAction\":[{\"@type\":\"SearchAction\",\"target\":{\"@type\":\"EntryPoint\",\"urlTemplate\":\"\\\/?s={search_term_string}\"},\"query-input\":{\"@type\":\"PropertyValueSpecification\",\"valueRequired\":true,\"valueName\":\"search_term_string\"}}],\"inLanguage\":\"en-US\"},{\"@type\":\"Organization\",\"@id\":\"\\\/#organization\",\"name\":\"digiDEM Bayern\",\"url\":\"\\\/\",\"logo\":{\"@type\":\"ImageObject\",\"inLanguage\":\"en-US\",\"@id\":\"\\\/#\\\/schema\\\/logo\\\/image\\\/\",\"url\":\"https:\\\/\\\/digidem-bayern.de\\\/wp-content\\\/uploads\\\/2022\\\/03\\\/cropped-Allgemeines_digiDEMLOGO-removebg-preview.png\",\"contentUrl\":\"https:\\\/\\\/digidem-bayern.de\\\/wp-content\\\/uploads\\\/2022\\\/03\\\/cropped-Allgemeines_digiDEMLOGO-removebg-preview.png\",\"width\":612,\"height\":357,\"caption\":\"digiDEM Bayern\"},\"image\":{\"@id\":\"\\\/#\\\/schema\\\/logo\\\/image\\\/\"},\"sameAs\":[\"https:\\\/\\\/www.facebook.com\\\/digiDEMBayern\\\/\",\"https:\\\/\\\/x.com\\\/digidem_bayern\",\"https:\\\/\\\/www.instagram.com\\\/digidem.bayern\",\"https:\\\/\\\/www.linkedin.com\\\/company\\\/digidem-bayern\\\/\"]}]}<\/script>\n<!-- \/ Yoast SEO plugin. -->","yoast_head_json":{"title":"Kooperationspartner - digiDEM Bayern","description":"digiDEM Bayern zielt darauf ab, die Lebensbedingungen von Menschen mit MCI\/Demenz und deren pflegenden An- und Zugeh\u00f6rigen nachhaltig zu verbessern.","robots":{"index":"index","follow":"follow","max-snippet":"max-snippet:-1","max-image-preview":"max-image-preview:large","max-video-preview":"max-video-preview:-1"},"canonical":"https:\/\/digidem-bayern.de\/en\/kooperationspartner\/","og_locale":"en_US","og_type":"article","og_title":"Kooperationspartner - digiDEM Bayern","og_description":"digiDEM Bayern zielt darauf ab, die Lebensbedingungen von Menschen mit MCI\/Demenz und deren pflegenden An- und Zugeh\u00f6rigen nachhaltig zu verbessern.","og_url":"https:\/\/digidem-bayern.de\/en\/kooperationspartner\/","og_site_name":"digiDEM Bayern","article_publisher":"https:\/\/www.facebook.com\/digiDEMBayern\/","article_modified_time":"2019-11-21T16:31:02+00:00","og_image":[{"width":1600,"height":800,"url":"https:\/\/digidem-bayern.de\/wp-content\/uploads\/2019\/10\/3kooperationspartner-banner-webseite-Seite001-e1570171154401.png","type":"image\/png"}],"twitter_misc":{"Est. reading time":"1 minute"},"schema":{"@context":"https:\/\/schema.org","@graph":[{"@type":"WebPage","@id":"https:\/\/digidem-bayern.de\/kooperationspartner\/","url":"https:\/\/digidem-bayern.de\/kooperationspartner\/","name":"Kooperationspartner - digiDEM Bayern","isPartOf":{"@id":"\/#website"},"primaryImageOfPage":{"@id":"https:\/\/digidem-bayern.de\/kooperationspartner\/#primaryimage"},"image":{"@id":"https:\/\/digidem-bayern.de\/kooperationspartner\/#primaryimage"},"thumbnailUrl":"https:\/\/digidem-bayern.de\/wp-content\/uploads\/2019\/10\/3kooperationspartner-banner-webseite-Seite001-e1570171154401.png","datePublished":"2019-07-10T06:24:02+00:00","dateModified":"2019-11-21T16:31:02+00:00","description":"digiDEM Bayern zielt darauf ab, die Lebensbedingungen von Menschen mit MCI\/Demenz und deren pflegenden An- und Zugeh\u00f6rigen nachhaltig zu verbessern.","breadcrumb":{"@id":"https:\/\/digidem-bayern.de\/kooperationspartner\/#breadcrumb"},"inLanguage":"en-US","potentialAction":[{"@type":"ReadAction","target":["https:\/\/digidem-bayern.de\/kooperationspartner\/"]}]},{"@type":"ImageObject","inLanguage":"en-US","@id":"https:\/\/digidem-bayern.de\/kooperationspartner\/#primaryimage","url":"https:\/\/digidem-bayern.de\/wp-content\/uploads\/2019\/10\/3kooperationspartner-banner-webseite-Seite001-e1570171154401.png","contentUrl":"https:\/\/digidem-bayern.de\/wp-content\/uploads\/2019\/10\/3kooperationspartner-banner-webseite-Seite001-e1570171154401.png","width":1600,"height":800},{"@type":"BreadcrumbList","@id":"https:\/\/digidem-bayern.de\/kooperationspartner\/#breadcrumb","itemListElement":[{"@type":"ListItem","position":1,"name":"Startseite","item":"https:\/\/digidem-bayern.de\/"},{"@type":"ListItem","position":2,"name":"Kooperationspartner"}]},{"@type":"WebSite","@id":"\/#website","url":"\/","name":"digiDEM Bavaria","description":"The digital dementia register in Bavaria researches and improves the structure of services for people with dementia and their relatives","publisher":{"@id":"\/#organization"},"potentialAction":[{"@type":"SearchAction","target":{"@type":"EntryPoint","urlTemplate":"\/?s={search_term_string}"},"query-input":{"@type":"PropertyValueSpecification","valueRequired":true,"valueName":"search_term_string"}}],"inLanguage":"en-US"},{"@type":"Organization","@id":"\/#organization","name":"digiDEM Bavaria","url":"\/","logo":{"@type":"ImageObject","inLanguage":"en-US","@id":"\/#\/schema\/logo\/image\/","url":"https:\/\/digidem-bayern.de\/wp-content\/uploads\/2022\/03\/cropped-Allgemeines_digiDEMLOGO-removebg-preview.png","contentUrl":"https:\/\/digidem-bayern.de\/wp-content\/uploads\/2022\/03\/cropped-Allgemeines_digiDEMLOGO-removebg-preview.png","width":612,"height":357,"caption":"digiDEM Bayern"},"image":{"@id":"\/#\/schema\/logo\/image\/"},"sameAs":["https:\/\/www.facebook.com\/digiDEMBayern\/","https:\/\/x.com\/digidem_bayern","https:\/\/www.instagram.com\/digidem.bayern","https:\/\/www.linkedin.com\/company\/digidem-bayern\/"]}]}},"uagb_featured_image_src":{"full":["https:\/\/digidem-bayern.de\/wp-content\/uploads\/2019\/10\/3kooperationspartner-banner-webseite-Seite001-e1570171154401.png",1600,800,false],"thumbnail":["https:\/\/digidem-bayern.de\/wp-content\/uploads\/2019\/10\/3kooperationspartner-banner-webseite-Seite001-e1570171154401-80x80.png",80,80,true],"medium":["https:\/\/digidem-bayern.de\/wp-content\/uploads\/2019\/10\/3kooperationspartner-banner-webseite-Seite001-e1570171154401-300x150.png",300,150,true],"medium_large":["https:\/\/digidem-bayern.de\/wp-content\/uploads\/2019\/10\/3kooperationspartner-banner-webseite-Seite001-e1570171154401-768x384.png",768,384,true],"large":["https:\/\/digidem-bayern.de\/wp-content\/uploads\/2019\/10\/3kooperationspartner-banner-webseite-Seite001-e1570171154401-1030x515.png",1030,515,true],"1536x1536":["https:\/\/digidem-bayern.de\/wp-content\/uploads\/2019\/10\/3kooperationspartner-banner-webseite-Seite001-e1570171154401.png",1536,768,false],"2048x2048":["https:\/\/digidem-bayern.de\/wp-content\/uploads\/2019\/10\/3kooperationspartner-banner-webseite-Seite001-e1570171154401.png",1600,800,false],"trp-custom-language-flag":["https:\/\/digidem-bayern.de\/wp-content\/uploads\/2019\/10\/3kooperationspartner-banner-webseite-Seite001-e1570171154401.png",18,9,false],"qubely_landscape":["https:\/\/digidem-bayern.de\/wp-content\/uploads\/2019\/10\/3kooperationspartner-banner-webseite-Seite001-e1570171154401-1200x750.png",1200,750,true],"qubely_portrait":["https:\/\/digidem-bayern.de\/wp-content\/uploads\/2019\/10\/3kooperationspartner-banner-webseite-Seite001-e1570171154401-540x320.png",540,320,true],"qubely_thumbnail":["https:\/\/digidem-bayern.de\/wp-content\/uploads\/2019\/10\/3kooperationspartner-banner-webseite-Seite001-e1570171154401-140x100.png",140,100,true],"post-thumbnail":["https:\/\/digidem-bayern.de\/wp-content\/uploads\/2019\/10\/3kooperationspartner-banner-webseite-Seite001-e1570171154401-495x248.png",495,248,true],"kahuna-featured":["https:\/\/digidem-bayern.de\/wp-content\/uploads\/2019\/10\/3kooperationspartner-banner-webseite-Seite001-e1570171154401-495x350.png",495,350,true],"kahuna-featured-lp":["https:\/\/digidem-bayern.de\/wp-content\/uploads\/2019\/10\/3kooperationspartner-banner-webseite-Seite001-e1570171154401-690x350.png",520,264,true],"kahuna-featured-half":["https:\/\/digidem-bayern.de\/wp-content\/uploads\/2019\/10\/3kooperationspartner-banner-webseite-Seite001-e1570171154401-800x350.png",800,350,true],"kahuna-featured-third":["https:\/\/digidem-bayern.de\/wp-content\/uploads\/2019\/10\/3kooperationspartner-banner-webseite-Seite001-e1570171154401-512x350.png",512,350,true],"kahuna-lpbox-1":["https:\/\/digidem-bayern.de\/wp-content\/uploads\/2019\/10\/3kooperationspartner-banner-webseite-Seite001-e1570171154401-460x350.png",394,300,true],"kahuna-lpbox-2":["https:\/\/digidem-bayern.de\/wp-content\/uploads\/2019\/10\/3kooperationspartner-banner-webseite-Seite001-e1570171154401-460x350.png",460,350,true],"demand-language-flag":["https:\/\/digidem-bayern.de\/wp-content\/uploads\/2019\/10\/3kooperationspartner-banner-webseite-Seite001-e1570171154401.png",36,18,false],"dddkt-language-flag":["https:\/\/digidem-bayern.de\/wp-content\/uploads\/2019\/10\/3kooperationspartner-banner-webseite-Seite001-e1570171154401.png",36,18,false],"ddiqc-language-flag":["https:\/\/digidem-bayern.de\/wp-content\/uploads\/2019\/10\/3kooperationspartner-banner-webseite-Seite001-e1570171154401.png",36,18,false],"ddtl-language-flag":["https:\/\/digidem-bayern.de\/wp-content\/uploads\/2019\/10\/3kooperationspartner-banner-webseite-Seite001-e1570171154401.png",36,18,false],"mailpoet_newsletter_max":["https:\/\/digidem-bayern.de\/wp-content\/uploads\/2019\/10\/3kooperationspartner-banner-webseite-Seite001-e1570171154401-1320x660.png",1320,660,true],"kahuna-lpbox-3":["https:\/\/digidem-bayern.de\/wp-content\/uploads\/2019\/10\/3kooperationspartner-banner-webseite-Seite001-e1570171154401-460x350.png",460,350,true],"kahuna-featured-square":["https:\/\/digidem-bayern.de\/wp-content\/uploads\/2019\/10\/3kooperationspartner-banner-webseite-Seite001-e1570171154401-512x512.png",512,512,true],"kahuna-featured-square-large":["https:\/\/digidem-bayern.de\/wp-content\/uploads\/2019\/10\/3kooperationspartner-banner-webseite-Seite001-e1570171154401-1024x800.png",1024,800,true]},"uagb_author_info":{"display_name":"Michael Zeiler","author_link":"https:\/\/digidem-bayern.de\/en\/author\/michael-zeiler\/"},"uagb_comment_info":0,"uagb_excerpt":"Zum Aufbau des landesweiten Registers suchen wir aktuell Kooperationspartner. In Frage kommen Pflege-Einrichtungen und -Dienste, \u00c4rzte, Krankenh\u00e4user, Beratungsstellen, Ged\u00e4chtnisambulanzen, sowie alle Einrichtungen, in denen die m\u00f6glichen Partner mit Menschen mit Demenz in Kontakt kommen. Kooperationspartner sollen die folgende Personengruppen befragen:&#8211; Menschen mit leichten kognitiven Beeintr\u00e4chtigungen (Mild Cognitive Impairment)&#8211; Menschen mit &hellip;","_links":{"self":[{"href":"https:\/\/digidem-bayern.de\/en\/wp-json\/wp\/v2\/pages\/1610","targetHints":{"allow":["GET"]}}],"collection":[{"href":"https:\/\/digidem-bayern.de\/en\/wp-json\/wp\/v2\/pages"}],"about":[{"href":"https:\/\/digidem-bayern.de\/en\/wp-json\/wp\/v2\/types\/page"}],"author":[{"embeddable":true,"href":"https:\/\/digidem-bayern.de\/en\/wp-json\/wp\/v2\/users\/11"}],"replies":[{"embeddable":true,"href":"https:\/\/digidem-bayern.de\/en\/wp-json\/wp\/v2\/comments?post=1610"}],"version-history":[{"count":0,"href":"https:\/\/digidem-bayern.de\/en\/wp-json\/wp\/v2\/pages\/1610\/revisions"}],"wp:featuredmedia":[{"embeddable":true,"href":"https:\/\/digidem-bayern.de\/en\/wp-json\/wp\/v2\/media\/3795"}],"wp:attachment":[{"href":"https:\/\/digidem-bayern.de\/en\/wp-json\/wp\/v2\/media?parent=1610"}],"curies":[{"name":"wp","href":"https:\/\/api.w.org\/{rel}","templated":true}]}}