{"id":14105,"date":"2021-08-26T11:20:29","date_gmt":"2021-08-26T09:20:29","guid":{"rendered":"https:\/\/test.digidem-bayern.de\/?page_id=14105"},"modified":"2026-03-26T15:47:15","modified_gmt":"2026-03-26T14:47:15","slug":"forschungspartner-2","status":"publish","type":"page","link":"https:\/\/digidem-bayern.de\/en\/forschungspartner-2\/","title":{"rendered":"Research partners"},"content":{"rendered":"<p>Die Befragungen werden in digiDEM Bayern von Forschungspartnern durchgef\u00fchrt. Diese erheben damit Daten im Auftrag von digiDEM Bayern. Bei den Forschungspartnern handelt es sich um professionelles Personal aus bayerischen Versorgungseinrichtungen f\u00fcr Menschen mit Demenz, unter anderem Beratungsstellen, Ged\u00e4chtnisambulanzen und ambulante Pflegedienste. Diese Personen haben langj\u00e4hrige Erfahrungen und ein hohes Fachwissen im Umgang mit Menschen mit Demenz und deren An- und Zugeh\u00f6rigen.\u00a0<\/p>\n\n\n\n<div class=\"wp-block-ugb-feature-grid ugb-feature-grid ugb-f6e5b40 ugb-feature-grid--v2 ugb-feature-grid--columns-4 ugb-feature-grid--design-basic ugb-main-block\"><div class=\"ugb-inner-block\"><div class=\"ugb-block-content\"><div class=\"ugb-feature-grid__item ugb-feature-grid__item1 ugb-container-link\"><div class=\"ugb-feature-grid__image\"><img loading=\"lazy\" decoding=\"async\" width=\"1030\" height=\"687\" class=\"ugb-img wp-image-14084\" src=\"https:\/\/digidem-bayern.de\/wp-content\/uploads\/2021\/08\/Allgemeines_digiDEMLOGO-1030x687.png\" alt=\"Ansprechpartner\" title=\"\"\/><\/div><div class=\"ugb-feature-grid__content\"><h5 class=\"ugb-feature-grid__title\">Contact person<\/h5><p class=\"ugb-feature-grid__description\">Hier finden Sie den Kontakt zu den Regionalbetreuern und der Technikbetreuung <\/p><\/div><a tabindex=\"-1\" aria-hidden=\"true\" href=\"https:\/\/digidem-bayern.de\/en\/ansprechpartner\/\" title=\"Contact person\"><\/a><\/div><div class=\"ugb-feature-grid__item ugb-feature-grid__item2 ugb-container-link\"><div class=\"ugb-feature-grid__image\"><img loading=\"lazy\" decoding=\"async\" width=\"1030\" height=\"686\" class=\"ugb-img wp-image-4395\" src=\"https:\/\/digidem-bayern.de\/wp-content\/uploads\/2020\/01\/faq_2-1030x686.jpg\" alt=\"Grafik mit Lupe, Fragezeichen und den Buchstaben FAQ\" title=\"\" srcset=\"https:\/\/digidem-bayern.de\/wp-content\/uploads\/2020\/01\/faq_2-1030x686.jpg 1030w, https:\/\/digidem-bayern.de\/wp-content\/uploads\/2020\/01\/faq_2-300x200.jpg 300w, https:\/\/digidem-bayern.de\/wp-content\/uploads\/2020\/01\/faq_2-768x512.jpg 768w, https:\/\/digidem-bayern.de\/wp-content\/uploads\/2020\/01\/faq_2-495x330.jpg 495w, https:\/\/digidem-bayern.de\/wp-content\/uploads\/2020\/01\/faq_2.jpg 1280w\" sizes=\"auto, (max-width: 1030px) 100vw, 1030px\" \/><\/div><div class=\"ugb-feature-grid__content\"><h5 class=\"ugb-feature-grid__title\">Frequently asked questions (FAQ)<\/h5><p class=\"ugb-feature-grid__description\">Auflistung h\u00e4ufiger Fragen an das Team<\/p><\/div><a tabindex=\"-1\" aria-hidden=\"true\" href=\"https:\/\/digidem-bayern.de\/en\/haeufige-fragen-faq\/\" title=\"FAQ\"><\/a><\/div><div class=\"ugb-feature-grid__item ugb-feature-grid__item3 ugb-container-link\"><div class=\"ugb-feature-grid__image\"><img loading=\"lazy\" decoding=\"async\" width=\"1030\" height=\"687\" class=\"ugb-img wp-image-3638\" src=\"https:\/\/digidem-bayern.de\/wp-content\/uploads\/blue-charity-collaboration-1842610-1030x687.jpg\" alt=\"Machen Sie mit!\" title=\"\" srcset=\"https:\/\/digidem-bayern.de\/wp-content\/uploads\/blue-charity-collaboration-1842610-1030x687.jpg 1030w, https:\/\/digidem-bayern.de\/wp-content\/uploads\/blue-charity-collaboration-1842610-300x200.jpg 300w, https:\/\/digidem-bayern.de\/wp-content\/uploads\/blue-charity-collaboration-1842610-768x512.jpg 768w, https:\/\/digidem-bayern.de\/wp-content\/uploads\/blue-charity-collaboration-1842610-1200x800.jpg 1200w, https:\/\/digidem-bayern.de\/wp-content\/uploads\/blue-charity-collaboration-1842610-600x400.jpg 600w, https:\/\/digidem-bayern.de\/wp-content\/uploads\/blue-charity-collaboration-1842610-495x330.jpg 495w, https:\/\/digidem-bayern.de\/wp-content\/uploads\/blue-charity-collaboration-1842610-1320x880.jpg 1320w, https:\/\/digidem-bayern.de\/wp-content\/uploads\/blue-charity-collaboration-1842610.jpg 1600w\" sizes=\"auto, (max-width: 1030px) 100vw, 1030px\" \/><\/div><div class=\"ugb-feature-grid__content\"><h5 class=\"ugb-feature-grid__title\">Take part!<\/h5><p class=\"ugb-feature-grid__description\">Detaillierte Informationen zum Start in das Projekt<\/p><\/div><a tabindex=\"-1\" aria-hidden=\"true\" href=\"https:\/\/digidem-bayern.de\/en\/mitmachen\/\" title=\"Mitmachen\"><\/a><\/div><div class=\"ugb-feature-grid__item ugb-feature-grid__item4 ugb-container-link\"><div class=\"ugb-feature-grid__image\"><img loading=\"lazy\" decoding=\"async\" width=\"1030\" height=\"649\" class=\"ugb-img wp-image-5969\" src=\"https:\/\/digidem-bayern.de\/wp-content\/uploads\/2020\/07\/social-media-3846597_1280-1030x649.png\" alt=\"Interner Bereich\" title=\"\" srcset=\"https:\/\/digidem-bayern.de\/wp-content\/uploads\/2020\/07\/social-media-3846597_1280-1030x649.png 1030w, https:\/\/digidem-bayern.de\/wp-content\/uploads\/2020\/07\/social-media-3846597_1280-300x189.png 300w, https:\/\/digidem-bayern.de\/wp-content\/uploads\/2020\/07\/social-media-3846597_1280-768x484.png 768w, https:\/\/digidem-bayern.de\/wp-content\/uploads\/2020\/07\/social-media-3846597_1280-495x312.png 495w, https:\/\/digidem-bayern.de\/wp-content\/uploads\/2020\/07\/social-media-3846597_1280.png 1280w\" sizes=\"auto, (max-width: 1030px) 100vw, 1030px\" \/><\/div><div class=\"ugb-feature-grid__content\"><h5 class=\"ugb-feature-grid__title\">Internal area<\/h5><p class=\"ugb-feature-grid__description\">Hier finden Forschungspartner wichtige Unterlagen, Videos und Checklisten, um Befragungen f\u00fcr digiDEM Bayern durchzuf\u00fchren.<\/p><\/div><a tabindex=\"-1\" aria-hidden=\"true\" href=\"https:\/\/digidem-bayern.de\/en\/forschungspartner-info\/\" title=\"Internal area\"><\/a><\/div><\/div><\/div><\/div>","protected":false},"excerpt":{"rendered":"<p>Die Befragungen werden in digiDEM Bayern von Forschungspartnern durchgef\u00fchrt. Diese erheben damit Daten im Auftrag von digiDEM Bayern. Bei den Forschungspartnern handelt es sich um professionelles Personal aus bayerischen Versorgungseinrichtungen f\u00fcr Menschen mit Demenz, unter anderem Beratungsstellen, Ged\u00e4chtnisambulanzen und ambulante Pflegedienste. Diese Personen haben langj\u00e4hrige Erfahrungen und ein hohes Fachwissen &hellip;<\/p>","protected":false},"author":11,"featured_media":0,"parent":0,"menu_order":0,"comment_status":"closed","ping_status":"closed","template":"","meta":{"qubely_global_settings":"","qubely_interactions":"","_uag_custom_page_level_css":"","footnotes":""},"class_list":["post-14105","page","type-page","status-publish","hentry"],"featured_image_urls_v2":{"full":"","thumbnail":"","medium":"","medium_large":"","large":"","1536x1536":"","2048x2048":"","trp-custom-language-flag":"","qubely_landscape":"","qubely_portrait":"","qubely_thumbnail":"","post-thumbnail":"","kahuna-featured":"","kahuna-featured-lp":"","kahuna-featured-half":"","kahuna-featured-third":"","kahuna-lpbox-1":"","kahuna-lpbox-2":"","demand-language-flag":"","dddkt-language-flag":"","ddiqc-language-flag":"","ddtl-language-flag":"","mailpoet_newsletter_max":"","kahuna-lpbox-3":"","kahuna-featured-square":"","kahuna-featured-square-large":""},"post_excerpt_stackable_v2":"<p>Die Befragungen werden in digiDEM Bayern von Forschungspartnern durchgef\u00fchrt. Diese erheben damit Daten im Auftrag von digiDEM Bayern. Bei den Forschungspartnern handelt es sich um professionelles Personal aus bayerischen Versorgungseinrichtungen f\u00fcr Menschen mit Demenz, unter anderem Beratungsstellen, Ged\u00e4chtnisambulanzen und ambulante Pflegedienste. Diese Personen haben langj\u00e4hrige Erfahrungen und ein hohes Fachwissen im Umgang mit Menschen mit Demenz und deren An- und Zugeh\u00f6rigen.\u00a0 AnsprechpartnerHier finden Sie den Kontakt zu den Regionalbetreuern und der Technikbetreuung H\u00e4ufige Fragen (FAQ)Auflistung h\u00e4ufiger Fragen an das TeamMachen Sie mit!Detaillierte Informationen zum Start in das ProjektInterner BereichHier finden Forschungspartner wichtige Unterlagen, Videos und Checklisten, um Befragungen f\u00fcr digiDEM&hellip;<\/p>\n","category_list_v2":"","author_info_v2":{"name":"Michael Zeiler","url":"https:\/\/digidem-bayern.de\/en\/author\/michael-zeiler\/"},"comments_num_v2":"0 comments","yoast_head":"<!-- This site is optimized with the Yoast SEO plugin v27.4 - https:\/\/yoast.com\/product\/yoast-seo-wordpress\/ -->\n<title>Forschungspartner - digiDEM Bayern<\/title>\n<meta name=\"description\" content=\"Starke Partner f\u00fcr die Demenzforschung: Entdecken Sie das Netzwerk von DigiDEM Bayern und erfahren Sie, wie Sie als Forschungspartner aktiv werden k\u00f6nnen.\" \/>\n<meta name=\"robots\" content=\"index, follow, max-snippet:-1, max-image-preview:large, max-video-preview:-1\" \/>\n<link rel=\"canonical\" href=\"https:\/\/digidem-bayern.de\/en\/forschungspartner-2\/\" \/>\n<meta property=\"og:locale\" content=\"en_US\" \/>\n<meta property=\"og:type\" content=\"article\" \/>\n<meta property=\"og:title\" content=\"Forschungspartner - digiDEM Bayern\" \/>\n<meta property=\"og:description\" content=\"Starke Partner f\u00fcr die Demenzforschung: Entdecken Sie das Netzwerk von DigiDEM Bayern und erfahren Sie, wie Sie als Forschungspartner aktiv werden k\u00f6nnen.\" \/>\n<meta property=\"og:url\" content=\"https:\/\/digidem-bayern.de\/en\/forschungspartner-2\/\" \/>\n<meta property=\"og:site_name\" content=\"digiDEM Bayern\" \/>\n<meta property=\"article:publisher\" content=\"https:\/\/www.facebook.com\/digiDEMBayern\/\" \/>\n<meta property=\"article:modified_time\" content=\"2026-03-26T14:47:15+00:00\" \/>\n<meta property=\"og:image\" content=\"https:\/\/digidem-bayern.de\/wp-content\/uploads\/2021\/08\/Allgemeines_digiDEMLOGO-e1636463798695.png\" \/>\n\t<meta property=\"og:image:width\" content=\"1238\" \/>\n\t<meta property=\"og:image:height\" content=\"825\" \/>\n\t<meta property=\"og:image:type\" content=\"image\/png\" \/>\n<meta name=\"twitter:label1\" content=\"Est. reading time\" \/>\n\t<meta name=\"twitter:data1\" content=\"2 minutes\" \/>\n<script type=\"application\/ld+json\" class=\"yoast-schema-graph\">{\"@context\":\"https:\\\/\\\/schema.org\",\"@graph\":[{\"@type\":\"WebPage\",\"@id\":\"https:\\\/\\\/digidem-bayern.de\\\/forschungspartner-2\\\/\",\"url\":\"https:\\\/\\\/digidem-bayern.de\\\/forschungspartner-2\\\/\",\"name\":\"Forschungspartner - digiDEM Bayern\",\"isPartOf\":{\"@id\":\"\\\/#website\"},\"primaryImageOfPage\":{\"@id\":\"https:\\\/\\\/digidem-bayern.de\\\/forschungspartner-2\\\/#primaryimage\"},\"image\":{\"@id\":\"https:\\\/\\\/digidem-bayern.de\\\/forschungspartner-2\\\/#primaryimage\"},\"thumbnailUrl\":\"https:\\\/\\\/digidem-bayern.de\\\/wp-content\\\/uploads\\\/2021\\\/08\\\/Allgemeines_digiDEMLOGO-1030x687.png\",\"datePublished\":\"2021-08-26T09:20:29+00:00\",\"dateModified\":\"2026-03-26T14:47:15+00:00\",\"description\":\"Starke Partner f\u00fcr die Demenzforschung: Entdecken Sie das Netzwerk von DigiDEM Bayern und erfahren Sie, wie Sie als Forschungspartner aktiv werden k\u00f6nnen.\",\"breadcrumb\":{\"@id\":\"https:\\\/\\\/digidem-bayern.de\\\/forschungspartner-2\\\/#breadcrumb\"},\"inLanguage\":\"en-US\",\"potentialAction\":[{\"@type\":\"ReadAction\",\"target\":[\"https:\\\/\\\/digidem-bayern.de\\\/forschungspartner-2\\\/\"]}]},{\"@type\":\"ImageObject\",\"inLanguage\":\"en-US\",\"@id\":\"https:\\\/\\\/digidem-bayern.de\\\/forschungspartner-2\\\/#primaryimage\",\"url\":\"https:\\\/\\\/digidem-bayern.de\\\/wp-content\\\/uploads\\\/2021\\\/08\\\/Allgemeines_digiDEMLOGO-1030x687.png\",\"contentUrl\":\"https:\\\/\\\/digidem-bayern.de\\\/wp-content\\\/uploads\\\/2021\\\/08\\\/Allgemeines_digiDEMLOGO-1030x687.png\"},{\"@type\":\"BreadcrumbList\",\"@id\":\"https:\\\/\\\/digidem-bayern.de\\\/forschungspartner-2\\\/#breadcrumb\",\"itemListElement\":[{\"@type\":\"ListItem\",\"position\":1,\"name\":\"Startseite\",\"item\":\"https:\\\/\\\/digidem-bayern.de\\\/\"},{\"@type\":\"ListItem\",\"position\":2,\"name\":\"Forschungspartner\"}]},{\"@type\":\"WebSite\",\"@id\":\"\\\/#website\",\"url\":\"\\\/\",\"name\":\"digiDEM Bayern\",\"description\":\"Das digitale Demenzregister Bayern erforscht und verbessert die Angebotsstuktur f\u00fcr Menschen mit Demenz und deren Angeh\u00f6rige\",\"publisher\":{\"@id\":\"\\\/#organization\"},\"potentialAction\":[{\"@type\":\"SearchAction\",\"target\":{\"@type\":\"EntryPoint\",\"urlTemplate\":\"\\\/?s={search_term_string}\"},\"query-input\":{\"@type\":\"PropertyValueSpecification\",\"valueRequired\":true,\"valueName\":\"search_term_string\"}}],\"inLanguage\":\"en-US\"},{\"@type\":\"Organization\",\"@id\":\"\\\/#organization\",\"name\":\"digiDEM Bayern\",\"url\":\"\\\/\",\"logo\":{\"@type\":\"ImageObject\",\"inLanguage\":\"en-US\",\"@id\":\"\\\/#\\\/schema\\\/logo\\\/image\\\/\",\"url\":\"https:\\\/\\\/digidem-bayern.de\\\/wp-content\\\/uploads\\\/2022\\\/03\\\/cropped-Allgemeines_digiDEMLOGO-removebg-preview.png\",\"contentUrl\":\"https:\\\/\\\/digidem-bayern.de\\\/wp-content\\\/uploads\\\/2022\\\/03\\\/cropped-Allgemeines_digiDEMLOGO-removebg-preview.png\",\"width\":612,\"height\":357,\"caption\":\"digiDEM Bayern\"},\"image\":{\"@id\":\"\\\/#\\\/schema\\\/logo\\\/image\\\/\"},\"sameAs\":[\"https:\\\/\\\/www.facebook.com\\\/digiDEMBayern\\\/\",\"https:\\\/\\\/x.com\\\/digidem_bayern\",\"https:\\\/\\\/www.instagram.com\\\/digidem.bayern\",\"https:\\\/\\\/www.linkedin.com\\\/company\\\/digidem-bayern\\\/\"]}]}<\/script>\n<!-- \/ Yoast SEO plugin. -->","yoast_head_json":{"title":"Forschungspartner - digiDEM Bayern","description":"Starke Partner f\u00fcr die Demenzforschung: Entdecken Sie das Netzwerk von DigiDEM Bayern und erfahren Sie, wie Sie als Forschungspartner aktiv werden k\u00f6nnen.","robots":{"index":"index","follow":"follow","max-snippet":"max-snippet:-1","max-image-preview":"max-image-preview:large","max-video-preview":"max-video-preview:-1"},"canonical":"https:\/\/digidem-bayern.de\/en\/forschungspartner-2\/","og_locale":"en_US","og_type":"article","og_title":"Forschungspartner - digiDEM Bayern","og_description":"Starke Partner f\u00fcr die Demenzforschung: Entdecken Sie das Netzwerk von DigiDEM Bayern und erfahren Sie, wie Sie als Forschungspartner aktiv werden k\u00f6nnen.","og_url":"https:\/\/digidem-bayern.de\/en\/forschungspartner-2\/","og_site_name":"digiDEM Bayern","article_publisher":"https:\/\/www.facebook.com\/digiDEMBayern\/","article_modified_time":"2026-03-26T14:47:15+00:00","og_image":[{"width":1238,"height":825,"url":"https:\/\/digidem-bayern.de\/wp-content\/uploads\/2021\/08\/Allgemeines_digiDEMLOGO-e1636463798695.png","type":"image\/png"}],"twitter_misc":{"Est. reading time":"2 minutes"},"schema":{"@context":"https:\/\/schema.org","@graph":[{"@type":"WebPage","@id":"https:\/\/digidem-bayern.de\/forschungspartner-2\/","url":"https:\/\/digidem-bayern.de\/forschungspartner-2\/","name":"Forschungspartner - digiDEM Bayern","isPartOf":{"@id":"\/#website"},"primaryImageOfPage":{"@id":"https:\/\/digidem-bayern.de\/forschungspartner-2\/#primaryimage"},"image":{"@id":"https:\/\/digidem-bayern.de\/forschungspartner-2\/#primaryimage"},"thumbnailUrl":"https:\/\/digidem-bayern.de\/wp-content\/uploads\/2021\/08\/Allgemeines_digiDEMLOGO-1030x687.png","datePublished":"2021-08-26T09:20:29+00:00","dateModified":"2026-03-26T14:47:15+00:00","description":"Starke Partner f\u00fcr die Demenzforschung: Entdecken Sie das Netzwerk von DigiDEM Bayern und erfahren Sie, wie Sie als Forschungspartner aktiv werden k\u00f6nnen.","breadcrumb":{"@id":"https:\/\/digidem-bayern.de\/forschungspartner-2\/#breadcrumb"},"inLanguage":"en-US","potentialAction":[{"@type":"ReadAction","target":["https:\/\/digidem-bayern.de\/forschungspartner-2\/"]}]},{"@type":"ImageObject","inLanguage":"en-US","@id":"https:\/\/digidem-bayern.de\/forschungspartner-2\/#primaryimage","url":"https:\/\/digidem-bayern.de\/wp-content\/uploads\/2021\/08\/Allgemeines_digiDEMLOGO-1030x687.png","contentUrl":"https:\/\/digidem-bayern.de\/wp-content\/uploads\/2021\/08\/Allgemeines_digiDEMLOGO-1030x687.png"},{"@type":"BreadcrumbList","@id":"https:\/\/digidem-bayern.de\/forschungspartner-2\/#breadcrumb","itemListElement":[{"@type":"ListItem","position":1,"name":"Startseite","item":"https:\/\/digidem-bayern.de\/"},{"@type":"ListItem","position":2,"name":"Forschungspartner"}]},{"@type":"WebSite","@id":"\/#website","url":"\/","name":"digiDEM Bavaria","description":"The digital dementia register in Bavaria researches and improves the structure of services for people with dementia and their relatives","publisher":{"@id":"\/#organization"},"potentialAction":[{"@type":"SearchAction","target":{"@type":"EntryPoint","urlTemplate":"\/?s={search_term_string}"},"query-input":{"@type":"PropertyValueSpecification","valueRequired":true,"valueName":"search_term_string"}}],"inLanguage":"en-US"},{"@type":"Organization","@id":"\/#organization","name":"digiDEM Bavaria","url":"\/","logo":{"@type":"ImageObject","inLanguage":"en-US","@id":"\/#\/schema\/logo\/image\/","url":"https:\/\/digidem-bayern.de\/wp-content\/uploads\/2022\/03\/cropped-Allgemeines_digiDEMLOGO-removebg-preview.png","contentUrl":"https:\/\/digidem-bayern.de\/wp-content\/uploads\/2022\/03\/cropped-Allgemeines_digiDEMLOGO-removebg-preview.png","width":612,"height":357,"caption":"digiDEM Bayern"},"image":{"@id":"\/#\/schema\/logo\/image\/"},"sameAs":["https:\/\/www.facebook.com\/digiDEMBayern\/","https:\/\/x.com\/digidem_bayern","https:\/\/www.instagram.com\/digidem.bayern","https:\/\/www.linkedin.com\/company\/digidem-bayern\/"]}]}},"uagb_featured_image_src":{"full":false,"thumbnail":false,"medium":false,"medium_large":false,"large":false,"1536x1536":false,"2048x2048":false,"trp-custom-language-flag":false,"qubely_landscape":false,"qubely_portrait":false,"qubely_thumbnail":false,"post-thumbnail":false,"kahuna-featured":false,"kahuna-featured-lp":false,"kahuna-featured-half":false,"kahuna-featured-third":false,"kahuna-lpbox-1":false,"kahuna-lpbox-2":false,"demand-language-flag":false,"dddkt-language-flag":false,"ddiqc-language-flag":false,"ddtl-language-flag":false,"mailpoet_newsletter_max":false,"kahuna-lpbox-3":false,"kahuna-featured-square":false,"kahuna-featured-square-large":false},"uagb_author_info":{"display_name":"Michael Zeiler","author_link":"https:\/\/digidem-bayern.de\/en\/author\/michael-zeiler\/"},"uagb_comment_info":0,"uagb_excerpt":"Die Befragungen werden in digiDEM Bayern von Forschungspartnern durchgef\u00fchrt. Diese erheben damit Daten im Auftrag von digiDEM Bayern. Bei den Forschungspartnern handelt es sich um professionelles Personal aus bayerischen Versorgungseinrichtungen f\u00fcr Menschen mit Demenz, unter anderem Beratungsstellen, Ged\u00e4chtnisambulanzen und ambulante Pflegedienste. Diese Personen haben langj\u00e4hrige Erfahrungen und ein hohes Fachwissen &hellip;","_links":{"self":[{"href":"https:\/\/digidem-bayern.de\/en\/wp-json\/wp\/v2\/pages\/14105","targetHints":{"allow":["GET"]}}],"collection":[{"href":"https:\/\/digidem-bayern.de\/en\/wp-json\/wp\/v2\/pages"}],"about":[{"href":"https:\/\/digidem-bayern.de\/en\/wp-json\/wp\/v2\/types\/page"}],"author":[{"embeddable":true,"href":"https:\/\/digidem-bayern.de\/en\/wp-json\/wp\/v2\/users\/11"}],"replies":[{"embeddable":true,"href":"https:\/\/digidem-bayern.de\/en\/wp-json\/wp\/v2\/comments?post=14105"}],"version-history":[{"count":9,"href":"https:\/\/digidem-bayern.de\/en\/wp-json\/wp\/v2\/pages\/14105\/revisions"}],"predecessor-version":[{"id":34490,"href":"https:\/\/digidem-bayern.de\/en\/wp-json\/wp\/v2\/pages\/14105\/revisions\/34490"}],"wp:attachment":[{"href":"https:\/\/digidem-bayern.de\/en\/wp-json\/wp\/v2\/media?parent=14105"}],"curies":[{"name":"wp","href":"https:\/\/api.w.org\/{rel}","templated":true}]}}