{"id":11358,"date":"2021-03-22T14:19:56","date_gmt":"2021-03-22T13:19:56","guid":{"rendered":"https:\/\/digidem-bayern.de\/?page_id=11358"},"modified":"2026-03-26T15:28:18","modified_gmt":"2026-03-26T14:28:18","slug":"digitales-angebot-demenz-podcast","status":"publish","type":"page","link":"https:\/\/digidem-bayern.de\/en\/digitales-angebot-demenz-podcast\/","title":{"rendered":"Digitales Angebot: Demenz Podcast"},"content":{"rendered":"<p>Der Demenz-Podcast erscheint seit April 2019 monatlich kostenlos mit Informationen f\u00fcr alle, die sich mit dem Thema Demenz befassen. Ein Podcast ist ein Audiobeitrag (\u00e4hnlich einem Radiobeitrag), der nicht an feste Sendezeiten gekn\u00fcpft ist, sondern jederzeit \u00fcber das Internet abrufbar und anh\u00f6rbar ist.<\/p>\n\n\n\n<p>Jede Sendung des Demenz-Podcasts behandelt ein spezielles Thema und dauert etwa 30 Minuten. Autorin und Moderatorin des Demenz-Podcasts ist Christine Sch\u00f6n, seit 20 Jahren H\u00f6rfunkautorin mit den Schwerpunkt-Themen Alter und Demenz und Redakteurin der Sendungsreihe &#8222;H\u00f6rzeit \u2013 Radio wie fr\u00fcher&#8220; f\u00fcr Menschen mit Demenz. Der Demenz-Podcast bietet ganz konkrete Unterst\u00fctzung bei vielen Fragen von An- und Zugeh\u00f6rigen. Christine Sch\u00f6n interviewt professionell Pflegende, Vertreter*innen der Alzheimer Gesellschaft, \u00c4rzt*innen, Menschen mit Demenz und ihre Angeh\u00f6rigen, Psycholog*innen und weitere Expert*innen.<\/p>\n\n\n\n<p>Der Demenz-Podcast kann auf Spotify, Apple Podcasts, Podscout, gPodder und nat\u00fcrlich der Webseite demenz-podcast.de geh\u00f6rt werden.<\/p>\n\n\n\n<p>Ab Mai 2021 wird er von der Deutschen Alzheimer Gesellschaft und dem medhochzwei Verlag gemeinsam herausgegeben.<\/p>\n\n\n\n<div class=\"wp-block-buttons is-content-justification-center is-layout-flex wp-block-buttons-is-layout-flex\">\n<div class=\"wp-block-button has-custom-width wp-block-button__width-25 has-custom-font-size has-large-font-size\"><a class=\"wp-block-button__link has-accent-1-background-color has-text-color has-background\" href=\"https:\/\/demenz-podcast.de\/\" style=\"color:#ffffff\" target=\"_blank\" rel=\"noreferrer noopener\">Jetzt anh\u00f6ren<\/a><\/div>\n<\/div>\n\n\n\n<div class=\"wp-block-ugb-divider ugb-divider ugb-3b4750c ugb-divider--v2 ugb-divider--design-basic ugb-main-block\"><style>.ugb-3b4750c hr.ugb-divider__hr{width:75% !important;margin-left:auto !important;margin-right:auto !important}<\/style><div class=\"ugb-inner-block\"><div class=\"ugb-block-content\"><hr class=\"ugb-divider__hr\"\/><\/div><\/div><\/div>\n\n\n\n<p><\/p>\n\n\n\n<p class=\"has-text-color has-background\" style=\"background-color:#f4f4f4;color:#132f3a\"><strong>\u00dcber die Anbieter: medhochzwei Verlag und Deutsche Alzheimer Gesellschaft<\/strong><\/p>\n\n\n\n<p>Der medhochzwei Verlag mit Sitz in Heidelberg publiziert seit 2009 Fach- und Sachmedien f\u00fcr das Gesundheitswesen, die wissenschaftlich basiert und dennoch praxisorientiert und lesefreundlich sind.<\/p>\n\n\n\n<p>Die Deutsche Alzheimer Gesellschaft ist der Bundesverband von 137 Alzheimer-Gesellschaften. Als Selbsthilfeorganisationen unterst\u00fctzen und beraten die Deutsche Alzheimer Gesellschaft und ihre Mitgliedsgesellschaften Menschen mit Demenz und ihre Familien.<\/p>\n\n\n\n<p><\/p>\n\n\n\n<p class=\"has-text-color has-background\" style=\"background-color:#f4f4f4;color:#132f3a\"><strong>Ansprechpartner:<\/strong><\/p>\n\n\n\n<p class=\"has-text-color\" style=\"color:#132f3a\">Bei <strong>Fragen<\/strong> zum Demenz Podcast k\u00f6nnen Sie sich gerne an folgende Adresse wenden:<\/p>\n\n\n\n<p class=\"has-text-color\" style=\"color:#132f3a\"><strong>medhochzwei Verlag GmbH:<br><\/strong>E-Mail demenzpodcast@medhochzwei-verlag.de<br>Tel.: 06221 &#8211; 91496 &#8211; 0<\/p>\n\n\n\n<p><\/p>","protected":false},"excerpt":{"rendered":"<p>Der Demenz-Podcast erscheint seit April 2019 monatlich kostenlos mit Informationen f\u00fcr alle, die sich mit dem Thema Demenz befassen. Ein Podcast ist ein Audiobeitrag (\u00e4hnlich einem Radiobeitrag), der nicht an feste Sendezeiten gekn\u00fcpft ist, sondern jederzeit \u00fcber das Internet abrufbar und anh\u00f6rbar ist. Jede Sendung des Demenz-Podcasts behandelt ein spezielles &hellip;<\/p>","protected":false},"author":11,"featured_media":4513,"parent":0,"menu_order":0,"comment_status":"closed","ping_status":"closed","template":"","meta":{"qubely_global_settings":"","qubely_interactions":"","_uag_custom_page_level_css":"","footnotes":""},"class_list":["post-11358","page","type-page","status-publish","has-post-thumbnail","hentry"],"featured_image_urls_v2":{"full":["https:\/\/digidem-bayern.de\/wp-content\/uploads\/2020\/03\/mixer-4197730_1280.jpg",1280,853,false],"thumbnail":["https:\/\/digidem-bayern.de\/wp-content\/uploads\/2020\/03\/mixer-4197730_1280-80x80.jpg",80,80,true],"medium":["https:\/\/digidem-bayern.de\/wp-content\/uploads\/2020\/03\/mixer-4197730_1280-300x200.jpg",300,200,true],"medium_large":["https:\/\/digidem-bayern.de\/wp-content\/uploads\/2020\/03\/mixer-4197730_1280-768x512.jpg",768,512,true],"large":["https:\/\/digidem-bayern.de\/wp-content\/uploads\/2020\/03\/mixer-4197730_1280-1030x686.jpg",1030,686,true],"1536x1536":["https:\/\/digidem-bayern.de\/wp-content\/uploads\/2020\/03\/mixer-4197730_1280.jpg",1280,853,false],"2048x2048":["https:\/\/digidem-bayern.de\/wp-content\/uploads\/2020\/03\/mixer-4197730_1280.jpg",1280,853,false],"trp-custom-language-flag":["https:\/\/digidem-bayern.de\/wp-content\/uploads\/2020\/03\/mixer-4197730_1280.jpg",18,12,false],"qubely_landscape":["https:\/\/digidem-bayern.de\/wp-content\/uploads\/2020\/03\/mixer-4197730_1280-1200x750.jpg",1200,750,true],"qubely_portrait":["https:\/\/digidem-bayern.de\/wp-content\/uploads\/2020\/03\/mixer-4197730_1280-540x320.jpg",540,320,true],"qubely_thumbnail":["https:\/\/digidem-bayern.de\/wp-content\/uploads\/2020\/03\/mixer-4197730_1280-140x100.jpg",140,100,true],"post-thumbnail":["https:\/\/digidem-bayern.de\/wp-content\/uploads\/2020\/03\/mixer-4197730_1280-495x330.jpg",495,330,true],"kahuna-featured":["https:\/\/digidem-bayern.de\/wp-content\/uploads\/2020\/03\/mixer-4197730_1280-495x350.jpg",495,350,true],"kahuna-featured-lp":["https:\/\/digidem-bayern.de\/wp-content\/uploads\/2020\/03\/mixer-4197730_1280-690x350.jpg",520,264,true],"kahuna-featured-half":["https:\/\/digidem-bayern.de\/wp-content\/uploads\/2020\/03\/mixer-4197730_1280-800x350.jpg",800,350,true],"kahuna-featured-third":["https:\/\/digidem-bayern.de\/wp-content\/uploads\/2020\/03\/mixer-4197730_1280-512x350.jpg",512,350,true],"kahuna-lpbox-1":["https:\/\/digidem-bayern.de\/wp-content\/uploads\/2020\/03\/mixer-4197730_1280-460x350.jpg",394,300,true],"kahuna-lpbox-2":["https:\/\/digidem-bayern.de\/wp-content\/uploads\/2020\/03\/mixer-4197730_1280-460x350.jpg",460,350,true],"demand-language-flag":["https:\/\/digidem-bayern.de\/wp-content\/uploads\/2020\/03\/mixer-4197730_1280.jpg",36,24,false],"dddkt-language-flag":["https:\/\/digidem-bayern.de\/wp-content\/uploads\/2020\/03\/mixer-4197730_1280.jpg",36,24,false],"ddiqc-language-flag":["https:\/\/digidem-bayern.de\/wp-content\/uploads\/2020\/03\/mixer-4197730_1280.jpg",36,24,false],"ddtl-language-flag":["https:\/\/digidem-bayern.de\/wp-content\/uploads\/2020\/03\/mixer-4197730_1280.jpg",36,24,false],"mailpoet_newsletter_max":["https:\/\/digidem-bayern.de\/wp-content\/uploads\/2020\/03\/mixer-4197730_1280.jpg",1280,853,false],"kahuna-lpbox-3":["https:\/\/digidem-bayern.de\/wp-content\/uploads\/2020\/03\/mixer-4197730_1280-460x350.jpg",460,350,true],"kahuna-featured-square":["https:\/\/digidem-bayern.de\/wp-content\/uploads\/2020\/03\/mixer-4197730_1280-512x512.jpg",512,512,true],"kahuna-featured-square-large":["https:\/\/digidem-bayern.de\/wp-content\/uploads\/2020\/03\/mixer-4197730_1280-1024x853.jpg",1024,853,true]},"post_excerpt_stackable_v2":"<p>Der Demenz-Podcast erscheint seit April 2019 monatlich kostenlos mit Informationen f\u00fcr alle, die sich mit dem Thema Demenz befassen. Ein Podcast ist ein Audiobeitrag (\u00e4hnlich einem Radiobeitrag), der nicht an feste Sendezeiten gekn\u00fcpft ist, sondern jederzeit \u00fcber das Internet abrufbar und anh\u00f6rbar ist. Jede Sendung des Demenz-Podcasts behandelt ein spezielles Thema und dauert etwa 30 Minuten. Autorin und Moderatorin des Demenz-Podcasts ist Christine Sch\u00f6n, seit 20 Jahren H\u00f6rfunkautorin mit den Schwerpunkt-Themen Alter und Demenz und Redakteurin der Sendungsreihe &#8222;H\u00f6rzeit \u2013 Radio wie fr\u00fcher&#8220; f\u00fcr Menschen mit Demenz. Der Demenz-Podcast bietet ganz konkrete Unterst\u00fctzung bei vielen Fragen von An- und Zugeh\u00f6rigen.&hellip;<\/p>\n","category_list_v2":"","author_info_v2":{"name":"Michael Zeiler","url":"https:\/\/digidem-bayern.de\/en\/author\/michael-zeiler\/"},"comments_num_v2":"0 comments","yoast_head":"<!-- This site is optimized with the Yoast SEO plugin v27.4 - https:\/\/yoast.com\/product\/yoast-seo-wordpress\/ -->\n<title>Digitales Angebot: Demenz Podcast - digiDEM Bayern<\/title>\n<meta name=\"description\" content=\"Aktuelles Wissen zu Demenz &amp; Pflege direkt im Ohr. Der Demenz-Podcast bietet spannende Interviews und Tipps f\u00fcr Angeh\u00f6rige &amp; Fachkr\u00e4fte.\" \/>\n<meta name=\"robots\" content=\"index, follow, max-snippet:-1, max-image-preview:large, max-video-preview:-1\" \/>\n<link rel=\"canonical\" href=\"https:\/\/digidem-bayern.de\/en\/digitales-angebot-demenz-podcast\/\" \/>\n<meta property=\"og:locale\" content=\"en_US\" \/>\n<meta property=\"og:type\" content=\"article\" \/>\n<meta property=\"og:title\" content=\"Digitales Angebot: Demenz Podcast - digiDEM Bayern\" \/>\n<meta property=\"og:description\" content=\"Aktuelles Wissen zu Demenz &amp; Pflege direkt im Ohr. Der Demenz-Podcast bietet spannende Interviews und Tipps f\u00fcr Angeh\u00f6rige &amp; Fachkr\u00e4fte.\" \/>\n<meta property=\"og:url\" content=\"https:\/\/digidem-bayern.de\/en\/digitales-angebot-demenz-podcast\/\" \/>\n<meta property=\"og:site_name\" content=\"digiDEM Bayern\" \/>\n<meta property=\"article:publisher\" content=\"https:\/\/www.facebook.com\/digiDEMBayern\/\" \/>\n<meta property=\"article:modified_time\" content=\"2026-03-26T14:28:18+00:00\" \/>\n<meta property=\"og:image\" content=\"https:\/\/digidem-bayern.de\/wp-content\/uploads\/2020\/03\/mixer-4197730_1280.jpg\" \/>\n\t<meta property=\"og:image:width\" content=\"1280\" \/>\n\t<meta property=\"og:image:height\" content=\"853\" \/>\n\t<meta property=\"og:image:type\" content=\"image\/jpeg\" \/>\n<meta name=\"twitter:label1\" content=\"Est. reading time\" \/>\n\t<meta name=\"twitter:data1\" content=\"2 minutes\" \/>\n<script type=\"application\/ld+json\" class=\"yoast-schema-graph\">{\"@context\":\"https:\\\/\\\/schema.org\",\"@graph\":[{\"@type\":\"WebPage\",\"@id\":\"https:\\\/\\\/digidem-bayern.de\\\/digitales-angebot-demenz-podcast\\\/\",\"url\":\"https:\\\/\\\/digidem-bayern.de\\\/digitales-angebot-demenz-podcast\\\/\",\"name\":\"Digitales Angebot: Demenz Podcast - digiDEM Bayern\",\"isPartOf\":{\"@id\":\"\\\/#website\"},\"primaryImageOfPage\":{\"@id\":\"https:\\\/\\\/digidem-bayern.de\\\/digitales-angebot-demenz-podcast\\\/#primaryimage\"},\"image\":{\"@id\":\"https:\\\/\\\/digidem-bayern.de\\\/digitales-angebot-demenz-podcast\\\/#primaryimage\"},\"thumbnailUrl\":\"https:\\\/\\\/digidem-bayern.de\\\/wp-content\\\/uploads\\\/2020\\\/03\\\/mixer-4197730_1280.jpg\",\"datePublished\":\"2021-03-22T13:19:56+00:00\",\"dateModified\":\"2026-03-26T14:28:18+00:00\",\"description\":\"Aktuelles Wissen zu Demenz & Pflege direkt im Ohr. Der Demenz-Podcast bietet spannende Interviews und Tipps f\u00fcr Angeh\u00f6rige & Fachkr\u00e4fte.\",\"breadcrumb\":{\"@id\":\"https:\\\/\\\/digidem-bayern.de\\\/digitales-angebot-demenz-podcast\\\/#breadcrumb\"},\"inLanguage\":\"en-US\",\"potentialAction\":[{\"@type\":\"ReadAction\",\"target\":[\"https:\\\/\\\/digidem-bayern.de\\\/digitales-angebot-demenz-podcast\\\/\"]}]},{\"@type\":\"ImageObject\",\"inLanguage\":\"en-US\",\"@id\":\"https:\\\/\\\/digidem-bayern.de\\\/digitales-angebot-demenz-podcast\\\/#primaryimage\",\"url\":\"https:\\\/\\\/digidem-bayern.de\\\/wp-content\\\/uploads\\\/2020\\\/03\\\/mixer-4197730_1280.jpg\",\"contentUrl\":\"https:\\\/\\\/digidem-bayern.de\\\/wp-content\\\/uploads\\\/2020\\\/03\\\/mixer-4197730_1280.jpg\",\"width\":1280,\"height\":853},{\"@type\":\"BreadcrumbList\",\"@id\":\"https:\\\/\\\/digidem-bayern.de\\\/digitales-angebot-demenz-podcast\\\/#breadcrumb\",\"itemListElement\":[{\"@type\":\"ListItem\",\"position\":1,\"name\":\"Startseite\",\"item\":\"https:\\\/\\\/digidem-bayern.de\\\/\"},{\"@type\":\"ListItem\",\"position\":2,\"name\":\"Digitales Angebot: Demenz Podcast\"}]},{\"@type\":\"WebSite\",\"@id\":\"\\\/#website\",\"url\":\"\\\/\",\"name\":\"digiDEM Bayern\",\"description\":\"Das digitale Demenzregister Bayern erforscht und verbessert die Angebotsstuktur f\u00fcr Menschen mit Demenz und deren Angeh\u00f6rige\",\"publisher\":{\"@id\":\"\\\/#organization\"},\"potentialAction\":[{\"@type\":\"SearchAction\",\"target\":{\"@type\":\"EntryPoint\",\"urlTemplate\":\"\\\/?s={search_term_string}\"},\"query-input\":{\"@type\":\"PropertyValueSpecification\",\"valueRequired\":true,\"valueName\":\"search_term_string\"}}],\"inLanguage\":\"en-US\"},{\"@type\":\"Organization\",\"@id\":\"\\\/#organization\",\"name\":\"digiDEM Bayern\",\"url\":\"\\\/\",\"logo\":{\"@type\":\"ImageObject\",\"inLanguage\":\"en-US\",\"@id\":\"\\\/#\\\/schema\\\/logo\\\/image\\\/\",\"url\":\"https:\\\/\\\/digidem-bayern.de\\\/wp-content\\\/uploads\\\/2022\\\/03\\\/cropped-Allgemeines_digiDEMLOGO-removebg-preview.png\",\"contentUrl\":\"https:\\\/\\\/digidem-bayern.de\\\/wp-content\\\/uploads\\\/2022\\\/03\\\/cropped-Allgemeines_digiDEMLOGO-removebg-preview.png\",\"width\":612,\"height\":357,\"caption\":\"digiDEM Bayern\"},\"image\":{\"@id\":\"\\\/#\\\/schema\\\/logo\\\/image\\\/\"},\"sameAs\":[\"https:\\\/\\\/www.facebook.com\\\/digiDEMBayern\\\/\",\"https:\\\/\\\/x.com\\\/digidem_bayern\",\"https:\\\/\\\/www.instagram.com\\\/digidem.bayern\",\"https:\\\/\\\/www.linkedin.com\\\/company\\\/digidem-bayern\\\/\"]}]}<\/script>\n<!-- \/ Yoast SEO plugin. -->","yoast_head_json":{"title":"Digitales Angebot: Demenz Podcast - digiDEM Bayern","description":"Aktuelles Wissen zu Demenz & Pflege direkt im Ohr. Der Demenz-Podcast bietet spannende Interviews und Tipps f\u00fcr Angeh\u00f6rige & Fachkr\u00e4fte.","robots":{"index":"index","follow":"follow","max-snippet":"max-snippet:-1","max-image-preview":"max-image-preview:large","max-video-preview":"max-video-preview:-1"},"canonical":"https:\/\/digidem-bayern.de\/en\/digitales-angebot-demenz-podcast\/","og_locale":"en_US","og_type":"article","og_title":"Digitales Angebot: Demenz Podcast - digiDEM Bayern","og_description":"Aktuelles Wissen zu Demenz & Pflege direkt im Ohr. Der Demenz-Podcast bietet spannende Interviews und Tipps f\u00fcr Angeh\u00f6rige & Fachkr\u00e4fte.","og_url":"https:\/\/digidem-bayern.de\/en\/digitales-angebot-demenz-podcast\/","og_site_name":"digiDEM Bayern","article_publisher":"https:\/\/www.facebook.com\/digiDEMBayern\/","article_modified_time":"2026-03-26T14:28:18+00:00","og_image":[{"width":1280,"height":853,"url":"https:\/\/digidem-bayern.de\/wp-content\/uploads\/2020\/03\/mixer-4197730_1280.jpg","type":"image\/jpeg"}],"twitter_misc":{"Est. reading time":"2 minutes"},"schema":{"@context":"https:\/\/schema.org","@graph":[{"@type":"WebPage","@id":"https:\/\/digidem-bayern.de\/digitales-angebot-demenz-podcast\/","url":"https:\/\/digidem-bayern.de\/digitales-angebot-demenz-podcast\/","name":"Digitales Angebot: Demenz Podcast - digiDEM Bayern","isPartOf":{"@id":"\/#website"},"primaryImageOfPage":{"@id":"https:\/\/digidem-bayern.de\/digitales-angebot-demenz-podcast\/#primaryimage"},"image":{"@id":"https:\/\/digidem-bayern.de\/digitales-angebot-demenz-podcast\/#primaryimage"},"thumbnailUrl":"https:\/\/digidem-bayern.de\/wp-content\/uploads\/2020\/03\/mixer-4197730_1280.jpg","datePublished":"2021-03-22T13:19:56+00:00","dateModified":"2026-03-26T14:28:18+00:00","description":"Aktuelles Wissen zu Demenz & Pflege direkt im Ohr. Der Demenz-Podcast bietet spannende Interviews und Tipps f\u00fcr Angeh\u00f6rige & Fachkr\u00e4fte.","breadcrumb":{"@id":"https:\/\/digidem-bayern.de\/digitales-angebot-demenz-podcast\/#breadcrumb"},"inLanguage":"en-US","potentialAction":[{"@type":"ReadAction","target":["https:\/\/digidem-bayern.de\/digitales-angebot-demenz-podcast\/"]}]},{"@type":"ImageObject","inLanguage":"en-US","@id":"https:\/\/digidem-bayern.de\/digitales-angebot-demenz-podcast\/#primaryimage","url":"https:\/\/digidem-bayern.de\/wp-content\/uploads\/2020\/03\/mixer-4197730_1280.jpg","contentUrl":"https:\/\/digidem-bayern.de\/wp-content\/uploads\/2020\/03\/mixer-4197730_1280.jpg","width":1280,"height":853},{"@type":"BreadcrumbList","@id":"https:\/\/digidem-bayern.de\/digitales-angebot-demenz-podcast\/#breadcrumb","itemListElement":[{"@type":"ListItem","position":1,"name":"Startseite","item":"https:\/\/digidem-bayern.de\/"},{"@type":"ListItem","position":2,"name":"Digitales Angebot: Demenz Podcast"}]},{"@type":"WebSite","@id":"\/#website","url":"\/","name":"digiDEM Bavaria","description":"The digital dementia register in Bavaria researches and improves the structure of services for people with dementia and their relatives","publisher":{"@id":"\/#organization"},"potentialAction":[{"@type":"SearchAction","target":{"@type":"EntryPoint","urlTemplate":"\/?s={search_term_string}"},"query-input":{"@type":"PropertyValueSpecification","valueRequired":true,"valueName":"search_term_string"}}],"inLanguage":"en-US"},{"@type":"Organization","@id":"\/#organization","name":"digiDEM Bavaria","url":"\/","logo":{"@type":"ImageObject","inLanguage":"en-US","@id":"\/#\/schema\/logo\/image\/","url":"https:\/\/digidem-bayern.de\/wp-content\/uploads\/2022\/03\/cropped-Allgemeines_digiDEMLOGO-removebg-preview.png","contentUrl":"https:\/\/digidem-bayern.de\/wp-content\/uploads\/2022\/03\/cropped-Allgemeines_digiDEMLOGO-removebg-preview.png","width":612,"height":357,"caption":"digiDEM Bayern"},"image":{"@id":"\/#\/schema\/logo\/image\/"},"sameAs":["https:\/\/www.facebook.com\/digiDEMBayern\/","https:\/\/x.com\/digidem_bayern","https:\/\/www.instagram.com\/digidem.bayern","https:\/\/www.linkedin.com\/company\/digidem-bayern\/"]}]}},"uagb_featured_image_src":{"full":["https:\/\/digidem-bayern.de\/wp-content\/uploads\/2020\/03\/mixer-4197730_1280.jpg",1280,853,false],"thumbnail":["https:\/\/digidem-bayern.de\/wp-content\/uploads\/2020\/03\/mixer-4197730_1280-80x80.jpg",80,80,true],"medium":["https:\/\/digidem-bayern.de\/wp-content\/uploads\/2020\/03\/mixer-4197730_1280-300x200.jpg",300,200,true],"medium_large":["https:\/\/digidem-bayern.de\/wp-content\/uploads\/2020\/03\/mixer-4197730_1280-768x512.jpg",768,512,true],"large":["https:\/\/digidem-bayern.de\/wp-content\/uploads\/2020\/03\/mixer-4197730_1280-1030x686.jpg",1030,686,true],"1536x1536":["https:\/\/digidem-bayern.de\/wp-content\/uploads\/2020\/03\/mixer-4197730_1280.jpg",1280,853,false],"2048x2048":["https:\/\/digidem-bayern.de\/wp-content\/uploads\/2020\/03\/mixer-4197730_1280.jpg",1280,853,false],"trp-custom-language-flag":["https:\/\/digidem-bayern.de\/wp-content\/uploads\/2020\/03\/mixer-4197730_1280.jpg",18,12,false],"qubely_landscape":["https:\/\/digidem-bayern.de\/wp-content\/uploads\/2020\/03\/mixer-4197730_1280-1200x750.jpg",1200,750,true],"qubely_portrait":["https:\/\/digidem-bayern.de\/wp-content\/uploads\/2020\/03\/mixer-4197730_1280-540x320.jpg",540,320,true],"qubely_thumbnail":["https:\/\/digidem-bayern.de\/wp-content\/uploads\/2020\/03\/mixer-4197730_1280-140x100.jpg",140,100,true],"post-thumbnail":["https:\/\/digidem-bayern.de\/wp-content\/uploads\/2020\/03\/mixer-4197730_1280-495x330.jpg",495,330,true],"kahuna-featured":["https:\/\/digidem-bayern.de\/wp-content\/uploads\/2020\/03\/mixer-4197730_1280-495x350.jpg",495,350,true],"kahuna-featured-lp":["https:\/\/digidem-bayern.de\/wp-content\/uploads\/2020\/03\/mixer-4197730_1280-690x350.jpg",520,264,true],"kahuna-featured-half":["https:\/\/digidem-bayern.de\/wp-content\/uploads\/2020\/03\/mixer-4197730_1280-800x350.jpg",800,350,true],"kahuna-featured-third":["https:\/\/digidem-bayern.de\/wp-content\/uploads\/2020\/03\/mixer-4197730_1280-512x350.jpg",512,350,true],"kahuna-lpbox-1":["https:\/\/digidem-bayern.de\/wp-content\/uploads\/2020\/03\/mixer-4197730_1280-460x350.jpg",394,300,true],"kahuna-lpbox-2":["https:\/\/digidem-bayern.de\/wp-content\/uploads\/2020\/03\/mixer-4197730_1280-460x350.jpg",460,350,true],"demand-language-flag":["https:\/\/digidem-bayern.de\/wp-content\/uploads\/2020\/03\/mixer-4197730_1280.jpg",36,24,false],"dddkt-language-flag":["https:\/\/digidem-bayern.de\/wp-content\/uploads\/2020\/03\/mixer-4197730_1280.jpg",36,24,false],"ddiqc-language-flag":["https:\/\/digidem-bayern.de\/wp-content\/uploads\/2020\/03\/mixer-4197730_1280.jpg",36,24,false],"ddtl-language-flag":["https:\/\/digidem-bayern.de\/wp-content\/uploads\/2020\/03\/mixer-4197730_1280.jpg",36,24,false],"mailpoet_newsletter_max":["https:\/\/digidem-bayern.de\/wp-content\/uploads\/2020\/03\/mixer-4197730_1280.jpg",1280,853,false],"kahuna-lpbox-3":["https:\/\/digidem-bayern.de\/wp-content\/uploads\/2020\/03\/mixer-4197730_1280-460x350.jpg",460,350,true],"kahuna-featured-square":["https:\/\/digidem-bayern.de\/wp-content\/uploads\/2020\/03\/mixer-4197730_1280-512x512.jpg",512,512,true],"kahuna-featured-square-large":["https:\/\/digidem-bayern.de\/wp-content\/uploads\/2020\/03\/mixer-4197730_1280-1024x853.jpg",1024,853,true]},"uagb_author_info":{"display_name":"Michael Zeiler","author_link":"https:\/\/digidem-bayern.de\/en\/author\/michael-zeiler\/"},"uagb_comment_info":0,"uagb_excerpt":"Der Demenz-Podcast erscheint seit April 2019 monatlich kostenlos mit Informationen f\u00fcr alle, die sich mit dem Thema Demenz befassen. Ein Podcast ist ein Audiobeitrag (\u00e4hnlich einem Radiobeitrag), der nicht an feste Sendezeiten gekn\u00fcpft ist, sondern jederzeit \u00fcber das Internet abrufbar und anh\u00f6rbar ist. Jede Sendung des Demenz-Podcasts behandelt ein spezielles &hellip;","_links":{"self":[{"href":"https:\/\/digidem-bayern.de\/en\/wp-json\/wp\/v2\/pages\/11358","targetHints":{"allow":["GET"]}}],"collection":[{"href":"https:\/\/digidem-bayern.de\/en\/wp-json\/wp\/v2\/pages"}],"about":[{"href":"https:\/\/digidem-bayern.de\/en\/wp-json\/wp\/v2\/types\/page"}],"author":[{"embeddable":true,"href":"https:\/\/digidem-bayern.de\/en\/wp-json\/wp\/v2\/users\/11"}],"replies":[{"embeddable":true,"href":"https:\/\/digidem-bayern.de\/en\/wp-json\/wp\/v2\/comments?post=11358"}],"version-history":[{"count":9,"href":"https:\/\/digidem-bayern.de\/en\/wp-json\/wp\/v2\/pages\/11358\/revisions"}],"predecessor-version":[{"id":14565,"href":"https:\/\/digidem-bayern.de\/en\/wp-json\/wp\/v2\/pages\/11358\/revisions\/14565"}],"wp:featuredmedia":[{"embeddable":true,"href":"https:\/\/digidem-bayern.de\/en\/wp-json\/wp\/v2\/media\/4513"}],"wp:attachment":[{"href":"https:\/\/digidem-bayern.de\/en\/wp-json\/wp\/v2\/media?parent=11358"}],"curies":[{"name":"wp","href":"https:\/\/api.w.org\/{rel}","templated":true}]}}