{"id":11340,"date":"2021-03-22T08:32:23","date_gmt":"2021-03-22T07:32:23","guid":{"rendered":"https:\/\/digidem-bayern.de\/?page_id=11340"},"modified":"2026-03-26T15:25:29","modified_gmt":"2026-03-26T14:25:29","slug":"digitales-angebot-online-pflegekurs-alzheimer-demenz","status":"publish","type":"page","link":"https:\/\/digidem-bayern.de\/en\/digitales-angebot-online-pflegekurs-alzheimer-demenz\/","title":{"rendered":"Digitales Angebot: Online-Pflegekurs &#8222;Alzheimer &#038; Demenz&#8220;"},"content":{"rendered":"<p>Viele Angeh\u00f6rige von Menschen mit Demenz sind mit ungew\u00f6hnlichen und schwierigen Situationen konfrontiert. Herausforderndes und schwieriges Verhalten der Erkrankten bringt Angeh\u00f6rige h\u00e4ufig an ihre Grenzen. Der Online-Pflegekurs \u201eAlzheimer &amp; Demenz\u201c hilft dabei, Menschen mit Demenz besser zu verstehen und zu begleiten und erleichtert das Miteinander im Alltag. Der Kurs richtet sich an <strong>pflegende Angeh\u00f6rige<\/strong> und <strong>ehrenamtlich Pflegende<\/strong>. Der Online-Pflegekurs ist Teil des curendo-Pflegecoaches der T\u00f6chter &amp; S\u00f6hne Gesellschaft f\u00fcr digitale Helfer mbH.<\/p>\n\n\n\n<div class=\"wp-block-buttons is-horizontal is-content-justification-center is-layout-flex wp-container-core-buttons-is-layout-499968f5 wp-block-buttons-is-layout-flex\">\n<div class=\"wp-block-button has-custom-width wp-block-button__width-25 has-custom-font-size has-large-font-size\"><a class=\"wp-block-button__link has-sitebg-color has-accent-1-background-color has-text-color has-background\" href=\"https:\/\/pflege.curendo.de\/kurs-alzheimer-demenz\">Jetzt starten<\/a><\/div>\n<\/div>\n\n\n\n<div class=\"wp-block-ugb-divider ugb-divider ugb-e2f317c ugb-divider--v2 ugb-divider--design-basic ugb-main-block\"><style>.ugb-e2f317c hr.ugb-divider__hr{width:75% !important;margin-left:auto !important;margin-right:auto !important}<\/style><div class=\"ugb-inner-block\"><div class=\"ugb-block-content\"><hr class=\"ugb-divider__hr\"\/><\/div><\/div><\/div>\n\n\n\n<p class=\"has-text-color has-background\" style=\"background-color:#f4f4f4;color:#132f3a\"><strong><strong>Inhalte des Kurses \u201cAlzheimer &amp; Demenz\u201d<\/strong><\/strong><\/p>\n\n\n\n<ul class=\"wp-block-list\"><li>Wie Sie mit an Demenz erkrankten Menschen umgehen<\/li><li>Was Ihnen bei herausforderndem Verhalten helfen kann<\/li><li>Wie eine Demenz festgestellt und behandelt wird<\/li><li>Welche Leistungen durch die Pflegeversicherung \u00fcbernommen werden<\/li><li>Wie Sie an Demenz erkrankte Menschen besser verstehen und sie im Alltag unterst\u00fctzen<\/li><li>Wie Sie gut f\u00fcr sich selbst sorgen<\/li><\/ul>\n\n\n\n<p class=\"has-text-color has-background\" style=\"background-color:#f4f4f4;color:#132f3a\"><strong><strong><strong>Praxisnah, interaktiv und flexibel<\/strong><\/strong><\/strong><\/p>\n\n\n\n<p>Der Kurs ist mit vielen Beispielen aus dem Pflegealltag und interaktiven Elementen aufgebaut. So k\u00f6nnen Sie die Inhalte spielerisch entdecken. Bestimmen Sie, welche Inhalte Ihnen wichtig sind. Sie k\u00f6nnen Ihre Schwerpunkte frei w\u00e4hlen und f\u00fcr Sie wichtige Inhalte individuell zusammenstellen. Sie bestimmen das Tempo. So haben Sie die volle Flexibilit\u00e4t. Ob auf dem Sofa, im Garten oder im Caf\u00e9 \u2013 die Wahl liegt ganz bei Ihnen. So k\u00f6nnen Sie die Kursinhalte zeit- und ortsunabh\u00e4ngig am Computer, Laptop oder Tablet aufrufen.<\/p>\n\n\n\n<p>Der Online-Pflegekurs \u201eAlzheimer &amp; Demenz\u201c erf\u00fcllt alle Anforderungen der Kranken- und Pflegekassen (gem\u00e4\u00df \u00a7 45 SGB XI). Die Kursgeb\u00fchren f\u00fcr das wissenschaftlich evaluierte Angebot werden von den meisten Pflegekassen \u00fcbernommen.<\/p>\n\n\n\n<p>Falls Ihre Pflegekasse die Kursgeb\u00fchren f\u00fcr den Online-Pflegekurs nicht erstattet, empfehlen wir Ihnen, sich bei Ihrer Kasse nach einem alternativen Angebot zu erkundigen, das von Ihrer Kasse erstattet wird.<\/p>\n\n\n\n<p><\/p>\n\n\n\n<p class=\"has-text-color has-background\" style=\"background-color:#f4f4f4;color:#132f3a\"><strong><strong><strong><strong>\u00dcber den Anbieter: T\u00f6chter &amp; S\u00f6hne<\/strong><\/strong><\/strong><\/strong> <strong>Gesellschaft f\u00fcr digitale Helfer mbH<\/strong><\/p>\n\n\n\n<p>Die T\u00f6chter &amp; S\u00f6hne Gesellschaft f\u00fcr digitale Helfer mbH ist Betreiber des Online-Pflegekurses \u201cAlzheimer &amp; Demenz\u201d. Das E-Health Unternehmen mit Sitz in Berlin betreibt seit seiner Gr\u00fcndung im Jahr 2012 digitale Services f\u00fcr ehrenamtlich und professionell Pflegende sowie f\u00fcr Unternehmen der Gesundheitswirtschaft.<\/p>\n\n\n\n<p><\/p>\n\n\n\n<p class=\"has-text-color has-background\" style=\"background-color:#f4f4f4;color:#132f3a\"><strong>Ansprechpartner:<\/strong><\/p>\n\n\n\n<p class=\"has-text-color\" style=\"color:#132f3a\">Bei <strong>Fragen<\/strong> zum Online-Pflegekurs &#8222;Alzheimer &amp; Demenz&#8220; k\u00f6nnen Sie sich gerne an folgende Ansprechpartner wenden:<br><br><strong>T\u00f6chter &amp; S\u00f6hne <strong>Gesellschaft f\u00fcr digitale Helfer mbH:<\/strong>\u00a0\u00a0<\/strong>  <br>Andreas Adel<br>E-Mail: <a href=\"mailto:adel@toechtersoehne.com\">adel@toechtersoehne.com<\/a><br>Tel.: +49 30 609871230 <\/p>\n\n\n\n<p class=\"has-text-color has-background\" style=\"background-color:#f4f4f4;color:#132f3a\"><strong>Datenschutz:<\/strong><\/p>\n\n\n\n<p>Hinweise zum <strong>Data protection<\/strong> finden Sie unter: <a href=\"https:\/\/pflege.curendo.de\/datenschutz\">https:\/\/pflege.curendo.de\/datenschutz<\/a><\/p>","protected":false},"excerpt":{"rendered":"<p>Viele Angeh\u00f6rige von Menschen mit Demenz sind mit ungew\u00f6hnlichen und schwierigen Situationen konfrontiert. Herausforderndes und schwieriges Verhalten der Erkrankten bringt Angeh\u00f6rige h\u00e4ufig an ihre Grenzen. Der Online-Pflegekurs \u201eAlzheimer &amp; Demenz\u201c hilft dabei, Menschen mit Demenz besser zu verstehen und zu begleiten und erleichtert das Miteinander im Alltag. Der Kurs richtet &hellip;<\/p>","protected":false},"author":11,"featured_media":4747,"parent":0,"menu_order":0,"comment_status":"closed","ping_status":"closed","template":"","meta":{"qubely_global_settings":"","qubely_interactions":"","_uag_custom_page_level_css":"","footnotes":""},"class_list":["post-11340","page","type-page","status-publish","has-post-thumbnail","hentry"],"featured_image_urls_v2":{"full":["https:\/\/digidem-bayern.de\/wp-content\/uploads\/2020\/04\/student-849825_1280.jpg",1280,853,false],"thumbnail":["https:\/\/digidem-bayern.de\/wp-content\/uploads\/2020\/04\/student-849825_1280-80x80.jpg",80,80,true],"medium":["https:\/\/digidem-bayern.de\/wp-content\/uploads\/2020\/04\/student-849825_1280-300x200.jpg",300,200,true],"medium_large":["https:\/\/digidem-bayern.de\/wp-content\/uploads\/2020\/04\/student-849825_1280-768x512.jpg",768,512,true],"large":["https:\/\/digidem-bayern.de\/wp-content\/uploads\/2020\/04\/student-849825_1280-1030x686.jpg",1030,686,true],"1536x1536":["https:\/\/digidem-bayern.de\/wp-content\/uploads\/2020\/04\/student-849825_1280.jpg",1280,853,false],"2048x2048":["https:\/\/digidem-bayern.de\/wp-content\/uploads\/2020\/04\/student-849825_1280.jpg",1280,853,false],"trp-custom-language-flag":["https:\/\/digidem-bayern.de\/wp-content\/uploads\/2020\/04\/student-849825_1280.jpg",18,12,false],"qubely_landscape":["https:\/\/digidem-bayern.de\/wp-content\/uploads\/2020\/04\/student-849825_1280-1200x750.jpg",1200,750,true],"qubely_portrait":["https:\/\/digidem-bayern.de\/wp-content\/uploads\/2020\/04\/student-849825_1280-540x320.jpg",540,320,true],"qubely_thumbnail":["https:\/\/digidem-bayern.de\/wp-content\/uploads\/2020\/04\/student-849825_1280-140x100.jpg",140,100,true],"post-thumbnail":["https:\/\/digidem-bayern.de\/wp-content\/uploads\/2020\/04\/student-849825_1280-495x330.jpg",495,330,true],"kahuna-featured":["https:\/\/digidem-bayern.de\/wp-content\/uploads\/2020\/04\/student-849825_1280-495x350.jpg",495,350,true],"kahuna-featured-lp":["https:\/\/digidem-bayern.de\/wp-content\/uploads\/2020\/04\/student-849825_1280-460x350.jpg",460,350,true],"kahuna-featured-half":["https:\/\/digidem-bayern.de\/wp-content\/uploads\/2020\/04\/student-849825_1280-800x350.jpg",800,350,true],"kahuna-featured-third":["https:\/\/digidem-bayern.de\/wp-content\/uploads\/2020\/04\/student-849825_1280-512x350.jpg",512,350,true],"kahuna-lpbox-1":["https:\/\/digidem-bayern.de\/wp-content\/uploads\/2020\/04\/student-849825_1280-460x350.jpg",394,300,true],"kahuna-lpbox-2":["https:\/\/digidem-bayern.de\/wp-content\/uploads\/2020\/04\/student-849825_1280-460x350.jpg",460,350,true],"demand-language-flag":["https:\/\/digidem-bayern.de\/wp-content\/uploads\/2020\/04\/student-849825_1280.jpg",36,24,false],"dddkt-language-flag":["https:\/\/digidem-bayern.de\/wp-content\/uploads\/2020\/04\/student-849825_1280.jpg",36,24,false],"ddiqc-language-flag":["https:\/\/digidem-bayern.de\/wp-content\/uploads\/2020\/04\/student-849825_1280.jpg",36,24,false],"ddtl-language-flag":["https:\/\/digidem-bayern.de\/wp-content\/uploads\/2020\/04\/student-849825_1280.jpg",36,24,false],"mailpoet_newsletter_max":["https:\/\/digidem-bayern.de\/wp-content\/uploads\/2020\/04\/student-849825_1280.jpg",1280,853,false],"kahuna-lpbox-3":["https:\/\/digidem-bayern.de\/wp-content\/uploads\/2020\/04\/student-849825_1280-460x350.jpg",460,350,true],"kahuna-featured-square":["https:\/\/digidem-bayern.de\/wp-content\/uploads\/2020\/04\/student-849825_1280-512x512.jpg",512,512,true],"kahuna-featured-square-large":["https:\/\/digidem-bayern.de\/wp-content\/uploads\/2020\/04\/student-849825_1280-1024x853.jpg",1024,853,true]},"post_excerpt_stackable_v2":"<p>Viele Angeh\u00f6rige von Menschen mit Demenz sind mit ungew\u00f6hnlichen und schwierigen Situationen konfrontiert. Herausforderndes und schwieriges Verhalten der Erkrankten bringt Angeh\u00f6rige h\u00e4ufig an ihre Grenzen. Der Online-Pflegekurs \u201eAlzheimer &amp; Demenz\u201c hilft dabei, Menschen mit Demenz besser zu verstehen und zu begleiten und erleichtert das Miteinander im Alltag. Der Kurs richtet sich an pflegende Angeh\u00f6rige und ehrenamtlich Pflegende. Der Online-Pflegekurs ist Teil des curendo-Pflegecoaches der T\u00f6chter &amp; S\u00f6hne Gesellschaft f\u00fcr digitale Helfer mbH. Jetzt starten Inhalte des Kurses \u201cAlzheimer &amp; Demenz\u201d Wie Sie mit an Demenz erkrankten Menschen umgehenWas Ihnen bei herausforderndem Verhalten helfen kannWie eine Demenz festgestellt und behandelt wirdWelche&hellip;<\/p>\n","category_list_v2":"","author_info_v2":{"name":"Michael Zeiler","url":"https:\/\/digidem-bayern.de\/en\/author\/michael-zeiler\/"},"comments_num_v2":"0 comments","yoast_head":"<!-- This site is optimized with the Yoast SEO plugin v27.4 - https:\/\/yoast.com\/product\/yoast-seo-wordpress\/ -->\n<title>Digitales Angebot: Online-Pflegekurs &quot;Alzheimer &amp; Demenz&quot; - digiDEM Bayern<\/title>\n<meta name=\"description\" content=\"Kostenloser Online-Pflegekurs zu Alzheimer &amp; Demenz: DigiDEM Bayern bietet praxisnahe Hilfe und wertvolle Tipps f\u00fcr pflegende Angeh\u00f6rige.\" \/>\n<meta name=\"robots\" content=\"index, follow, max-snippet:-1, max-image-preview:large, max-video-preview:-1\" \/>\n<link rel=\"canonical\" href=\"https:\/\/digidem-bayern.de\/en\/digitales-angebot-online-pflegekurs-alzheimer-demenz\/\" \/>\n<meta property=\"og:locale\" content=\"en_US\" \/>\n<meta property=\"og:type\" content=\"article\" \/>\n<meta property=\"og:title\" content=\"Digitales Angebot: Online-Pflegekurs &quot;Alzheimer &amp; Demenz&quot; - digiDEM Bayern\" \/>\n<meta property=\"og:description\" content=\"Kostenloser Online-Pflegekurs zu Alzheimer &amp; Demenz: DigiDEM Bayern bietet praxisnahe Hilfe und wertvolle Tipps f\u00fcr pflegende Angeh\u00f6rige.\" \/>\n<meta property=\"og:url\" content=\"https:\/\/digidem-bayern.de\/en\/digitales-angebot-online-pflegekurs-alzheimer-demenz\/\" \/>\n<meta property=\"og:site_name\" content=\"digiDEM Bayern\" \/>\n<meta property=\"article:publisher\" content=\"https:\/\/www.facebook.com\/digiDEMBayern\/\" \/>\n<meta property=\"article:modified_time\" content=\"2026-03-26T14:25:29+00:00\" \/>\n<meta property=\"og:image\" content=\"https:\/\/digidem-bayern.de\/wp-content\/uploads\/2020\/04\/student-849825_1280.jpg\" \/>\n\t<meta property=\"og:image:width\" content=\"1280\" \/>\n\t<meta property=\"og:image:height\" content=\"853\" \/>\n\t<meta property=\"og:image:type\" content=\"image\/jpeg\" \/>\n<meta name=\"twitter:label1\" content=\"Est. reading time\" \/>\n\t<meta name=\"twitter:data1\" content=\"3 minutes\" \/>\n<script type=\"application\/ld+json\" class=\"yoast-schema-graph\">{\"@context\":\"https:\\\/\\\/schema.org\",\"@graph\":[{\"@type\":\"WebPage\",\"@id\":\"https:\\\/\\\/digidem-bayern.de\\\/digitales-angebot-online-pflegekurs-alzheimer-demenz\\\/\",\"url\":\"https:\\\/\\\/digidem-bayern.de\\\/digitales-angebot-online-pflegekurs-alzheimer-demenz\\\/\",\"name\":\"Digitales Angebot: Online-Pflegekurs \\\"Alzheimer & Demenz\\\" - digiDEM Bayern\",\"isPartOf\":{\"@id\":\"\\\/#website\"},\"primaryImageOfPage\":{\"@id\":\"https:\\\/\\\/digidem-bayern.de\\\/digitales-angebot-online-pflegekurs-alzheimer-demenz\\\/#primaryimage\"},\"image\":{\"@id\":\"https:\\\/\\\/digidem-bayern.de\\\/digitales-angebot-online-pflegekurs-alzheimer-demenz\\\/#primaryimage\"},\"thumbnailUrl\":\"https:\\\/\\\/digidem-bayern.de\\\/wp-content\\\/uploads\\\/2020\\\/04\\\/student-849825_1280.jpg\",\"datePublished\":\"2021-03-22T07:32:23+00:00\",\"dateModified\":\"2026-03-26T14:25:29+00:00\",\"description\":\"Kostenloser Online-Pflegekurs zu Alzheimer & Demenz: DigiDEM Bayern bietet praxisnahe Hilfe und wertvolle Tipps f\u00fcr pflegende Angeh\u00f6rige.\",\"breadcrumb\":{\"@id\":\"https:\\\/\\\/digidem-bayern.de\\\/digitales-angebot-online-pflegekurs-alzheimer-demenz\\\/#breadcrumb\"},\"inLanguage\":\"en-US\",\"potentialAction\":[{\"@type\":\"ReadAction\",\"target\":[\"https:\\\/\\\/digidem-bayern.de\\\/digitales-angebot-online-pflegekurs-alzheimer-demenz\\\/\"]}]},{\"@type\":\"ImageObject\",\"inLanguage\":\"en-US\",\"@id\":\"https:\\\/\\\/digidem-bayern.de\\\/digitales-angebot-online-pflegekurs-alzheimer-demenz\\\/#primaryimage\",\"url\":\"https:\\\/\\\/digidem-bayern.de\\\/wp-content\\\/uploads\\\/2020\\\/04\\\/student-849825_1280.jpg\",\"contentUrl\":\"https:\\\/\\\/digidem-bayern.de\\\/wp-content\\\/uploads\\\/2020\\\/04\\\/student-849825_1280.jpg\",\"width\":1280,\"height\":853,\"caption\":\"Gruppe von Ordensschwestern, von hinten.\"},{\"@type\":\"BreadcrumbList\",\"@id\":\"https:\\\/\\\/digidem-bayern.de\\\/digitales-angebot-online-pflegekurs-alzheimer-demenz\\\/#breadcrumb\",\"itemListElement\":[{\"@type\":\"ListItem\",\"position\":1,\"name\":\"Startseite\",\"item\":\"https:\\\/\\\/digidem-bayern.de\\\/\"},{\"@type\":\"ListItem\",\"position\":2,\"name\":\"Digitales Angebot: Online-Pflegekurs &#8222;Alzheimer &#038; Demenz&#8220;\"}]},{\"@type\":\"WebSite\",\"@id\":\"\\\/#website\",\"url\":\"\\\/\",\"name\":\"digiDEM Bayern\",\"description\":\"Das digitale Demenzregister Bayern erforscht und verbessert die Angebotsstuktur f\u00fcr Menschen mit Demenz und deren Angeh\u00f6rige\",\"publisher\":{\"@id\":\"\\\/#organization\"},\"potentialAction\":[{\"@type\":\"SearchAction\",\"target\":{\"@type\":\"EntryPoint\",\"urlTemplate\":\"\\\/?s={search_term_string}\"},\"query-input\":{\"@type\":\"PropertyValueSpecification\",\"valueRequired\":true,\"valueName\":\"search_term_string\"}}],\"inLanguage\":\"en-US\"},{\"@type\":\"Organization\",\"@id\":\"\\\/#organization\",\"name\":\"digiDEM Bayern\",\"url\":\"\\\/\",\"logo\":{\"@type\":\"ImageObject\",\"inLanguage\":\"en-US\",\"@id\":\"\\\/#\\\/schema\\\/logo\\\/image\\\/\",\"url\":\"https:\\\/\\\/digidem-bayern.de\\\/wp-content\\\/uploads\\\/2022\\\/03\\\/cropped-Allgemeines_digiDEMLOGO-removebg-preview.png\",\"contentUrl\":\"https:\\\/\\\/digidem-bayern.de\\\/wp-content\\\/uploads\\\/2022\\\/03\\\/cropped-Allgemeines_digiDEMLOGO-removebg-preview.png\",\"width\":612,\"height\":357,\"caption\":\"digiDEM Bayern\"},\"image\":{\"@id\":\"\\\/#\\\/schema\\\/logo\\\/image\\\/\"},\"sameAs\":[\"https:\\\/\\\/www.facebook.com\\\/digiDEMBayern\\\/\",\"https:\\\/\\\/x.com\\\/digidem_bayern\",\"https:\\\/\\\/www.instagram.com\\\/digidem.bayern\",\"https:\\\/\\\/www.linkedin.com\\\/company\\\/digidem-bayern\\\/\"]}]}<\/script>\n<!-- \/ Yoast SEO plugin. -->","yoast_head_json":{"title":"Digitales Angebot: Online-Pflegekurs \"Alzheimer & Demenz\" - digiDEM Bayern","description":"Kostenloser Online-Pflegekurs zu Alzheimer & Demenz: DigiDEM Bayern bietet praxisnahe Hilfe und wertvolle Tipps f\u00fcr pflegende Angeh\u00f6rige.","robots":{"index":"index","follow":"follow","max-snippet":"max-snippet:-1","max-image-preview":"max-image-preview:large","max-video-preview":"max-video-preview:-1"},"canonical":"https:\/\/digidem-bayern.de\/en\/digitales-angebot-online-pflegekurs-alzheimer-demenz\/","og_locale":"en_US","og_type":"article","og_title":"Digitales Angebot: Online-Pflegekurs \"Alzheimer & Demenz\" - digiDEM Bayern","og_description":"Kostenloser Online-Pflegekurs zu Alzheimer & Demenz: DigiDEM Bayern bietet praxisnahe Hilfe und wertvolle Tipps f\u00fcr pflegende Angeh\u00f6rige.","og_url":"https:\/\/digidem-bayern.de\/en\/digitales-angebot-online-pflegekurs-alzheimer-demenz\/","og_site_name":"digiDEM Bayern","article_publisher":"https:\/\/www.facebook.com\/digiDEMBayern\/","article_modified_time":"2026-03-26T14:25:29+00:00","og_image":[{"width":1280,"height":853,"url":"https:\/\/digidem-bayern.de\/wp-content\/uploads\/2020\/04\/student-849825_1280.jpg","type":"image\/jpeg"}],"twitter_misc":{"Est. reading time":"3 minutes"},"schema":{"@context":"https:\/\/schema.org","@graph":[{"@type":"WebPage","@id":"https:\/\/digidem-bayern.de\/digitales-angebot-online-pflegekurs-alzheimer-demenz\/","url":"https:\/\/digidem-bayern.de\/digitales-angebot-online-pflegekurs-alzheimer-demenz\/","name":"Digitales Angebot: Online-Pflegekurs \"Alzheimer & Demenz\" - digiDEM Bayern","isPartOf":{"@id":"\/#website"},"primaryImageOfPage":{"@id":"https:\/\/digidem-bayern.de\/digitales-angebot-online-pflegekurs-alzheimer-demenz\/#primaryimage"},"image":{"@id":"https:\/\/digidem-bayern.de\/digitales-angebot-online-pflegekurs-alzheimer-demenz\/#primaryimage"},"thumbnailUrl":"https:\/\/digidem-bayern.de\/wp-content\/uploads\/2020\/04\/student-849825_1280.jpg","datePublished":"2021-03-22T07:32:23+00:00","dateModified":"2026-03-26T14:25:29+00:00","description":"Kostenloser Online-Pflegekurs zu Alzheimer & Demenz: DigiDEM Bayern bietet praxisnahe Hilfe und wertvolle Tipps f\u00fcr pflegende Angeh\u00f6rige.","breadcrumb":{"@id":"https:\/\/digidem-bayern.de\/digitales-angebot-online-pflegekurs-alzheimer-demenz\/#breadcrumb"},"inLanguage":"en-US","potentialAction":[{"@type":"ReadAction","target":["https:\/\/digidem-bayern.de\/digitales-angebot-online-pflegekurs-alzheimer-demenz\/"]}]},{"@type":"ImageObject","inLanguage":"en-US","@id":"https:\/\/digidem-bayern.de\/digitales-angebot-online-pflegekurs-alzheimer-demenz\/#primaryimage","url":"https:\/\/digidem-bayern.de\/wp-content\/uploads\/2020\/04\/student-849825_1280.jpg","contentUrl":"https:\/\/digidem-bayern.de\/wp-content\/uploads\/2020\/04\/student-849825_1280.jpg","width":1280,"height":853,"caption":"Gruppe von Ordensschwestern, von hinten."},{"@type":"BreadcrumbList","@id":"https:\/\/digidem-bayern.de\/digitales-angebot-online-pflegekurs-alzheimer-demenz\/#breadcrumb","itemListElement":[{"@type":"ListItem","position":1,"name":"Startseite","item":"https:\/\/digidem-bayern.de\/"},{"@type":"ListItem","position":2,"name":"Digitales Angebot: Online-Pflegekurs &#8222;Alzheimer &#038; Demenz&#8220;"}]},{"@type":"WebSite","@id":"\/#website","url":"\/","name":"digiDEM Bavaria","description":"The digital dementia register in Bavaria researches and improves the structure of services for people with dementia and their relatives","publisher":{"@id":"\/#organization"},"potentialAction":[{"@type":"SearchAction","target":{"@type":"EntryPoint","urlTemplate":"\/?s={search_term_string}"},"query-input":{"@type":"PropertyValueSpecification","valueRequired":true,"valueName":"search_term_string"}}],"inLanguage":"en-US"},{"@type":"Organization","@id":"\/#organization","name":"digiDEM Bavaria","url":"\/","logo":{"@type":"ImageObject","inLanguage":"en-US","@id":"\/#\/schema\/logo\/image\/","url":"https:\/\/digidem-bayern.de\/wp-content\/uploads\/2022\/03\/cropped-Allgemeines_digiDEMLOGO-removebg-preview.png","contentUrl":"https:\/\/digidem-bayern.de\/wp-content\/uploads\/2022\/03\/cropped-Allgemeines_digiDEMLOGO-removebg-preview.png","width":612,"height":357,"caption":"digiDEM Bayern"},"image":{"@id":"\/#\/schema\/logo\/image\/"},"sameAs":["https:\/\/www.facebook.com\/digiDEMBayern\/","https:\/\/x.com\/digidem_bayern","https:\/\/www.instagram.com\/digidem.bayern","https:\/\/www.linkedin.com\/company\/digidem-bayern\/"]}]}},"uagb_featured_image_src":{"full":["https:\/\/digidem-bayern.de\/wp-content\/uploads\/2020\/04\/student-849825_1280.jpg",1280,853,false],"thumbnail":["https:\/\/digidem-bayern.de\/wp-content\/uploads\/2020\/04\/student-849825_1280-80x80.jpg",80,80,true],"medium":["https:\/\/digidem-bayern.de\/wp-content\/uploads\/2020\/04\/student-849825_1280-300x200.jpg",300,200,true],"medium_large":["https:\/\/digidem-bayern.de\/wp-content\/uploads\/2020\/04\/student-849825_1280-768x512.jpg",768,512,true],"large":["https:\/\/digidem-bayern.de\/wp-content\/uploads\/2020\/04\/student-849825_1280-1030x686.jpg",1030,686,true],"1536x1536":["https:\/\/digidem-bayern.de\/wp-content\/uploads\/2020\/04\/student-849825_1280.jpg",1280,853,false],"2048x2048":["https:\/\/digidem-bayern.de\/wp-content\/uploads\/2020\/04\/student-849825_1280.jpg",1280,853,false],"trp-custom-language-flag":["https:\/\/digidem-bayern.de\/wp-content\/uploads\/2020\/04\/student-849825_1280.jpg",18,12,false],"qubely_landscape":["https:\/\/digidem-bayern.de\/wp-content\/uploads\/2020\/04\/student-849825_1280-1200x750.jpg",1200,750,true],"qubely_portrait":["https:\/\/digidem-bayern.de\/wp-content\/uploads\/2020\/04\/student-849825_1280-540x320.jpg",540,320,true],"qubely_thumbnail":["https:\/\/digidem-bayern.de\/wp-content\/uploads\/2020\/04\/student-849825_1280-140x100.jpg",140,100,true],"post-thumbnail":["https:\/\/digidem-bayern.de\/wp-content\/uploads\/2020\/04\/student-849825_1280-495x330.jpg",495,330,true],"kahuna-featured":["https:\/\/digidem-bayern.de\/wp-content\/uploads\/2020\/04\/student-849825_1280-495x350.jpg",495,350,true],"kahuna-featured-lp":["https:\/\/digidem-bayern.de\/wp-content\/uploads\/2020\/04\/student-849825_1280-460x350.jpg",460,350,true],"kahuna-featured-half":["https:\/\/digidem-bayern.de\/wp-content\/uploads\/2020\/04\/student-849825_1280-800x350.jpg",800,350,true],"kahuna-featured-third":["https:\/\/digidem-bayern.de\/wp-content\/uploads\/2020\/04\/student-849825_1280-512x350.jpg",512,350,true],"kahuna-lpbox-1":["https:\/\/digidem-bayern.de\/wp-content\/uploads\/2020\/04\/student-849825_1280-460x350.jpg",394,300,true],"kahuna-lpbox-2":["https:\/\/digidem-bayern.de\/wp-content\/uploads\/2020\/04\/student-849825_1280-460x350.jpg",460,350,true],"demand-language-flag":["https:\/\/digidem-bayern.de\/wp-content\/uploads\/2020\/04\/student-849825_1280.jpg",36,24,false],"dddkt-language-flag":["https:\/\/digidem-bayern.de\/wp-content\/uploads\/2020\/04\/student-849825_1280.jpg",36,24,false],"ddiqc-language-flag":["https:\/\/digidem-bayern.de\/wp-content\/uploads\/2020\/04\/student-849825_1280.jpg",36,24,false],"ddtl-language-flag":["https:\/\/digidem-bayern.de\/wp-content\/uploads\/2020\/04\/student-849825_1280.jpg",36,24,false],"mailpoet_newsletter_max":["https:\/\/digidem-bayern.de\/wp-content\/uploads\/2020\/04\/student-849825_1280.jpg",1280,853,false],"kahuna-lpbox-3":["https:\/\/digidem-bayern.de\/wp-content\/uploads\/2020\/04\/student-849825_1280-460x350.jpg",460,350,true],"kahuna-featured-square":["https:\/\/digidem-bayern.de\/wp-content\/uploads\/2020\/04\/student-849825_1280-512x512.jpg",512,512,true],"kahuna-featured-square-large":["https:\/\/digidem-bayern.de\/wp-content\/uploads\/2020\/04\/student-849825_1280-1024x853.jpg",1024,853,true]},"uagb_author_info":{"display_name":"Michael Zeiler","author_link":"https:\/\/digidem-bayern.de\/en\/author\/michael-zeiler\/"},"uagb_comment_info":0,"uagb_excerpt":"Viele Angeh\u00f6rige von Menschen mit Demenz sind mit ungew\u00f6hnlichen und schwierigen Situationen konfrontiert. Herausforderndes und schwieriges Verhalten der Erkrankten bringt Angeh\u00f6rige h\u00e4ufig an ihre Grenzen. Der Online-Pflegekurs \u201eAlzheimer &amp; Demenz\u201c hilft dabei, Menschen mit Demenz besser zu verstehen und zu begleiten und erleichtert das Miteinander im Alltag. Der Kurs richtet &hellip;","_links":{"self":[{"href":"https:\/\/digidem-bayern.de\/en\/wp-json\/wp\/v2\/pages\/11340","targetHints":{"allow":["GET"]}}],"collection":[{"href":"https:\/\/digidem-bayern.de\/en\/wp-json\/wp\/v2\/pages"}],"about":[{"href":"https:\/\/digidem-bayern.de\/en\/wp-json\/wp\/v2\/types\/page"}],"author":[{"embeddable":true,"href":"https:\/\/digidem-bayern.de\/en\/wp-json\/wp\/v2\/users\/11"}],"replies":[{"embeddable":true,"href":"https:\/\/digidem-bayern.de\/en\/wp-json\/wp\/v2\/comments?post=11340"}],"version-history":[{"count":9,"href":"https:\/\/digidem-bayern.de\/en\/wp-json\/wp\/v2\/pages\/11340\/revisions"}],"predecessor-version":[{"id":23627,"href":"https:\/\/digidem-bayern.de\/en\/wp-json\/wp\/v2\/pages\/11340\/revisions\/23627"}],"wp:featuredmedia":[{"embeddable":true,"href":"https:\/\/digidem-bayern.de\/en\/wp-json\/wp\/v2\/media\/4747"}],"wp:attachment":[{"href":"https:\/\/digidem-bayern.de\/en\/wp-json\/wp\/v2\/media?parent=11340"}],"curies":[{"name":"wp","href":"https:\/\/api.w.org\/{rel}","templated":true}]}}